{"id":380,"date":"2010-06-11T11:24:18","date_gmt":"2010-06-11T11:24:18","guid":{"rendered":"http:\/\/pracownia52.pl\/www\/?page_id=380"},"modified":"2020-04-14T10:22:45","modified_gmt":"2020-04-14T10:22:45","slug":"john-porter","status":"publish","type":"page","link":"https:\/\/pracownia52.pl\/www\/?page_id=380","title":{"rendered":"John Porter"},"content":{"rendered":"\n<p><a href=\"https:\/\/pracownia52.pl\/www\/?page_id=550\"><img loading=\"lazy\" decoding=\"async\" class=\"alignnone size-full wp-image-5277\" src=\"https:\/\/pracownia52.pl\/www\/wp-content\/uploads\/2010\/06\/porter-walker-83-003-mn.jpg\" alt=\"porter-walker-83-003-mn\" width=\"550\" height=\"380\" srcset=\"https:\/\/pracownia52.pl\/www\/wp-content\/uploads\/2010\/06\/porter-walker-83-003-mn.jpg?v=1627123912 550w, https:\/\/pracownia52.pl\/www\/wp-content\/uploads\/2010\/06\/porter-walker-83-003-mn-300x207.jpg?v=1627123912 300w\" sizes=\"auto, (max-width: 550px) 100vw, 550px\" \/><\/a><br \/>CD\u2019s, MK (te\u017c chyba kilka), zdj\u0119cia, jaki\u015b plakat; a te\u017c \u2013 wa\u017cny dla mnie folder, jeszcze w latach 80.<br \/>jakie\u015b inne sk\u0142ady, sporadyczne zdj\u0119cia.<br \/>patrz te\u017c: <a href=\"https:\/\/pracownia52.pl\/www\/?page_id=550\"><strong>Porter Band<\/strong><\/a>, Marcin Jacobson<br \/>mr m.<\/p>\n\n\n\n<figure class=\"wp-block-gallery columns-3 is-cropped wp-block-gallery-1 is-layout-flex wp-block-gallery-is-layout-flex\"><ul class=\"blocks-gallery-grid\"><li class=\"blocks-gallery-item\"><figure><a href=\"https:\/\/pracownia52.pl\/www\/wp-content\/uploads\/2010\/06\/piotrowski-porter-5.jpg\"><img loading=\"lazy\" decoding=\"async\" width=\"550\" height=\"372\" src=\"https:\/\/pracownia52.pl\/www\/wp-content\/uploads\/2010\/06\/piotrowski-porter-5.jpg\" alt=\"\" data-id=\"6882\" class=\"wp-image-6882\" srcset=\"https:\/\/pracownia52.pl\/www\/wp-content\/uploads\/2010\/06\/piotrowski-porter-5.jpg?v=1627123740 550w, https:\/\/pracownia52.pl\/www\/wp-content\/uploads\/2010\/06\/piotrowski-porter-5-300x203.jpg?v=1627123740 300w\" sizes=\"auto, (max-width: 550px) 100vw, 550px\" \/><\/a><\/figure><\/li><li class=\"blocks-gallery-item\"><figure><a href=\"https:\/\/pracownia52.pl\/www\/wp-content\/uploads\/2010\/06\/011_porter_band.jpg\"><img loading=\"lazy\" decoding=\"async\" width=\"640\" height=\"213\" src=\"https:\/\/pracownia52.pl\/www\/wp-content\/uploads\/2010\/06\/011_porter_band.jpg\" alt=\"\" data-id=\"382\" class=\"wp-image-382\" srcset=\"https:\/\/pracownia52.pl\/www\/wp-content\/uploads\/2010\/06\/011_porter_band.jpg?v=1694768984 640w, https:\/\/pracownia52.pl\/www\/wp-content\/uploads\/2010\/06\/011_porter_band-300x100.jpg?v=1694768984 300w\" sizes=\"auto, (max-width: 640px) 100vw, 640px\" \/><\/a><\/figure><\/li><li class=\"blocks-gallery-item\"><figure><a href=\"https:\/\/pracownia52.pl\/www\/wp-content\/uploads\/2010\/06\/folder-porter-wifon-012-013.jpg\"><img loading=\"lazy\" decoding=\"async\" width=\"650\" height=\"336\" src=\"https:\/\/pracownia52.pl\/www\/wp-content\/uploads\/2010\/06\/folder-porter-wifon-012-013.jpg\" alt=\"\" data-id=\"384\" class=\"wp-image-384\" srcset=\"https:\/\/pracownia52.pl\/www\/wp-content\/uploads\/2010\/06\/folder-porter-wifon-012-013.jpg?v=1694768942 650w, https:\/\/pracownia52.pl\/www\/wp-content\/uploads\/2010\/06\/folder-porter-wifon-012-013-300x155.jpg?v=1694768942 300w\" sizes=\"auto, (max-width: 650px) 100vw, 650px\" \/><\/a><\/figure><\/li><li class=\"blocks-gallery-item\"><figure><a href=\"https:\/\/pracownia52.pl\/www\/wp-content\/uploads\/2017\/12\/000-woda-sodowa-1982-5.jpg\"><img loading=\"lazy\" decoding=\"async\" width=\"666\" height=\"439\" src=\"https:\/\/pracownia52.pl\/www\/wp-content\/uploads\/2017\/12\/000-woda-sodowa-1982-5.jpg\" alt=\"\" data-id=\"7332\" class=\"wp-image-7332\" srcset=\"https:\/\/pracownia52.pl\/www\/wp-content\/uploads\/2017\/12\/000-woda-sodowa-1982-5.jpg?v=1627123717 666w, https:\/\/pracownia52.pl\/www\/wp-content\/uploads\/2017\/12\/000-woda-sodowa-1982-5-300x198.jpg?v=1627123717 300w\" sizes=\"auto, (max-width: 666px) 100vw, 666px\" \/><\/a><\/figure><\/li><li class=\"blocks-gallery-item\"><figure><a href=\"https:\/\/pracownia52.pl\/www\/wp-content\/uploads\/2010\/06\/booklet-John-PORTER-99-012.jpg\"><img loading=\"lazy\" decoding=\"async\" width=\"550\" height=\"548\" src=\"https:\/\/pracownia52.pl\/www\/wp-content\/uploads\/2010\/06\/booklet-John-PORTER-99-012.jpg\" alt=\"\" data-id=\"386\" class=\"wp-image-386\" srcset=\"https:\/\/pracownia52.pl\/www\/wp-content\/uploads\/2010\/06\/booklet-John-PORTER-99-012.jpg?v=1628149184 550w, https:\/\/pracownia52.pl\/www\/wp-content\/uploads\/2010\/06\/booklet-John-PORTER-99-012-300x300.jpg?v=1628149184 300w, https:\/\/pracownia52.pl\/www\/wp-content\/uploads\/2010\/06\/booklet-John-PORTER-99-012-150x150.jpg?v=1628149184 150w, https:\/\/pracownia52.pl\/www\/wp-content\/uploads\/2010\/06\/booklet-John-PORTER-99-012-75x75.jpg?v=1628149184 75w\" sizes=\"auto, (max-width: 550px) 100vw, 550px\" \/><\/a><\/figure><\/li><\/ul><\/figure>\n","protected":false},"excerpt":{"rendered":"<p>CD\u2019s, MK (te\u017c chyba kilka), zdj\u0119cia, jaki\u015b plakat; a te\u017c \u2013 wa\u017cny dla mnie folder, jeszcze w latach 80.jakie\u015b inne sk\u0142ady, sporadyczne zdj\u0119cia.patrz te\u017c: Porter Band, Marcin Jacobsonmr m.<\/p>\n","protected":false},"author":1,"featured_media":0,"parent":0,"menu_order":0,"comment_status":"closed","ping_status":"open","template":"","meta":{"footnotes":""},"class_list":["post-380","page","type-page","status-publish","hentry"],"_links":{"self":[{"href":"https:\/\/pracownia52.pl\/www\/index.php?rest_route=\/wp\/v2\/pages\/380","targetHints":{"allow":["GET"]}}],"collection":[{"href":"https:\/\/pracownia52.pl\/www\/index.php?rest_route=\/wp\/v2\/pages"}],"about":[{"href":"https:\/\/pracownia52.pl\/www\/index.php?rest_route=\/wp\/v2\/types\/page"}],"author":[{"embeddable":true,"href":"https:\/\/pracownia52.pl\/www\/index.php?rest_route=\/wp\/v2\/users\/1"}],"replies":[{"embeddable":true,"href":"https:\/\/pracownia52.pl\/www\/index.php?rest_route=%2Fwp%2Fv2%2Fcomments&post=380"}],"version-history":[{"count":14,"href":"https:\/\/pracownia52.pl\/www\/index.php?rest_route=\/wp\/v2\/pages\/380\/revisions"}],"predecessor-version":[{"id":9709,"href":"https:\/\/pracownia52.pl\/www\/index.php?rest_route=\/wp\/v2\/pages\/380\/revisions\/9709"}],"wp:attachment":[{"href":"https:\/\/pracownia52.pl\/www\/index.php?rest_route=%2Fwp%2Fv2%2Fmedia&parent=380"}],"curies":[{"name":"wp","href":"https:\/\/api.w.org\/{rel}","templated":true}]}}