{"id":3800,"date":"2013-07-25T17:50:43","date_gmt":"2013-07-25T17:50:43","guid":{"rendered":"http:\/\/pracownia52.pl\/www\/?page_id=3800"},"modified":"2016-11-17T07:34:48","modified_gmt":"2016-11-17T07:34:48","slug":"pawel-ostafil","status":"publish","type":"page","link":"https:\/\/pracownia52.pl\/www\/?page_id=3800","title":{"rendered":"pawe\u0142 ostafil"},"content":{"rendered":"<p>znakomity Kto\u015b. ale jako\u015b znikn\u0105\u0142, szkoda\u2026<br \/>\nmr m.<br \/>\n<br \/><img loading=\"lazy\" decoding=\"async\" src=\"http:\/\/pracownia52.pl\/www\/wp-content\/uploads\/2013\/07\/pawel-ostafil-6x6-kolor-001mn.jpg\" alt=\"pawel-ostafil-6x6-kolor-001mn\" width=\"520\" height=\"500\" class=\"alignnone size-full wp-image-4741\" \/><\/p>\n","protected":false},"excerpt":{"rendered":"<p>znakomity Kto\u015b. ale jako\u015b znikn\u0105\u0142, szkoda\u2026 mr m.<\/p>\n","protected":false},"author":1,"featured_media":0,"parent":0,"menu_order":0,"comment_status":"closed","ping_status":"open","template":"","meta":{"footnotes":""},"class_list":["post-3800","page","type-page","status-publish","hentry"],"_links":{"self":[{"href":"https:\/\/pracownia52.pl\/www\/index.php?rest_route=\/wp\/v2\/pages\/3800","targetHints":{"allow":["GET"]}}],"collection":[{"href":"https:\/\/pracownia52.pl\/www\/index.php?rest_route=\/wp\/v2\/pages"}],"about":[{"href":"https:\/\/pracownia52.pl\/www\/index.php?rest_route=\/wp\/v2\/types\/page"}],"author":[{"embeddable":true,"href":"https:\/\/pracownia52.pl\/www\/index.php?rest_route=\/wp\/v2\/users\/1"}],"replies":[{"embeddable":true,"href":"https:\/\/pracownia52.pl\/www\/index.php?rest_route=%2Fwp%2Fv2%2Fcomments&post=3800"}],"version-history":[{"count":11,"href":"https:\/\/pracownia52.pl\/www\/index.php?rest_route=\/wp\/v2\/pages\/3800\/revisions"}],"predecessor-version":[{"id":6119,"href":"https:\/\/pracownia52.pl\/www\/index.php?rest_route=\/wp\/v2\/pages\/3800\/revisions\/6119"}],"wp:attachment":[{"href":"https:\/\/pracownia52.pl\/www\/index.php?rest_route=%2Fwp%2Fv2%2Fmedia&parent=3800"}],"curies":[{"name":"wp","href":"https:\/\/api.w.org\/{rel}","templated":true}]}}