{"id":3808,"date":"2013-09-03T09:28:33","date_gmt":"2013-09-03T09:28:33","guid":{"rendered":"http:\/\/pracownia52.pl\/www\/?page_id=3808"},"modified":"2018-12-11T16:13:53","modified_gmt":"2018-12-11T16:13:53","slug":"jaroslaw-smietana","status":"publish","type":"page","link":"https:\/\/pracownia52.pl\/www\/?page_id=3808","title":{"rendered":"Jaros\u0142aw \u015amietana"},"content":{"rendered":"<p>Kilka zdj\u0119\u0107, jeden plakat, pocz\u0105tek lat 80. (Ale to ni\u017cej akurat z ko\u0144ca lat 70.). Krak\u00f3w \u2013 inne miasto.<br \/>\nmr m.<\/p>\n<p><img loading=\"lazy\" decoding=\"async\" class=\"alignnone size-full wp-image-3810\" src=\"http:\/\/pracownia52.pl\/www\/wp-content\/uploads\/2013\/09\/jaroslaw-smietana-kalisz-1979-44.jpg\" alt=\"jaroslaw-smietana-kalisz-1979-44\" width=\"800\" height=\"529\" srcset=\"https:\/\/pracownia52.pl\/www\/wp-content\/uploads\/2013\/09\/jaroslaw-smietana-kalisz-1979-44.jpg?v=1627124084 800w, https:\/\/pracownia52.pl\/www\/wp-content\/uploads\/2013\/09\/jaroslaw-smietana-kalisz-1979-44-300x198.jpg?v=1627124084 300w, https:\/\/pracownia52.pl\/www\/wp-content\/uploads\/2013\/09\/jaroslaw-smietana-kalisz-1979-44-768x508.jpg?v=1627124084 768w\" sizes=\"auto, (max-width: 767px) 89vw, (max-width: 1000px) 54vw, (max-width: 1071px) 543px, 580px\" \/><\/p>\n","protected":false},"excerpt":{"rendered":"<p>Kilka zdj\u0119\u0107, jeden plakat, pocz\u0105tek lat 80. (Ale to ni\u017cej akurat z ko\u0144ca lat 70.). Krak\u00f3w \u2013 inne miasto. mr m.<\/p>\n","protected":false},"author":1,"featured_media":0,"parent":0,"menu_order":0,"comment_status":"closed","ping_status":"open","template":"","meta":{"footnotes":""},"class_list":["post-3808","page","type-page","status-publish","hentry"],"_links":{"self":[{"href":"https:\/\/pracownia52.pl\/www\/index.php?rest_route=\/wp\/v2\/pages\/3808","targetHints":{"allow":["GET"]}}],"collection":[{"href":"https:\/\/pracownia52.pl\/www\/index.php?rest_route=\/wp\/v2\/pages"}],"about":[{"href":"https:\/\/pracownia52.pl\/www\/index.php?rest_route=\/wp\/v2\/types\/page"}],"author":[{"embeddable":true,"href":"https:\/\/pracownia52.pl\/www\/index.php?rest_route=\/wp\/v2\/users\/1"}],"replies":[{"embeddable":true,"href":"https:\/\/pracownia52.pl\/www\/index.php?rest_route=%2Fwp%2Fv2%2Fcomments&post=3808"}],"version-history":[{"count":8,"href":"https:\/\/pracownia52.pl\/www\/index.php?rest_route=\/wp\/v2\/pages\/3808\/revisions"}],"predecessor-version":[{"id":8050,"href":"https:\/\/pracownia52.pl\/www\/index.php?rest_route=\/wp\/v2\/pages\/3808\/revisions\/8050"}],"wp:attachment":[{"href":"https:\/\/pracownia52.pl\/www\/index.php?rest_route=%2Fwp%2Fv2%2Fmedia&parent=3808"}],"curies":[{"name":"wp","href":"https:\/\/api.w.org\/{rel}","templated":true}]}}