{"id":390,"date":"2010-06-11T11:31:14","date_gmt":"2010-06-11T11:31:14","guid":{"rendered":"http:\/\/pracownia52.pl\/www\/?page_id=390"},"modified":"2019-01-10T12:58:49","modified_gmt":"2019-01-10T12:58:49","slug":"kasa-chorych","status":"publish","type":"page","link":"https:\/\/pracownia52.pl\/www\/?page_id=390","title":{"rendered":"Kasa Chorych"},"content":{"rendered":"\n<ul class=\"wp-block-gallery columns-2 is-cropped wp-block-gallery-1 is-layout-flex wp-block-gallery-is-layout-flex\"><li class=\"blocks-gallery-item\"><figure><a href=\"https:\/\/pracownia52.pl\/www\/wp-content\/uploads\/2010\/06\/kasa-chorych-cd-live01.jpg\"><img loading=\"lazy\" decoding=\"async\" width=\"600\" height=\"600\" src=\"https:\/\/pracownia52.pl\/www\/wp-content\/uploads\/2010\/06\/kasa-chorych-cd-live01.jpg\" alt=\"\" data-id=\"392\" data-link=\"https:\/\/pracownia52.pl\/www\/?attachment_id=392\" class=\"wp-image-392\" srcset=\"https:\/\/pracownia52.pl\/www\/wp-content\/uploads\/2010\/06\/kasa-chorych-cd-live01.jpg?v=1662646109 600w, https:\/\/pracownia52.pl\/www\/wp-content\/uploads\/2010\/06\/kasa-chorych-cd-live01-300x300.jpg?v=1662646109 300w, https:\/\/pracownia52.pl\/www\/wp-content\/uploads\/2010\/06\/kasa-chorych-cd-live01-150x150.jpg?v=1662646109 150w, https:\/\/pracownia52.pl\/www\/wp-content\/uploads\/2010\/06\/kasa-chorych-cd-live01-75x75.jpg?v=1662646109 75w\" sizes=\"auto, (max-width: 600px) 100vw, 600px\" \/><\/a><\/figure><\/li><li class=\"blocks-gallery-item\"><figure><a href=\"https:\/\/pracownia52.pl\/www\/wp-content\/uploads\/2019\/01\/kasa-BCN-001-mn.jpg\"><img loading=\"lazy\" decoding=\"async\" width=\"650\" height=\"650\" src=\"https:\/\/pracownia52.pl\/www\/wp-content\/uploads\/2019\/01\/kasa-BCN-001-mn.jpg\" alt=\"\" data-id=\"8740\" data-link=\"https:\/\/pracownia52.pl\/www\/?attachment_id=8740\" class=\"wp-image-8740\" srcset=\"https:\/\/pracownia52.pl\/www\/wp-content\/uploads\/2019\/01\/kasa-BCN-001-mn.jpg?v=1636448800 650w, https:\/\/pracownia52.pl\/www\/wp-content\/uploads\/2019\/01\/kasa-BCN-001-mn-300x300.jpg?v=1636448800 300w, https:\/\/pracownia52.pl\/www\/wp-content\/uploads\/2019\/01\/kasa-BCN-001-mn-150x150.jpg?v=1636448800 150w, https:\/\/pracownia52.pl\/www\/wp-content\/uploads\/2019\/01\/kasa-BCN-001-mn-75x75.jpg?v=1636448800 75w\" sizes=\"auto, (max-width: 650px) 100vw, 650px\" \/><\/a><\/figure><\/li><\/ul>\n\n\n\n<p>jakie\u015b zdj\u0119cia jeszcze z lat 1979-80; te\u017c \u2013 projekty ok\u0142adek cd \u201eKasa Chorych \u2013 Live\u201d, \u201eblues c\u00f3rek naszych\u201d \u2013 zob. te\u017c <a href=\"https:\/\/pracownia52.pl\/www\/?page_id=416\"><strong>krzak<\/strong><\/a>; oraz <a href=\"https:\/\/pracownia52.pl\/www\/?page_id=740\"><strong>skibi\u0144ski-winder<\/strong><\/a>; <a href=\"https:\/\/pracownia52.pl\/www\/?page_id=480\"><strong>Marcin Jacobson<\/strong><\/a>\u2026<br \/>\nmr m.<br \/>\n<\/p>\n","protected":false},"excerpt":{"rendered":"<p>jakie\u015b zdj\u0119cia jeszcze z lat 1979-80; te\u017c \u2013 projekty ok\u0142adek cd \u201eKasa Chorych \u2013 Live\u201d, \u201eblues c\u00f3rek naszych\u201d \u2013 zob. te\u017c krzak; oraz skibi\u0144ski-winder; Marcin Jacobson\u2026 mr m.<\/p>\n","protected":false},"author":1,"featured_media":0,"parent":0,"menu_order":0,"comment_status":"closed","ping_status":"open","template":"","meta":{"footnotes":""},"class_list":["post-390","page","type-page","status-publish","hentry"],"_links":{"self":[{"href":"https:\/\/pracownia52.pl\/www\/index.php?rest_route=\/wp\/v2\/pages\/390","targetHints":{"allow":["GET"]}}],"collection":[{"href":"https:\/\/pracownia52.pl\/www\/index.php?rest_route=\/wp\/v2\/pages"}],"about":[{"href":"https:\/\/pracownia52.pl\/www\/index.php?rest_route=\/wp\/v2\/types\/page"}],"author":[{"embeddable":true,"href":"https:\/\/pracownia52.pl\/www\/index.php?rest_route=\/wp\/v2\/users\/1"}],"replies":[{"embeddable":true,"href":"https:\/\/pracownia52.pl\/www\/index.php?rest_route=%2Fwp%2Fv2%2Fcomments&post=390"}],"version-history":[{"count":9,"href":"https:\/\/pracownia52.pl\/www\/index.php?rest_route=\/wp\/v2\/pages\/390\/revisions"}],"predecessor-version":[{"id":8741,"href":"https:\/\/pracownia52.pl\/www\/index.php?rest_route=\/wp\/v2\/pages\/390\/revisions\/8741"}],"wp:attachment":[{"href":"https:\/\/pracownia52.pl\/www\/index.php?rest_route=%2Fwp%2Fv2%2Fmedia&parent=390"}],"curies":[{"name":"wp","href":"https:\/\/api.w.org\/{rel}","templated":true}]}}