{"id":395,"date":"2010-06-11T11:33:45","date_gmt":"2010-06-11T11:33:45","guid":{"rendered":"http:\/\/pracownia52.pl\/www\/?page_id=395"},"modified":"2025-05-06T16:55:19","modified_gmt":"2025-05-06T16:55:19","slug":"kciuk-surzyn-band","status":"publish","type":"page","link":"https:\/\/pracownia52.pl\/www\/?page_id=395","title":{"rendered":"Kciuk Surzyn band"},"content":{"rendered":"\n<p>\u2026czyli Tomasz \u201eKciuk\u201d Jaworski, Marek Surzyn i Marek Raduli; to rok <a href=\"http:\/\/musicblog-piotrk.blogspot.com\/2012\/07\/kciuk-surzyn-band.html\"><strong>1990<\/strong><\/a>.<br \/>Kilka kaset, kilka zdj\u0119\u0107. Marek gra\u0142 w chyba wszystkich dobrych grupach rock i jazzowych w Polsce. Jego syn Piotr robi rysunki, a nawet ma jak\u0105\u015b agencj\u0119 reklamow\u0105.<br \/>Zob. te\u017c: <a href=\"https:\/\/pracownia52.pl\/www\/?page_id=725\"><strong>Shakin Dudi<\/strong><\/a> oraz <a href=\"https:\/\/pracownia52.pl\/www\/?page_id=1402\"><strong>\u015aciera\u0144scy Surzyn trio<\/strong><\/a><br \/>mr m.<\/p>\n\n\n\n<figure class=\"wp-block-gallery has-nested-images columns-2 is-cropped wp-block-gallery-1 is-layout-flex wp-block-gallery-is-layout-flex\">\n<figure class=\"wp-block-image\"><a href=\"https:\/\/pracownia52.pl\/www\/wp-content\/uploads\/2010\/06\/kciuk-surzyn-band-mkmn.jpg\"><img loading=\"lazy\" decoding=\"async\" width=\"816\" height=\"600\" data-id=\"398\" src=\"https:\/\/pracownia52.pl\/www\/wp-content\/uploads\/2010\/06\/kciuk-surzyn-band-mkmn.jpg\" alt=\"\" class=\"wp-image-398\" srcset=\"https:\/\/pracownia52.pl\/www\/wp-content\/uploads\/2010\/06\/kciuk-surzyn-band-mkmn.jpg?v=1627126043 816w, https:\/\/pracownia52.pl\/www\/wp-content\/uploads\/2010\/06\/kciuk-surzyn-band-mkmn-300x221.jpg?v=1627126043 300w, https:\/\/pracownia52.pl\/www\/wp-content\/uploads\/2010\/06\/kciuk-surzyn-band-mkmn-768x565.jpg?v=1627126043 768w\" sizes=\"auto, (max-width: 767px) 89vw, (max-width: 1000px) 54vw, (max-width: 1071px) 543px, 580px\" \/><\/a><\/figure>\n<\/figure>\n","protected":false},"excerpt":{"rendered":"<p>\u2026czyli Tomasz \u201eKciuk\u201d Jaworski, Marek Surzyn i Marek Raduli; to rok 1990.Kilka kaset, kilka zdj\u0119\u0107. Marek gra\u0142 w chyba wszystkich dobrych grupach rock i jazzowych w Polsce. Jego syn Piotr robi rysunki, a nawet ma jak\u0105\u015b agencj\u0119 reklamow\u0105.Zob. te\u017c: Shakin Dudi oraz \u015aciera\u0144scy Surzyn triomr m.<\/p>\n","protected":false},"author":1,"featured_media":398,"parent":0,"menu_order":0,"comment_status":"closed","ping_status":"open","template":"","meta":{"footnotes":""},"class_list":["post-395","page","type-page","status-publish","has-post-thumbnail","hentry"],"_links":{"self":[{"href":"https:\/\/pracownia52.pl\/www\/index.php?rest_route=\/wp\/v2\/pages\/395","targetHints":{"allow":["GET"]}}],"collection":[{"href":"https:\/\/pracownia52.pl\/www\/index.php?rest_route=\/wp\/v2\/pages"}],"about":[{"href":"https:\/\/pracownia52.pl\/www\/index.php?rest_route=\/wp\/v2\/types\/page"}],"author":[{"embeddable":true,"href":"https:\/\/pracownia52.pl\/www\/index.php?rest_route=\/wp\/v2\/users\/1"}],"replies":[{"embeddable":true,"href":"https:\/\/pracownia52.pl\/www\/index.php?rest_route=%2Fwp%2Fv2%2Fcomments&post=395"}],"version-history":[{"count":17,"href":"https:\/\/pracownia52.pl\/www\/index.php?rest_route=\/wp\/v2\/pages\/395\/revisions"}],"predecessor-version":[{"id":10521,"href":"https:\/\/pracownia52.pl\/www\/index.php?rest_route=\/wp\/v2\/pages\/395\/revisions\/10521"}],"wp:featuredmedia":[{"embeddable":true,"href":"https:\/\/pracownia52.pl\/www\/index.php?rest_route=\/wp\/v2\/media\/398"}],"wp:attachment":[{"href":"https:\/\/pracownia52.pl\/www\/index.php?rest_route=%2Fwp%2Fv2%2Fmedia&parent=395"}],"curies":[{"name":"wp","href":"https:\/\/api.w.org\/{rel}","templated":true}]}}