{"id":4130,"date":"2014-02-11T19:05:47","date_gmt":"2014-02-11T19:05:47","guid":{"rendered":"http:\/\/pracownia52.pl\/www\/?page_id=4130"},"modified":"2021-11-24T09:47:16","modified_gmt":"2021-11-24T09:47:16","slug":"budapeszt-1986-r","status":"publish","type":"page","link":"https:\/\/pracownia52.pl\/www\/?page_id=4130","title":{"rendered":"Budapeszt, 1986 r."},"content":{"rendered":"\n<p>kiedy\u015b <s>trzeba to opisa\u0107<\/s> (ju\u017c nieco opisane w \u201e<strong><a href=\"https:\/\/ooops.pl\/?p=36787\" data-type=\"URL\" data-id=\"https:\/\/ooops.pl\/?p=36787\">Koniec Festiwali<\/a><\/strong>\u2026\u201d, wyd. <strong><a href=\"https:\/\/pracownia52.pl\/www\/?p=9945\" data-type=\"URL\" data-id=\"https:\/\/pracownia52.pl\/www\/?p=9945\">2021<\/a><\/strong>) : rocznica 1956, tydzie\u0144 wcze\u015bniej \u2013 koncert Queen, teraz \u2013 wtedy \u2013 <a href=\"http:\/\/www.setlist.fm\/setlist\/falco\/1986\/budapest-sportcsarnok-budapest-hungary-13d2f9cd.html\">Falco<\/a>, <a href=\"https:\/\/pracownia52.pl\/www\/?page_id=8462\"><strong>Mikis Theodorakis<\/strong><\/a>. jaki\u015b klub off&#8217;owy (budapeszte\u0144ska grupa \u201e<a href=\"https:\/\/soundcloud.com\/das_kapital\"><strong>das Kapital<\/strong><\/a>\u201d oraz \u201e<a href=\"http:\/\/pc-pdx.com\/bands\/Left-Hand-Right-Hand\"><strong>Left Hand Right Hand<\/strong><\/a>\u201d)\u2026<\/p>\n\n\n\n<blockquote class=\"wp-block-quote is-layout-flow wp-block-quote-is-layout-flow\"><p>Brothers Andrew and Tim Brown first performed as <strong><a href=\"http:\/\/www.lefthandrighthand.co.uk\">Left Hand Right Hand<\/a><\/strong> in 1985 as a percussive offshoot from the free improvisation collective The Colonels. In 1986 The Colonels accepted an invitation by Zahgurim, who were Paul Ackerley and William Vince, to perform together for shows in Sussex, and Budapest. The success of these inspired the four to co-found a new project and the name Left Hand Right Hand was offered\u2026<\/p><\/blockquote>\n\n\n\n<p>zagrali\u2026 <del>ale gdzie?<\/del> dzi\u015b, dzi\u0119ki <strong>G\u00e1borowi Danyi<\/strong> wiem ju\u017c, \u017ce ja \u2013 wbrew mej w\u0142asnej pami\u0119ci \u2013 by\u0142em jednak na koncercie w by\u0142ym klubie <strong>R\u00e1day<\/strong> (ta sama <a href=\"http:\/\/www.megnemertettzenekar.eoldal.hu\/fenykepek\/--mezeum--\/26-raday-klub.-.html\">rura na zdj\u0119ciach<\/a>; a nie, jak s\u0105dzi\u0142em \u2013 gdzie\u015b po stronie Budy. ot, kaprysy rekonstruowania.<\/p>\n\n\n\n<figure class=\"wp-block-image\"><img loading=\"lazy\" decoding=\"async\" width=\"900\" height=\"591\" src=\"http:\/\/pracownia52.pl\/www\/wp-content\/uploads\/2014\/02\/04-1986-Budapeszt-cd-Left-hand-Right-Hand-900pxl-miasto-19.jpg\" alt=\"04-1986-Budapeszt-cd-Left-hand-Right-Hand-900pxl-miasto-19\" class=\"wp-image-4150\" srcset=\"https:\/\/pracownia52.pl\/www\/wp-content\/uploads\/2014\/02\/04-1986-Budapeszt-cd-Left-hand-Right-Hand-900pxl-miasto-19.jpg?v=1627124075 900w, https:\/\/pracownia52.pl\/www\/wp-content\/uploads\/2014\/02\/04-1986-Budapeszt-cd-Left-hand-Right-Hand-900pxl-miasto-19-300x197.jpg?v=1627124075 300w, https:\/\/pracownia52.pl\/www\/wp-content\/uploads\/2014\/02\/04-1986-Budapeszt-cd-Left-hand-Right-Hand-900pxl-miasto-19-768x504.jpg?v=1627124075 768w\" sizes=\"auto, (max-width: 767px) 89vw, (max-width: 1000px) 54vw, (max-width: 1071px) 543px, 580px\" \/><\/figure>\n\n\n\n<blockquote><p>November 1986<br \/><strong>Klub ?<\/strong>, Budapest<br \/>Klub Raday, Budapest x 2<\/p><ol>(za:<\/ol><p><a href=\"http:\/\/www.taktaktak.co.uk\/Projects.htm\"><strong>tak tak tak<\/strong><\/a><\/p><ol>projects)<\/ol><\/blockquote>\n\n\n\n<p>i na razie kilka zdj\u0119\u0107 + jedno podkolorowane, aby pokaza\u0107, jak <a href=\"http:\/\/ooops.pl\/?p=26125\">by\u0142o<\/a>. oraz dwie strony z \u201e<strong><a href=\"https:\/\/pracownia52.pl\/www\/?page_id=461\" data-type=\"page\" data-id=\"461\">Magazynu Muzycznego<\/a><\/strong>\u201d nr 2 z 1987 roku.<br \/>mr m.<\/p>\n\n\n\n<figure class=\"wp-block-gallery columns-5 is-cropped wp-block-gallery-1 is-layout-flex wp-block-gallery-is-layout-flex\"><ul class=\"blocks-gallery-grid\"><li class=\"blocks-gallery-item\"><figure><a href=\"https:\/\/pracownia52.pl\/www\/wp-content\/uploads\/2014\/02\/1986-budapest-list-iron-maiden-november-2.jpg\"><img loading=\"lazy\" decoding=\"async\" width=\"800\" height=\"523\" src=\"https:\/\/pracownia52.pl\/www\/wp-content\/uploads\/2014\/02\/1986-budapest-list-iron-maiden-november-2.jpg\" alt=\"\" data-id=\"4131\" data-link=\"https:\/\/pracownia52.pl\/www\/?attachment_id=4131\" class=\"wp-image-4131\" srcset=\"https:\/\/pracownia52.pl\/www\/wp-content\/uploads\/2014\/02\/1986-budapest-list-iron-maiden-november-2.jpg?v=1627124078 800w, https:\/\/pracownia52.pl\/www\/wp-content\/uploads\/2014\/02\/1986-budapest-list-iron-maiden-november-2-300x196.jpg?v=1627124078 300w, https:\/\/pracownia52.pl\/www\/wp-content\/uploads\/2014\/02\/1986-budapest-list-iron-maiden-november-2-768x502.jpg?v=1627124078 768w\" sizes=\"auto, (max-width: 767px) 89vw, (max-width: 1000px) 54vw, (max-width: 1071px) 543px, 580px\" \/><\/a><\/figure><\/li><li class=\"blocks-gallery-item\"><figure><a href=\"https:\/\/pracownia52.pl\/www\/wp-content\/uploads\/2014\/02\/1986-budapest-november-break-1.jpg\"><img loading=\"lazy\" decoding=\"async\" width=\"800\" height=\"526\" src=\"https:\/\/pracownia52.pl\/www\/wp-content\/uploads\/2014\/02\/1986-budapest-november-break-1.jpg\" alt=\"\" data-id=\"4132\" data-link=\"https:\/\/pracownia52.pl\/www\/?attachment_id=4132\" class=\"wp-image-4132\" srcset=\"https:\/\/pracownia52.pl\/www\/wp-content\/uploads\/2014\/02\/1986-budapest-november-break-1.jpg?v=1627124078 800w, https:\/\/pracownia52.pl\/www\/wp-content\/uploads\/2014\/02\/1986-budapest-november-break-1-300x197.jpg?v=1627124078 300w, https:\/\/pracownia52.pl\/www\/wp-content\/uploads\/2014\/02\/1986-budapest-november-break-1-768x505.jpg?v=1627124078 768w\" sizes=\"auto, (max-width: 767px) 89vw, (max-width: 1000px) 54vw, (max-width: 1071px) 543px, 580px\" \/><\/a><\/figure><\/li><li class=\"blocks-gallery-item\"><figure><a href=\"https:\/\/pracownia52.pl\/www\/wp-content\/uploads\/2014\/02\/1986-budapeszt-listopad-3.jpg\"><img loading=\"lazy\" decoding=\"async\" width=\"532\" height=\"800\" src=\"https:\/\/pracownia52.pl\/www\/wp-content\/uploads\/2014\/02\/1986-budapeszt-listopad-3.jpg\" alt=\"\" data-id=\"4133\" data-link=\"https:\/\/pracownia52.pl\/www\/?attachment_id=4133\" class=\"wp-image-4133\" srcset=\"https:\/\/pracownia52.pl\/www\/wp-content\/uploads\/2014\/02\/1986-budapeszt-listopad-3.jpg?v=1627124078 532w, https:\/\/pracownia52.pl\/www\/wp-content\/uploads\/2014\/02\/1986-budapeszt-listopad-3-200x300.jpg?v=1627124078 200w\" sizes=\"auto, (max-width: 532px) 100vw, 532px\" \/><\/a><\/figure><\/li><li class=\"blocks-gallery-item\"><figure><a href=\"https:\/\/pracownia52.pl\/www\/wp-content\/uploads\/2014\/02\/1986-budapeszt-synagoga-2.jpg\"><img loading=\"lazy\" decoding=\"async\" width=\"525\" height=\"800\" src=\"https:\/\/pracownia52.pl\/www\/wp-content\/uploads\/2014\/02\/1986-budapeszt-synagoga-2.jpg\" alt=\"\" data-id=\"4134\" data-link=\"https:\/\/pracownia52.pl\/www\/?attachment_id=4134\" class=\"wp-image-4134\" srcset=\"https:\/\/pracownia52.pl\/www\/wp-content\/uploads\/2014\/02\/1986-budapeszt-synagoga-2.jpg?v=1627124077 525w, https:\/\/pracownia52.pl\/www\/wp-content\/uploads\/2014\/02\/1986-budapeszt-synagoga-2-197x300.jpg?v=1627124077 197w\" sizes=\"auto, (max-width: 525px) 100vw, 525px\" \/><\/a><\/figure><\/li><li class=\"blocks-gallery-item\"><figure><a href=\"https:\/\/pracownia52.pl\/www\/wp-content\/uploads\/2014\/02\/1986-falco-budapeszt-low-1.jpg\"><img loading=\"lazy\" decoding=\"async\" width=\"800\" height=\"527\" src=\"https:\/\/pracownia52.pl\/www\/wp-content\/uploads\/2014\/02\/1986-falco-budapeszt-low-1.jpg\" alt=\"\" data-id=\"4136\" data-link=\"https:\/\/pracownia52.pl\/www\/?attachment_id=4136\" class=\"wp-image-4136\" srcset=\"https:\/\/pracownia52.pl\/www\/wp-content\/uploads\/2014\/02\/1986-falco-budapeszt-low-1.jpg?v=1627124077 800w, https:\/\/pracownia52.pl\/www\/wp-content\/uploads\/2014\/02\/1986-falco-budapeszt-low-1-300x198.jpg?v=1627124077 300w, https:\/\/pracownia52.pl\/www\/wp-content\/uploads\/2014\/02\/1986-falco-budapeszt-low-1-768x506.jpg?v=1627124077 768w\" sizes=\"auto, (max-width: 767px) 89vw, (max-width: 1000px) 54vw, (max-width: 1071px) 543px, 580px\" \/><\/a><\/figure><\/li><li class=\"blocks-gallery-item\"><figure><a href=\"https:\/\/pracownia52.pl\/www\/wp-content\/uploads\/2014\/02\/1986-budapeszt-ulice-1.jpg\"><img loading=\"lazy\" decoding=\"async\" width=\"800\" height=\"532\" src=\"https:\/\/pracownia52.pl\/www\/wp-content\/uploads\/2014\/02\/1986-budapeszt-ulice-1.jpg\" alt=\"\" data-id=\"4135\" data-link=\"https:\/\/pracownia52.pl\/www\/?attachment_id=4135\" class=\"wp-image-4135\" srcset=\"https:\/\/pracownia52.pl\/www\/wp-content\/uploads\/2014\/02\/1986-budapeszt-ulice-1.jpg?v=1627124077 800w, https:\/\/pracownia52.pl\/www\/wp-content\/uploads\/2014\/02\/1986-budapeszt-ulice-1-300x200.jpg?v=1627124077 300w, https:\/\/pracownia52.pl\/www\/wp-content\/uploads\/2014\/02\/1986-budapeszt-ulice-1-768x511.jpg?v=1627124077 768w\" sizes=\"auto, (max-width: 767px) 89vw, (max-width: 1000px) 54vw, (max-width: 1071px) 543px, 580px\" \/><\/a><\/figure><\/li><li class=\"blocks-gallery-item\"><figure><a href=\"https:\/\/pracownia52.pl\/www\/wp-content\/uploads\/2014\/02\/budapeszt-1986-1low.jpg\"><img loading=\"lazy\" decoding=\"async\" width=\"533\" height=\"800\" src=\"https:\/\/pracownia52.pl\/www\/wp-content\/uploads\/2014\/02\/budapeszt-1986-1low.jpg\" alt=\"\" data-id=\"4137\" data-link=\"https:\/\/pracownia52.pl\/www\/?attachment_id=4137\" class=\"wp-image-4137\" srcset=\"https:\/\/pracownia52.pl\/www\/wp-content\/uploads\/2014\/02\/budapeszt-1986-1low.jpg?v=1627124077 533w, https:\/\/pracownia52.pl\/www\/wp-content\/uploads\/2014\/02\/budapeszt-1986-1low-200x300.jpg?v=1627124077 200w\" sizes=\"auto, (max-width: 533px) 100vw, 533px\" \/><\/a><\/figure><\/li><li class=\"blocks-gallery-item\"><figure><a href=\"https:\/\/pracownia52.pl\/www\/wp-content\/uploads\/2014\/02\/budapeszt-1986-005-hobo-mn.jpg\"><img loading=\"lazy\" decoding=\"async\" width=\"600\" height=\"401\" src=\"https:\/\/pracownia52.pl\/www\/wp-content\/uploads\/2014\/02\/budapeszt-1986-005-hobo-mn.jpg\" alt=\"\" data-id=\"4138\" data-link=\"https:\/\/pracownia52.pl\/www\/?attachment_id=4138\" class=\"wp-image-4138\" srcset=\"https:\/\/pracownia52.pl\/www\/wp-content\/uploads\/2014\/02\/budapeszt-1986-005-hobo-mn.jpg?v=1627124076 600w, https:\/\/pracownia52.pl\/www\/wp-content\/uploads\/2014\/02\/budapeszt-1986-005-hobo-mn-300x201.jpg?v=1627124076 300w\" sizes=\"auto, (max-width: 600px) 100vw, 600px\" \/><\/a><\/figure><\/li><li class=\"blocks-gallery-item\"><figure><a href=\"https:\/\/pracownia52.pl\/www\/wp-content\/uploads\/2014\/02\/budapeszt-1986-gelert-mn.jpg\"><img loading=\"lazy\" decoding=\"async\" width=\"650\" height=\"431\" src=\"https:\/\/pracownia52.pl\/www\/wp-content\/uploads\/2014\/02\/budapeszt-1986-gelert-mn.jpg\" alt=\"\" data-id=\"4139\" data-link=\"https:\/\/pracownia52.pl\/www\/?attachment_id=4139\" class=\"wp-image-4139\" srcset=\"https:\/\/pracownia52.pl\/www\/wp-content\/uploads\/2014\/02\/budapeszt-1986-gelert-mn.jpg?v=1627124076 650w, https:\/\/pracownia52.pl\/www\/wp-content\/uploads\/2014\/02\/budapeszt-1986-gelert-mn-300x199.jpg?v=1627124076 300w\" sizes=\"auto, (max-width: 650px) 100vw, 650px\" \/><\/a><\/figure><\/li><li class=\"blocks-gallery-item\"><figure><a href=\"https:\/\/pracownia52.pl\/www\/wp-content\/uploads\/2018\/12\/001-1986-Budapest-fot-mr-makowski-1024x675.jpg\"><img loading=\"lazy\" decoding=\"async\" width=\"1024\" height=\"675\" src=\"https:\/\/pracownia52.pl\/www\/wp-content\/uploads\/2018\/12\/001-1986-Budapest-fot-mr-makowski-1024x675.jpg\" alt=\"\" data-id=\"8459\" data-link=\"https:\/\/pracownia52.pl\/www\/?attachment_id=8459\" class=\"wp-image-8459\" srcset=\"https:\/\/pracownia52.pl\/www\/wp-content\/uploads\/2018\/12\/001-1986-Budapest-fot-mr-makowski-1024x675.jpg?v=1627123663 1024w, https:\/\/pracownia52.pl\/www\/wp-content\/uploads\/2018\/12\/001-1986-Budapest-fot-mr-makowski-300x198.jpg?v=1627123663 300w, https:\/\/pracownia52.pl\/www\/wp-content\/uploads\/2018\/12\/001-1986-Budapest-fot-mr-makowski-768x506.jpg?v=1627123663 768w, https:\/\/pracownia52.pl\/www\/wp-content\/uploads\/2018\/12\/001-1986-Budapest-fot-mr-makowski.jpg?v=1627123663 1200w\" sizes=\"auto, (max-width: 767px) 89vw, (max-width: 1000px) 54vw, (max-width: 1071px) 543px, 580px\" \/><\/a><\/figure><\/li><li class=\"blocks-gallery-item\"><figure><a href=\"https:\/\/pracownia52.pl\/www\/wp-content\/uploads\/2014\/02\/budapeszt-1986-ONO-mn.jpg\"><img loading=\"lazy\" decoding=\"async\" width=\"500\" height=\"752\" src=\"https:\/\/pracownia52.pl\/www\/wp-content\/uploads\/2014\/02\/budapeszt-1986-ONO-mn.jpg\" alt=\"\" data-id=\"4140\" data-link=\"https:\/\/pracownia52.pl\/www\/?attachment_id=4140\" class=\"wp-image-4140\" srcset=\"https:\/\/pracownia52.pl\/www\/wp-content\/uploads\/2014\/02\/budapeszt-1986-ONO-mn.jpg?v=1627124076 500w, https:\/\/pracownia52.pl\/www\/wp-content\/uploads\/2014\/02\/budapeszt-1986-ONO-mn-199x300.jpg?v=1627124076 199w\" sizes=\"auto, (max-width: 500px) 100vw, 500px\" \/><\/a><\/figure><\/li><li class=\"blocks-gallery-item\"><figure><a href=\"https:\/\/pracownia52.pl\/www\/wp-content\/uploads\/2014\/02\/budapeszt-1986-redstar-mn.jpg\"><img loading=\"lazy\" decoding=\"async\" width=\"600\" height=\"396\" src=\"https:\/\/pracownia52.pl\/www\/wp-content\/uploads\/2014\/02\/budapeszt-1986-redstar-mn.jpg\" alt=\"\" data-id=\"4141\" data-link=\"https:\/\/pracownia52.pl\/www\/?attachment_id=4141\" class=\"wp-image-4141\" srcset=\"https:\/\/pracownia52.pl\/www\/wp-content\/uploads\/2014\/02\/budapeszt-1986-redstar-mn.jpg?v=1627124076 600w, https:\/\/pracownia52.pl\/www\/wp-content\/uploads\/2014\/02\/budapeszt-1986-redstar-mn-300x198.jpg?v=1627124076 300w\" sizes=\"auto, (max-width: 600px) 100vw, 600px\" \/><\/a><\/figure><\/li><li class=\"blocks-gallery-item\"><figure><a href=\"https:\/\/pracownia52.pl\/www\/wp-content\/uploads\/2014\/02\/wegry-tr-1985-506o6modmn.jpg\"><img loading=\"lazy\" decoding=\"async\" width=\"800\" height=\"537\" src=\"https:\/\/pracownia52.pl\/www\/wp-content\/uploads\/2014\/02\/wegry-tr-1985-506o6modmn.jpg\" alt=\"\" data-id=\"4142\" data-link=\"https:\/\/pracownia52.pl\/www\/?attachment_id=4142\" class=\"wp-image-4142\" srcset=\"https:\/\/pracownia52.pl\/www\/wp-content\/uploads\/2014\/02\/wegry-tr-1985-506o6modmn.jpg?v=1627124076 800w, https:\/\/pracownia52.pl\/www\/wp-content\/uploads\/2014\/02\/wegry-tr-1985-506o6modmn-300x201.jpg?v=1627124076 300w, https:\/\/pracownia52.pl\/www\/wp-content\/uploads\/2014\/02\/wegry-tr-1985-506o6modmn-768x516.jpg?v=1627124076 768w\" sizes=\"auto, (max-width: 767px) 89vw, (max-width: 1000px) 54vw, (max-width: 1071px) 543px, 580px\" \/><\/a><\/figure><\/li><\/ul><\/figure>\n\n\n\n<figure class=\"wp-block-image\"><a href=\"http:\/\/pracownia52.pl\/www\/wp-content\/uploads\/2014\/02\/budapeszt-1986-lefthandrighthand-667x1000pxl.jpg\"><img loading=\"lazy\" decoding=\"async\" width=\"667\" height=\"1000\" src=\"http:\/\/pracownia52.pl\/www\/wp-content\/uploads\/2014\/02\/budapeszt-1986-lefthandrighthand-667x1000pxl.jpg\" alt=\"budapeszt-1986-lefthandrighthand-667x1000pxl\" class=\"wp-image-4158\" srcset=\"https:\/\/pracownia52.pl\/www\/wp-content\/uploads\/2014\/02\/budapeszt-1986-lefthandrighthand-667x1000pxl.jpg?v=1627124075 667w, https:\/\/pracownia52.pl\/www\/wp-content\/uploads\/2014\/02\/budapeszt-1986-lefthandrighthand-667x1000pxl-200x300.jpg?v=1627124075 200w\" sizes=\"auto, (max-width: 667px) 100vw, 667px\" \/><\/a><\/figure>\n\n\n\n<figure class=\"wp-block-gallery columns-2 is-cropped wp-block-gallery-2 is-layout-flex wp-block-gallery-is-layout-flex\"><ul class=\"blocks-gallery-grid\"><li class=\"blocks-gallery-item\"><figure><a href=\"https:\/\/pracownia52.pl\/www\/wp-content\/uploads\/2020\/11\/001-MM-Budapeszt-korespondencja-mr-makowski-1986-MagMuz-nr-2-1987.jpg?v=1606066483\"><img loading=\"lazy\" decoding=\"async\" width=\"385\" height=\"1024\" src=\"https:\/\/pracownia52.pl\/www\/wp-content\/uploads\/2020\/11\/001-MM-Budapeszt-korespondencja-mr-makowski-1986-MagMuz-nr-2-1987-385x1024.jpg?v=1606066483\" alt=\"\" data-id=\"9743\" data-full-url=\"https:\/\/pracownia52.pl\/www\/wp-content\/uploads\/2020\/11\/001-MM-Budapeszt-korespondencja-mr-makowski-1986-MagMuz-nr-2-1987.jpg?v=1606066483\" data-link=\"https:\/\/pracownia52.pl\/www\/?attachment_id=9743\" class=\"wp-image-9743\" srcset=\"https:\/\/pracownia52.pl\/www\/wp-content\/uploads\/2020\/11\/001-MM-Budapeszt-korespondencja-mr-makowski-1986-MagMuz-nr-2-1987-385x1024.jpg?v=1627124893 385w, https:\/\/pracownia52.pl\/www\/wp-content\/uploads\/2020\/11\/001-MM-Budapeszt-korespondencja-mr-makowski-1986-MagMuz-nr-2-1987-113x300.jpg?v=1627124893 113w, https:\/\/pracownia52.pl\/www\/wp-content\/uploads\/2020\/11\/001-MM-Budapeszt-korespondencja-mr-makowski-1986-MagMuz-nr-2-1987.jpg?v=1627124893 451w\" sizes=\"auto, (max-width: 385px) 100vw, 385px\" \/><\/a><\/figure><\/li><li class=\"blocks-gallery-item\"><figure><a href=\"https:\/\/pracownia52.pl\/www\/wp-content\/uploads\/2020\/11\/002-MM-Budapeszt-korespondencja-mr-makowski-1986-MagMuz-nr-2-1987.jpg?v=1606066487\"><img loading=\"lazy\" decoding=\"async\" width=\"736\" height=\"1024\" src=\"https:\/\/pracownia52.pl\/www\/wp-content\/uploads\/2020\/11\/002-MM-Budapeszt-korespondencja-mr-makowski-1986-MagMuz-nr-2-1987-736x1024.jpg?v=1606066487\" alt=\"\" data-id=\"9744\" data-full-url=\"https:\/\/pracownia52.pl\/www\/wp-content\/uploads\/2020\/11\/002-MM-Budapeszt-korespondencja-mr-makowski-1986-MagMuz-nr-2-1987.jpg?v=1606066487\" data-link=\"https:\/\/pracownia52.pl\/www\/?attachment_id=9744\" class=\"wp-image-9744\" srcset=\"https:\/\/pracownia52.pl\/www\/wp-content\/uploads\/2020\/11\/002-MM-Budapeszt-korespondencja-mr-makowski-1986-MagMuz-nr-2-1987-736x1024.jpg?v=1628149300 736w, https:\/\/pracownia52.pl\/www\/wp-content\/uploads\/2020\/11\/002-MM-Budapeszt-korespondencja-mr-makowski-1986-MagMuz-nr-2-1987-216x300.jpg?v=1628149300 216w, https:\/\/pracownia52.pl\/www\/wp-content\/uploads\/2020\/11\/002-MM-Budapeszt-korespondencja-mr-makowski-1986-MagMuz-nr-2-1987-768x1069.jpg?v=1628149300 768w, https:\/\/pracownia52.pl\/www\/wp-content\/uploads\/2020\/11\/002-MM-Budapeszt-korespondencja-mr-makowski-1986-MagMuz-nr-2-1987.jpg?v=1628149300 862w\" sizes=\"auto, (max-width: 736px) 100vw, 736px\" \/><\/a><\/figure><\/li><\/ul><\/figure>\n","protected":false},"excerpt":{"rendered":"<p>kiedy\u015b trzeba to opisa\u0107 (ju\u017c nieco opisane w \u201eKoniec Festiwali\u2026\u201d, wyd. 2021) : rocznica 1956, tydzie\u0144 wcze\u015bniej \u2013 koncert Queen, teraz \u2013 wtedy \u2013 Falco, Mikis Theodorakis. jaki\u015b klub off&#8217;owy (budapeszte\u0144ska grupa \u201edas Kapital\u201d oraz \u201eLeft Hand Right Hand\u201d)\u2026 Brothers Andrew and Tim Brown first performed as Left Hand Right Hand in 1985 as a &hellip; <\/p>\n<p class=\"link-more\"><a href=\"https:\/\/pracownia52.pl\/www\/?page_id=4130\" class=\"more-link\">Czytaj dalej<span class=\"screen-reader-text\"> \u201eBudapeszt, 1986 r.\u201d<\/span><\/a><\/p>\n","protected":false},"author":1,"featured_media":4141,"parent":0,"menu_order":3,"comment_status":"closed","ping_status":"open","template":"","meta":{"footnotes":""},"class_list":["post-4130","page","type-page","status-publish","has-post-thumbnail","hentry"],"_links":{"self":[{"href":"https:\/\/pracownia52.pl\/www\/index.php?rest_route=\/wp\/v2\/pages\/4130","targetHints":{"allow":["GET"]}}],"collection":[{"href":"https:\/\/pracownia52.pl\/www\/index.php?rest_route=\/wp\/v2\/pages"}],"about":[{"href":"https:\/\/pracownia52.pl\/www\/index.php?rest_route=\/wp\/v2\/types\/page"}],"author":[{"embeddable":true,"href":"https:\/\/pracownia52.pl\/www\/index.php?rest_route=\/wp\/v2\/users\/1"}],"replies":[{"embeddable":true,"href":"https:\/\/pracownia52.pl\/www\/index.php?rest_route=%2Fwp%2Fv2%2Fcomments&post=4130"}],"version-history":[{"count":28,"href":"https:\/\/pracownia52.pl\/www\/index.php?rest_route=\/wp\/v2\/pages\/4130\/revisions"}],"predecessor-version":[{"id":9986,"href":"https:\/\/pracownia52.pl\/www\/index.php?rest_route=\/wp\/v2\/pages\/4130\/revisions\/9986"}],"wp:featuredmedia":[{"embeddable":true,"href":"https:\/\/pracownia52.pl\/www\/index.php?rest_route=\/wp\/v2\/media\/4141"}],"wp:attachment":[{"href":"https:\/\/pracownia52.pl\/www\/index.php?rest_route=%2Fwp%2Fv2%2Fmedia&parent=4130"}],"curies":[{"name":"wp","href":"https:\/\/api.w.org\/{rel}","templated":true}]}}