{"id":416,"date":"2010-06-12T10:07:17","date_gmt":"2010-06-12T10:07:17","guid":{"rendered":"http:\/\/pracownia52.pl\/www\/?page_id=416"},"modified":"2019-02-21T15:57:39","modified_gmt":"2019-02-21T15:57:39","slug":"krzak","status":"publish","type":"page","link":"https:\/\/pracownia52.pl\/www\/?page_id=416","title":{"rendered":"Krzak"},"content":{"rendered":"\n<figure class=\"wp-block-image\"><img loading=\"lazy\" decoding=\"async\" width=\"454\" height=\"454\" src=\"http:\/\/pracownia52.pl\/www\/wp-content\/uploads\/2010\/06\/001-krzaki-cd-96dpi.jpg\" alt=\"\" class=\"wp-image-418\" srcset=\"https:\/\/pracownia52.pl\/www\/wp-content\/uploads\/2010\/06\/001-krzaki-cd-96dpi.jpg?v=1667313610 454w, https:\/\/pracownia52.pl\/www\/wp-content\/uploads\/2010\/06\/001-krzaki-cd-96dpi-300x300.jpg?v=1667313610 300w, https:\/\/pracownia52.pl\/www\/wp-content\/uploads\/2010\/06\/001-krzaki-cd-96dpi-150x150.jpg?v=1667313610 150w, https:\/\/pracownia52.pl\/www\/wp-content\/uploads\/2010\/06\/001-krzaki-cd-96dpi-75x75.jpg?v=1667313610 75w\" sizes=\"auto, (max-width: 454px) 100vw, 454px\" \/><\/figure>\n\n\n\n<ul class=\"wp-block-gallery columns-5 is-cropped wp-block-gallery-1 is-layout-flex wp-block-gallery-is-layout-flex\"><li class=\"blocks-gallery-item\"><figure><a href=\"https:\/\/pracownia52.pl\/www\/wp-content\/uploads\/2018\/05\/paczka-cd-2005-01.jpg\"><img loading=\"lazy\" decoding=\"async\" width=\"454\" height=\"454\" src=\"https:\/\/pracownia52.pl\/www\/wp-content\/uploads\/2018\/05\/paczka-cd-2005-01.jpg\" alt=\"\" data-id=\"7540\" class=\"wp-image-7540\" srcset=\"https:\/\/pracownia52.pl\/www\/wp-content\/uploads\/2018\/05\/paczka-cd-2005-01.jpg?v=1667313580 454w, https:\/\/pracownia52.pl\/www\/wp-content\/uploads\/2018\/05\/paczka-cd-2005-01-300x300.jpg?v=1667313580 300w, https:\/\/pracownia52.pl\/www\/wp-content\/uploads\/2018\/05\/paczka-cd-2005-01-150x150.jpg?v=1667313580 150w, https:\/\/pracownia52.pl\/www\/wp-content\/uploads\/2018\/05\/paczka-cd-2005-01-75x75.jpg?v=1667313580 75w\" sizes=\"auto, (max-width: 454px) 100vw, 454px\" \/><\/a><\/figure><\/li><li class=\"blocks-gallery-item\"><figure><a href=\"https:\/\/pracownia52.pl\/www\/wp-content\/uploads\/2018\/05\/paczka-KRZAK-cd-w.jpg\"><img loading=\"lazy\" decoding=\"async\" width=\"354\" height=\"354\" src=\"https:\/\/pracownia52.pl\/www\/wp-content\/uploads\/2018\/05\/paczka-KRZAK-cd-w.jpg\" alt=\"\" data-id=\"7541\" class=\"wp-image-7541\" srcset=\"https:\/\/pracownia52.pl\/www\/wp-content\/uploads\/2018\/05\/paczka-KRZAK-cd-w.jpg?v=1667313558 354w, https:\/\/pracownia52.pl\/www\/wp-content\/uploads\/2018\/05\/paczka-KRZAK-cd-w-300x300.jpg?v=1667313558 300w, https:\/\/pracownia52.pl\/www\/wp-content\/uploads\/2018\/05\/paczka-KRZAK-cd-w-150x150.jpg?v=1667313558 150w, https:\/\/pracownia52.pl\/www\/wp-content\/uploads\/2018\/05\/paczka-KRZAK-cd-w-75x75.jpg?v=1667313558 75w\" sizes=\"auto, (max-width: 354px) 100vw, 354px\" \/><\/a><\/figure><\/li><li class=\"blocks-gallery-item\"><figure><a href=\"https:\/\/pracownia52.pl\/www\/wp-content\/uploads\/2018\/05\/paczka-okl_b-82.jpg\"><img loading=\"lazy\" decoding=\"async\" width=\"500\" height=\"508\" src=\"https:\/\/pracownia52.pl\/www\/wp-content\/uploads\/2018\/05\/paczka-okl_b-82.jpg\" alt=\"\" data-id=\"7542\" class=\"wp-image-7542\" srcset=\"https:\/\/pracownia52.pl\/www\/wp-content\/uploads\/2018\/05\/paczka-okl_b-82.jpg?v=1628007904 500w, https:\/\/pracownia52.pl\/www\/wp-content\/uploads\/2018\/05\/paczka-okl_b-82-295x300.jpg?v=1628007904 295w, https:\/\/pracownia52.pl\/www\/wp-content\/uploads\/2018\/05\/paczka-okl_b-82-75x75.jpg?v=1628007904 75w\" sizes=\"auto, (max-width: 500px) 100vw, 500px\" \/><\/a><\/figure><\/li><li class=\"blocks-gallery-item\"><figure><a href=\"https:\/\/pracownia52.pl\/www\/wp-content\/uploads\/2018\/05\/001-nr-5-cd-96dpi.jpg\"><img loading=\"lazy\" decoding=\"async\" width=\"454\" height=\"454\" src=\"https:\/\/pracownia52.pl\/www\/wp-content\/uploads\/2018\/05\/001-nr-5-cd-96dpi.jpg\" alt=\"\" data-id=\"7535\" class=\"wp-image-7535\" srcset=\"https:\/\/pracownia52.pl\/www\/wp-content\/uploads\/2018\/05\/001-nr-5-cd-96dpi.jpg?v=1748362858 454w, https:\/\/pracownia52.pl\/www\/wp-content\/uploads\/2018\/05\/001-nr-5-cd-96dpi-300x300.jpg?v=1748362858 300w, https:\/\/pracownia52.pl\/www\/wp-content\/uploads\/2018\/05\/001-nr-5-cd-96dpi-150x150.jpg?v=1748362858 150w, https:\/\/pracownia52.pl\/www\/wp-content\/uploads\/2018\/05\/001-nr-5-cd-96dpi-75x75.jpg?v=1748362858 75w\" sizes=\"auto, (max-width: 454px) 100vw, 454px\" \/><\/a><\/figure><\/li><li class=\"blocks-gallery-item\"><figure><a href=\"https:\/\/pracownia52.pl\/www\/wp-content\/uploads\/2018\/05\/KRZAK-1981-001.jpg\"><img loading=\"lazy\" decoding=\"async\" width=\"600\" height=\"600\" src=\"https:\/\/pracownia52.pl\/www\/wp-content\/uploads\/2018\/05\/KRZAK-1981-001.jpg\" alt=\"\" data-id=\"7536\" class=\"wp-image-7536\" srcset=\"https:\/\/pracownia52.pl\/www\/wp-content\/uploads\/2018\/05\/KRZAK-1981-001.jpg?v=1628008129 600w, https:\/\/pracownia52.pl\/www\/wp-content\/uploads\/2018\/05\/KRZAK-1981-001-300x300.jpg?v=1628008129 300w, https:\/\/pracownia52.pl\/www\/wp-content\/uploads\/2018\/05\/KRZAK-1981-001-150x150.jpg?v=1628008129 150w, https:\/\/pracownia52.pl\/www\/wp-content\/uploads\/2018\/05\/KRZAK-1981-001-75x75.jpg?v=1628008129 75w\" sizes=\"auto, (max-width: 600px) 100vw, 600px\" \/><\/a><\/figure><\/li><li class=\"blocks-gallery-item\"><figure><a href=\"https:\/\/pracownia52.pl\/www\/wp-content\/uploads\/2018\/05\/krzak-jarocin-001-mn.jpg\"><img loading=\"lazy\" decoding=\"async\" width=\"650\" height=\"650\" src=\"https:\/\/pracownia52.pl\/www\/wp-content\/uploads\/2018\/05\/krzak-jarocin-001-mn.jpg\" alt=\"\" data-id=\"7537\" class=\"wp-image-7537\" srcset=\"https:\/\/pracownia52.pl\/www\/wp-content\/uploads\/2018\/05\/krzak-jarocin-001-mn.jpg?v=1628008129 650w, https:\/\/pracownia52.pl\/www\/wp-content\/uploads\/2018\/05\/krzak-jarocin-001-mn-300x300.jpg?v=1628008129 300w, https:\/\/pracownia52.pl\/www\/wp-content\/uploads\/2018\/05\/krzak-jarocin-001-mn-150x150.jpg?v=1628008129 150w, https:\/\/pracownia52.pl\/www\/wp-content\/uploads\/2018\/05\/krzak-jarocin-001-mn-75x75.jpg?v=1628008129 75w\" sizes=\"auto, (max-width: 650px) 100vw, 650px\" \/><\/a><\/figure><\/li><li class=\"blocks-gallery-item\"><figure><a href=\"https:\/\/pracownia52.pl\/www\/wp-content\/uploads\/2018\/05\/KRZAK-radio-concert-2006.jpg\"><img loading=\"lazy\" decoding=\"async\" width=\"600\" height=\"600\" src=\"https:\/\/pracownia52.pl\/www\/wp-content\/uploads\/2018\/05\/KRZAK-radio-concert-2006.jpg\" alt=\"\" data-id=\"7539\" class=\"wp-image-7539\" srcset=\"https:\/\/pracownia52.pl\/www\/wp-content\/uploads\/2018\/05\/KRZAK-radio-concert-2006.jpg?v=1628008117 600w, https:\/\/pracownia52.pl\/www\/wp-content\/uploads\/2018\/05\/KRZAK-radio-concert-2006-300x300.jpg?v=1628008117 300w, https:\/\/pracownia52.pl\/www\/wp-content\/uploads\/2018\/05\/KRZAK-radio-concert-2006-150x150.jpg?v=1628008117 150w, https:\/\/pracownia52.pl\/www\/wp-content\/uploads\/2018\/05\/KRZAK-radio-concert-2006-75x75.jpg?v=1628008117 75w\" sizes=\"auto, (max-width: 600px) 100vw, 600px\" \/><\/a><\/figure><\/li><li class=\"blocks-gallery-item\"><figure><a href=\"https:\/\/pracownia52.pl\/www\/wp-content\/uploads\/2018\/05\/Walltrop-001-96-mn.jpg\"><img loading=\"lazy\" decoding=\"async\" width=\"454\" height=\"454\" src=\"https:\/\/pracownia52.pl\/www\/wp-content\/uploads\/2018\/05\/Walltrop-001-96-mn.jpg\" alt=\"\" data-id=\"7543\" class=\"wp-image-7543\" srcset=\"https:\/\/pracownia52.pl\/www\/wp-content\/uploads\/2018\/05\/Walltrop-001-96-mn.jpg?v=1636448847 454w, https:\/\/pracownia52.pl\/www\/wp-content\/uploads\/2018\/05\/Walltrop-001-96-mn-300x300.jpg?v=1636448847 300w, https:\/\/pracownia52.pl\/www\/wp-content\/uploads\/2018\/05\/Walltrop-001-96-mn-150x150.jpg?v=1636448847 150w, https:\/\/pracownia52.pl\/www\/wp-content\/uploads\/2018\/05\/Walltrop-001-96-mn-75x75.jpg?v=1636448847 75w\" sizes=\"auto, (max-width: 454px) 100vw, 454px\" \/><\/a><\/figure><\/li><\/ul>\n\n\n\n<p>lata sp\u0119dzone z\u2026 projekty, materia\u0142y reklamowe, zdj\u0119cia, wszechstronna wsp\u00f3\u0142praca, wsp\u00f3lne wyjazdy krajowe i do berlina\u2026 w 1989, 1990; a p\u00f3\u017aniej w 2005 i 2006 r. \u2013 reedycje (chyba wszystkich?) LP\u2019s na CD ale nie logo; to kto\u015b z rodziny Marcina.<br \/>patrz te\u017c: <a href=\"https:\/\/pracownia52.pl\/www\/?page_id=480\"><strong>Marcin Jacobson<\/strong><\/a>, festiwal <a href=\"https:\/\/pracownia52.pl\/www\/?page_id=232\"><strong>jarocin<\/strong><\/a>, <a href=\"http:\/\/pracownia52.pl\/www\/?page_id=2015\"><strong>berlin<\/strong><\/a> oraz <a href=\"https:\/\/pracownia52.pl\/www\/?page_id=440\"><strong>Leszek Winder<\/strong><\/a><br \/>mr m.<\/p>\n\n\n\n<ul class=\"wp-block-gallery columns-5 is-cropped wp-block-gallery-2 is-layout-flex wp-block-gallery-is-layout-flex\"><li class=\"blocks-gallery-item\"><figure><a href=\"https:\/\/pracownia52.pl\/www\/wp-content\/uploads\/2010\/06\/1981-KRZAK-altern-take-low-1.jpg\"><img loading=\"lazy\" decoding=\"async\" width=\"800\" height=\"531\" src=\"https:\/\/pracownia52.pl\/www\/wp-content\/uploads\/2010\/06\/1981-KRZAK-altern-take-low-1.jpg\" alt=\"\" data-id=\"3441\" class=\"wp-image-3441\" srcset=\"https:\/\/pracownia52.pl\/www\/wp-content\/uploads\/2010\/06\/1981-KRZAK-altern-take-low-1.jpg?v=1627124124 800w, https:\/\/pracownia52.pl\/www\/wp-content\/uploads\/2010\/06\/1981-KRZAK-altern-take-low-1-300x199.jpg?v=1627124124 300w, https:\/\/pracownia52.pl\/www\/wp-content\/uploads\/2010\/06\/1981-KRZAK-altern-take-low-1-768x510.jpg?v=1627124124 768w\" sizes=\"auto, (max-width: 767px) 89vw, (max-width: 1000px) 54vw, (max-width: 1071px) 543px, 580px\" \/><\/a><\/figure><\/li><li class=\"blocks-gallery-item\"><figure><a href=\"https:\/\/pracownia52.pl\/www\/wp-content\/uploads\/2010\/06\/band-krzak-1982-zako-01-mn.jpg\"><img loading=\"lazy\" decoding=\"async\" width=\"550\" height=\"363\" src=\"https:\/\/pracownia52.pl\/www\/wp-content\/uploads\/2010\/06\/band-krzak-1982-zako-01-mn.jpg\" alt=\"\" data-id=\"3442\" class=\"wp-image-3442\" srcset=\"https:\/\/pracownia52.pl\/www\/wp-content\/uploads\/2010\/06\/band-krzak-1982-zako-01-mn.jpg?v=1627124123 550w, https:\/\/pracownia52.pl\/www\/wp-content\/uploads\/2010\/06\/band-krzak-1982-zako-01-mn-300x198.jpg?v=1627124123 300w\" sizes=\"auto, (max-width: 550px) 100vw, 550px\" \/><\/a><\/figure><\/li><li class=\"blocks-gallery-item\"><figure><a href=\"https:\/\/pracownia52.pl\/www\/wp-content\/uploads\/2010\/06\/bydg-VI-82.jpg\"><img loading=\"lazy\" decoding=\"async\" width=\"450\" height=\"653\" src=\"https:\/\/pracownia52.pl\/www\/wp-content\/uploads\/2010\/06\/bydg-VI-82.jpg\" alt=\"\" data-id=\"3443\" class=\"wp-image-3443\" srcset=\"https:\/\/pracownia52.pl\/www\/wp-content\/uploads\/2010\/06\/bydg-VI-82.jpg?v=1627124123 450w, https:\/\/pracownia52.pl\/www\/wp-content\/uploads\/2010\/06\/bydg-VI-82-207x300.jpg?v=1627124123 207w\" sizes=\"auto, (max-width: 450px) 100vw, 450px\" \/><\/a><\/figure><\/li><li class=\"blocks-gallery-item\"><figure><a href=\"https:\/\/pracownia52.pl\/www\/wp-content\/uploads\/2010\/06\/bydgoszcz-krzak1982-mn.jpg\"><img loading=\"lazy\" decoding=\"async\" width=\"600\" height=\"395\" src=\"https:\/\/pracownia52.pl\/www\/wp-content\/uploads\/2010\/06\/bydgoszcz-krzak1982-mn.jpg\" alt=\"\" data-id=\"3444\" class=\"wp-image-3444\" srcset=\"https:\/\/pracownia52.pl\/www\/wp-content\/uploads\/2010\/06\/bydgoszcz-krzak1982-mn.jpg?v=1627124123 600w, https:\/\/pracownia52.pl\/www\/wp-content\/uploads\/2010\/06\/bydgoszcz-krzak1982-mn-300x198.jpg?v=1627124123 300w\" sizes=\"auto, (max-width: 600px) 100vw, 600px\" \/><\/a><\/figure><\/li><li class=\"blocks-gallery-item\"><figure><a href=\"https:\/\/pracownia52.pl\/www\/wp-content\/uploads\/2010\/06\/jerzy-kawalec-81.jpg\"><img loading=\"lazy\" decoding=\"async\" width=\"500\" height=\"359\" src=\"https:\/\/pracownia52.pl\/www\/wp-content\/uploads\/2010\/06\/jerzy-kawalec-81.jpg\" alt=\"\" data-id=\"3445\" class=\"wp-image-3445\" srcset=\"https:\/\/pracownia52.pl\/www\/wp-content\/uploads\/2010\/06\/jerzy-kawalec-81.jpg?v=1627124123 500w, https:\/\/pracownia52.pl\/www\/wp-content\/uploads\/2010\/06\/jerzy-kawalec-81-300x215.jpg?v=1627124123 300w\" sizes=\"auto, (max-width: 500px) 100vw, 500px\" \/><\/a><\/figure><\/li><li class=\"blocks-gallery-item\"><figure><a href=\"https:\/\/pracownia52.pl\/www\/wp-content\/uploads\/2010\/06\/k-pod-krzakiem-82.jpg\"><img loading=\"lazy\" decoding=\"async\" width=\"450\" height=\"652\" src=\"https:\/\/pracownia52.pl\/www\/wp-content\/uploads\/2010\/06\/k-pod-krzakiem-82.jpg\" alt=\"\" data-id=\"3446\" class=\"wp-image-3446\" srcset=\"https:\/\/pracownia52.pl\/www\/wp-content\/uploads\/2010\/06\/k-pod-krzakiem-82.jpg?v=1627124123 450w, https:\/\/pracownia52.pl\/www\/wp-content\/uploads\/2010\/06\/k-pod-krzakiem-82-207x300.jpg?v=1627124123 207w\" sizes=\"auto, (max-width: 450px) 100vw, 450px\" \/><\/a><\/figure><\/li><li class=\"blocks-gallery-item\"><figure><a href=\"https:\/\/pracownia52.pl\/www\/wp-content\/uploads\/2010\/06\/kawa-1982-rockowisko.jpg\"><img loading=\"lazy\" decoding=\"async\" width=\"550\" height=\"367\" src=\"https:\/\/pracownia52.pl\/www\/wp-content\/uploads\/2010\/06\/kawa-1982-rockowisko.jpg\" alt=\"\" data-id=\"3447\" class=\"wp-image-3447\" srcset=\"https:\/\/pracownia52.pl\/www\/wp-content\/uploads\/2010\/06\/kawa-1982-rockowisko.jpg?v=1627124122 550w, https:\/\/pracownia52.pl\/www\/wp-content\/uploads\/2010\/06\/kawa-1982-rockowisko-300x200.jpg?v=1627124122 300w\" sizes=\"auto, (max-width: 550px) 100vw, 550px\" \/><\/a><\/figure><\/li><li class=\"blocks-gallery-item\"><figure><a href=\"https:\/\/pracownia52.pl\/www\/wp-content\/uploads\/2010\/06\/krz-bydgo-82-mn1.jpg\"><img loading=\"lazy\" decoding=\"async\" width=\"550\" height=\"377\" src=\"https:\/\/pracownia52.pl\/www\/wp-content\/uploads\/2010\/06\/krz-bydgo-82-mn1.jpg\" alt=\"\" data-id=\"3448\" class=\"wp-image-3448\" srcset=\"https:\/\/pracownia52.pl\/www\/wp-content\/uploads\/2010\/06\/krz-bydgo-82-mn1.jpg?v=1627124122 550w, https:\/\/pracownia52.pl\/www\/wp-content\/uploads\/2010\/06\/krz-bydgo-82-mn1-300x206.jpg?v=1627124122 300w\" sizes=\"auto, (max-width: 550px) 100vw, 550px\" \/><\/a><\/figure><\/li><li class=\"blocks-gallery-item\"><figure><a href=\"https:\/\/pracownia52.pl\/www\/wp-content\/uploads\/2010\/06\/krz-karpacz82-mn1.jpg\"><img loading=\"lazy\" decoding=\"async\" width=\"550\" height=\"377\" src=\"https:\/\/pracownia52.pl\/www\/wp-content\/uploads\/2010\/06\/krz-karpacz82-mn1.jpg\" alt=\"\" data-id=\"3449\" class=\"wp-image-3449\" srcset=\"https:\/\/pracownia52.pl\/www\/wp-content\/uploads\/2010\/06\/krz-karpacz82-mn1.jpg?v=1627124122 550w, https:\/\/pracownia52.pl\/www\/wp-content\/uploads\/2010\/06\/krz-karpacz82-mn1-300x206.jpg?v=1627124122 300w\" sizes=\"auto, (max-width: 550px) 100vw, 550px\" \/><\/a><\/figure><\/li><li class=\"blocks-gallery-item\"><figure><a href=\"https:\/\/pracownia52.pl\/www\/wp-content\/uploads\/2010\/06\/Krzak-03_81-mn.jpg\"><img loading=\"lazy\" decoding=\"async\" width=\"550\" height=\"385\" src=\"https:\/\/pracownia52.pl\/www\/wp-content\/uploads\/2010\/06\/Krzak-03_81-mn.jpg\" alt=\"\" data-id=\"3450\" class=\"wp-image-3450\" srcset=\"https:\/\/pracownia52.pl\/www\/wp-content\/uploads\/2010\/06\/Krzak-03_81-mn.jpg?v=1627124122 550w, https:\/\/pracownia52.pl\/www\/wp-content\/uploads\/2010\/06\/Krzak-03_81-mn-300x210.jpg?v=1627124122 300w\" sizes=\"auto, (max-width: 550px) 100vw, 550px\" \/><\/a><\/figure><\/li><li class=\"blocks-gallery-item\"><figure><a href=\"https:\/\/pracownia52.pl\/www\/wp-content\/uploads\/2010\/06\/krzak-3-81-mn2.jpg\"><img loading=\"lazy\" decoding=\"async\" width=\"550\" height=\"377\" src=\"https:\/\/pracownia52.pl\/www\/wp-content\/uploads\/2010\/06\/krzak-3-81-mn2.jpg\" alt=\"\" data-id=\"3451\" class=\"wp-image-3451\" srcset=\"https:\/\/pracownia52.pl\/www\/wp-content\/uploads\/2010\/06\/krzak-3-81-mn2.jpg?v=1627124122 550w, https:\/\/pracownia52.pl\/www\/wp-content\/uploads\/2010\/06\/krzak-3-81-mn2-300x206.jpg?v=1627124122 300w\" sizes=\"auto, (max-width: 550px) 100vw, 550px\" \/><\/a><\/figure><\/li><li class=\"blocks-gallery-item\"><figure><a href=\"https:\/\/pracownia52.pl\/www\/wp-content\/uploads\/2010\/06\/Krzak-81-001.jpg\"><img loading=\"lazy\" decoding=\"async\" width=\"550\" height=\"377\" src=\"https:\/\/pracownia52.pl\/www\/wp-content\/uploads\/2010\/06\/Krzak-81-001.jpg\" alt=\"\" data-id=\"3452\" class=\"wp-image-3452\" srcset=\"https:\/\/pracownia52.pl\/www\/wp-content\/uploads\/2010\/06\/Krzak-81-001.jpg?v=1627124121 550w, https:\/\/pracownia52.pl\/www\/wp-content\/uploads\/2010\/06\/Krzak-81-001-300x206.jpg?v=1627124121 300w\" sizes=\"auto, (max-width: 550px) 100vw, 550px\" \/><\/a><\/figure><\/li><li class=\"blocks-gallery-item\"><figure><a href=\"https:\/\/pracownia52.pl\/www\/wp-content\/uploads\/2010\/06\/krzak-katowice-rekl-006-mn.jpg\"><img loading=\"lazy\" decoding=\"async\" width=\"550\" height=\"363\" src=\"https:\/\/pracownia52.pl\/www\/wp-content\/uploads\/2010\/06\/krzak-katowice-rekl-006-mn.jpg\" alt=\"\" data-id=\"3453\" class=\"wp-image-3453\" srcset=\"https:\/\/pracownia52.pl\/www\/wp-content\/uploads\/2010\/06\/krzak-katowice-rekl-006-mn.jpg?v=1627124121 550w, https:\/\/pracownia52.pl\/www\/wp-content\/uploads\/2010\/06\/krzak-katowice-rekl-006-mn-300x198.jpg?v=1627124121 300w\" sizes=\"auto, (max-width: 550px) 100vw, 550px\" \/><\/a><\/figure><\/li><li class=\"blocks-gallery-item\"><figure><a href=\"https:\/\/pracownia52.pl\/www\/wp-content\/uploads\/2010\/06\/KRZAK-Ost-KONCERT-001.jpg\"><img loading=\"lazy\" decoding=\"async\" width=\"600\" height=\"600\" src=\"https:\/\/pracownia52.pl\/www\/wp-content\/uploads\/2010\/06\/KRZAK-Ost-KONCERT-001.jpg\" alt=\"\" data-id=\"3454\" class=\"wp-image-3454\" srcset=\"https:\/\/pracownia52.pl\/www\/wp-content\/uploads\/2010\/06\/KRZAK-Ost-KONCERT-001.jpg?v=1628008137 600w, https:\/\/pracownia52.pl\/www\/wp-content\/uploads\/2010\/06\/KRZAK-Ost-KONCERT-001-300x300.jpg?v=1628008137 300w, https:\/\/pracownia52.pl\/www\/wp-content\/uploads\/2010\/06\/KRZAK-Ost-KONCERT-001-150x150.jpg?v=1628008137 150w, https:\/\/pracownia52.pl\/www\/wp-content\/uploads\/2010\/06\/KRZAK-Ost-KONCERT-001-75x75.jpg?v=1628008137 75w\" sizes=\"auto, (max-width: 600px) 100vw, 600px\" \/><\/a><\/figure><\/li><li class=\"blocks-gallery-item\"><figure><a href=\"https:\/\/pracownia52.pl\/www\/wp-content\/uploads\/2010\/06\/krzak-zakopane-IX-1982-fot-mr-makowski-low-res.jpg\"><img loading=\"lazy\" decoding=\"async\" width=\"800\" height=\"532\" src=\"https:\/\/pracownia52.pl\/www\/wp-content\/uploads\/2010\/06\/krzak-zakopane-IX-1982-fot-mr-makowski-low-res.jpg\" alt=\"\" data-id=\"3456\" class=\"wp-image-3456\" srcset=\"https:\/\/pracownia52.pl\/www\/wp-content\/uploads\/2010\/06\/krzak-zakopane-IX-1982-fot-mr-makowski-low-res.jpg?v=1627124121 800w, https:\/\/pracownia52.pl\/www\/wp-content\/uploads\/2010\/06\/krzak-zakopane-IX-1982-fot-mr-makowski-low-res-300x200.jpg?v=1627124121 300w, https:\/\/pracownia52.pl\/www\/wp-content\/uploads\/2010\/06\/krzak-zakopane-IX-1982-fot-mr-makowski-low-res-768x511.jpg?v=1627124121 768w\" sizes=\"auto, (max-width: 767px) 89vw, (max-width: 1000px) 54vw, (max-width: 1071px) 543px, 580px\" \/><\/a><\/figure><\/li><li class=\"blocks-gallery-item\"><figure><a href=\"https:\/\/pracownia52.pl\/www\/wp-content\/uploads\/2010\/06\/lakis-krzak-82-1-mn.jpg\"><img loading=\"lazy\" decoding=\"async\" width=\"600\" height=\"399\" src=\"https:\/\/pracownia52.pl\/www\/wp-content\/uploads\/2010\/06\/lakis-krzak-82-1-mn.jpg\" alt=\"\" data-id=\"3457\" class=\"wp-image-3457\" srcset=\"https:\/\/pracownia52.pl\/www\/wp-content\/uploads\/2010\/06\/lakis-krzak-82-1-mn.jpg?v=1627124120 600w, https:\/\/pracownia52.pl\/www\/wp-content\/uploads\/2010\/06\/lakis-krzak-82-1-mn-300x200.jpg?v=1627124120 300w\" sizes=\"auto, (max-width: 600px) 100vw, 600px\" \/><\/a><\/figure><\/li><li class=\"blocks-gallery-item\"><figure><a href=\"https:\/\/pracownia52.pl\/www\/wp-content\/uploads\/2010\/06\/leszek-dr-zona-Kawy-stod82.jpg\"><img loading=\"lazy\" decoding=\"async\" width=\"500\" height=\"353\" src=\"https:\/\/pracownia52.pl\/www\/wp-content\/uploads\/2010\/06\/leszek-dr-zona-Kawy-stod82.jpg\" alt=\"\" data-id=\"3458\" class=\"wp-image-3458\" srcset=\"https:\/\/pracownia52.pl\/www\/wp-content\/uploads\/2010\/06\/leszek-dr-zona-Kawy-stod82.jpg?v=1627124120 500w, https:\/\/pracownia52.pl\/www\/wp-content\/uploads\/2010\/06\/leszek-dr-zona-Kawy-stod82-300x212.jpg?v=1627124120 300w\" sizes=\"auto, (max-width: 500px) 100vw, 500px\" \/><\/a><\/figure><\/li><li class=\"blocks-gallery-item\"><figure><a href=\"https:\/\/pracownia52.pl\/www\/wp-content\/uploads\/2010\/06\/Leszek-dranicki-1982-mn2.jpg\"><img loading=\"lazy\" decoding=\"async\" width=\"550\" height=\"369\" src=\"https:\/\/pracownia52.pl\/www\/wp-content\/uploads\/2010\/06\/Leszek-dranicki-1982-mn2.jpg\" alt=\"\" data-id=\"3459\" class=\"wp-image-3459\" srcset=\"https:\/\/pracownia52.pl\/www\/wp-content\/uploads\/2010\/06\/Leszek-dranicki-1982-mn2.jpg?v=1627124120 550w, https:\/\/pracownia52.pl\/www\/wp-content\/uploads\/2010\/06\/Leszek-dranicki-1982-mn2-300x201.jpg?v=1627124120 300w\" sizes=\"auto, (max-width: 550px) 100vw, 550px\" \/><\/a><\/figure><\/li><li class=\"blocks-gallery-item\"><figure><a href=\"https:\/\/pracownia52.pl\/www\/wp-content\/uploads\/2010\/06\/Rock-Arena-Krzak-23V83.jpg\"><img loading=\"lazy\" decoding=\"async\" width=\"500\" height=\"339\" src=\"https:\/\/pracownia52.pl\/www\/wp-content\/uploads\/2010\/06\/Rock-Arena-Krzak-23V83.jpg\" alt=\"\" data-id=\"3460\" class=\"wp-image-3460\" srcset=\"https:\/\/pracownia52.pl\/www\/wp-content\/uploads\/2010\/06\/Rock-Arena-Krzak-23V83.jpg?v=1627124120 500w, https:\/\/pracownia52.pl\/www\/wp-content\/uploads\/2010\/06\/Rock-Arena-Krzak-23V83-300x203.jpg?v=1627124120 300w\" sizes=\"auto, (max-width: 500px) 100vw, 500px\" \/><\/a><\/figure><\/li><li class=\"blocks-gallery-item\"><figure><a href=\"https:\/\/pracownia52.pl\/www\/wp-content\/uploads\/2010\/06\/rockowisko-1982-rysiek-skib1.jpg\"><img loading=\"lazy\" decoding=\"async\" width=\"450\" height=\"673\" src=\"https:\/\/pracownia52.pl\/www\/wp-content\/uploads\/2010\/06\/rockowisko-1982-rysiek-skib1.jpg\" alt=\"\" data-id=\"3461\" class=\"wp-image-3461\" srcset=\"https:\/\/pracownia52.pl\/www\/wp-content\/uploads\/2010\/06\/rockowisko-1982-rysiek-skib1.jpg?v=1627124120 450w, https:\/\/pracownia52.pl\/www\/wp-content\/uploads\/2010\/06\/rockowisko-1982-rysiek-skib1-201x300.jpg?v=1627124120 201w\" sizes=\"auto, (max-width: 450px) 100vw, 450px\" \/><\/a><\/figure><\/li><li class=\"blocks-gallery-item\"><figure><a href=\"https:\/\/pracownia52.pl\/www\/wp-content\/uploads\/2010\/06\/RS-JK-012-mn.jpg\"><img loading=\"lazy\" decoding=\"async\" width=\"550\" height=\"370\" src=\"https:\/\/pracownia52.pl\/www\/wp-content\/uploads\/2010\/06\/RS-JK-012-mn.jpg\" alt=\"\" data-id=\"3462\" class=\"wp-image-3462\" srcset=\"https:\/\/pracownia52.pl\/www\/wp-content\/uploads\/2010\/06\/RS-JK-012-mn.jpg?v=1627124119 550w, https:\/\/pracownia52.pl\/www\/wp-content\/uploads\/2010\/06\/RS-JK-012-mn-300x202.jpg?v=1627124119 300w\" sizes=\"auto, (max-width: 550px) 100vw, 550px\" \/><\/a><\/figure><\/li><li class=\"blocks-gallery-item\"><figure><a href=\"https:\/\/pracownia52.pl\/www\/wp-content\/uploads\/2010\/06\/zakopane-krzak-1982-003-mn.jpg\"><img loading=\"lazy\" decoding=\"async\" width=\"550\" height=\"369\" src=\"https:\/\/pracownia52.pl\/www\/wp-content\/uploads\/2010\/06\/zakopane-krzak-1982-003-mn.jpg\" alt=\"\" data-id=\"3463\" class=\"wp-image-3463\" srcset=\"https:\/\/pracownia52.pl\/www\/wp-content\/uploads\/2010\/06\/zakopane-krzak-1982-003-mn.jpg?v=1627124119 550w, https:\/\/pracownia52.pl\/www\/wp-content\/uploads\/2010\/06\/zakopane-krzak-1982-003-mn-300x201.jpg?v=1627124119 300w\" sizes=\"auto, (max-width: 550px) 100vw, 550px\" \/><\/a><\/figure><\/li><li class=\"blocks-gallery-item\"><figure><a href=\"https:\/\/pracownia52.pl\/www\/wp-content\/uploads\/2010\/06\/zakopane-krzak-1982-mn-VIII.jpg\"><img loading=\"lazy\" decoding=\"async\" width=\"550\" height=\"367\" src=\"https:\/\/pracownia52.pl\/www\/wp-content\/uploads\/2010\/06\/zakopane-krzak-1982-mn-VIII.jpg\" alt=\"\" data-id=\"3464\" class=\"wp-image-3464\" srcset=\"https:\/\/pracownia52.pl\/www\/wp-content\/uploads\/2010\/06\/zakopane-krzak-1982-mn-VIII.jpg?v=1627124119 550w, https:\/\/pracownia52.pl\/www\/wp-content\/uploads\/2010\/06\/zakopane-krzak-1982-mn-VIII-300x200.jpg?v=1627124119 300w\" sizes=\"auto, (max-width: 550px) 100vw, 550px\" \/><\/a><\/figure><\/li><\/ul>\n\n\n\n<figure class=\"wp-block-image\"><a href=\"http:\/\/ooops.pl\/?p=35027\"><img loading=\"lazy\" decoding=\"async\" width=\"1024\" height=\"643\" src=\"https:\/\/pracownia52.pl\/www\/wp-content\/uploads\/2018\/12\/KRZAK-repr-okl-do-CD-292-foto-proj-mr-makowski-1024x643.jpg\" alt=\"\" class=\"wp-image-8099\" srcset=\"https:\/\/pracownia52.pl\/www\/wp-content\/uploads\/2018\/12\/KRZAK-repr-okl-do-CD-292-foto-proj-mr-makowski-1024x643.jpg?v=1628007902 1024w, https:\/\/pracownia52.pl\/www\/wp-content\/uploads\/2018\/12\/KRZAK-repr-okl-do-CD-292-foto-proj-mr-makowski-300x189.jpg?v=1628007902 300w, https:\/\/pracownia52.pl\/www\/wp-content\/uploads\/2018\/12\/KRZAK-repr-okl-do-CD-292-foto-proj-mr-makowski-768x483.jpg?v=1628007902 768w, https:\/\/pracownia52.pl\/www\/wp-content\/uploads\/2018\/12\/KRZAK-repr-okl-do-CD-292-foto-proj-mr-makowski.jpg?v=1628007902 1200w\" sizes=\"auto, (max-width: 767px) 89vw, (max-width: 1000px) 54vw, (max-width: 1071px) 543px, 580px\" \/><\/a><\/figure>\n\n\n\n<p><\/p>\n","protected":false},"excerpt":{"rendered":"<p>lata sp\u0119dzone z\u2026 projekty, materia\u0142y reklamowe, zdj\u0119cia, wszechstronna wsp\u00f3\u0142praca, wsp\u00f3lne wyjazdy krajowe i do berlina\u2026 w 1989, 1990; a p\u00f3\u017aniej w 2005 i 2006 r. \u2013 reedycje (chyba wszystkich?) LP\u2019s na CD ale nie logo; to kto\u015b z rodziny Marcina.patrz te\u017c: Marcin Jacobson, festiwal jarocin, berlin oraz Leszek Windermr m.<\/p>\n","protected":false},"author":1,"featured_media":0,"parent":0,"menu_order":0,"comment_status":"closed","ping_status":"open","template":"","meta":{"footnotes":""},"class_list":["post-416","page","type-page","status-publish","hentry"],"_links":{"self":[{"href":"https:\/\/pracownia52.pl\/www\/index.php?rest_route=\/wp\/v2\/pages\/416","targetHints":{"allow":["GET"]}}],"collection":[{"href":"https:\/\/pracownia52.pl\/www\/index.php?rest_route=\/wp\/v2\/pages"}],"about":[{"href":"https:\/\/pracownia52.pl\/www\/index.php?rest_route=\/wp\/v2\/types\/page"}],"author":[{"embeddable":true,"href":"https:\/\/pracownia52.pl\/www\/index.php?rest_route=\/wp\/v2\/users\/1"}],"replies":[{"embeddable":true,"href":"https:\/\/pracownia52.pl\/www\/index.php?rest_route=%2Fwp%2Fv2%2Fcomments&post=416"}],"version-history":[{"count":19,"href":"https:\/\/pracownia52.pl\/www\/index.php?rest_route=\/wp\/v2\/pages\/416\/revisions"}],"predecessor-version":[{"id":9096,"href":"https:\/\/pracownia52.pl\/www\/index.php?rest_route=\/wp\/v2\/pages\/416\/revisions\/9096"}],"wp:attachment":[{"href":"https:\/\/pracownia52.pl\/www\/index.php?rest_route=%2Fwp%2Fv2%2Fmedia&parent=416"}],"curies":[{"name":"wp","href":"https:\/\/api.w.org\/{rel}","templated":true}]}}