{"id":421,"date":"2010-06-12T10:10:57","date_gmt":"2010-06-12T10:10:57","guid":{"rendered":"http:\/\/pracownia52.pl\/www\/?page_id=421"},"modified":"2024-12-18T18:06:07","modified_gmt":"2024-12-18T18:06:07","slug":"kult","status":"publish","type":"page","link":"https:\/\/pracownia52.pl\/www\/?page_id=421","title":{"rendered":"Kult"},"content":{"rendered":"\n<figure class=\"wp-block-image size-full is-resized\"><img loading=\"lazy\" decoding=\"async\" width=\"476\" height=\"480\" src=\"https:\/\/pracownia52.pl\/www\/wp-content\/uploads\/2010\/06\/01_kult-w.jpg\" alt=\"\" class=\"wp-image-423\" style=\"width:578px;height:auto\" srcset=\"https:\/\/pracownia52.pl\/www\/wp-content\/uploads\/2010\/06\/01_kult-w.jpg?v=1734544387 476w, https:\/\/pracownia52.pl\/www\/wp-content\/uploads\/2010\/06\/01_kult-w-150x150.jpg?v=1734544387 150w, https:\/\/pracownia52.pl\/www\/wp-content\/uploads\/2010\/06\/01_kult-w-298x300.jpg?v=1734544387 298w, https:\/\/pracownia52.pl\/www\/wp-content\/uploads\/2010\/06\/01_kult-w-75x75.jpg?v=1734544387 75w\" sizes=\"auto, (max-width: 476px) 100vw, 476px\" \/><\/figure>\n\n\n\n<p>ok\u0142adka p\u0142yty LP \u201e<strong>kaseta<\/strong>\u201d, ok\u0142. MK.<br \/>\u015bwietnie wygl\u0105da\u0142a jako LP \u2013 na wystawie \u201etamtych\u201d sklep\u00f3w z p\u0142ytami. ale kr\u00f3tko sta\u0142a, nak\u0142ad by\u0142 (chyba) ma\u0142y. ale dzi\u015b czytam, \u017ce Kazik nie by\u0142 ni\u0105 zachwycony, wi\u0119c pewnie marna.<br \/>c\u00f3\u017c. (ja lubi\u0119 &amp; <a href=\"http:\/\/ooops.pl\/?p=32200\"><strong>ceni\u0119 sobie<\/strong><\/a>: prostota do b\u00f3lu.)<br \/>mr m.<br \/><\/p>\n\n\n\n<figure class=\"wp-block-gallery has-nested-images columns-3 is-cropped wp-block-gallery-1 is-layout-flex wp-block-gallery-is-layout-flex\">\n<figure class=\"wp-block-image size-full\"><a href=\"https:\/\/pracownia52.pl\/www\/wp-content\/uploads\/2010\/06\/02_kult.jpg\"><img loading=\"lazy\" decoding=\"async\" width=\"550\" height=\"380\" data-id=\"3649\" src=\"https:\/\/pracownia52.pl\/www\/wp-content\/uploads\/2010\/06\/02_kult.jpg?v=1627124098\" alt=\"\" class=\"wp-image-3649\" srcset=\"https:\/\/pracownia52.pl\/www\/wp-content\/uploads\/2010\/06\/02_kult.jpg?v=1627124098 550w, https:\/\/pracownia52.pl\/www\/wp-content\/uploads\/2010\/06\/02_kult-300x207.jpg?v=1627124098 300w\" sizes=\"auto, (max-width: 550px) 100vw, 550px\" \/><\/a><\/figure>\n\n\n\n<figure class=\"wp-block-image size-full\"><a href=\"https:\/\/pracownia52.pl\/www\/wp-content\/uploads\/2010\/06\/03_kult.jpg\"><img loading=\"lazy\" decoding=\"async\" width=\"550\" height=\"380\" data-id=\"3650\" src=\"https:\/\/pracownia52.pl\/www\/wp-content\/uploads\/2010\/06\/03_kult.jpg?v=1627124098\" alt=\"\" class=\"wp-image-3650\" srcset=\"https:\/\/pracownia52.pl\/www\/wp-content\/uploads\/2010\/06\/03_kult.jpg?v=1627124098 550w, https:\/\/pracownia52.pl\/www\/wp-content\/uploads\/2010\/06\/03_kult-300x207.jpg?v=1627124098 300w\" sizes=\"auto, (max-width: 550px) 100vw, 550px\" \/><\/a><\/figure>\n\n\n\n<figure class=\"wp-block-image size-full\"><a href=\"https:\/\/pracownia52.pl\/www\/wp-content\/uploads\/2010\/06\/04_kult.jpg\"><img loading=\"lazy\" decoding=\"async\" width=\"550\" height=\"378\" data-id=\"3651\" src=\"https:\/\/pracownia52.pl\/www\/wp-content\/uploads\/2010\/06\/04_kult.jpg?v=1627124097\" alt=\"\" class=\"wp-image-3651\" srcset=\"https:\/\/pracownia52.pl\/www\/wp-content\/uploads\/2010\/06\/04_kult.jpg?v=1627124097 550w, https:\/\/pracownia52.pl\/www\/wp-content\/uploads\/2010\/06\/04_kult-300x206.jpg?v=1627124097 300w\" sizes=\"auto, (max-width: 550px) 100vw, 550px\" \/><\/a><\/figure>\n\n\n\n<figure class=\"wp-block-image size-full\"><a href=\"https:\/\/pracownia52.pl\/www\/wp-content\/uploads\/2010\/06\/kult-1987-2f-001-006mn.jpg\"><img loading=\"lazy\" decoding=\"async\" width=\"600\" height=\"400\" data-id=\"3652\" src=\"https:\/\/pracownia52.pl\/www\/wp-content\/uploads\/2010\/06\/kult-1987-2f-001-006mn.jpg?v=1627124097\" alt=\"\" class=\"wp-image-3652\" srcset=\"https:\/\/pracownia52.pl\/www\/wp-content\/uploads\/2010\/06\/kult-1987-2f-001-006mn.jpg?v=1627124097 600w, https:\/\/pracownia52.pl\/www\/wp-content\/uploads\/2010\/06\/kult-1987-2f-001-006mn-300x200.jpg?v=1627124097 300w\" sizes=\"auto, (max-width: 600px) 100vw, 600px\" \/><\/a><\/figure>\n\n\n\n<figure class=\"wp-block-image size-full\"><a href=\"https:\/\/pracownia52.pl\/www\/wp-content\/uploads\/2010\/06\/kult-1987-2f-002-02mn01.jpg\"><img loading=\"lazy\" decoding=\"async\" width=\"600\" height=\"403\" data-id=\"3653\" src=\"https:\/\/pracownia52.pl\/www\/wp-content\/uploads\/2010\/06\/kult-1987-2f-002-02mn01.jpg?v=1627124097\" alt=\"\" class=\"wp-image-3653\" srcset=\"https:\/\/pracownia52.pl\/www\/wp-content\/uploads\/2010\/06\/kult-1987-2f-002-02mn01.jpg?v=1627124097 600w, https:\/\/pracownia52.pl\/www\/wp-content\/uploads\/2010\/06\/kult-1987-2f-002-02mn01-300x202.jpg?v=1627124097 300w\" sizes=\"auto, (max-width: 600px) 100vw, 600px\" \/><\/a><\/figure>\n\n\n\n<figure class=\"wp-block-image size-full\"><a href=\"https:\/\/pracownia52.pl\/www\/wp-content\/uploads\/2010\/06\/kult-1987-2f-003-01mn03.jpg\"><img loading=\"lazy\" decoding=\"async\" width=\"600\" height=\"403\" data-id=\"3654\" src=\"https:\/\/pracownia52.pl\/www\/wp-content\/uploads\/2010\/06\/kult-1987-2f-003-01mn03.jpg?v=1627124097\" alt=\"\" class=\"wp-image-3654\" srcset=\"https:\/\/pracownia52.pl\/www\/wp-content\/uploads\/2010\/06\/kult-1987-2f-003-01mn03.jpg?v=1627124097 600w, https:\/\/pracownia52.pl\/www\/wp-content\/uploads\/2010\/06\/kult-1987-2f-003-01mn03-300x202.jpg?v=1627124097 300w\" sizes=\"auto, (max-width: 600px) 100vw, 600px\" \/><\/a><\/figure>\n\n\n\n<figure class=\"wp-block-image size-full\"><a href=\"https:\/\/pracownia52.pl\/www\/wp-content\/uploads\/2010\/06\/kult-1987-2f-010-mn1.jpg\"><img loading=\"lazy\" decoding=\"async\" width=\"550\" height=\"368\" data-id=\"3655\" src=\"https:\/\/pracownia52.pl\/www\/wp-content\/uploads\/2010\/06\/kult-1987-2f-010-mn1.jpg?v=1627124097\" alt=\"\" class=\"wp-image-3655\" srcset=\"https:\/\/pracownia52.pl\/www\/wp-content\/uploads\/2010\/06\/kult-1987-2f-010-mn1.jpg?v=1627124097 550w, https:\/\/pracownia52.pl\/www\/wp-content\/uploads\/2010\/06\/kult-1987-2f-010-mn1-300x201.jpg?v=1627124097 300w\" sizes=\"auto, (max-width: 550px) 100vw, 550px\" \/><\/a><\/figure>\n\n\n\n<figure class=\"wp-block-image size-full\"><a href=\"https:\/\/pracownia52.pl\/www\/wp-content\/uploads\/2010\/06\/kult-1987-p03-01mn.jpg\"><img loading=\"lazy\" decoding=\"async\" width=\"500\" height=\"761\" data-id=\"3656\" src=\"https:\/\/pracownia52.pl\/www\/wp-content\/uploads\/2010\/06\/kult-1987-p03-01mn.jpg?v=1627124097\" alt=\"\" class=\"wp-image-3656\" srcset=\"https:\/\/pracownia52.pl\/www\/wp-content\/uploads\/2010\/06\/kult-1987-p03-01mn.jpg?v=1627124097 500w, https:\/\/pracownia52.pl\/www\/wp-content\/uploads\/2010\/06\/kult-1987-p03-01mn-197x300.jpg?v=1627124097 197w\" sizes=\"auto, (max-width: 500px) 100vw, 500px\" \/><\/a><\/figure>\n\n\n\n<figure class=\"wp-block-image size-full\"><a href=\"https:\/\/pracownia52.pl\/www\/wp-content\/uploads\/2018\/06\/kult-jarocin1989-02-00b.jpg\"><img loading=\"lazy\" decoding=\"async\" width=\"450\" height=\"664\" data-id=\"7576\" src=\"https:\/\/pracownia52.pl\/www\/wp-content\/uploads\/2018\/06\/kult-jarocin1989-02-00b.jpg?v=1627123704\" alt=\"\" class=\"wp-image-7576\" srcset=\"https:\/\/pracownia52.pl\/www\/wp-content\/uploads\/2018\/06\/kult-jarocin1989-02-00b.jpg?v=1627123704 450w, https:\/\/pracownia52.pl\/www\/wp-content\/uploads\/2018\/06\/kult-jarocin1989-02-00b-203x300.jpg?v=1627123704 203w\" sizes=\"auto, (max-width: 450px) 100vw, 450px\" \/><\/a><\/figure>\n<\/figure>\n","protected":false},"excerpt":{"rendered":"<p>ok\u0142adka p\u0142yty LP \u201ekaseta\u201d, ok\u0142. MK.\u015bwietnie wygl\u0105da\u0142a jako LP \u2013 na wystawie \u201etamtych\u201d sklep\u00f3w z p\u0142ytami. ale kr\u00f3tko sta\u0142a, nak\u0142ad by\u0142 (chyba) ma\u0142y. ale dzi\u015b czytam, \u017ce Kazik nie by\u0142 ni\u0105 zachwycony, wi\u0119c pewnie marna.c\u00f3\u017c. (ja lubi\u0119 &amp; ceni\u0119 sobie: prostota do b\u00f3lu.)mr m.<\/p>\n","protected":false},"author":1,"featured_media":0,"parent":0,"menu_order":0,"comment_status":"closed","ping_status":"open","template":"","meta":{"footnotes":""},"class_list":["post-421","page","type-page","status-publish","hentry"],"_links":{"self":[{"href":"https:\/\/pracownia52.pl\/www\/index.php?rest_route=\/wp\/v2\/pages\/421","targetHints":{"allow":["GET"]}}],"collection":[{"href":"https:\/\/pracownia52.pl\/www\/index.php?rest_route=\/wp\/v2\/pages"}],"about":[{"href":"https:\/\/pracownia52.pl\/www\/index.php?rest_route=\/wp\/v2\/types\/page"}],"author":[{"embeddable":true,"href":"https:\/\/pracownia52.pl\/www\/index.php?rest_route=\/wp\/v2\/users\/1"}],"replies":[{"embeddable":true,"href":"https:\/\/pracownia52.pl\/www\/index.php?rest_route=%2Fwp%2Fv2%2Fcomments&post=421"}],"version-history":[{"count":17,"href":"https:\/\/pracownia52.pl\/www\/index.php?rest_route=\/wp\/v2\/pages\/421\/revisions"}],"predecessor-version":[{"id":10400,"href":"https:\/\/pracownia52.pl\/www\/index.php?rest_route=\/wp\/v2\/pages\/421\/revisions\/10400"}],"wp:attachment":[{"href":"https:\/\/pracownia52.pl\/www\/index.php?rest_route=%2Fwp%2Fv2%2Fmedia&parent=421"}],"curies":[{"name":"wp","href":"https:\/\/api.w.org\/{rel}","templated":true}]}}