{"id":426,"date":"2010-06-12T10:13:50","date_gmt":"2010-06-12T10:13:50","guid":{"rendered":"http:\/\/pracownia52.pl\/www\/?page_id=426"},"modified":"2019-01-10T11:24:36","modified_gmt":"2019-01-10T11:24:36","slug":"la-scala-zycie-warszawy","status":"publish","type":"page","link":"https:\/\/pracownia52.pl\/www\/?page_id=426","title":{"rendered":"La Scala (\u201e\u017bYCIE WARSZAWY\u201d)"},"content":{"rendered":"<p>komplet materia\u0142\u00f3w z okazji wizyty orkiestry <strong>La Scala<\/strong> w Warszawie, sprowadzonej przez \u00f3wczesnych w\u0142a\u015bcicieli \u017bycia Warszawy; plakat, folder, zaproszenia i reklamy. ju\u017c z pomoc\u0105 komputer\u00f3w; ale jak\u017ce powolnych (AT 486). niekt\u00f3re rzeczy jeszcze na piechot\u0119, wyci\u0105gi barwne ze zdj\u0119\u0107 robi\u0142o si\u0119 kamer\u0105 reprodukcyjn\u0105 i montowa\u0142o do gotowych folii, r\u0119cznie.<br \/>\nmr m.<br \/>\n<img loading=\"lazy\" decoding=\"async\" class=\"alignnone size-full wp-image-429\" title=\"zycie-warszawy-la-scala\" src=\"http:\/\/pracownia52.pl\/www\/wp-content\/uploads\/2010\/06\/zycie-warszawy-la-scala.jpg\" alt=\"\" width=\"692\" height=\"1000\" srcset=\"https:\/\/pracownia52.pl\/www\/wp-content\/uploads\/2010\/06\/zycie-warszawy-la-scala.jpg?v=1734792028 692w, https:\/\/pracownia52.pl\/www\/wp-content\/uploads\/2010\/06\/zycie-warszawy-la-scala-208x300.jpg?v=1734792028 208w\" sizes=\"auto, (max-width: 692px) 100vw, 692px\" \/><\/p>\n","protected":false},"excerpt":{"rendered":"<p>komplet materia\u0142\u00f3w z okazji wizyty orkiestry La Scala w Warszawie, sprowadzonej przez \u00f3wczesnych w\u0142a\u015bcicieli \u017bycia Warszawy; plakat, folder, zaproszenia i reklamy. ju\u017c z pomoc\u0105 komputer\u00f3w; ale jak\u017ce powolnych (AT 486). niekt\u00f3re rzeczy jeszcze na piechot\u0119, wyci\u0105gi barwne ze zdj\u0119\u0107 robi\u0142o si\u0119 kamer\u0105 reprodukcyjn\u0105 i montowa\u0142o do gotowych folii, r\u0119cznie. mr m.<\/p>\n","protected":false},"author":1,"featured_media":0,"parent":0,"menu_order":3,"comment_status":"closed","ping_status":"open","template":"","meta":{"footnotes":""},"class_list":["post-426","page","type-page","status-publish","hentry"],"_links":{"self":[{"href":"https:\/\/pracownia52.pl\/www\/index.php?rest_route=\/wp\/v2\/pages\/426","targetHints":{"allow":["GET"]}}],"collection":[{"href":"https:\/\/pracownia52.pl\/www\/index.php?rest_route=\/wp\/v2\/pages"}],"about":[{"href":"https:\/\/pracownia52.pl\/www\/index.php?rest_route=\/wp\/v2\/types\/page"}],"author":[{"embeddable":true,"href":"https:\/\/pracownia52.pl\/www\/index.php?rest_route=\/wp\/v2\/users\/1"}],"replies":[{"embeddable":true,"href":"https:\/\/pracownia52.pl\/www\/index.php?rest_route=%2Fwp%2Fv2%2Fcomments&post=426"}],"version-history":[{"count":6,"href":"https:\/\/pracownia52.pl\/www\/index.php?rest_route=\/wp\/v2\/pages\/426\/revisions"}],"predecessor-version":[{"id":8713,"href":"https:\/\/pracownia52.pl\/www\/index.php?rest_route=\/wp\/v2\/pages\/426\/revisions\/8713"}],"wp:attachment":[{"href":"https:\/\/pracownia52.pl\/www\/index.php?rest_route=%2Fwp%2Fv2%2Fmedia&parent=426"}],"curies":[{"name":"wp","href":"https:\/\/api.w.org\/{rel}","templated":true}]}}