{"id":4299,"date":"2014-02-18T16:49:38","date_gmt":"2014-02-18T16:49:38","guid":{"rendered":"http:\/\/pracownia52.pl\/www\/?page_id=4299"},"modified":"2022-05-02T17:05:49","modified_gmt":"2022-05-02T17:05:49","slug":"uzbekistan-1976-r","status":"publish","type":"page","link":"https:\/\/pracownia52.pl\/www\/?page_id=4299","title":{"rendered":"Uzbekistan, 1975 r."},"content":{"rendered":"\n<p>A dok\u0142adniej: 7-18 kwietnia 1975 r. (dzi\u0119ki <strong><a href=\"https:\/\/pl.linkedin.com\/in\/witold-rawski-2bb01a123\" data-type=\"URL\" data-id=\"https:\/\/pl.linkedin.com\/in\/witold-rawski-2bb01a123\">Witold Rawski<\/a><\/strong>). Tak zwany objazd naukowy Wydzia\u0142u Historycznego UW. niezapomniane prze\u017cycia. Moskwa, Taszkient, Buchara, Samarkanda \u2013 i powr\u00f3t, na szcz\u0119\u015bcie.<\/p>\n\n\n\n<figure class=\"wp-block-gallery has-nested-images columns-6 is-cropped wp-block-gallery-1 is-layout-flex wp-block-gallery-is-layout-flex\">\n<figure class=\"wp-block-image\"><a href=\"https:\/\/pracownia52.pl\/www\/wp-content\/uploads\/2014\/02\/1974-uzbekistan-taszkient-chyba-5.jpg\"><img loading=\"lazy\" decoding=\"async\" width=\"537\" height=\"800\" data-id=\"4300\" src=\"https:\/\/pracownia52.pl\/www\/wp-content\/uploads\/2014\/02\/1974-uzbekistan-taszkient-chyba-5.jpg\" alt=\"\" class=\"wp-image-4300\" srcset=\"https:\/\/pracownia52.pl\/www\/wp-content\/uploads\/2014\/02\/1974-uzbekistan-taszkient-chyba-5.jpg?v=1627124040 537w, https:\/\/pracownia52.pl\/www\/wp-content\/uploads\/2014\/02\/1974-uzbekistan-taszkient-chyba-5-201x300.jpg?v=1627124040 201w\" sizes=\"auto, (max-width: 537px) 100vw, 537px\" \/><\/a><\/figure>\n\n\n\n<figure class=\"wp-block-image\"><a href=\"https:\/\/pracownia52.pl\/www\/wp-content\/uploads\/2014\/02\/buchara-1976-004-mn.jpg\"><img loading=\"lazy\" decoding=\"async\" width=\"550\" height=\"363\" data-id=\"4301\" src=\"https:\/\/pracownia52.pl\/www\/wp-content\/uploads\/2014\/02\/buchara-1976-004-mn.jpg\" alt=\"\" class=\"wp-image-4301\" srcset=\"https:\/\/pracownia52.pl\/www\/wp-content\/uploads\/2014\/02\/buchara-1976-004-mn.jpg?v=1627124040 550w, https:\/\/pracownia52.pl\/www\/wp-content\/uploads\/2014\/02\/buchara-1976-004-mn-300x198.jpg?v=1627124040 300w\" sizes=\"auto, (max-width: 550px) 100vw, 550px\" \/><\/a><\/figure>\n\n\n\n<figure class=\"wp-block-image\"><a href=\"https:\/\/pracownia52.pl\/www\/wp-content\/uploads\/2014\/02\/uzbek-gory-1976-008-mn.jpg\"><img loading=\"lazy\" decoding=\"async\" width=\"450\" height=\"676\" data-id=\"4302\" src=\"https:\/\/pracownia52.pl\/www\/wp-content\/uploads\/2014\/02\/uzbek-gory-1976-008-mn.jpg\" alt=\"\" class=\"wp-image-4302\" srcset=\"https:\/\/pracownia52.pl\/www\/wp-content\/uploads\/2014\/02\/uzbek-gory-1976-008-mn.jpg?v=1627124040 450w, https:\/\/pracownia52.pl\/www\/wp-content\/uploads\/2014\/02\/uzbek-gory-1976-008-mn-200x300.jpg?v=1627124040 200w\" sizes=\"auto, (max-width: 450px) 100vw, 450px\" \/><\/a><\/figure>\n\n\n\n<figure class=\"wp-block-image\"><a href=\"https:\/\/pracownia52.pl\/www\/wp-content\/uploads\/2014\/02\/uzbekistan-74-taszkient.jpg\"><img loading=\"lazy\" decoding=\"async\" width=\"550\" height=\"378\" data-id=\"4303\" src=\"https:\/\/pracownia52.pl\/www\/wp-content\/uploads\/2014\/02\/uzbekistan-74-taszkient.jpg\" alt=\"\" class=\"wp-image-4303\" srcset=\"https:\/\/pracownia52.pl\/www\/wp-content\/uploads\/2014\/02\/uzbekistan-74-taszkient.jpg?v=1627124039 550w, https:\/\/pracownia52.pl\/www\/wp-content\/uploads\/2014\/02\/uzbekistan-74-taszkient-300x206.jpg?v=1627124039 300w\" sizes=\"auto, (max-width: 550px) 100vw, 550px\" \/><\/a><\/figure>\n\n\n\n<figure class=\"wp-block-image\"><a href=\"https:\/\/pracownia52.pl\/www\/wp-content\/uploads\/2014\/02\/uzbekistan-1974-001-mn.jpg\"><img loading=\"lazy\" decoding=\"async\" width=\"600\" height=\"867\" data-id=\"4304\" src=\"https:\/\/pracownia52.pl\/www\/wp-content\/uploads\/2014\/02\/uzbekistan-1974-001-mn.jpg\" alt=\"\" class=\"wp-image-4304\" srcset=\"https:\/\/pracownia52.pl\/www\/wp-content\/uploads\/2014\/02\/uzbekistan-1974-001-mn.jpg?v=1627124039 600w, https:\/\/pracownia52.pl\/www\/wp-content\/uploads\/2014\/02\/uzbekistan-1974-001-mn-208x300.jpg?v=1627124039 208w\" sizes=\"auto, (max-width: 600px) 100vw, 600px\" \/><\/a><\/figure>\n\n\n\n<figure class=\"wp-block-image\"><a href=\"https:\/\/pracownia52.pl\/www\/wp-content\/uploads\/2014\/02\/uzbekistan-1974-002a-mn.jpg\"><img loading=\"lazy\" decoding=\"async\" width=\"600\" height=\"873\" data-id=\"4305\" src=\"https:\/\/pracownia52.pl\/www\/wp-content\/uploads\/2014\/02\/uzbekistan-1974-002a-mn.jpg\" alt=\"\" class=\"wp-image-4305\" srcset=\"https:\/\/pracownia52.pl\/www\/wp-content\/uploads\/2014\/02\/uzbekistan-1974-002a-mn.jpg?v=1627124039 600w, https:\/\/pracownia52.pl\/www\/wp-content\/uploads\/2014\/02\/uzbekistan-1974-002a-mn-206x300.jpg?v=1627124039 206w\" sizes=\"auto, (max-width: 600px) 100vw, 600px\" \/><\/a><\/figure>\n\n\n\n<figure class=\"wp-block-image\"><a href=\"https:\/\/pracownia52.pl\/www\/wp-content\/uploads\/2014\/02\/uzbekistan-1976-002-mn.jpg\"><img loading=\"lazy\" decoding=\"async\" width=\"450\" height=\"672\" data-id=\"4306\" src=\"https:\/\/pracownia52.pl\/www\/wp-content\/uploads\/2014\/02\/uzbekistan-1976-002-mn.jpg\" alt=\"\" class=\"wp-image-4306\" srcset=\"https:\/\/pracownia52.pl\/www\/wp-content\/uploads\/2014\/02\/uzbekistan-1976-002-mn.jpg?v=1627124039 450w, https:\/\/pracownia52.pl\/www\/wp-content\/uploads\/2014\/02\/uzbekistan-1976-002-mn-201x300.jpg?v=1627124039 201w\" sizes=\"auto, (max-width: 450px) 100vw, 450px\" \/><\/a><\/figure>\n\n\n\n<figure class=\"wp-block-image\"><a href=\"https:\/\/pracownia52.pl\/www\/wp-content\/uploads\/2014\/02\/uzbekistan-1976-003-mn.jpg\"><img loading=\"lazy\" decoding=\"async\" width=\"450\" height=\"676\" data-id=\"4307\" src=\"https:\/\/pracownia52.pl\/www\/wp-content\/uploads\/2014\/02\/uzbekistan-1976-003-mn.jpg\" alt=\"\" class=\"wp-image-4307\" srcset=\"https:\/\/pracownia52.pl\/www\/wp-content\/uploads\/2014\/02\/uzbekistan-1976-003-mn.jpg?v=1627124039 450w, https:\/\/pracownia52.pl\/www\/wp-content\/uploads\/2014\/02\/uzbekistan-1976-003-mn-200x300.jpg?v=1627124039 200w\" sizes=\"auto, (max-width: 450px) 100vw, 450px\" \/><\/a><\/figure>\n\n\n\n<figure class=\"wp-block-image\"><a href=\"https:\/\/pracownia52.pl\/www\/wp-content\/uploads\/2014\/02\/uzbekistan-1976-004-mn.jpg\"><img loading=\"lazy\" decoding=\"async\" width=\"450\" height=\"673\" data-id=\"4308\" src=\"https:\/\/pracownia52.pl\/www\/wp-content\/uploads\/2014\/02\/uzbekistan-1976-004-mn.jpg\" alt=\"\" class=\"wp-image-4308\" srcset=\"https:\/\/pracownia52.pl\/www\/wp-content\/uploads\/2014\/02\/uzbekistan-1976-004-mn.jpg?v=1627124038 450w, https:\/\/pracownia52.pl\/www\/wp-content\/uploads\/2014\/02\/uzbekistan-1976-004-mn-201x300.jpg?v=1627124038 201w\" sizes=\"auto, (max-width: 450px) 100vw, 450px\" \/><\/a><\/figure>\n\n\n\n<figure class=\"wp-block-image\"><a href=\"https:\/\/pracownia52.pl\/www\/wp-content\/uploads\/2014\/02\/uzbekistan-1976-005-mn.jpg\"><img loading=\"lazy\" decoding=\"async\" width=\"450\" height=\"673\" data-id=\"4309\" src=\"https:\/\/pracownia52.pl\/www\/wp-content\/uploads\/2014\/02\/uzbekistan-1976-005-mn.jpg\" alt=\"\" class=\"wp-image-4309\" srcset=\"https:\/\/pracownia52.pl\/www\/wp-content\/uploads\/2014\/02\/uzbekistan-1976-005-mn.jpg?v=1627124038 450w, https:\/\/pracownia52.pl\/www\/wp-content\/uploads\/2014\/02\/uzbekistan-1976-005-mn-201x300.jpg?v=1627124038 201w\" sizes=\"auto, (max-width: 450px) 100vw, 450px\" \/><\/a><\/figure>\n<\/figure>\n\n\n\n<p>dodajmy jeszcze dwa (na razie) zdj\u0119cia <a href=\"http:\/\/ooops.pl\/?p=32611\"><strong>z Moskwy<\/strong><\/a>: a jedno z tzw. <a href=\"https:\/\/pl.wikipedia.org\/wiki\/Muzeum_Sztuk_Pi\u0119knych_im._Puszkina_w_Moskwie\">Muzeum Puszkina<\/a>, tak, tak: w \u015brodku \u2013 to kolorowy telewizor, zapewne \u201eRubin\u201d, eksponat. Pokazywa\u0142, je\u015bli pami\u0119tam, widok sali, mo\u017cna si\u0119 by\u0142o w telewizji zobaczy\u0107, szok. (Osoby obok niego znane i dzi\u015b; oraz s\u0142awne.)<br \/>mr m.<\/p>\n\n\n\n<figure class=\"wp-block-gallery has-nested-images columns-3 is-cropped wp-block-gallery-2 is-layout-flex wp-block-gallery-is-layout-flex\">\n<figure class=\"wp-block-image\"><a href=\"https:\/\/pracownia52.pl\/www\/?attachment_id=7171\"><img loading=\"lazy\" decoding=\"async\" width=\"1200\" height=\"792\" data-id=\"7171\" src=\"https:\/\/pracownia52.pl\/www\/wp-content\/uploads\/2014\/02\/02-1974-moskwa-rosja-muz-puszkina-fot-mr-makowski.jpg\" alt=\"\" class=\"wp-image-7171\" srcset=\"https:\/\/pracownia52.pl\/www\/wp-content\/uploads\/2014\/02\/02-1974-moskwa-rosja-muz-puszkina-fot-mr-makowski.jpg?v=1627123722 1200w, https:\/\/pracownia52.pl\/www\/wp-content\/uploads\/2014\/02\/02-1974-moskwa-rosja-muz-puszkina-fot-mr-makowski-300x198.jpg?v=1627123722 300w, https:\/\/pracownia52.pl\/www\/wp-content\/uploads\/2014\/02\/02-1974-moskwa-rosja-muz-puszkina-fot-mr-makowski-1024x676.jpg?v=1627123722 1024w, https:\/\/pracownia52.pl\/www\/wp-content\/uploads\/2014\/02\/02-1974-moskwa-rosja-muz-puszkina-fot-mr-makowski-768x507.jpg?v=1627123722 768w\" sizes=\"auto, (max-width: 767px) 89vw, (max-width: 1000px) 54vw, (max-width: 1071px) 543px, 580px\" \/><\/a><\/figure>\n\n\n\n<figure class=\"wp-block-image\"><a href=\"https:\/\/pracownia52.pl\/www\/?attachment_id=6029\"><img loading=\"lazy\" decoding=\"async\" width=\"1200\" height=\"784\" data-id=\"6029\" src=\"https:\/\/pracownia52.pl\/www\/wp-content\/uploads\/2014\/02\/1974-moskwa-zsrr-muz-puszkina-1200pxl.jpg\" alt=\"\" class=\"wp-image-6029\" srcset=\"https:\/\/pracownia52.pl\/www\/wp-content\/uploads\/2014\/02\/1974-moskwa-zsrr-muz-puszkina-1200pxl.jpg?v=1627123777 1200w, https:\/\/pracownia52.pl\/www\/wp-content\/uploads\/2014\/02\/1974-moskwa-zsrr-muz-puszkina-1200pxl-300x196.jpg?v=1627123777 300w, https:\/\/pracownia52.pl\/www\/wp-content\/uploads\/2014\/02\/1974-moskwa-zsrr-muz-puszkina-1200pxl-1024x669.jpg?v=1627123777 1024w, https:\/\/pracownia52.pl\/www\/wp-content\/uploads\/2014\/02\/1974-moskwa-zsrr-muz-puszkina-1200pxl-768x502.jpg?v=1627123777 768w\" sizes=\"auto, (max-width: 767px) 89vw, (max-width: 1000px) 54vw, (max-width: 1071px) 543px, 580px\" \/><\/a><\/figure>\n<\/figure>\n","protected":false},"excerpt":{"rendered":"<p>A dok\u0142adniej: 7-18 kwietnia 1975 r. (dzi\u0119ki Witold Rawski). Tak zwany objazd naukowy Wydzia\u0142u Historycznego UW. niezapomniane prze\u017cycia. Moskwa, Taszkient, Buchara, Samarkanda \u2013 i powr\u00f3t, na szcz\u0119\u015bcie. dodajmy jeszcze dwa (na razie) zdj\u0119cia z Moskwy: a jedno z tzw. Muzeum Puszkina, tak, tak: w \u015brodku \u2013 to kolorowy telewizor, zapewne \u201eRubin\u201d, eksponat. Pokazywa\u0142, je\u015bli pami\u0119tam, &hellip; <\/p>\n<p class=\"link-more\"><a href=\"https:\/\/pracownia52.pl\/www\/?page_id=4299\" class=\"more-link\">Czytaj dalej<span class=\"screen-reader-text\"> \u201eUzbekistan, 1975 r.\u201d<\/span><\/a><\/p>\n","protected":false},"author":1,"featured_media":4303,"parent":0,"menu_order":3,"comment_status":"closed","ping_status":"open","template":"","meta":{"footnotes":""},"class_list":["post-4299","page","type-page","status-publish","has-post-thumbnail","hentry"],"_links":{"self":[{"href":"https:\/\/pracownia52.pl\/www\/index.php?rest_route=\/wp\/v2\/pages\/4299","targetHints":{"allow":["GET"]}}],"collection":[{"href":"https:\/\/pracownia52.pl\/www\/index.php?rest_route=\/wp\/v2\/pages"}],"about":[{"href":"https:\/\/pracownia52.pl\/www\/index.php?rest_route=\/wp\/v2\/types\/page"}],"author":[{"embeddable":true,"href":"https:\/\/pracownia52.pl\/www\/index.php?rest_route=\/wp\/v2\/users\/1"}],"replies":[{"embeddable":true,"href":"https:\/\/pracownia52.pl\/www\/index.php?rest_route=%2Fwp%2Fv2%2Fcomments&post=4299"}],"version-history":[{"count":16,"href":"https:\/\/pracownia52.pl\/www\/index.php?rest_route=\/wp\/v2\/pages\/4299\/revisions"}],"predecessor-version":[{"id":10082,"href":"https:\/\/pracownia52.pl\/www\/index.php?rest_route=\/wp\/v2\/pages\/4299\/revisions\/10082"}],"wp:featuredmedia":[{"embeddable":true,"href":"https:\/\/pracownia52.pl\/www\/index.php?rest_route=\/wp\/v2\/media\/4303"}],"wp:attachment":[{"href":"https:\/\/pracownia52.pl\/www\/index.php?rest_route=%2Fwp%2Fv2%2Fmedia&parent=4299"}],"curies":[{"name":"wp","href":"https:\/\/api.w.org\/{rel}","templated":true}]}}