{"id":435,"date":"2010-06-12T10:24:33","date_gmt":"2010-06-12T10:24:33","guid":{"rendered":"http:\/\/pracownia52.pl\/www\/?page_id=435"},"modified":"2019-01-10T12:04:12","modified_gmt":"2019-01-10T12:04:12","slug":"lech-janerka","status":"publish","type":"page","link":"https:\/\/pracownia52.pl\/www\/?page_id=435","title":{"rendered":"Lech Janerka"},"content":{"rendered":"\n<p>Zdj\u0119cia, du\u017co. Wsp\u00f3\u0142praca przy projekcie <a href=\"http:\/\/fsfsdfsdfsfsfdsdf.wordpress.com\/2012\/11\/17\/lech-janerka-historia-podwodna\/\">LP \u201e<strong>historia podwodna<\/strong>\u201d<\/a>. niezbyt <a href=\"http:\/\/pracownia52.pl\/www\/?p=1006\">owocna<\/a>, cho\u0107 uwa\u017cni \u2013 dostrzeg\u0105 w tle projektu ostatecznie  wydrukowanego moje zdj\u0119cie ;). Ciekawszy by\u0142 <strong><a href=\"https:\/\/pracownia52.pl\/www\/?p=1006\">projekt niezrealizowany<\/a><\/strong>\u2026<br \/>Lech \u2013 i Bo\u017cena! znakomici ludzie, trzebaby o nich napisa\u0107 powie\u015b\u0107; i by\u0142oby co pisa\u0107. i \u015bp. Jan Ro\u0142t\u2026 Dodajmy jeszcze, \u017ce w nagraniu \u201eHistorii Podwodnej\u201d i na (nielicznych) koncertach wtedy s\u0142uchali\u015bmy z nimi Wojtka Konikiewicza, warto by\u0142o.<br \/>mr m.<br \/>Zdj\u0119cia \u201ewe tr\u00f3jk\u0119\u201d z ost. dni nagrywania \u201eHistorii podwodnej\u201d, w mieszkaniu na Wawrzyszewie. A ni\u017cej \u2013 Lech i inni; w <a href=\"https:\/\/pracownia52.pl\/www\/?page_id=1480\"><strong>Opolu<\/strong><\/a>, festiwal, kulisy: 1984 r. (akcja Adama Galasa i Jacka Rzechaka pt. \u201e<a href=\"http:\/\/pracownia52.pl\/www\/?page_id=1480\">a teraz zr\u00f3b nam zdj\u0119cie z\u2026<\/a>&#8222;). We dw\u00f3jk\u0119: Bo\u017cena i Lech \u2013 z Wroc\u0142awia (1987).<br \/>A ni\u017cej: Opole, Jarocin i pierwsze w w Warszawie koncerty \u201eKlausa\u2026\u201d<\/p>\n\n\n\n<ul class=\"wp-block-gallery columns-3 is-cropped wp-block-gallery-1 is-layout-flex wp-block-gallery-is-layout-flex\"><li class=\"blocks-gallery-item\"><figure><a href=\"https:\/\/pracownia52.pl\/www\/wp-content\/uploads\/2010\/06\/janerkabozena-IV1986-621modmn.jpg\"><img loading=\"lazy\" decoding=\"async\" width=\"800\" height=\"540\" src=\"https:\/\/pracownia52.pl\/www\/wp-content\/uploads\/2010\/06\/janerkabozena-IV1986-621modmn.jpg\" alt=\"\" data-id=\"5082\" class=\"wp-image-5082\" srcset=\"https:\/\/pracownia52.pl\/www\/wp-content\/uploads\/2010\/06\/janerkabozena-IV1986-621modmn.jpg?v=1627123927 800w, https:\/\/pracownia52.pl\/www\/wp-content\/uploads\/2010\/06\/janerkabozena-IV1986-621modmn-300x203.jpg?v=1627123927 300w, https:\/\/pracownia52.pl\/www\/wp-content\/uploads\/2010\/06\/janerkabozena-IV1986-621modmn-768x518.jpg?v=1627123927 768w\" sizes=\"auto, (max-width: 767px) 89vw, (max-width: 1000px) 54vw, (max-width: 1071px) 543px, 580px\" \/><\/a><\/figure><\/li><li class=\"blocks-gallery-item\"><figure><a href=\"https:\/\/pracownia52.pl\/www\/wp-content\/uploads\/2010\/06\/mixed-janerka-bozena-rolt-198607-mont.jpg\"><img loading=\"lazy\" decoding=\"async\" width=\"800\" height=\"531\" src=\"https:\/\/pracownia52.pl\/www\/wp-content\/uploads\/2010\/06\/mixed-janerka-bozena-rolt-198607-mont.jpg\" alt=\"\" data-id=\"5080\" class=\"wp-image-5080\" srcset=\"https:\/\/pracownia52.pl\/www\/wp-content\/uploads\/2010\/06\/mixed-janerka-bozena-rolt-198607-mont.jpg?v=1627123927 800w, https:\/\/pracownia52.pl\/www\/wp-content\/uploads\/2010\/06\/mixed-janerka-bozena-rolt-198607-mont-300x199.jpg?v=1627123927 300w, https:\/\/pracownia52.pl\/www\/wp-content\/uploads\/2010\/06\/mixed-janerka-bozena-rolt-198607-mont-768x510.jpg?v=1627123927 768w\" sizes=\"auto, (max-width: 767px) 89vw, (max-width: 1000px) 54vw, (max-width: 1071px) 543px, 580px\" \/><\/a><\/figure><\/li><li class=\"blocks-gallery-item\"><figure><a href=\"https:\/\/pracownia52.pl\/www\/wp-content\/uploads\/2010\/06\/bozena-ech86-zernoby.jpg\"><img loading=\"lazy\" decoding=\"async\" width=\"500\" height=\"343\" src=\"https:\/\/pracownia52.pl\/www\/wp-content\/uploads\/2010\/06\/bozena-ech86-zernoby.jpg\" alt=\"\" data-id=\"437\" class=\"wp-image-437\" srcset=\"https:\/\/pracownia52.pl\/www\/wp-content\/uploads\/2010\/06\/bozena-ech86-zernoby.jpg?v=1627124306 500w, https:\/\/pracownia52.pl\/www\/wp-content\/uploads\/2010\/06\/bozena-ech86-zernoby-300x206.jpg?v=1627124306 300w\" sizes=\"auto, (max-width: 500px) 100vw, 500px\" \/><\/a><\/figure><\/li><li class=\"blocks-gallery-item\"><figure><a href=\"https:\/\/pracownia52.pl\/www\/wp-content\/uploads\/2010\/06\/lech-i-bozena.jpg\"><img loading=\"lazy\" decoding=\"async\" width=\"500\" height=\"353\" src=\"https:\/\/pracownia52.pl\/www\/wp-content\/uploads\/2010\/06\/lech-i-bozena.jpg\" alt=\"\" data-id=\"6411\" class=\"wp-image-6411\" srcset=\"https:\/\/pracownia52.pl\/www\/wp-content\/uploads\/2010\/06\/lech-i-bozena.jpg?v=1627123753 500w, https:\/\/pracownia52.pl\/www\/wp-content\/uploads\/2010\/06\/lech-i-bozena-300x212.jpg?v=1627123753 300w\" sizes=\"auto, (max-width: 500px) 100vw, 500px\" \/><\/a><\/figure><\/li><li class=\"blocks-gallery-item\"><figure><a href=\"https:\/\/pracownia52.pl\/www\/wp-content\/uploads\/2010\/06\/portret-LJ-1-low-res.jpg\"><img loading=\"lazy\" decoding=\"async\" width=\"800\" height=\"539\" src=\"https:\/\/pracownia52.pl\/www\/wp-content\/uploads\/2010\/06\/portret-LJ-1-low-res.jpg\" alt=\"\" data-id=\"6407\" class=\"wp-image-6407\" srcset=\"https:\/\/pracownia52.pl\/www\/wp-content\/uploads\/2010\/06\/portret-LJ-1-low-res.jpg?v=1627123753 800w, https:\/\/pracownia52.pl\/www\/wp-content\/uploads\/2010\/06\/portret-LJ-1-low-res-300x202.jpg?v=1627123753 300w, https:\/\/pracownia52.pl\/www\/wp-content\/uploads\/2010\/06\/portret-LJ-1-low-res-768x517.jpg?v=1627123753 768w\" sizes=\"auto, (max-width: 767px) 89vw, (max-width: 1000px) 54vw, (max-width: 1071px) 543px, 580px\" \/><\/a><\/figure><\/li><li class=\"blocks-gallery-item\"><figure><a href=\"https:\/\/pracownia52.pl\/www\/wp-content\/uploads\/2010\/06\/bozena-lech-87-001.jpg\"><img loading=\"lazy\" decoding=\"async\" width=\"500\" height=\"344\" src=\"https:\/\/pracownia52.pl\/www\/wp-content\/uploads\/2010\/06\/bozena-lech-87-001.jpg\" alt=\"\" data-id=\"6415\" class=\"wp-image-6415\" srcset=\"https:\/\/pracownia52.pl\/www\/wp-content\/uploads\/2010\/06\/bozena-lech-87-001.jpg?v=1627123753 500w, https:\/\/pracownia52.pl\/www\/wp-content\/uploads\/2010\/06\/bozena-lech-87-001-300x206.jpg?v=1627123753 300w\" sizes=\"auto, (max-width: 500px) 100vw, 500px\" \/><\/a><\/figure><\/li><\/ul>\n\n\n\n<figure class=\"wp-block-image\"><img loading=\"lazy\" decoding=\"async\" width=\"800\" height=\"531\" src=\"http:\/\/pracownia52.pl\/www\/wp-content\/uploads\/2010\/06\/1984opole-janerka-pi001ao1modmn.jpg\" alt=\"\" class=\"wp-image-1015\" srcset=\"https:\/\/pracownia52.pl\/www\/wp-content\/uploads\/2010\/06\/1984opole-janerka-pi001ao1modmn.jpg?v=1627124289 800w, https:\/\/pracownia52.pl\/www\/wp-content\/uploads\/2010\/06\/1984opole-janerka-pi001ao1modmn-300x199.jpg?v=1627124289 300w, https:\/\/pracownia52.pl\/www\/wp-content\/uploads\/2010\/06\/1984opole-janerka-pi001ao1modmn-768x510.jpg?v=1627124289 768w\" sizes=\"auto, (max-width: 767px) 89vw, (max-width: 1000px) 54vw, (max-width: 1071px) 543px, 580px\" \/><figcaption>1984 rok, Opole, g\u0142\u0119bokie zaplecze festiwalu\u2026<\/figcaption><\/figure>\n\n\n\n<ul class=\"wp-block-gallery columns-4 is-cropped wp-block-gallery-2 is-layout-flex wp-block-gallery-is-layout-flex\"><li class=\"blocks-gallery-item\"><figure><a href=\"https:\/\/pracownia52.pl\/www\/wp-content\/uploads\/2010\/06\/opole-1986-inni-bozena-janerka-608.jpg\"><img loading=\"lazy\" decoding=\"async\" width=\"800\" height=\"533\" src=\"https:\/\/pracownia52.pl\/www\/wp-content\/uploads\/2010\/06\/opole-1986-inni-bozena-janerka-608.jpg\" alt=\"\" data-id=\"6406\" class=\"wp-image-6406\" srcset=\"https:\/\/pracownia52.pl\/www\/wp-content\/uploads\/2010\/06\/opole-1986-inni-bozena-janerka-608.jpg?v=1627123753 800w, https:\/\/pracownia52.pl\/www\/wp-content\/uploads\/2010\/06\/opole-1986-inni-bozena-janerka-608-300x200.jpg?v=1627123753 300w, https:\/\/pracownia52.pl\/www\/wp-content\/uploads\/2010\/06\/opole-1986-inni-bozena-janerka-608-768x512.jpg?v=1627123753 768w\" sizes=\"auto, (max-width: 767px) 89vw, (max-width: 1000px) 54vw, (max-width: 1071px) 543px, 580px\" \/><\/a><\/figure><\/li><li class=\"blocks-gallery-item\"><figure><a href=\"https:\/\/pracownia52.pl\/www\/wp-content\/uploads\/2010\/06\/lech-janerka-1986-011-c-mn.jpg\"><img loading=\"lazy\" decoding=\"async\" width=\"600\" height=\"402\" src=\"https:\/\/pracownia52.pl\/www\/wp-content\/uploads\/2010\/06\/lech-janerka-1986-011-c-mn.jpg\" alt=\"\" data-id=\"6400\" class=\"wp-image-6400\" srcset=\"https:\/\/pracownia52.pl\/www\/wp-content\/uploads\/2010\/06\/lech-janerka-1986-011-c-mn.jpg?v=1627123753 600w, https:\/\/pracownia52.pl\/www\/wp-content\/uploads\/2010\/06\/lech-janerka-1986-011-c-mn-300x201.jpg?v=1627123753 300w\" sizes=\"auto, (max-width: 600px) 100vw, 600px\" \/><\/a><\/figure><\/li><li class=\"blocks-gallery-item\"><figure><a href=\"https:\/\/pracownia52.pl\/www\/wp-content\/uploads\/2010\/06\/lech-bozena-jarocin-87.jpg\"><img loading=\"lazy\" decoding=\"async\" width=\"500\" height=\"298\" src=\"https:\/\/pracownia52.pl\/www\/wp-content\/uploads\/2010\/06\/lech-bozena-jarocin-87.jpg\" alt=\"\" data-id=\"6398\" class=\"wp-image-6398\" srcset=\"https:\/\/pracownia52.pl\/www\/wp-content\/uploads\/2010\/06\/lech-bozena-jarocin-87.jpg?v=1627123753 500w, https:\/\/pracownia52.pl\/www\/wp-content\/uploads\/2010\/06\/lech-bozena-jarocin-87-300x179.jpg?v=1627123753 300w\" sizes=\"auto, (max-width: 500px) 100vw, 500px\" \/><\/a><\/figure><\/li><li class=\"blocks-gallery-item\"><figure><a href=\"https:\/\/pracownia52.pl\/www\/wp-content\/uploads\/2010\/06\/Klaus-Mitffoch-1984-v700oo01bmodlow.jpg\"><img loading=\"lazy\" decoding=\"async\" width=\"886\" height=\"600\" src=\"https:\/\/pracownia52.pl\/www\/wp-content\/uploads\/2010\/06\/Klaus-Mitffoch-1984-v700oo01bmodlow.jpg\" alt=\"\" data-id=\"6397\" class=\"wp-image-6397\" srcset=\"https:\/\/pracownia52.pl\/www\/wp-content\/uploads\/2010\/06\/Klaus-Mitffoch-1984-v700oo01bmodlow.jpg?v=1627123754 886w, https:\/\/pracownia52.pl\/www\/wp-content\/uploads\/2010\/06\/Klaus-Mitffoch-1984-v700oo01bmodlow-300x203.jpg?v=1627123754 300w, https:\/\/pracownia52.pl\/www\/wp-content\/uploads\/2010\/06\/Klaus-Mitffoch-1984-v700oo01bmodlow-768x520.jpg?v=1627123754 768w\" sizes=\"auto, (max-width: 767px) 89vw, (max-width: 1000px) 54vw, (max-width: 1071px) 543px, 580px\" \/><\/a><\/figure><\/li><li class=\"blocks-gallery-item\"><figure><a href=\"https:\/\/pracownia52.pl\/www\/wp-content\/uploads\/2010\/06\/Klaus-Mitffoch-1984-v700-oo01-3000pxl-LG.jpg\"><img loading=\"lazy\" decoding=\"async\" width=\"446\" height=\"640\" src=\"https:\/\/pracownia52.pl\/www\/wp-content\/uploads\/2010\/06\/Klaus-Mitffoch-1984-v700-oo01-3000pxl-LG.jpg\" alt=\"\" data-id=\"6396\" class=\"wp-image-6396\" srcset=\"https:\/\/pracownia52.pl\/www\/wp-content\/uploads\/2010\/06\/Klaus-Mitffoch-1984-v700-oo01-3000pxl-LG.jpg?v=1627123754 446w, https:\/\/pracownia52.pl\/www\/wp-content\/uploads\/2010\/06\/Klaus-Mitffoch-1984-v700-oo01-3000pxl-LG-209x300.jpg?v=1627123754 209w\" sizes=\"auto, (max-width: 446px) 100vw, 446px\" \/><\/a><\/figure><\/li><li class=\"blocks-gallery-item\"><figure><a href=\"https:\/\/pracownia52.pl\/www\/wp-content\/uploads\/2010\/06\/janerka-30I1988-005bmnmod.jpg\"><img loading=\"lazy\" decoding=\"async\" width=\"600\" height=\"897\" src=\"https:\/\/pracownia52.pl\/www\/wp-content\/uploads\/2010\/06\/janerka-30I1988-005bmnmod.jpg\" alt=\"\" data-id=\"6391\" class=\"wp-image-6391\" srcset=\"https:\/\/pracownia52.pl\/www\/wp-content\/uploads\/2010\/06\/janerka-30I1988-005bmnmod.jpg?v=1627123754 600w, https:\/\/pracownia52.pl\/www\/wp-content\/uploads\/2010\/06\/janerka-30I1988-005bmnmod-201x300.jpg?v=1627123754 201w\" sizes=\"auto, (max-width: 600px) 100vw, 600px\" \/><\/a><\/figure><\/li><li class=\"blocks-gallery-item\"><figure><a href=\"https:\/\/pracownia52.pl\/www\/wp-content\/uploads\/2010\/06\/janerka-30-I-1988-002b-mnmod.jpg\"><img loading=\"lazy\" decoding=\"async\" width=\"527\" height=\"800\" src=\"https:\/\/pracownia52.pl\/www\/wp-content\/uploads\/2010\/06\/janerka-30-I-1988-002b-mnmod.jpg\" alt=\"\" data-id=\"6390\" class=\"wp-image-6390\" srcset=\"https:\/\/pracownia52.pl\/www\/wp-content\/uploads\/2010\/06\/janerka-30-I-1988-002b-mnmod.jpg?v=1627123754 527w, https:\/\/pracownia52.pl\/www\/wp-content\/uploads\/2010\/06\/janerka-30-I-1988-002b-mnmod-198x300.jpg?v=1627123754 198w\" sizes=\"auto, (max-width: 527px) 100vw, 527px\" \/><\/a><\/figure><\/li><\/ul>\n","protected":false},"excerpt":{"rendered":"<p>Zdj\u0119cia, du\u017co. Wsp\u00f3\u0142praca przy projekcie LP \u201ehistoria podwodna\u201d. niezbyt owocna, cho\u0107 uwa\u017cni \u2013 dostrzeg\u0105 w tle projektu ostatecznie wydrukowanego moje zdj\u0119cie ;). Ciekawszy by\u0142 projekt niezrealizowany\u2026Lech \u2013 i Bo\u017cena! znakomici ludzie, trzebaby o nich napisa\u0107 powie\u015b\u0107; i by\u0142oby co pisa\u0107. i \u015bp. Jan Ro\u0142t\u2026 Dodajmy jeszcze, \u017ce w nagraniu \u201eHistorii Podwodnej\u201d i na (nielicznych) koncertach &hellip; <\/p>\n<p class=\"link-more\"><a href=\"https:\/\/pracownia52.pl\/www\/?page_id=435\" class=\"more-link\">Czytaj dalej<span class=\"screen-reader-text\"> \u201eLech Janerka\u201d<\/span><\/a><\/p>\n","protected":false},"author":1,"featured_media":0,"parent":0,"menu_order":0,"comment_status":"closed","ping_status":"open","template":"","meta":{"footnotes":""},"class_list":["post-435","page","type-page","status-publish","hentry"],"_links":{"self":[{"href":"https:\/\/pracownia52.pl\/www\/index.php?rest_route=\/wp\/v2\/pages\/435","targetHints":{"allow":["GET"]}}],"collection":[{"href":"https:\/\/pracownia52.pl\/www\/index.php?rest_route=\/wp\/v2\/pages"}],"about":[{"href":"https:\/\/pracownia52.pl\/www\/index.php?rest_route=\/wp\/v2\/types\/page"}],"author":[{"embeddable":true,"href":"https:\/\/pracownia52.pl\/www\/index.php?rest_route=\/wp\/v2\/users\/1"}],"replies":[{"embeddable":true,"href":"https:\/\/pracownia52.pl\/www\/index.php?rest_route=%2Fwp%2Fv2%2Fcomments&post=435"}],"version-history":[{"count":32,"href":"https:\/\/pracownia52.pl\/www\/index.php?rest_route=\/wp\/v2\/pages\/435\/revisions"}],"predecessor-version":[{"id":8719,"href":"https:\/\/pracownia52.pl\/www\/index.php?rest_route=\/wp\/v2\/pages\/435\/revisions\/8719"}],"wp:attachment":[{"href":"https:\/\/pracownia52.pl\/www\/index.php?rest_route=%2Fwp%2Fv2%2Fmedia&parent=435"}],"curies":[{"name":"wp","href":"https:\/\/api.w.org\/{rel}","templated":true}]}}