{"id":4361,"date":"2014-02-24T16:57:55","date_gmt":"2014-02-24T16:57:55","guid":{"rendered":"http:\/\/pracownia52.pl\/www\/?page_id=4361"},"modified":"2018-12-24T14:19:26","modified_gmt":"2018-12-24T14:19:26","slug":"berlin-jazzfest-1983-r","status":"publish","type":"page","link":"https:\/\/pracownia52.pl\/www\/?page_id=4361","title":{"rendered":"berlin Jazzfest 1983 r."},"content":{"rendered":"\n<figure class=\"wp-block-image\"><img loading=\"lazy\" decoding=\"async\" width=\"450\" height=\"665\" src=\"http:\/\/pracownia52.pl\/www\/wp-content\/uploads\/2014\/02\/miles-davis-berlin-83-black.jpg\" alt=\"miles-davis-berlin-83-black\" class=\"wp-image-4363\" srcset=\"https:\/\/pracownia52.pl\/www\/wp-content\/uploads\/2014\/02\/miles-davis-berlin-83-black.jpg?v=1627124032 450w, https:\/\/pracownia52.pl\/www\/wp-content\/uploads\/2014\/02\/miles-davis-berlin-83-black-203x300.jpg?v=1627124032 203w\" sizes=\"auto, (max-width: 450px) 100vw, 450px\" \/><\/figure>\n\n\n\n<p>Fajna opowie\u015b\u0107: stan prawie wojenny, Niemcy nie spodziewali si\u0119 mnie\u2026 I to zdj\u0119cie: <a href=\"http:\/\/pracownia52.pl\/www\/?page_id=1031\"><strong>Miles Davis<\/strong><\/a>: nie taki ca\u0142kiem czysty przypadek\u2026<br \/>zob. te\u017c <a href=\"http:\/\/pracownia52.pl\/www\/?page_id=2015\"><strong>Berlin<\/strong><\/a> oraz <a href=\"https:\/\/pracownia52.pl\/www\/?page_id=7359\"><strong>Sztokholm<\/strong><\/a> (1987).<br \/>mr m.<br \/><\/p>\n\n\n\n<ul class=\"wp-block-gallery columns-5 is-cropped wp-block-gallery-1 is-layout-flex wp-block-gallery-is-layout-flex\"><li class=\"blocks-gallery-item\"><figure><a href=\"https:\/\/pracownia52.pl\/www\/wp-content\/uploads\/2014\/02\/sun-ra-arkestra-1983-low-3.jpg\"><img loading=\"lazy\" decoding=\"async\" width=\"800\" height=\"530\" src=\"https:\/\/pracownia52.pl\/www\/wp-content\/uploads\/2014\/02\/sun-ra-arkestra-1983-low-3.jpg\" alt=\"\" data-id=\"4375\" class=\"wp-image-4375\" srcset=\"https:\/\/pracownia52.pl\/www\/wp-content\/uploads\/2014\/02\/sun-ra-arkestra-1983-low-3.jpg?v=1627124030 800w, https:\/\/pracownia52.pl\/www\/wp-content\/uploads\/2014\/02\/sun-ra-arkestra-1983-low-3-300x199.jpg?v=1627124030 300w, https:\/\/pracownia52.pl\/www\/wp-content\/uploads\/2014\/02\/sun-ra-arkestra-1983-low-3-768x509.jpg?v=1627124030 768w\" sizes=\"auto, (max-width: 767px) 89vw, (max-width: 1000px) 54vw, (max-width: 1071px) 543px, 580px\" \/><\/a><\/figure><\/li><li class=\"blocks-gallery-item\"><figure><a href=\"https:\/\/pracownia52.pl\/www\/wp-content\/uploads\/2014\/02\/sun-ra-arkestra-1983-low-4.jpg\"><img loading=\"lazy\" decoding=\"async\" width=\"800\" height=\"538\" src=\"https:\/\/pracownia52.pl\/www\/wp-content\/uploads\/2014\/02\/sun-ra-arkestra-1983-low-4.jpg\" alt=\"\" data-id=\"4376\" class=\"wp-image-4376\" srcset=\"https:\/\/pracownia52.pl\/www\/wp-content\/uploads\/2014\/02\/sun-ra-arkestra-1983-low-4.jpg?v=1627124029 800w, https:\/\/pracownia52.pl\/www\/wp-content\/uploads\/2014\/02\/sun-ra-arkestra-1983-low-4-300x202.jpg?v=1627124029 300w, https:\/\/pracownia52.pl\/www\/wp-content\/uploads\/2014\/02\/sun-ra-arkestra-1983-low-4-768x516.jpg?v=1627124029 768w\" sizes=\"auto, (max-width: 767px) 89vw, (max-width: 1000px) 54vw, (max-width: 1071px) 543px, 580px\" \/><\/a><\/figure><\/li><li class=\"blocks-gallery-item\"><figure><a href=\"https:\/\/pracownia52.pl\/www\/wp-content\/uploads\/2014\/02\/sun-ra-arkestra-1983-low-1.jpg\"><img loading=\"lazy\" decoding=\"async\" width=\"800\" height=\"528\" src=\"https:\/\/pracownia52.pl\/www\/wp-content\/uploads\/2014\/02\/sun-ra-arkestra-1983-low-1.jpg\" alt=\"\" data-id=\"4373\" class=\"wp-image-4373\" srcset=\"https:\/\/pracownia52.pl\/www\/wp-content\/uploads\/2014\/02\/sun-ra-arkestra-1983-low-1.jpg?v=1627124030 800w, https:\/\/pracownia52.pl\/www\/wp-content\/uploads\/2014\/02\/sun-ra-arkestra-1983-low-1-300x198.jpg?v=1627124030 300w, https:\/\/pracownia52.pl\/www\/wp-content\/uploads\/2014\/02\/sun-ra-arkestra-1983-low-1-768x507.jpg?v=1627124030 768w\" sizes=\"auto, (max-width: 767px) 89vw, (max-width: 1000px) 54vw, (max-width: 1071px) 543px, 580px\" \/><\/a><\/figure><\/li><li class=\"blocks-gallery-item\"><figure><a href=\"https:\/\/pracownia52.pl\/www\/wp-content\/uploads\/2014\/02\/sun-ra-arkestra-1983-ch-2.jpg\"><img loading=\"lazy\" decoding=\"async\" width=\"917\" height=\"600\" src=\"https:\/\/pracownia52.pl\/www\/wp-content\/uploads\/2014\/02\/sun-ra-arkestra-1983-ch-2.jpg\" alt=\"\" data-id=\"4372\" class=\"wp-image-4372\" srcset=\"https:\/\/pracownia52.pl\/www\/wp-content\/uploads\/2014\/02\/sun-ra-arkestra-1983-ch-2.jpg?v=1627124030 917w, https:\/\/pracownia52.pl\/www\/wp-content\/uploads\/2014\/02\/sun-ra-arkestra-1983-ch-2-300x196.jpg?v=1627124030 300w, https:\/\/pracownia52.pl\/www\/wp-content\/uploads\/2014\/02\/sun-ra-arkestra-1983-ch-2-768x503.jpg?v=1627124030 768w\" sizes=\"auto, (max-width: 767px) 89vw, (max-width: 1000px) 54vw, (max-width: 1071px) 543px, 580px\" \/><\/a><\/figure><\/li><li class=\"blocks-gallery-item\"><figure><a href=\"https:\/\/pracownia52.pl\/www\/wp-content\/uploads\/2014\/02\/sun-ra-arkestra-1983-low-2.jpg\"><img loading=\"lazy\" decoding=\"async\" width=\"800\" height=\"526\" src=\"https:\/\/pracownia52.pl\/www\/wp-content\/uploads\/2014\/02\/sun-ra-arkestra-1983-low-2.jpg\" alt=\"\" data-id=\"4374\" class=\"wp-image-4374\" srcset=\"https:\/\/pracownia52.pl\/www\/wp-content\/uploads\/2014\/02\/sun-ra-arkestra-1983-low-2.jpg?v=1627124030 800w, https:\/\/pracownia52.pl\/www\/wp-content\/uploads\/2014\/02\/sun-ra-arkestra-1983-low-2-300x197.jpg?v=1627124030 300w, https:\/\/pracownia52.pl\/www\/wp-content\/uploads\/2014\/02\/sun-ra-arkestra-1983-low-2-768x505.jpg?v=1627124030 768w\" sizes=\"auto, (max-width: 767px) 89vw, (max-width: 1000px) 54vw, (max-width: 1071px) 543px, 580px\" \/><\/a><\/figure><\/li><li class=\"blocks-gallery-item\"><figure><a href=\"https:\/\/pracownia52.pl\/www\/wp-content\/uploads\/2014\/02\/miles-davis-berlin-1983-low-2.jpg\"><img loading=\"lazy\" decoding=\"async\" width=\"800\" height=\"528\" src=\"https:\/\/pracownia52.pl\/www\/wp-content\/uploads\/2014\/02\/miles-davis-berlin-1983-low-2.jpg\" alt=\"\" data-id=\"4371\" class=\"wp-image-4371\" srcset=\"https:\/\/pracownia52.pl\/www\/wp-content\/uploads\/2014\/02\/miles-davis-berlin-1983-low-2.jpg?v=1627124031 800w, https:\/\/pracownia52.pl\/www\/wp-content\/uploads\/2014\/02\/miles-davis-berlin-1983-low-2-300x198.jpg?v=1627124031 300w, https:\/\/pracownia52.pl\/www\/wp-content\/uploads\/2014\/02\/miles-davis-berlin-1983-low-2-768x507.jpg?v=1627124031 768w\" sizes=\"auto, (max-width: 767px) 89vw, (max-width: 1000px) 54vw, (max-width: 1071px) 543px, 580px\" \/><\/a><\/figure><\/li><li class=\"blocks-gallery-item\"><figure><a href=\"https:\/\/pracownia52.pl\/www\/wp-content\/uploads\/2014\/02\/miles-berlin-1983-low-3.jpg\"><img loading=\"lazy\" decoding=\"async\" width=\"800\" height=\"524\" src=\"https:\/\/pracownia52.pl\/www\/wp-content\/uploads\/2014\/02\/miles-berlin-1983-low-3.jpg\" alt=\"\" data-id=\"4369\" class=\"wp-image-4369\" srcset=\"https:\/\/pracownia52.pl\/www\/wp-content\/uploads\/2014\/02\/miles-berlin-1983-low-3.jpg?v=1627124031 800w, https:\/\/pracownia52.pl\/www\/wp-content\/uploads\/2014\/02\/miles-berlin-1983-low-3-300x197.jpg?v=1627124031 300w, https:\/\/pracownia52.pl\/www\/wp-content\/uploads\/2014\/02\/miles-berlin-1983-low-3-768x503.jpg?v=1627124031 768w\" sizes=\"auto, (max-width: 767px) 89vw, (max-width: 1000px) 54vw, (max-width: 1071px) 543px, 580px\" \/><\/a><\/figure><\/li><li class=\"blocks-gallery-item\"><figure><a href=\"https:\/\/pracownia52.pl\/www\/wp-content\/uploads\/2014\/02\/miles-2-berlin-1983-low-2.jpg\"><img loading=\"lazy\" decoding=\"async\" width=\"800\" height=\"523\" src=\"https:\/\/pracownia52.pl\/www\/wp-content\/uploads\/2014\/02\/miles-2-berlin-1983-low-2.jpg\" alt=\"\" data-id=\"4367\" class=\"wp-image-4367\" srcset=\"https:\/\/pracownia52.pl\/www\/wp-content\/uploads\/2014\/02\/miles-2-berlin-1983-low-2.jpg?v=1627124031 800w, https:\/\/pracownia52.pl\/www\/wp-content\/uploads\/2014\/02\/miles-2-berlin-1983-low-2-300x196.jpg?v=1627124031 300w, https:\/\/pracownia52.pl\/www\/wp-content\/uploads\/2014\/02\/miles-2-berlin-1983-low-2-768x502.jpg?v=1627124031 768w\" sizes=\"auto, (max-width: 767px) 89vw, (max-width: 1000px) 54vw, (max-width: 1071px) 543px, 580px\" \/><\/a><\/figure><\/li><li class=\"blocks-gallery-item\"><figure><a href=\"https:\/\/pracownia52.pl\/www\/wp-content\/uploads\/2014\/02\/1983-miles-davis-fot-mr-makowski-800pxl.jpg\"><img loading=\"lazy\" decoding=\"async\" width=\"800\" height=\"810\" src=\"https:\/\/pracownia52.pl\/www\/wp-content\/uploads\/2014\/02\/1983-miles-davis-fot-mr-makowski-800pxl.jpg\" alt=\"\" data-id=\"6236\" class=\"wp-image-6236\" srcset=\"https:\/\/pracownia52.pl\/www\/wp-content\/uploads\/2014\/02\/1983-miles-davis-fot-mr-makowski-800pxl.jpg?v=1627123763 800w, https:\/\/pracownia52.pl\/www\/wp-content\/uploads\/2014\/02\/1983-miles-davis-fot-mr-makowski-800pxl-296x300.jpg?v=1627123763 296w, https:\/\/pracownia52.pl\/www\/wp-content\/uploads\/2014\/02\/1983-miles-davis-fot-mr-makowski-800pxl-768x778.jpg?v=1627123763 768w, https:\/\/pracownia52.pl\/www\/wp-content\/uploads\/2014\/02\/1983-miles-davis-fot-mr-makowski-800pxl-75x75.jpg?v=1627123763 75w\" sizes=\"auto, (max-width: 767px) 89vw, (max-width: 1000px) 54vw, (max-width: 1071px) 543px, 580px\" \/><\/a><\/figure><\/li><li class=\"blocks-gallery-item\"><figure><a href=\"https:\/\/pracownia52.pl\/www\/wp-content\/uploads\/2014\/02\/berlin-1983-jazzfest-low-k2.jpg\"><img loading=\"lazy\" decoding=\"async\" width=\"800\" height=\"525\" src=\"https:\/\/pracownia52.pl\/www\/wp-content\/uploads\/2014\/02\/berlin-1983-jazzfest-low-k2.jpg\" alt=\"\" data-id=\"4365\" class=\"wp-image-4365\" srcset=\"https:\/\/pracownia52.pl\/www\/wp-content\/uploads\/2014\/02\/berlin-1983-jazzfest-low-k2.jpg?v=1627124032 800w, https:\/\/pracownia52.pl\/www\/wp-content\/uploads\/2014\/02\/berlin-1983-jazzfest-low-k2-300x197.jpg?v=1627124032 300w, https:\/\/pracownia52.pl\/www\/wp-content\/uploads\/2014\/02\/berlin-1983-jazzfest-low-k2-768x504.jpg?v=1627124032 768w\" sizes=\"auto, (max-width: 767px) 89vw, (max-width: 1000px) 54vw, (max-width: 1071px) 543px, 580px\" \/><\/a><\/figure><\/li><li class=\"blocks-gallery-item\"><figure><a href=\"https:\/\/pracownia52.pl\/www\/wp-content\/uploads\/2014\/02\/jazz-fest-berlin-1983-low-1.jpg\"><img loading=\"lazy\" decoding=\"async\" width=\"522\" height=\"800\" src=\"https:\/\/pracownia52.pl\/www\/wp-content\/uploads\/2014\/02\/jazz-fest-berlin-1983-low-1.jpg\" alt=\"\" data-id=\"4366\" class=\"wp-image-4366\" srcset=\"https:\/\/pracownia52.pl\/www\/wp-content\/uploads\/2014\/02\/jazz-fest-berlin-1983-low-1.jpg?v=1627124032 522w, https:\/\/pracownia52.pl\/www\/wp-content\/uploads\/2014\/02\/jazz-fest-berlin-1983-low-1-196x300.jpg?v=1627124032 196w\" sizes=\"auto, (max-width: 522px) 100vw, 522px\" \/><\/a><\/figure><\/li><li class=\"blocks-gallery-item\"><figure><a href=\"https:\/\/pracownia52.pl\/www\/wp-content\/uploads\/2014\/02\/miles-berl-83.jpg\"><img loading=\"lazy\" decoding=\"async\" width=\"500\" height=\"346\" src=\"https:\/\/pracownia52.pl\/www\/wp-content\/uploads\/2014\/02\/miles-berl-83.jpg\" alt=\"\" data-id=\"4368\" class=\"wp-image-4368\" srcset=\"https:\/\/pracownia52.pl\/www\/wp-content\/uploads\/2014\/02\/miles-berl-83.jpg?v=1627124031 500w, https:\/\/pracownia52.pl\/www\/wp-content\/uploads\/2014\/02\/miles-berl-83-300x208.jpg?v=1627124031 300w\" sizes=\"auto, (max-width: 500px) 100vw, 500px\" \/><\/a><\/figure><\/li><li class=\"blocks-gallery-item\"><figure><a href=\"https:\/\/pracownia52.pl\/www\/wp-content\/uploads\/2014\/02\/014-1983-berlin-jazzfest-v700-miles-davis-mnmod.jpg\"><img loading=\"lazy\" decoding=\"async\" width=\"528\" height=\"800\" src=\"https:\/\/pracownia52.pl\/www\/wp-content\/uploads\/2014\/02\/014-1983-berlin-jazzfest-v700-miles-davis-mnmod.jpg\" alt=\"\" data-id=\"4364\" class=\"wp-image-4364\" srcset=\"https:\/\/pracownia52.pl\/www\/wp-content\/uploads\/2014\/02\/014-1983-berlin-jazzfest-v700-miles-davis-mnmod.jpg?v=1627124032 528w, https:\/\/pracownia52.pl\/www\/wp-content\/uploads\/2014\/02\/014-1983-berlin-jazzfest-v700-miles-davis-mnmod-198x300.jpg?v=1627124032 198w\" sizes=\"auto, (max-width: 528px) 100vw, 528px\" \/><\/a><\/figure><\/li><\/ul>\n\n\n\n<p>i jeszcze fragment strony z \u201e<a href=\"https:\/\/pracownia52.pl\/www\/?page_id=461\"><strong>Magazynu Muzycznego<\/strong><\/a>\u201d (nr 3\/4, 1984) z podpisem do mych zdj\u0119\u0107.<br \/><\/p>\n\n\n\n<figure class=\"wp-block-image\"><a href=\"https:\/\/pracownia52.pl\/www\/?attachment_id=5985\" rel=\"attachment wp-att-5985\"><img loading=\"lazy\" decoding=\"async\" width=\"576\" height=\"830\" src=\"https:\/\/pracownia52.pl\/www\/wp-content\/uploads\/2014\/02\/berlin-jazzfest-1983-MagazynMuzyczny-JAZZ-nr-3-4-1984.jpg\" alt=\"berlin-jazzfest-1983-MagazynMuzyczny-JAZZ-nr-3-4-1984\" class=\"wp-image-5985\" srcset=\"https:\/\/pracownia52.pl\/www\/wp-content\/uploads\/2014\/02\/berlin-jazzfest-1983-MagazynMuzyczny-JAZZ-nr-3-4-1984.jpg?v=1763914580 576w, https:\/\/pracownia52.pl\/www\/wp-content\/uploads\/2014\/02\/berlin-jazzfest-1983-MagazynMuzyczny-JAZZ-nr-3-4-1984-208x300.jpg?v=1763914580 208w\" sizes=\"auto, (max-width: 576px) 100vw, 576px\" \/><\/a><\/figure>\n","protected":false},"excerpt":{"rendered":"<p>Fajna opowie\u015b\u0107: stan prawie wojenny, Niemcy nie spodziewali si\u0119 mnie\u2026 I to zdj\u0119cie: Miles Davis: nie taki ca\u0142kiem czysty przypadek\u2026zob. te\u017c Berlin oraz Sztokholm (1987).mr m. i jeszcze fragment strony z \u201eMagazynu Muzycznego\u201d (nr 3\/4, 1984) z podpisem do mych zdj\u0119\u0107.<\/p>\n","protected":false},"author":1,"featured_media":0,"parent":0,"menu_order":0,"comment_status":"closed","ping_status":"open","template":"","meta":{"footnotes":""},"class_list":["post-4361","page","type-page","status-publish","hentry"],"_links":{"self":[{"href":"https:\/\/pracownia52.pl\/www\/index.php?rest_route=\/wp\/v2\/pages\/4361","targetHints":{"allow":["GET"]}}],"collection":[{"href":"https:\/\/pracownia52.pl\/www\/index.php?rest_route=\/wp\/v2\/pages"}],"about":[{"href":"https:\/\/pracownia52.pl\/www\/index.php?rest_route=\/wp\/v2\/types\/page"}],"author":[{"embeddable":true,"href":"https:\/\/pracownia52.pl\/www\/index.php?rest_route=\/wp\/v2\/users\/1"}],"replies":[{"embeddable":true,"href":"https:\/\/pracownia52.pl\/www\/index.php?rest_route=%2Fwp%2Fv2%2Fcomments&post=4361"}],"version-history":[{"count":26,"href":"https:\/\/pracownia52.pl\/www\/index.php?rest_route=\/wp\/v2\/pages\/4361\/revisions"}],"predecessor-version":[{"id":8337,"href":"https:\/\/pracownia52.pl\/www\/index.php?rest_route=\/wp\/v2\/pages\/4361\/revisions\/8337"}],"wp:attachment":[{"href":"https:\/\/pracownia52.pl\/www\/index.php?rest_route=%2Fwp%2Fv2%2Fmedia&parent=4361"}],"curies":[{"name":"wp","href":"https:\/\/api.w.org\/{rel}","templated":true}]}}