{"id":4391,"date":"2014-03-27T18:24:45","date_gmt":"2014-03-27T18:24:45","guid":{"rendered":"http:\/\/pracownia52.pl\/www\/?page_id=4391"},"modified":"2018-12-24T14:21:00","modified_gmt":"2018-12-24T14:21:00","slug":"marek-karewicz","status":"publish","type":"page","link":"https:\/\/pracownia52.pl\/www\/?page_id=4391","title":{"rendered":"marek karewicz"},"content":{"rendered":"\n<p>Projekt <a href=\"http:\/\/www.karewicz.info\/\"><strong>ksi\u0105\u017cki<\/strong><\/a> (wcze\u015bniej albumu) \/ wyb\u00f3r zdj\u0119\u0107 \/ komentarz \/ zdj\u0119cia uzupe\u0142niaj\u0105ce. A sam Marek (1938-2018)? zawsze mia\u0142em <a href=\"http:\/\/ooops.pl\/?p=30768\"><strong>mieszane uczucia<\/strong><\/a>\u2026<br \/>mr m.<br \/>a na zdj\u0119ciu (1979, <a href=\"https:\/\/pracownia52.pl\/www\/?page_id=1594\"><strong>jazz jamboree<\/strong><\/a>): Marek Karewicz, w g\u0142\u0119bi i (wg Tomka \u015awitalskiego): <a href=\"http:\/\/ooops.pl\/?p=30768\"><strong>Marek Majewski<\/strong><\/a>, z przodu.<\/p>\n\n\n\n<ul class=\"wp-block-gallery columns-2 is-cropped wp-block-gallery-1 is-layout-flex wp-block-gallery-is-layout-flex\"><li class=\"blocks-gallery-item\"><figure><a href=\"https:\/\/pracownia52.pl\/www\/wp-content\/uploads\/2014\/03\/BIG-BIT-okladka-JPEG-96pxl-marek-karewicz-SQN-www-1024x529.jpg\"><img loading=\"lazy\" decoding=\"async\" width=\"1024\" height=\"529\" src=\"https:\/\/pracownia52.pl\/www\/wp-content\/uploads\/2014\/03\/BIG-BIT-okladka-JPEG-96pxl-marek-karewicz-SQN-www-1024x529.jpg\" alt=\"\" data-id=\"4394\" data-link=\"https:\/\/pracownia52.pl\/www\/?attachment_id=4394\" class=\"wp-image-4394\" srcset=\"https:\/\/pracownia52.pl\/www\/wp-content\/uploads\/2014\/03\/BIG-BIT-okladka-JPEG-96pxl-marek-karewicz-SQN-www-1024x529.jpg?v=1628007798 1024w, https:\/\/pracownia52.pl\/www\/wp-content\/uploads\/2014\/03\/BIG-BIT-okladka-JPEG-96pxl-marek-karewicz-SQN-www-300x155.jpg?v=1628007798 300w, https:\/\/pracownia52.pl\/www\/wp-content\/uploads\/2014\/03\/BIG-BIT-okladka-JPEG-96pxl-marek-karewicz-SQN-www-768x397.jpg?v=1628007798 768w, https:\/\/pracownia52.pl\/www\/wp-content\/uploads\/2014\/03\/BIG-BIT-okladka-JPEG-96pxl-marek-karewicz-SQN-www-1536x793.jpg?v=1628007798 1536w, https:\/\/pracownia52.pl\/www\/wp-content\/uploads\/2014\/03\/BIG-BIT-okladka-JPEG-96pxl-marek-karewicz-SQN-www.jpg?v=1628007798 1739w\" sizes=\"auto, (max-width: 767px) 89vw, (max-width: 1000px) 54vw, (max-width: 1071px) 543px, 580px\" \/><\/a><\/figure><\/li><li class=\"blocks-gallery-item\"><figure><a href=\"https:\/\/pracownia52.pl\/www\/wp-content\/uploads\/2014\/03\/BIG-BIT-str-130-131-marek-karewicz-SQN-2014-www-1024x562.jpg\"><img loading=\"lazy\" decoding=\"async\" width=\"1024\" height=\"562\" src=\"https:\/\/pracownia52.pl\/www\/wp-content\/uploads\/2014\/03\/BIG-BIT-str-130-131-marek-karewicz-SQN-2014-www-1024x562.jpg\" alt=\"\" data-id=\"4405\" data-link=\"https:\/\/pracownia52.pl\/www\/?attachment_id=4405\" class=\"wp-image-4405\" srcset=\"https:\/\/pracownia52.pl\/www\/wp-content\/uploads\/2014\/03\/BIG-BIT-str-130-131-marek-karewicz-SQN-2014-www-1024x562.jpg?v=1763915033 1024w, https:\/\/pracownia52.pl\/www\/wp-content\/uploads\/2014\/03\/BIG-BIT-str-130-131-marek-karewicz-SQN-2014-www-300x165.jpg?v=1763915033 300w, https:\/\/pracownia52.pl\/www\/wp-content\/uploads\/2014\/03\/BIG-BIT-str-130-131-marek-karewicz-SQN-2014-www-768x421.jpg?v=1763915033 768w, https:\/\/pracownia52.pl\/www\/wp-content\/uploads\/2014\/03\/BIG-BIT-str-130-131-marek-karewicz-SQN-2014-www-800x439.jpg?v=1763915033 800w, https:\/\/pracownia52.pl\/www\/wp-content\/uploads\/2014\/03\/BIG-BIT-str-130-131-marek-karewicz-SQN-2014-www.jpg?v=1763915033 1500w\" sizes=\"auto, (max-width: 767px) 89vw, (max-width: 1000px) 54vw, (max-width: 1071px) 543px, 580px\" \/><\/a><\/figure><\/li><li class=\"blocks-gallery-item\"><figure><a href=\"https:\/\/pracownia52.pl\/www\/wp-content\/uploads\/2014\/03\/BIG-BIT-str-104-105-marek-karewicz-SQN-1024x561.jpg\"><img loading=\"lazy\" decoding=\"async\" width=\"1024\" height=\"561\" src=\"https:\/\/pracownia52.pl\/www\/wp-content\/uploads\/2014\/03\/BIG-BIT-str-104-105-marek-karewicz-SQN-1024x561.jpg\" alt=\"\" data-id=\"4404\" data-link=\"https:\/\/pracownia52.pl\/www\/?attachment_id=4404\" class=\"wp-image-4404\" srcset=\"https:\/\/pracownia52.pl\/www\/wp-content\/uploads\/2014\/03\/BIG-BIT-str-104-105-marek-karewicz-SQN-1024x561.jpg?v=1763915063 1024w, https:\/\/pracownia52.pl\/www\/wp-content\/uploads\/2014\/03\/BIG-BIT-str-104-105-marek-karewicz-SQN-300x164.jpg?v=1763915063 300w, https:\/\/pracownia52.pl\/www\/wp-content\/uploads\/2014\/03\/BIG-BIT-str-104-105-marek-karewicz-SQN-768x421.jpg?v=1763915063 768w, https:\/\/pracownia52.pl\/www\/wp-content\/uploads\/2014\/03\/BIG-BIT-str-104-105-marek-karewicz-SQN-1536x842.jpg?v=1763915063 1536w, https:\/\/pracownia52.pl\/www\/wp-content\/uploads\/2014\/03\/BIG-BIT-str-104-105-marek-karewicz-SQN-800x439.jpg?v=1763915063 800w, https:\/\/pracownia52.pl\/www\/wp-content\/uploads\/2014\/03\/BIG-BIT-str-104-105-marek-karewicz-SQN.jpg?v=1763915063 1600w\" sizes=\"auto, (max-width: 767px) 89vw, (max-width: 1000px) 54vw, (max-width: 1071px) 543px, 580px\" \/><\/a><\/figure><\/li><li class=\"blocks-gallery-item\"><figure><a href=\"https:\/\/pracownia52.pl\/www\/wp-content\/uploads\/2014\/03\/BIG-BIT-mr-m-text-1024pxl-2014-1024x550.jpg\"><img decoding=\"async\" src=\"https:\/\/pracownia52.pl\/www\/wp-content\/uploads\/2014\/03\/BIG-BIT-mr-m-text-1024pxl-2014-1024x550.jpg\" alt=\"\" data-id=\"4396\" data-link=\"https:\/\/pracownia52.pl\/www\/?attachment_id=4396\" class=\"wp-image-4396\"\/><\/a><\/figure><\/li><\/ul>\n","protected":false},"excerpt":{"rendered":"<p>Projekt ksi\u0105\u017cki (wcze\u015bniej albumu) \/ wyb\u00f3r zdj\u0119\u0107 \/ komentarz \/ zdj\u0119cia uzupe\u0142niaj\u0105ce. A sam Marek (1938-2018)? zawsze mia\u0142em mieszane uczucia\u2026mr m.a na zdj\u0119ciu (1979, jazz jamboree): Marek Karewicz, w g\u0142\u0119bi i (wg Tomka \u015awitalskiego): Marek Majewski, z przodu.<\/p>\n","protected":false},"author":1,"featured_media":7601,"parent":0,"menu_order":0,"comment_status":"closed","ping_status":"open","template":"","meta":{"footnotes":""},"class_list":["post-4391","page","type-page","status-publish","has-post-thumbnail","hentry"],"_links":{"self":[{"href":"https:\/\/pracownia52.pl\/www\/index.php?rest_route=\/wp\/v2\/pages\/4391","targetHints":{"allow":["GET"]}}],"collection":[{"href":"https:\/\/pracownia52.pl\/www\/index.php?rest_route=\/wp\/v2\/pages"}],"about":[{"href":"https:\/\/pracownia52.pl\/www\/index.php?rest_route=\/wp\/v2\/types\/page"}],"author":[{"embeddable":true,"href":"https:\/\/pracownia52.pl\/www\/index.php?rest_route=\/wp\/v2\/users\/1"}],"replies":[{"embeddable":true,"href":"https:\/\/pracownia52.pl\/www\/index.php?rest_route=%2Fwp%2Fv2%2Fcomments&post=4391"}],"version-history":[{"count":20,"href":"https:\/\/pracownia52.pl\/www\/index.php?rest_route=\/wp\/v2\/pages\/4391\/revisions"}],"predecessor-version":[{"id":8340,"href":"https:\/\/pracownia52.pl\/www\/index.php?rest_route=\/wp\/v2\/pages\/4391\/revisions\/8340"}],"wp:featuredmedia":[{"embeddable":true,"href":"https:\/\/pracownia52.pl\/www\/index.php?rest_route=\/wp\/v2\/media\/7601"}],"wp:attachment":[{"href":"https:\/\/pracownia52.pl\/www\/index.php?rest_route=%2Fwp%2Fv2%2Fmedia&parent=4391"}],"curies":[{"name":"wp","href":"https:\/\/api.w.org\/{rel}","templated":true}]}}