{"id":440,"date":"2010-06-12T10:29:15","date_gmt":"2010-06-12T10:29:15","guid":{"rendered":"http:\/\/pracownia52.pl\/www\/?page_id=440"},"modified":"2019-04-10T06:06:54","modified_gmt":"2019-04-10T06:06:54","slug":"leszek-winder-bezdomne-psy","status":"publish","type":"page","link":"https:\/\/pracownia52.pl\/www\/?page_id=440","title":{"rendered":"Leszek Winder"},"content":{"rendered":"\n<p>I. pierwsza solowa LP; po rozpadzie Krzaka (LP i CD; prawie identyczne)<br \/>II. oraz \u201eBezdomne psy\u201d. LP \u2013 po latach wydany na CD. te\u017c (praktycznie) ten sam projekt; drobne przeskalowania, bo to jednak 12\u00d712 cm; a nie 30 na 30. <br \/>Sporo zdj\u0119\u0107, r\u00f3\u017cne okazje \u2013 jak to g\u00f3rne np. z tzw. \u201eLeszek Winder Super Session\u201d (1984), gdzie zadebiutowa\u0142 <strong><a href=\"https:\/\/pracownia52.pl\/www\/?page_id=725\">Shakin&#8217;Dudi<\/a><\/strong>. Zob. te\u017c: <a href=\"https:\/\/pracownia52.pl\/www\/?page_id=416\"><strong>Krzak<\/strong><\/a>, <a href=\"https:\/\/pracownia52.pl\/www\/?page_id=480\"><strong>Marcin Jacobson<\/strong><\/a>, <a href=\"https:\/\/pracownia52.pl\/www\/?page_id=232\"><strong>Jarocin<\/strong><\/a> (88)<br \/>mr m.<\/p>\n\n\n\n<ul class=\"wp-block-gallery columns-3 is-cropped wp-block-gallery-1 is-layout-flex wp-block-gallery-is-layout-flex\"><li class=\"blocks-gallery-item\"><figure><a href=\"https:\/\/pracownia52.pl\/www\/wp-content\/uploads\/2010\/06\/session-1984-012-MG-RR-LW-m.jpg\"><img loading=\"lazy\" decoding=\"async\" width=\"600\" height=\"399\" src=\"https:\/\/pracownia52.pl\/www\/wp-content\/uploads\/2010\/06\/session-1984-012-MG-RR-LW-m.jpg\" alt=\"\" data-id=\"3577\" data-link=\"https:\/\/pracownia52.pl\/www\/?attachment_id=3577\" class=\"wp-image-3577\" srcset=\"https:\/\/pracownia52.pl\/www\/wp-content\/uploads\/2010\/06\/session-1984-012-MG-RR-LW-m.jpg?v=1627124105 600w, https:\/\/pracownia52.pl\/www\/wp-content\/uploads\/2010\/06\/session-1984-012-MG-RR-LW-m-300x200.jpg?v=1627124105 300w\" sizes=\"auto, (max-width: 600px) 100vw, 600px\" \/><\/a><\/figure><\/li><li class=\"blocks-gallery-item\"><figure><a href=\"https:\/\/pracownia52.pl\/www\/wp-content\/uploads\/2010\/06\/001-leszek-winder-w.jpg\"><img loading=\"lazy\" decoding=\"async\" width=\"350\" height=\"508\" src=\"https:\/\/pracownia52.pl\/www\/wp-content\/uploads\/2010\/06\/001-leszek-winder-w.jpg\" alt=\"\" data-id=\"3575\" data-link=\"https:\/\/pracownia52.pl\/www\/?attachment_id=3575\" class=\"wp-image-3575\" srcset=\"https:\/\/pracownia52.pl\/www\/wp-content\/uploads\/2010\/06\/001-leszek-winder-w.jpg?v=1627124105 350w, https:\/\/pracownia52.pl\/www\/wp-content\/uploads\/2010\/06\/001-leszek-winder-w-207x300.jpg?v=1627124105 207w\" sizes=\"auto, (max-width: 350px) 100vw, 350px\" \/><\/a><\/figure><\/li><li class=\"blocks-gallery-item\"><figure><a href=\"https:\/\/pracownia52.pl\/www\/wp-content\/uploads\/2010\/06\/1984-rockowisko-winder-l602oo3mnmod.jpg\"><img loading=\"lazy\" decoding=\"async\" width=\"800\" height=\"531\" src=\"https:\/\/pracownia52.pl\/www\/wp-content\/uploads\/2010\/06\/1984-rockowisko-winder-l602oo3mnmod.jpg\" alt=\"\" data-id=\"3576\" data-link=\"https:\/\/pracownia52.pl\/www\/?attachment_id=3576\" class=\"wp-image-3576\" srcset=\"https:\/\/pracownia52.pl\/www\/wp-content\/uploads\/2010\/06\/1984-rockowisko-winder-l602oo3mnmod.jpg?v=1627124105 800w, https:\/\/pracownia52.pl\/www\/wp-content\/uploads\/2010\/06\/1984-rockowisko-winder-l602oo3mnmod-300x199.jpg?v=1627124105 300w, https:\/\/pracownia52.pl\/www\/wp-content\/uploads\/2010\/06\/1984-rockowisko-winder-l602oo3mnmod-768x510.jpg?v=1627124105 768w\" sizes=\"auto, (max-width: 767px) 89vw, (max-width: 1000px) 54vw, (max-width: 1071px) 543px, 580px\" \/><\/a><\/figure><\/li><\/ul>\n\n\n\n<figure class=\"wp-block-image\"><img loading=\"lazy\" decoding=\"async\" width=\"450\" height=\"450\" src=\"http:\/\/pracownia52.pl\/www\/wp-content\/uploads\/2010\/06\/1st-cover-Winder-blues-w.jpg\" alt=\"\" class=\"wp-image-1926\" srcset=\"https:\/\/pracownia52.pl\/www\/wp-content\/uploads\/2010\/06\/1st-cover-Winder-blues-w.jpg?v=1627125886 450w, https:\/\/pracownia52.pl\/www\/wp-content\/uploads\/2010\/06\/1st-cover-Winder-blues-w-300x300.jpg?v=1627125886 300w, https:\/\/pracownia52.pl\/www\/wp-content\/uploads\/2010\/06\/1st-cover-Winder-blues-w-150x150.jpg?v=1627125886 150w, https:\/\/pracownia52.pl\/www\/wp-content\/uploads\/2010\/06\/1st-cover-Winder-blues-w-75x75.jpg?v=1627125886 75w\" sizes=\"auto, (max-width: 450px) 100vw, 450px\" \/><\/figure>\n\n\n\n<figure class=\"wp-block-image\"><img decoding=\"async\" src=\"http:\/\/pracownia52.pl\/www\/wp-content\/uploads\/2010\/06\/Bezdomne-Psy-016-2006-mn.jpg\" alt=\"\"\/><\/figure>\n\n\n\n<ul class=\"wp-block-gallery columns-0 is-cropped wp-block-gallery-2 is-layout-flex wp-block-gallery-is-layout-flex\"><\/ul>\n","protected":false},"excerpt":{"rendered":"<p>I. pierwsza solowa LP; po rozpadzie Krzaka (LP i CD; prawie identyczne)II. oraz \u201eBezdomne psy\u201d. LP \u2013 po latach wydany na CD. te\u017c (praktycznie) ten sam projekt; drobne przeskalowania, bo to jednak 12\u00d712 cm; a nie 30 na 30. Sporo zdj\u0119\u0107, r\u00f3\u017cne okazje \u2013 jak to g\u00f3rne np. z tzw. \u201eLeszek Winder Super Session\u201d (1984), &hellip; <\/p>\n<p class=\"link-more\"><a href=\"https:\/\/pracownia52.pl\/www\/?page_id=440\" class=\"more-link\">Czytaj dalej<span class=\"screen-reader-text\"> \u201eLeszek Winder\u201d<\/span><\/a><\/p>\n","protected":false},"author":1,"featured_media":9344,"parent":0,"menu_order":0,"comment_status":"closed","ping_status":"open","template":"","meta":{"footnotes":""},"class_list":["post-440","page","type-page","status-publish","has-post-thumbnail","hentry"],"_links":{"self":[{"href":"https:\/\/pracownia52.pl\/www\/index.php?rest_route=\/wp\/v2\/pages\/440","targetHints":{"allow":["GET"]}}],"collection":[{"href":"https:\/\/pracownia52.pl\/www\/index.php?rest_route=\/wp\/v2\/pages"}],"about":[{"href":"https:\/\/pracownia52.pl\/www\/index.php?rest_route=\/wp\/v2\/types\/page"}],"author":[{"embeddable":true,"href":"https:\/\/pracownia52.pl\/www\/index.php?rest_route=\/wp\/v2\/users\/1"}],"replies":[{"embeddable":true,"href":"https:\/\/pracownia52.pl\/www\/index.php?rest_route=%2Fwp%2Fv2%2Fcomments&post=440"}],"version-history":[{"count":18,"href":"https:\/\/pracownia52.pl\/www\/index.php?rest_route=\/wp\/v2\/pages\/440\/revisions"}],"predecessor-version":[{"id":9350,"href":"https:\/\/pracownia52.pl\/www\/index.php?rest_route=\/wp\/v2\/pages\/440\/revisions\/9350"}],"wp:featuredmedia":[{"embeddable":true,"href":"https:\/\/pracownia52.pl\/www\/index.php?rest_route=\/wp\/v2\/media\/9344"}],"wp:attachment":[{"href":"https:\/\/pracownia52.pl\/www\/index.php?rest_route=%2Fwp%2Fv2%2Fmedia&parent=440"}],"curies":[{"name":"wp","href":"https:\/\/api.w.org\/{rel}","templated":true}]}}