{"id":4432,"date":"2014-05-13T17:02:39","date_gmt":"2014-05-13T17:02:39","guid":{"rendered":"http:\/\/pracownia52.pl\/www\/?page_id=4432"},"modified":"2017-03-18T11:15:18","modified_gmt":"2017-03-18T11:15:18","slug":"marianna-wroblewska","status":"publish","type":"page","link":"https:\/\/pracownia52.pl\/www\/?page_id=4432","title":{"rendered":"Marianna Wr\u00f3blewska"},"content":{"rendered":"<p>kilka zdj\u0119\u0107 dla PAGART-u. ma\u0142o p\u0142acili ale du\u017co zamawiali.<br \/>\nmr m.<br \/>\n<img loading=\"lazy\" decoding=\"async\" src=\"https:\/\/pracownia52.pl\/www\/wp-content\/uploads\/2014\/05\/marianna-wroblewska-001-1979-1200pxl.jpg\" alt=\"\" width=\"1200\" height=\"812\" class=\"alignnone size-full wp-image-6765\" srcset=\"https:\/\/pracownia52.pl\/www\/wp-content\/uploads\/2014\/05\/marianna-wroblewska-001-1979-1200pxl.jpg?v=1627123751 1200w, https:\/\/pracownia52.pl\/www\/wp-content\/uploads\/2014\/05\/marianna-wroblewska-001-1979-1200pxl-300x203.jpg?v=1627123751 300w, https:\/\/pracownia52.pl\/www\/wp-content\/uploads\/2014\/05\/marianna-wroblewska-001-1979-1200pxl-1024x693.jpg?v=1627123751 1024w, https:\/\/pracownia52.pl\/www\/wp-content\/uploads\/2014\/05\/marianna-wroblewska-001-1979-1200pxl-768x520.jpg?v=1627123751 768w\" sizes=\"auto, (max-width: 767px) 89vw, (max-width: 1000px) 54vw, (max-width: 1071px) 543px, 580px\" \/><\/p>\n","protected":false},"excerpt":{"rendered":"<p>kilka zdj\u0119\u0107 dla PAGART-u. ma\u0142o p\u0142acili ale du\u017co zamawiali. mr m.<\/p>\n","protected":false},"author":1,"featured_media":0,"parent":0,"menu_order":0,"comment_status":"closed","ping_status":"open","template":"","meta":{"footnotes":""},"class_list":["post-4432","page","type-page","status-publish","hentry"],"_links":{"self":[{"href":"https:\/\/pracownia52.pl\/www\/index.php?rest_route=\/wp\/v2\/pages\/4432","targetHints":{"allow":["GET"]}}],"collection":[{"href":"https:\/\/pracownia52.pl\/www\/index.php?rest_route=\/wp\/v2\/pages"}],"about":[{"href":"https:\/\/pracownia52.pl\/www\/index.php?rest_route=\/wp\/v2\/types\/page"}],"author":[{"embeddable":true,"href":"https:\/\/pracownia52.pl\/www\/index.php?rest_route=\/wp\/v2\/users\/1"}],"replies":[{"embeddable":true,"href":"https:\/\/pracownia52.pl\/www\/index.php?rest_route=%2Fwp%2Fv2%2Fcomments&post=4432"}],"version-history":[{"count":5,"href":"https:\/\/pracownia52.pl\/www\/index.php?rest_route=\/wp\/v2\/pages\/4432\/revisions"}],"predecessor-version":[{"id":6766,"href":"https:\/\/pracownia52.pl\/www\/index.php?rest_route=\/wp\/v2\/pages\/4432\/revisions\/6766"}],"wp:attachment":[{"href":"https:\/\/pracownia52.pl\/www\/index.php?rest_route=%2Fwp%2Fv2%2Fmedia&parent=4432"}],"curies":[{"name":"wp","href":"https:\/\/api.w.org\/{rel}","templated":true}]}}