{"id":4438,"date":"2014-05-27T16:15:45","date_gmt":"2014-05-27T16:15:45","guid":{"rendered":"http:\/\/pracownia52.pl\/www\/?page_id=4438"},"modified":"2014-08-22T05:01:45","modified_gmt":"2014-08-22T05:01:45","slug":"tomasz-laczynski","status":"publish","type":"page","link":"https:\/\/pracownia52.pl\/www\/?page_id=4438","title":{"rendered":"tomasz \u0142\u0105czy\u0144ski"},"content":{"rendered":"<p>dzi\u015b: <a href=\"http:\/\/sztuka-szklo.art.pl\/\"><strong>Sztuka-Szk\u0142o galeria i pracownia<\/strong><\/a>\u2026<br \/>\na zdj\u0119cie \u2013 z pocz. lat 70.<br \/>\n[mrm]<br \/>\n<img loading=\"lazy\" decoding=\"async\" src=\"http:\/\/pracownia52.pl\/www\/wp-content\/uploads\/2014\/05\/tomasz-laczynski-75-76-001-low.jpg\" alt=\"tomasz-laczynski-75-76-001-low\" width=\"800\" height=\"540\" class=\"alignnone size-full wp-image-4439\" srcset=\"https:\/\/pracownia52.pl\/www\/wp-content\/uploads\/2014\/05\/tomasz-laczynski-75-76-001-low.jpg?v=1627124026 800w, https:\/\/pracownia52.pl\/www\/wp-content\/uploads\/2014\/05\/tomasz-laczynski-75-76-001-low-300x203.jpg?v=1627124026 300w, https:\/\/pracownia52.pl\/www\/wp-content\/uploads\/2014\/05\/tomasz-laczynski-75-76-001-low-768x518.jpg?v=1627124026 768w\" sizes=\"auto, (max-width: 767px) 89vw, (max-width: 1000px) 54vw, (max-width: 1071px) 543px, 580px\" \/><br \/>\n<img loading=\"lazy\" decoding=\"async\" src=\"http:\/\/pracownia52.pl\/www\/wp-content\/uploads\/2014\/05\/tomek-laczynski-76-77-002-low.jpg\" alt=\"tomek-laczynski-76-77-002-low\" width=\"800\" height=\"540\" class=\"alignnone size-full wp-image-4461\" srcset=\"https:\/\/pracownia52.pl\/www\/wp-content\/uploads\/2014\/05\/tomek-laczynski-76-77-002-low.jpg?v=1627124026 800w, https:\/\/pracownia52.pl\/www\/wp-content\/uploads\/2014\/05\/tomek-laczynski-76-77-002-low-300x203.jpg?v=1627124026 300w, https:\/\/pracownia52.pl\/www\/wp-content\/uploads\/2014\/05\/tomek-laczynski-76-77-002-low-768x518.jpg?v=1627124026 768w\" sizes=\"auto, (max-width: 767px) 89vw, (max-width: 1000px) 54vw, (max-width: 1071px) 543px, 580px\" \/><\/p>\n","protected":false},"excerpt":{"rendered":"<p>dzi\u015b: Sztuka-Szk\u0142o galeria i pracownia\u2026 a zdj\u0119cie \u2013 z pocz. lat 70. [mrm]<\/p>\n","protected":false},"author":1,"featured_media":0,"parent":0,"menu_order":3,"comment_status":"closed","ping_status":"open","template":"","meta":{"footnotes":""},"class_list":["post-4438","page","type-page","status-publish","hentry"],"_links":{"self":[{"href":"https:\/\/pracownia52.pl\/www\/index.php?rest_route=\/wp\/v2\/pages\/4438","targetHints":{"allow":["GET"]}}],"collection":[{"href":"https:\/\/pracownia52.pl\/www\/index.php?rest_route=\/wp\/v2\/pages"}],"about":[{"href":"https:\/\/pracownia52.pl\/www\/index.php?rest_route=\/wp\/v2\/types\/page"}],"author":[{"embeddable":true,"href":"https:\/\/pracownia52.pl\/www\/index.php?rest_route=\/wp\/v2\/users\/1"}],"replies":[{"embeddable":true,"href":"https:\/\/pracownia52.pl\/www\/index.php?rest_route=%2Fwp%2Fv2%2Fcomments&post=4438"}],"version-history":[{"count":3,"href":"https:\/\/pracownia52.pl\/www\/index.php?rest_route=\/wp\/v2\/pages\/4438\/revisions"}],"predecessor-version":[{"id":4462,"href":"https:\/\/pracownia52.pl\/www\/index.php?rest_route=\/wp\/v2\/pages\/4438\/revisions\/4462"}],"wp:attachment":[{"href":"https:\/\/pracownia52.pl\/www\/index.php?rest_route=%2Fwp%2Fv2%2Fmedia&parent=4438"}],"curies":[{"name":"wp","href":"https:\/\/api.w.org\/{rel}","templated":true}]}}