{"id":4442,"date":"2014-06-13T05:03:35","date_gmt":"2014-06-13T05:03:35","guid":{"rendered":"http:\/\/pracownia52.pl\/www\/?page_id=4442"},"modified":"2018-10-22T14:05:44","modified_gmt":"2018-10-22T14:05:44","slug":"jola-literska-rafal-rekosiewicz","status":"publish","type":"page","link":"https:\/\/pracownia52.pl\/www\/?page_id=4442","title":{"rendered":"jola literska rafa\u0142 r\u0119kosiewicz"},"content":{"rendered":"<p>cd \u201ema\u0142e rzeczy\u201d (2014). str. I i ostatnia ok\u0142adki konkretnie, tu.<br \/>\nwi\u0119kszo\u015b\u0107 zdj\u0119\u0107 jednak z archiwum <a href=\"http:\/\/pracownia52.pl\/www\/?page_id=1639\"><strong>rafa\u0142a<\/strong><\/a>, niekt\u00f3re moje. szkoda, \u017ce nie moje \u2013 to <a href=\"http:\/\/999roads.wordpress.com\/2013\/11\/19\/droga-nr-8\/\">rewelacyjne foto z cieszyna<\/a>, na ost. str. bookletu\u2026 czy to ze str. I rafa\u0142a \u2013 autorstwa <strong>macieja r\u0119kosiewicza<\/strong>, o czym zapomnieli\u015bmy (!) przy opisie p\u0142yty, no, wstyd; ale wiadomo: rodzina\u2026<br \/>\nzdj\u0119cia joli, wsp\u00f3\u0142czesne: moje (pozna\u0144, wiosna 2014). zobaczcie te\u017c teledysk, autorstwa <a href=\"http:\/\/www.youtube.com\/watch?v=PC0SlWoRiqk\"><strong>wasilkowskich<\/strong><\/a> (<a href=\"http:\/\/stereolit.com\/\">stereolit<\/a>), warto.<br \/>\nmr m.<br \/>\n<br \/><a href=\"http:\/\/999roads.wordpress.com\/2013\/11\/19\/droga-nr-8\/\"><\/a><a href=\"http:\/\/pracownia52.pl\/www\/wp-content\/uploads\/2014\/06\/male-rzeczy-digipack-jola-literska-rafal-rekosiewicz-2014-0I-0IV.jpg\"><img loading=\"lazy\" decoding=\"async\" src=\"http:\/\/pracownia52.pl\/www\/wp-content\/uploads\/2014\/06\/male-rzeczy-digipack-jola-literska-rafal-rekosiewicz-2014-0I-0IV-1024x430.jpg\" alt=\"male-rzeczy-digipack-jola-literska-rafal-rekosiewicz-2014-0I-0IV\" width=\"1024\" height=\"430\" class=\"alignnone size-large wp-image-4445\" \/><\/a><\/p>\n","protected":false},"excerpt":{"rendered":"<p>cd \u201ema\u0142e rzeczy\u201d (2014). str. I i ostatnia ok\u0142adki konkretnie, tu. wi\u0119kszo\u015b\u0107 zdj\u0119\u0107 jednak z archiwum rafa\u0142a, niekt\u00f3re moje. szkoda, \u017ce nie moje \u2013 to rewelacyjne foto z cieszyna, na ost. str. bookletu\u2026 czy to ze str. I rafa\u0142a \u2013 autorstwa macieja r\u0119kosiewicza, o czym zapomnieli\u015bmy (!) przy opisie p\u0142yty, no, wstyd; ale wiadomo: rodzina\u2026 &hellip; <\/p>\n<p class=\"link-more\"><a href=\"https:\/\/pracownia52.pl\/www\/?page_id=4442\" class=\"more-link\">Czytaj dalej<span class=\"screen-reader-text\"> \u201ejola literska rafa\u0142 r\u0119kosiewicz\u201d<\/span><\/a><\/p>\n","protected":false},"author":1,"featured_media":0,"parent":0,"menu_order":0,"comment_status":"closed","ping_status":"open","template":"","meta":{"footnotes":""},"class_list":["post-4442","page","type-page","status-publish","hentry"],"_links":{"self":[{"href":"https:\/\/pracownia52.pl\/www\/index.php?rest_route=\/wp\/v2\/pages\/4442","targetHints":{"allow":["GET"]}}],"collection":[{"href":"https:\/\/pracownia52.pl\/www\/index.php?rest_route=\/wp\/v2\/pages"}],"about":[{"href":"https:\/\/pracownia52.pl\/www\/index.php?rest_route=\/wp\/v2\/types\/page"}],"author":[{"embeddable":true,"href":"https:\/\/pracownia52.pl\/www\/index.php?rest_route=\/wp\/v2\/users\/1"}],"replies":[{"embeddable":true,"href":"https:\/\/pracownia52.pl\/www\/index.php?rest_route=%2Fwp%2Fv2%2Fcomments&post=4442"}],"version-history":[{"count":9,"href":"https:\/\/pracownia52.pl\/www\/index.php?rest_route=\/wp\/v2\/pages\/4442\/revisions"}],"predecessor-version":[{"id":7862,"href":"https:\/\/pracownia52.pl\/www\/index.php?rest_route=\/wp\/v2\/pages\/4442\/revisions\/7862"}],"wp:attachment":[{"href":"https:\/\/pracownia52.pl\/www\/index.php?rest_route=%2Fwp%2Fv2%2Fmedia&parent=4442"}],"curies":[{"name":"wp","href":"https:\/\/api.w.org\/{rel}","templated":true}]}}