{"id":449,"date":"2010-06-12T10:35:47","date_gmt":"2010-06-12T10:35:47","guid":{"rendered":"http:\/\/pracownia52.pl\/www\/?page_id=449"},"modified":"2010-07-07T13:21:47","modified_gmt":"2010-07-07T13:21:47","slug":"lux-med","status":"publish","type":"page","link":"https:\/\/pracownia52.pl\/www\/?page_id=449","title":{"rendered":"LUX MED"},"content":{"rendered":"<p>sta\u0142a, wieloletnia wsp\u00f3\u0142praca, ju\u017c dzi\u015b zerwana. <strong>logo<\/strong>, biuletyny dla klient\u00f3w, biuletyny pracownicze, kalendarze, sporo innych druk\u00f3w, r\u00f3\u017cne drobiazgi reklamowe.<br \/>\nz kalendarzem \u2013 rze\u017aba <a href=\"http:\/\/pl.wikipedia.org\/wiki\/Aristide_Maillol\"><b>Aristide Maillol<\/b><\/a>&#8217;a, przed paryskim Luwrem (ale zdj\u0119cie w\u0142asne) \u2013 by\u0142a do\u015b\u0107 zabawna (?) historia: wszystkim prawie si\u0119 podoba\u0142, ale korea\u0144skie szefostwo przychodni Daewoo w FSO, prowadzonej przez Lux Med \u2013 zabroni\u0142o go wiesza\u0107; bo \u201epornografia&#8221;\u2026<br \/>\n[mrm]<br \/>\n<img loading=\"lazy\" decoding=\"async\" src=\"http:\/\/pracownia52.pl\/www\/wp-content\/uploads\/2010\/06\/lux-med-kalendarz-b1-1999.jpg\" alt=\"\" title=\"lux-med-kalendarz-b1-1999\" width=\"650\" height=\"941\" class=\"alignnone size-full wp-image-2346\" srcset=\"https:\/\/pracownia52.pl\/www\/wp-content\/uploads\/2010\/06\/lux-med-kalendarz-b1-1999.jpg?v=1636448565 650w, https:\/\/pracownia52.pl\/www\/wp-content\/uploads\/2010\/06\/lux-med-kalendarz-b1-1999-207x300.jpg?v=1636448565 207w\" sizes=\"auto, (max-width: 650px) 100vw, 650px\" \/><br \/>\n<img loading=\"lazy\" decoding=\"async\" src=\"http:\/\/pracownia52.pl\/www\/wp-content\/uploads\/2010\/06\/lux-med-1-w.png\" alt=\"\" title=\"lux-med-1-w\" width=\"450\" height=\"368\" class=\"alignnone size-full wp-image-458\" srcset=\"https:\/\/pracownia52.pl\/www\/wp-content\/uploads\/2010\/06\/lux-med-1-w.png?v=1712247276 450w, https:\/\/pracownia52.pl\/www\/wp-content\/uploads\/2010\/06\/lux-med-1-w-300x245.png?v=1712247276 300w\" sizes=\"auto, (max-width: 450px) 100vw, 450px\" \/><\/p>\n","protected":false},"excerpt":{"rendered":"<p>sta\u0142a, wieloletnia wsp\u00f3\u0142praca, ju\u017c dzi\u015b zerwana. logo, biuletyny dla klient\u00f3w, biuletyny pracownicze, kalendarze, sporo innych druk\u00f3w, r\u00f3\u017cne drobiazgi reklamowe. z kalendarzem \u2013 rze\u017aba Aristide Maillol&#8217;a, przed paryskim Luwrem (ale zdj\u0119cie w\u0142asne) \u2013 by\u0142a do\u015b\u0107 zabawna (?) historia: wszystkim prawie si\u0119 podoba\u0142, ale korea\u0144skie szefostwo przychodni Daewoo w FSO, prowadzonej przez Lux Med \u2013 zabroni\u0142o go &hellip; <\/p>\n<p class=\"link-more\"><a href=\"https:\/\/pracownia52.pl\/www\/?page_id=449\" class=\"more-link\">Czytaj dalej<span class=\"screen-reader-text\"> \u201eLUX MED\u201d<\/span><\/a><\/p>\n","protected":false},"author":1,"featured_media":0,"parent":0,"menu_order":3,"comment_status":"closed","ping_status":"open","template":"","meta":{"footnotes":""},"class_list":["post-449","page","type-page","status-publish","hentry"],"_links":{"self":[{"href":"https:\/\/pracownia52.pl\/www\/index.php?rest_route=\/wp\/v2\/pages\/449","targetHints":{"allow":["GET"]}}],"collection":[{"href":"https:\/\/pracownia52.pl\/www\/index.php?rest_route=\/wp\/v2\/pages"}],"about":[{"href":"https:\/\/pracownia52.pl\/www\/index.php?rest_route=\/wp\/v2\/types\/page"}],"author":[{"embeddable":true,"href":"https:\/\/pracownia52.pl\/www\/index.php?rest_route=\/wp\/v2\/users\/1"}],"replies":[{"embeddable":true,"href":"https:\/\/pracownia52.pl\/www\/index.php?rest_route=%2Fwp%2Fv2%2Fcomments&post=449"}],"version-history":[{"count":13,"href":"https:\/\/pracownia52.pl\/www\/index.php?rest_route=\/wp\/v2\/pages\/449\/revisions"}],"predecessor-version":[{"id":2348,"href":"https:\/\/pracownia52.pl\/www\/index.php?rest_route=\/wp\/v2\/pages\/449\/revisions\/2348"}],"wp:attachment":[{"href":"https:\/\/pracownia52.pl\/www\/index.php?rest_route=%2Fwp%2Fv2%2Fmedia&parent=449"}],"curies":[{"name":"wp","href":"https:\/\/api.w.org\/{rel}","templated":true}]}}