{"id":45,"date":"2010-06-11T06:38:40","date_gmt":"2010-06-11T06:38:40","guid":{"rendered":"http:\/\/pracownia52.pl\/www\/?page_id=45"},"modified":"2018-12-24T10:48:01","modified_gmt":"2018-12-24T10:48:01","slug":"absurd","status":"publish","type":"page","link":"https:\/\/pracownia52.pl\/www\/?page_id=45","title":{"rendered":"Absurd"},"content":{"rendered":"\n<p>Grupa <a href=\"https:\/\/pracownia52.pl\/www\/?page_id=2819\"><strong>Darka Duszy<\/strong><\/a>. Zdj\u0119cia, ok\u0142adka singla dla Tonpressu. kilka fajnych imprez. Singiel (SP) wtedy: ma\u0142a p\u0142ytka vinylowa z jednym lub dwoma utworami na stronie.<br \/>Zobacz te\u017c: <a href=\"http:\/\/pracownia52.pl\/www\/?page_id=725\">Shakin&#8217;Dudi<\/a>; oraz <a href=\"https:\/\/pracownia52.pl\/www\/?p=6012\"><strong>\u015amier\u0107 Kliniczna<\/strong><\/a> (2016).<br \/>za\u015b LP \u201eAbsurd\u201d \u2013 w <a href=\"http:\/\/zima.slask.pl\"><strong>planach<\/strong><\/a> (pocz. 2018), ok\u0142adka <del><em>si\u0119 robi<\/em><\/del> \u2013 ju\u017c jest, zobaczmy galeri\u0119 ni\u017cej\u2026 za\u015b w \u015brodku, poza p\u0142yt\u0105: ca\u0142kiem nowe wydawnictwo, przypominaj\u0105ce <a href=\"https:\/\/pracownia52.pl\/www\/?page_id=13\"><strong>co\u015b ju\u017c znanego<\/strong><\/a>\u2026<br \/>mr m.<\/p>\n\n\n\n<ul class=\"wp-block-gallery columns-2 is-cropped wp-block-gallery-1 is-layout-flex wp-block-gallery-is-layout-flex\"><li class=\"blocks-gallery-item\"><figure><img loading=\"lazy\" decoding=\"async\" width=\"500\" height=\"512\" src=\"https:\/\/pracownia52.pl\/www\/wp-content\/uploads\/2010\/06\/absurd-sp-1w.jpg\" alt=\"\" data-id=\"47\" class=\"wp-image-47\" srcset=\"https:\/\/pracownia52.pl\/www\/wp-content\/uploads\/2010\/06\/absurd-sp-1w.jpg?v=1627125273 500w, https:\/\/pracownia52.pl\/www\/wp-content\/uploads\/2010\/06\/absurd-sp-1w-293x300.jpg?v=1627125273 293w\" sizes=\"auto, (max-width: 500px) 100vw, 500px\" \/><\/figure><\/li><li class=\"blocks-gallery-item\"><figure><img loading=\"lazy\" decoding=\"async\" width=\"500\" height=\"512\" src=\"https:\/\/pracownia52.pl\/www\/wp-content\/uploads\/2010\/06\/absurd-sp-2w.jpg\" alt=\"\" data-id=\"48\" class=\"wp-image-48\" srcset=\"https:\/\/pracownia52.pl\/www\/wp-content\/uploads\/2010\/06\/absurd-sp-2w.jpg?v=1627125314 500w, https:\/\/pracownia52.pl\/www\/wp-content\/uploads\/2010\/06\/absurd-sp-2w-293x300.jpg?v=1627125314 293w\" sizes=\"auto, (max-width: 500px) 100vw, 500px\" \/><\/figure><\/li><\/ul>\n\n\n\n<ul class=\"wp-block-gallery columns-4 is-cropped wp-block-gallery-2 is-layout-flex wp-block-gallery-is-layout-flex\"><li class=\"blocks-gallery-item\"><figure><a href=\"https:\/\/pracownia52.pl\/www\/wp-content\/uploads\/2018\/02\/Absurd-anomalia-IMG_3418.jpg\"><img loading=\"lazy\" decoding=\"async\" width=\"1200\" height=\"1200\" src=\"https:\/\/pracownia52.pl\/www\/wp-content\/uploads\/2018\/02\/Absurd-anomalia-IMG_3418.jpg\" alt=\"\" data-id=\"7497\" class=\"wp-image-7497\" srcset=\"https:\/\/pracownia52.pl\/www\/wp-content\/uploads\/2018\/02\/Absurd-anomalia-IMG_3418.jpg?v=1627126274 1200w, https:\/\/pracownia52.pl\/www\/wp-content\/uploads\/2018\/02\/Absurd-anomalia-IMG_3418-300x300.jpg?v=1627126274 300w, https:\/\/pracownia52.pl\/www\/wp-content\/uploads\/2018\/02\/Absurd-anomalia-IMG_3418-1024x1024.jpg?v=1627126274 1024w, https:\/\/pracownia52.pl\/www\/wp-content\/uploads\/2018\/02\/Absurd-anomalia-IMG_3418-150x150.jpg?v=1627126274 150w, https:\/\/pracownia52.pl\/www\/wp-content\/uploads\/2018\/02\/Absurd-anomalia-IMG_3418-768x768.jpg?v=1627126274 768w, https:\/\/pracownia52.pl\/www\/wp-content\/uploads\/2018\/02\/Absurd-anomalia-IMG_3418-75x75.jpg?v=1627126274 75w\" sizes=\"auto, (max-width: 767px) 89vw, (max-width: 1000px) 54vw, (max-width: 1071px) 543px, 580px\" \/><\/a><\/figure><\/li><li class=\"blocks-gallery-item\"><figure><a href=\"https:\/\/pracownia52.pl\/www\/wp-content\/uploads\/2018\/02\/Absurd-anomalia-IMG_3411.jpg\"><img loading=\"lazy\" decoding=\"async\" width=\"1200\" height=\"904\" src=\"https:\/\/pracownia52.pl\/www\/wp-content\/uploads\/2018\/02\/Absurd-anomalia-IMG_3411.jpg\" alt=\"\" data-id=\"7494\" class=\"wp-image-7494\" srcset=\"https:\/\/pracownia52.pl\/www\/wp-content\/uploads\/2018\/02\/Absurd-anomalia-IMG_3411.jpg?v=1628008069 1200w, https:\/\/pracownia52.pl\/www\/wp-content\/uploads\/2018\/02\/Absurd-anomalia-IMG_3411-300x226.jpg?v=1628008069 300w, https:\/\/pracownia52.pl\/www\/wp-content\/uploads\/2018\/02\/Absurd-anomalia-IMG_3411-1024x771.jpg?v=1628008069 1024w, https:\/\/pracownia52.pl\/www\/wp-content\/uploads\/2018\/02\/Absurd-anomalia-IMG_3411-768x579.jpg?v=1628008069 768w\" sizes=\"auto, (max-width: 767px) 89vw, (max-width: 1000px) 54vw, (max-width: 1071px) 543px, 580px\" \/><\/a><\/figure><\/li><li class=\"blocks-gallery-item\"><figure><a href=\"https:\/\/pracownia52.pl\/www\/wp-content\/uploads\/2018\/02\/Absurd-anomalia-IMG_3415.jpg\"><img loading=\"lazy\" decoding=\"async\" width=\"1200\" height=\"900\" src=\"https:\/\/pracownia52.pl\/www\/wp-content\/uploads\/2018\/02\/Absurd-anomalia-IMG_3415.jpg\" alt=\"\" data-id=\"7495\" class=\"wp-image-7495\" srcset=\"https:\/\/pracownia52.pl\/www\/wp-content\/uploads\/2018\/02\/Absurd-anomalia-IMG_3415.jpg?v=1628008069 1200w, https:\/\/pracownia52.pl\/www\/wp-content\/uploads\/2018\/02\/Absurd-anomalia-IMG_3415-300x225.jpg?v=1628008069 300w, https:\/\/pracownia52.pl\/www\/wp-content\/uploads\/2018\/02\/Absurd-anomalia-IMG_3415-1024x768.jpg?v=1628008069 1024w, https:\/\/pracownia52.pl\/www\/wp-content\/uploads\/2018\/02\/Absurd-anomalia-IMG_3415-768x576.jpg?v=1628008069 768w\" sizes=\"auto, (max-width: 767px) 89vw, (max-width: 1000px) 54vw, (max-width: 1071px) 543px, 580px\" \/><\/a><\/figure><\/li><li class=\"blocks-gallery-item\"><figure><a href=\"https:\/\/pracownia52.pl\/www\/wp-content\/uploads\/2018\/02\/Absurd-anomalia-IMG_3417.jpg\"><img loading=\"lazy\" decoding=\"async\" width=\"1200\" height=\"1200\" src=\"https:\/\/pracownia52.pl\/www\/wp-content\/uploads\/2018\/02\/Absurd-anomalia-IMG_3417.jpg\" alt=\"\" data-id=\"7496\" class=\"wp-image-7496\" srcset=\"https:\/\/pracownia52.pl\/www\/wp-content\/uploads\/2018\/02\/Absurd-anomalia-IMG_3417.jpg?v=1628008068 1200w, https:\/\/pracownia52.pl\/www\/wp-content\/uploads\/2018\/02\/Absurd-anomalia-IMG_3417-300x300.jpg?v=1628008068 300w, https:\/\/pracownia52.pl\/www\/wp-content\/uploads\/2018\/02\/Absurd-anomalia-IMG_3417-1024x1024.jpg?v=1628008068 1024w, https:\/\/pracownia52.pl\/www\/wp-content\/uploads\/2018\/02\/Absurd-anomalia-IMG_3417-150x150.jpg?v=1628008068 150w, https:\/\/pracownia52.pl\/www\/wp-content\/uploads\/2018\/02\/Absurd-anomalia-IMG_3417-768x768.jpg?v=1628008068 768w, https:\/\/pracownia52.pl\/www\/wp-content\/uploads\/2018\/02\/Absurd-anomalia-IMG_3417-75x75.jpg?v=1628008068 75w\" sizes=\"auto, (max-width: 767px) 89vw, (max-width: 1000px) 54vw, (max-width: 1071px) 543px, 580px\" \/><\/a><\/figure><\/li><li class=\"blocks-gallery-item\"><figure><a href=\"https:\/\/pracownia52.pl\/www\/wp-content\/uploads\/2018\/02\/Absurd-anomalia-IMG_3420.jpg\"><img loading=\"lazy\" decoding=\"async\" width=\"1200\" height=\"1215\" src=\"https:\/\/pracownia52.pl\/www\/wp-content\/uploads\/2018\/02\/Absurd-anomalia-IMG_3420.jpg\" alt=\"\" data-id=\"7498\" class=\"wp-image-7498\" srcset=\"https:\/\/pracownia52.pl\/www\/wp-content\/uploads\/2018\/02\/Absurd-anomalia-IMG_3420.jpg?v=1628008057 1200w, https:\/\/pracownia52.pl\/www\/wp-content\/uploads\/2018\/02\/Absurd-anomalia-IMG_3420-296x300.jpg?v=1628008057 296w, https:\/\/pracownia52.pl\/www\/wp-content\/uploads\/2018\/02\/Absurd-anomalia-IMG_3420-1011x1024.jpg?v=1628008057 1011w, https:\/\/pracownia52.pl\/www\/wp-content\/uploads\/2018\/02\/Absurd-anomalia-IMG_3420-768x778.jpg?v=1628008057 768w, https:\/\/pracownia52.pl\/www\/wp-content\/uploads\/2018\/02\/Absurd-anomalia-IMG_3420-75x75.jpg?v=1628008057 75w\" sizes=\"auto, (max-width: 767px) 89vw, (max-width: 1000px) 54vw, (max-width: 1071px) 543px, 580px\" \/><\/a><\/figure><\/li><li class=\"blocks-gallery-item\"><figure><a href=\"https:\/\/pracownia52.pl\/www\/wp-content\/uploads\/2018\/02\/Absurd-anomalia-IMG_3423.jpg\"><img loading=\"lazy\" decoding=\"async\" width=\"1200\" height=\"901\" src=\"https:\/\/pracownia52.pl\/www\/wp-content\/uploads\/2018\/02\/Absurd-anomalia-IMG_3423.jpg\" alt=\"\" data-id=\"7499\" class=\"wp-image-7499\" srcset=\"https:\/\/pracownia52.pl\/www\/wp-content\/uploads\/2018\/02\/Absurd-anomalia-IMG_3423.jpg?v=1628008056 1200w, https:\/\/pracownia52.pl\/www\/wp-content\/uploads\/2018\/02\/Absurd-anomalia-IMG_3423-300x225.jpg?v=1628008056 300w, https:\/\/pracownia52.pl\/www\/wp-content\/uploads\/2018\/02\/Absurd-anomalia-IMG_3423-1024x769.jpg?v=1628008056 1024w, https:\/\/pracownia52.pl\/www\/wp-content\/uploads\/2018\/02\/Absurd-anomalia-IMG_3423-768x577.jpg?v=1628008056 768w\" sizes=\"auto, (max-width: 767px) 89vw, (max-width: 1000px) 54vw, (max-width: 1071px) 543px, 580px\" \/><\/a><\/figure><\/li><li class=\"blocks-gallery-item\"><figure><a href=\"https:\/\/pracownia52.pl\/www\/wp-content\/uploads\/2018\/02\/Absurd-anomalia-IMG_3425.jpg\"><img loading=\"lazy\" decoding=\"async\" width=\"1200\" height=\"869\" src=\"https:\/\/pracownia52.pl\/www\/wp-content\/uploads\/2018\/02\/Absurd-anomalia-IMG_3425.jpg\" alt=\"\" data-id=\"7500\" class=\"wp-image-7500\" srcset=\"https:\/\/pracownia52.pl\/www\/wp-content\/uploads\/2018\/02\/Absurd-anomalia-IMG_3425.jpg?v=1628008055 1200w, https:\/\/pracownia52.pl\/www\/wp-content\/uploads\/2018\/02\/Absurd-anomalia-IMG_3425-300x217.jpg?v=1628008055 300w, https:\/\/pracownia52.pl\/www\/wp-content\/uploads\/2018\/02\/Absurd-anomalia-IMG_3425-1024x742.jpg?v=1628008055 1024w, https:\/\/pracownia52.pl\/www\/wp-content\/uploads\/2018\/02\/Absurd-anomalia-IMG_3425-768x556.jpg?v=1628008055 768w\" sizes=\"auto, (max-width: 767px) 89vw, (max-width: 1000px) 54vw, (max-width: 1071px) 543px, 580px\" \/><\/a><\/figure><\/li><\/ul>\n","protected":false},"excerpt":{"rendered":"<p>Grupa Darka Duszy. Zdj\u0119cia, ok\u0142adka singla dla Tonpressu. kilka fajnych imprez. Singiel (SP) wtedy: ma\u0142a p\u0142ytka vinylowa z jednym lub dwoma utworami na stronie.Zobacz te\u017c: Shakin&#8217;Dudi; oraz \u015amier\u0107 Kliniczna (2016).za\u015b LP \u201eAbsurd\u201d \u2013 w planach (pocz. 2018), ok\u0142adka si\u0119 robi \u2013 ju\u017c jest, zobaczmy galeri\u0119 ni\u017cej\u2026 za\u015b w \u015brodku, poza p\u0142yt\u0105: ca\u0142kiem nowe wydawnictwo, przypominaj\u0105ce &hellip; <\/p>\n<p class=\"link-more\"><a href=\"https:\/\/pracownia52.pl\/www\/?page_id=45\" class=\"more-link\">Czytaj dalej<span class=\"screen-reader-text\"> \u201eAbsurd\u201d<\/span><\/a><\/p>\n","protected":false},"author":1,"featured_media":0,"parent":0,"menu_order":0,"comment_status":"closed","ping_status":"open","template":"","meta":{"footnotes":""},"class_list":["post-45","page","type-page","status-publish","hentry"],"_links":{"self":[{"href":"https:\/\/pracownia52.pl\/www\/index.php?rest_route=\/wp\/v2\/pages\/45","targetHints":{"allow":["GET"]}}],"collection":[{"href":"https:\/\/pracownia52.pl\/www\/index.php?rest_route=\/wp\/v2\/pages"}],"about":[{"href":"https:\/\/pracownia52.pl\/www\/index.php?rest_route=\/wp\/v2\/types\/page"}],"author":[{"embeddable":true,"href":"https:\/\/pracownia52.pl\/www\/index.php?rest_route=\/wp\/v2\/users\/1"}],"replies":[{"embeddable":true,"href":"https:\/\/pracownia52.pl\/www\/index.php?rest_route=%2Fwp%2Fv2%2Fcomments&post=45"}],"version-history":[{"count":20,"href":"https:\/\/pracownia52.pl\/www\/index.php?rest_route=\/wp\/v2\/pages\/45\/revisions"}],"predecessor-version":[{"id":8206,"href":"https:\/\/pracownia52.pl\/www\/index.php?rest_route=\/wp\/v2\/pages\/45\/revisions\/8206"}],"wp:attachment":[{"href":"https:\/\/pracownia52.pl\/www\/index.php?rest_route=%2Fwp%2Fv2%2Fmedia&parent=45"}],"curies":[{"name":"wp","href":"https:\/\/api.w.org\/{rel}","templated":true}]}}