{"id":468,"date":"2010-06-12T10:47:24","date_gmt":"2010-06-12T10:47:24","guid":{"rendered":"http:\/\/pracownia52.pl\/www\/?page_id=468"},"modified":"2010-06-13T06:35:34","modified_gmt":"2010-06-13T06:35:34","slug":"malexim","status":"publish","type":"page","link":"https:\/\/pracownia52.pl\/www\/?page_id=468","title":{"rendered":"Malexim"},"content":{"rendered":"<p>d\u0142u\u017csza wsp\u00f3\u0142praca. etykiety do produkt\u00f3w, znaki dla serii, plakaty, teczki reklamowe (projekty i organizacja druku), wizyt\u00f3wki, inne drobiazgi reklamowe. ale kolega pan drukarz (i przez nas polecony) \u2013 zaproponowa\u0142 ni\u017csze ceny \u2013 projekt\u00f3w czy na druk, je\u015bli on oczywi\u015bcie dostanie projekty\u2026 typowe.<br \/>\n[mrm]<br \/>\n<img loading=\"lazy\" decoding=\"async\" src=\"http:\/\/pracownia52.pl\/www\/wp-content\/uploads\/2010\/06\/choinka-Malexim-mn.jpg\" alt=\"\" title=\"choinka-Malexim-mn\" width=\"626\" height=\"800\" border\"0\" \/><\/p>\n","protected":false},"excerpt":{"rendered":"<p>d\u0142u\u017csza wsp\u00f3\u0142praca. etykiety do produkt\u00f3w, znaki dla serii, plakaty, teczki reklamowe (projekty i organizacja druku), wizyt\u00f3wki, inne drobiazgi reklamowe. ale kolega pan drukarz (i przez nas polecony) \u2013 zaproponowa\u0142 ni\u017csze ceny \u2013 projekt\u00f3w czy na druk, je\u015bli on oczywi\u015bcie dostanie projekty\u2026 typowe. [mrm]<\/p>\n","protected":false},"author":1,"featured_media":0,"parent":0,"menu_order":3,"comment_status":"closed","ping_status":"open","template":"","meta":{"footnotes":""},"class_list":["post-468","page","type-page","status-publish","hentry"],"_links":{"self":[{"href":"https:\/\/pracownia52.pl\/www\/index.php?rest_route=\/wp\/v2\/pages\/468","targetHints":{"allow":["GET"]}}],"collection":[{"href":"https:\/\/pracownia52.pl\/www\/index.php?rest_route=\/wp\/v2\/pages"}],"about":[{"href":"https:\/\/pracownia52.pl\/www\/index.php?rest_route=\/wp\/v2\/types\/page"}],"author":[{"embeddable":true,"href":"https:\/\/pracownia52.pl\/www\/index.php?rest_route=\/wp\/v2\/users\/1"}],"replies":[{"embeddable":true,"href":"https:\/\/pracownia52.pl\/www\/index.php?rest_route=%2Fwp%2Fv2%2Fcomments&post=468"}],"version-history":[{"count":5,"href":"https:\/\/pracownia52.pl\/www\/index.php?rest_route=\/wp\/v2\/pages\/468\/revisions"}],"predecessor-version":[{"id":918,"href":"https:\/\/pracownia52.pl\/www\/index.php?rest_route=\/wp\/v2\/pages\/468\/revisions\/918"}],"wp:attachment":[{"href":"https:\/\/pracownia52.pl\/www\/index.php?rest_route=%2Fwp%2Fv2%2Fmedia&parent=468"}],"curies":[{"name":"wp","href":"https:\/\/api.w.org\/{rel}","templated":true}]}}