{"id":4723,"date":"2019-03-10T15:06:54","date_gmt":"2019-03-10T15:06:54","guid":{"rendered":"http:\/\/pracownia52.pl\/www\/?page_id=4723"},"modified":"2019-05-14T15:21:28","modified_gmt":"2019-05-14T15:21:28","slug":"tangerine-dream","status":"publish","type":"page","link":"https:\/\/pracownia52.pl\/www\/?page_id=4723","title":{"rendered":"Tangerine Dream"},"content":{"rendered":"\n<p>Kilkana\u015bcie zdj\u0119\u0107 z koncertu w Warszawie (<a href=\"http:\/\/pl.wikipedia.org\/wiki\/Tangerine_Dream\">1983<\/a>, \u201ePoland\u201d), ju\u017c dla \u201e<strong><a href=\"https:\/\/pracownia52.pl\/www\/?page_id=461\">Magazynu Muzycznego<\/a><\/strong>\u201d. Oraz info: <a href=\"http:\/\/consequenceofsound.net\/2015\/01\/r-i-p-edgar-froese-tangerine-dream-founder-dead-at-70\/\"><strong>R.I.P. Edgar Froese, Tangerine Dream founder dead at 70<\/strong><\/a><br \/>mr m.<\/p>\n\n\n\n<blockquote class=\"wp-block-quote is-layout-flow wp-block-quote-is-layout-flow\"><p>(\u2026) w lipcu 1983 roku zagra\u0142 Klaus Schulze, a jeszcze w tym samym roku nad Wis\u0142\u0119 zawita\u0142 Tangerine Dream, a koncert na Torwarze zosta\u0142 udokumentowany na albumie \u201ePoland \u2013 The Warsaw Concert\u201d. Wydaje si\u0119, \u017ce Polska nie by\u0142a tak otwarta na zagranicznych muzyk\u00f3w od czasu s\u0142ynnych wyst\u0119p\u00f3w The Rolling Stones i The Animals w latach 60.<\/p><cite>Xawery Sta\u0144czyk \u201e<strong><a href=\"https:\/\/culture.pl\/pl\/artykul\/chcemy-byc-innym-muzyka-stanu-wojennego\">Chcemy by\u0107 innym. Muzyka stanu wojennego<\/a><\/strong>\u201d<\/cite><\/blockquote>\n","protected":false},"excerpt":{"rendered":"<p>Kilkana\u015bcie zdj\u0119\u0107 z koncertu w Warszawie (1983, \u201ePoland\u201d), ju\u017c dla \u201eMagazynu Muzycznego\u201d. Oraz info: R.I.P. Edgar Froese, Tangerine Dream founder dead at 70mr m. (\u2026) w lipcu 1983 roku zagra\u0142 Klaus Schulze, a jeszcze w tym samym roku nad Wis\u0142\u0119 zawita\u0142 Tangerine Dream, a koncert na Torwarze zosta\u0142 udokumentowany na albumie \u201ePoland \u2013 The Warsaw &hellip; <\/p>\n<p class=\"link-more\"><a href=\"https:\/\/pracownia52.pl\/www\/?page_id=4723\" class=\"more-link\">Czytaj dalej<span class=\"screen-reader-text\"> \u201eTangerine Dream\u201d<\/span><\/a><\/p>\n","protected":false},"author":1,"featured_media":9257,"parent":0,"menu_order":0,"comment_status":"closed","ping_status":"open","template":"","meta":{"footnotes":""},"class_list":["post-4723","page","type-page","status-publish","has-post-thumbnail","hentry"],"_links":{"self":[{"href":"https:\/\/pracownia52.pl\/www\/index.php?rest_route=\/wp\/v2\/pages\/4723","targetHints":{"allow":["GET"]}}],"collection":[{"href":"https:\/\/pracownia52.pl\/www\/index.php?rest_route=\/wp\/v2\/pages"}],"about":[{"href":"https:\/\/pracownia52.pl\/www\/index.php?rest_route=\/wp\/v2\/types\/page"}],"author":[{"embeddable":true,"href":"https:\/\/pracownia52.pl\/www\/index.php?rest_route=\/wp\/v2\/users\/1"}],"replies":[{"embeddable":true,"href":"https:\/\/pracownia52.pl\/www\/index.php?rest_route=%2Fwp%2Fv2%2Fcomments&post=4723"}],"version-history":[{"count":7,"href":"https:\/\/pracownia52.pl\/www\/index.php?rest_route=\/wp\/v2\/pages\/4723\/revisions"}],"predecessor-version":[{"id":9361,"href":"https:\/\/pracownia52.pl\/www\/index.php?rest_route=\/wp\/v2\/pages\/4723\/revisions\/9361"}],"wp:featuredmedia":[{"embeddable":true,"href":"https:\/\/pracownia52.pl\/www\/index.php?rest_route=\/wp\/v2\/media\/9257"}],"wp:attachment":[{"href":"https:\/\/pracownia52.pl\/www\/index.php?rest_route=%2Fwp%2Fv2%2Fmedia&parent=4723"}],"curies":[{"name":"wp","href":"https:\/\/api.w.org\/{rel}","templated":true}]}}