{"id":474,"date":"2010-06-12T10:54:11","date_gmt":"2010-06-12T10:54:11","guid":{"rendered":"http:\/\/pracownia52.pl\/www\/?page_id=474"},"modified":"2010-06-13T06:36:45","modified_gmt":"2010-06-13T06:36:45","slug":"manager","status":"publish","type":"page","link":"https:\/\/pracownia52.pl\/www\/?page_id=474","title":{"rendered":"Manager"},"content":{"rendered":"<p>d\u0142u\u017csza wsp\u00f3\u0142praca. logogram, projekt uk\u0142adu n-ru, kolejne ok\u0142adki, ilustracje, og\u00f3lna opieka i sk\u0142ad \u2013 wg naszej makiety; do czasu sprzeda\u017cy tytu\u0142u (jakiemu\u015b niemieckiemu wydawnictwu).<br \/>\n[mrm]<br \/>\n<img loading=\"lazy\" decoding=\"async\" src=\"http:\/\/pracownia52.pl\/www\/wp-content\/uploads\/2010\/06\/normal_manager-4-2001.jpg\" alt=\"\" title=\"normal_manager-4-2001\" width=\"450\" height=\"641\" border\"0\" \/><\/p>\n","protected":false},"excerpt":{"rendered":"<p>d\u0142u\u017csza wsp\u00f3\u0142praca. logogram, projekt uk\u0142adu n-ru, kolejne ok\u0142adki, ilustracje, og\u00f3lna opieka i sk\u0142ad \u2013 wg naszej makiety; do czasu sprzeda\u017cy tytu\u0142u (jakiemu\u015b niemieckiemu wydawnictwu). [mrm]<\/p>\n","protected":false},"author":1,"featured_media":0,"parent":0,"menu_order":3,"comment_status":"closed","ping_status":"open","template":"","meta":{"footnotes":""},"class_list":["post-474","page","type-page","status-publish","hentry"],"_links":{"self":[{"href":"https:\/\/pracownia52.pl\/www\/index.php?rest_route=\/wp\/v2\/pages\/474","targetHints":{"allow":["GET"]}}],"collection":[{"href":"https:\/\/pracownia52.pl\/www\/index.php?rest_route=\/wp\/v2\/pages"}],"about":[{"href":"https:\/\/pracownia52.pl\/www\/index.php?rest_route=\/wp\/v2\/types\/page"}],"author":[{"embeddable":true,"href":"https:\/\/pracownia52.pl\/www\/index.php?rest_route=\/wp\/v2\/users\/1"}],"replies":[{"embeddable":true,"href":"https:\/\/pracownia52.pl\/www\/index.php?rest_route=%2Fwp%2Fv2%2Fcomments&post=474"}],"version-history":[{"count":5,"href":"https:\/\/pracownia52.pl\/www\/index.php?rest_route=\/wp\/v2\/pages\/474\/revisions"}],"predecessor-version":[{"id":922,"href":"https:\/\/pracownia52.pl\/www\/index.php?rest_route=\/wp\/v2\/pages\/474\/revisions\/922"}],"wp:attachment":[{"href":"https:\/\/pracownia52.pl\/www\/index.php?rest_route=%2Fwp%2Fv2%2Fmedia&parent=474"}],"curies":[{"name":"wp","href":"https:\/\/api.w.org\/{rel}","templated":true}]}}