{"id":4767,"date":"2015-03-07T10:30:53","date_gmt":"2015-03-07T10:30:53","guid":{"rendered":"http:\/\/pracownia52.pl\/www\/?page_id=4767"},"modified":"2018-12-29T17:32:22","modified_gmt":"2018-12-29T17:32:22","slug":"wybuch-w-rotundzie","status":"publish","type":"page","link":"https:\/\/pracownia52.pl\/www\/?page_id=4767","title":{"rendered":"wybuch w \u201eRotundzie\u201d"},"content":{"rendered":"\n<figure class=\"wp-block-image\"><a href=\"http:\/\/www.manufaktura-legenda.pl\/index.php?option=com_virtuemart&amp;view=productdetails&amp;virtuemart_product_id=17&amp;virtuemart_category_id=5\"><img loading=\"lazy\" decoding=\"async\" width=\"650\" height=\"973\" src=\"http:\/\/pracownia52.pl\/www\/wp-content\/uploads\/2015\/03\/rotunda-2-klatki-mont-650pxl.jpg\" alt=\"rotunda-2-klatki-mont-650pxl\" class=\"wp-image-4773\" srcset=\"https:\/\/pracownia52.pl\/www\/wp-content\/uploads\/2015\/03\/rotunda-2-klatki-mont-650pxl.jpg?v=1627123959 650w, https:\/\/pracownia52.pl\/www\/wp-content\/uploads\/2015\/03\/rotunda-2-klatki-mont-650pxl-200x300.jpg?v=1627123959 200w\" sizes=\"auto, (max-width: 650px) 100vw, 650px\" \/><\/a><\/figure>\n\n\n\n<p>wszystko jest <a href=\"http:\/\/pl.wikipedia.org\/wiki\/Wybuch_gazu_w_Rotundzie_PKO_w_Warszawie\">w wikipedii<\/a> oczywi\u015bcie.<br \/>(a to najwi\u0119ksze zdj\u0119cie \u2013 r\u00f3wnie\u017c w \u201e<a href=\"http:\/\/www.manufaktura-legenda.pl\/index.php?option=com_virtuemart&amp;view=productdetails&amp;virtuemart_product_id=17&amp;virtuemart_category_id=5\">Obok\u2026<\/a>\u201d)<br \/>mr m.<br \/><\/p>\n\n\n\n<ul class=\"wp-block-gallery columns-3 is-cropped wp-block-gallery-1 is-layout-flex wp-block-gallery-is-layout-flex\"><li class=\"blocks-gallery-item\"><figure><a href=\"https:\/\/pracownia52.pl\/www\/wp-content\/uploads\/2015\/03\/1979-rotunda-forum-wybuch-low-20.jpg\"><img loading=\"lazy\" decoding=\"async\" width=\"800\" height=\"539\" src=\"https:\/\/pracownia52.pl\/www\/wp-content\/uploads\/2015\/03\/1979-rotunda-forum-wybuch-low-20.jpg\" alt=\"\" data-id=\"4768\" class=\"wp-image-4768\" srcset=\"https:\/\/pracownia52.pl\/www\/wp-content\/uploads\/2015\/03\/1979-rotunda-forum-wybuch-low-20.jpg?v=1627123959 800w, https:\/\/pracownia52.pl\/www\/wp-content\/uploads\/2015\/03\/1979-rotunda-forum-wybuch-low-20-300x202.jpg?v=1627123959 300w, https:\/\/pracownia52.pl\/www\/wp-content\/uploads\/2015\/03\/1979-rotunda-forum-wybuch-low-20-768x517.jpg?v=1627123959 768w\" sizes=\"auto, (max-width: 767px) 89vw, (max-width: 1000px) 54vw, (max-width: 1071px) 543px, 580px\" \/><\/a><\/figure><\/li><li class=\"blocks-gallery-item\"><figure><a href=\"https:\/\/pracownia52.pl\/www\/wp-content\/uploads\/2015\/03\/1979-rotunda-wybuch-low-MO-21.jpg\"><img loading=\"lazy\" decoding=\"async\" width=\"800\" height=\"531\" src=\"https:\/\/pracownia52.pl\/www\/wp-content\/uploads\/2015\/03\/1979-rotunda-wybuch-low-MO-21.jpg\" alt=\"\" data-id=\"4769\" class=\"wp-image-4769\" srcset=\"https:\/\/pracownia52.pl\/www\/wp-content\/uploads\/2015\/03\/1979-rotunda-wybuch-low-MO-21.jpg?v=1627123959 800w, https:\/\/pracownia52.pl\/www\/wp-content\/uploads\/2015\/03\/1979-rotunda-wybuch-low-MO-21-300x199.jpg?v=1627123959 300w, https:\/\/pracownia52.pl\/www\/wp-content\/uploads\/2015\/03\/1979-rotunda-wybuch-low-MO-21-768x510.jpg?v=1627123959 768w\" sizes=\"auto, (max-width: 767px) 89vw, (max-width: 1000px) 54vw, (max-width: 1071px) 543px, 580px\" \/><\/a><\/figure><\/li><li class=\"blocks-gallery-item\"><figure><a href=\"https:\/\/pracownia52.pl\/www\/wp-content\/uploads\/2015\/03\/1979-rotunda-wybuch-tlum-low-22.jpg\"><img loading=\"lazy\" decoding=\"async\" width=\"800\" height=\"528\" src=\"https:\/\/pracownia52.pl\/www\/wp-content\/uploads\/2015\/03\/1979-rotunda-wybuch-tlum-low-22.jpg\" alt=\"\" data-id=\"4770\" class=\"wp-image-4770\" srcset=\"https:\/\/pracownia52.pl\/www\/wp-content\/uploads\/2015\/03\/1979-rotunda-wybuch-tlum-low-22.jpg?v=1627123959 800w, https:\/\/pracownia52.pl\/www\/wp-content\/uploads\/2015\/03\/1979-rotunda-wybuch-tlum-low-22-300x198.jpg?v=1627123959 300w, https:\/\/pracownia52.pl\/www\/wp-content\/uploads\/2015\/03\/1979-rotunda-wybuch-tlum-low-22-768x507.jpg?v=1627123959 768w\" sizes=\"auto, (max-width: 767px) 89vw, (max-width: 1000px) 54vw, (max-width: 1071px) 543px, 580px\" \/><\/a><\/figure><\/li><\/ul>\n\n\n\n<figure class=\"wp-block-image\"><img loading=\"lazy\" decoding=\"async\" width=\"1200\" height=\"802\" src=\"https:\/\/pracownia52.pl\/www\/wp-content\/uploads\/2015\/03\/003a-1979-luty-rotunda-v7oo-168-1200pxl.jpg\" alt=\"003a-1979-luty-rotunda-v7oo-168-1200pxl\" class=\"wp-image-5588\" srcset=\"https:\/\/pracownia52.pl\/www\/wp-content\/uploads\/2015\/03\/003a-1979-luty-rotunda-v7oo-168-1200pxl.jpg?v=1627123888 1200w, https:\/\/pracownia52.pl\/www\/wp-content\/uploads\/2015\/03\/003a-1979-luty-rotunda-v7oo-168-1200pxl-300x201.jpg?v=1627123888 300w, https:\/\/pracownia52.pl\/www\/wp-content\/uploads\/2015\/03\/003a-1979-luty-rotunda-v7oo-168-1200pxl-1024x684.jpg?v=1627123888 1024w, https:\/\/pracownia52.pl\/www\/wp-content\/uploads\/2015\/03\/003a-1979-luty-rotunda-v7oo-168-1200pxl-768x513.jpg?v=1627123888 768w\" sizes=\"auto, (max-width: 767px) 89vw, (max-width: 1000px) 54vw, (max-width: 1071px) 543px, 580px\" \/><\/figure>\n","protected":false},"excerpt":{"rendered":"<p>wszystko jest w wikipedii oczywi\u015bcie.(a to najwi\u0119ksze zdj\u0119cie \u2013 r\u00f3wnie\u017c w \u201eObok\u2026\u201d)mr m.<\/p>\n","protected":false},"author":1,"featured_media":0,"parent":2665,"menu_order":3,"comment_status":"closed","ping_status":"open","template":"","meta":{"footnotes":""},"class_list":["post-4767","page","type-page","status-publish","hentry"],"_links":{"self":[{"href":"https:\/\/pracownia52.pl\/www\/index.php?rest_route=\/wp\/v2\/pages\/4767","targetHints":{"allow":["GET"]}}],"collection":[{"href":"https:\/\/pracownia52.pl\/www\/index.php?rest_route=\/wp\/v2\/pages"}],"about":[{"href":"https:\/\/pracownia52.pl\/www\/index.php?rest_route=\/wp\/v2\/types\/page"}],"author":[{"embeddable":true,"href":"https:\/\/pracownia52.pl\/www\/index.php?rest_route=\/wp\/v2\/users\/1"}],"replies":[{"embeddable":true,"href":"https:\/\/pracownia52.pl\/www\/index.php?rest_route=%2Fwp%2Fv2%2Fcomments&post=4767"}],"version-history":[{"count":7,"href":"https:\/\/pracownia52.pl\/www\/index.php?rest_route=\/wp\/v2\/pages\/4767\/revisions"}],"predecessor-version":[{"id":8481,"href":"https:\/\/pracownia52.pl\/www\/index.php?rest_route=\/wp\/v2\/pages\/4767\/revisions\/8481"}],"up":[{"embeddable":true,"href":"https:\/\/pracownia52.pl\/www\/index.php?rest_route=\/wp\/v2\/pages\/2665"}],"wp:attachment":[{"href":"https:\/\/pracownia52.pl\/www\/index.php?rest_route=%2Fwp%2Fv2%2Fmedia&parent=4767"}],"curies":[{"name":"wp","href":"https:\/\/api.w.org\/{rel}","templated":true}]}}