{"id":480,"date":"2010-06-12T11:03:59","date_gmt":"2010-06-12T11:03:59","guid":{"rendered":"http:\/\/pracownia52.pl\/www\/?page_id=480"},"modified":"2012-06-29T06:14:16","modified_gmt":"2012-06-29T06:14:16","slug":"marcin-jacobson","status":"publish","type":"page","link":"https:\/\/pracownia52.pl\/www\/?page_id=480","title":{"rendered":"Marcin Jacobson"},"content":{"rendered":"<p>intensywna wsp\u00f3\u0142praca: od pocz\u0105tku lat 80 \u2013 do dzi\u015b \u2013 cho\u0107 nie bez konflikt\u00f3w, zaniecha\u0144 i wzajemnych\u2026 z Marcinem sp\u0119dzili\u015bmy ca\u0142e lata. na pracy \u2013 i nie tylko. \u015bwietny facet.<br \/>\nzob. te\u017c: Jarocin, krzak, d\u017cem, martyna jakubowicz, dzika kiszka, scena fm\u2026 oraz strona www  dla niego.<br \/>\na na zdj\u0119ciu: liczne, cho\u0107 jeszcze nie wszystkie \u2013 dzieci Jacobson\u00f3w, 1985 r.<br \/>\n\u2013 oraz <strong>Patrycja<\/strong>, c\u00f3rka Martyny i Andrzeja J.<br \/>\n[mrm]<br \/>\n<img loading=\"lazy\" decoding=\"async\" src=\"http:\/\/pracownia52.pl\/www\/wp-content\/uploads\/2010\/06\/dzieci-Jacobsonow-V-85.jpg\" alt=\"\" title=\"dzieci-Jacobsonow-V-85\" width=\"450\" height=\"643\" border\"0\" \/><\/p>\n","protected":false},"excerpt":{"rendered":"<p>intensywna wsp\u00f3\u0142praca: od pocz\u0105tku lat 80 \u2013 do dzi\u015b \u2013 cho\u0107 nie bez konflikt\u00f3w, zaniecha\u0144 i wzajemnych\u2026 z Marcinem sp\u0119dzili\u015bmy ca\u0142e lata. na pracy \u2013 i nie tylko. \u015bwietny facet. zob. te\u017c: Jarocin, krzak, d\u017cem, martyna jakubowicz, dzika kiszka, scena fm\u2026 oraz strona www dla niego. a na zdj\u0119ciu: liczne, cho\u0107 jeszcze nie wszystkie \u2013 &hellip; <\/p>\n<p class=\"link-more\"><a href=\"https:\/\/pracownia52.pl\/www\/?page_id=480\" class=\"more-link\">Czytaj dalej<span class=\"screen-reader-text\"> \u201eMarcin Jacobson\u201d<\/span><\/a><\/p>\n","protected":false},"author":1,"featured_media":0,"parent":0,"menu_order":0,"comment_status":"closed","ping_status":"open","template":"","meta":{"footnotes":""},"class_list":["post-480","page","type-page","status-publish","hentry"],"_links":{"self":[{"href":"https:\/\/pracownia52.pl\/www\/index.php?rest_route=\/wp\/v2\/pages\/480","targetHints":{"allow":["GET"]}}],"collection":[{"href":"https:\/\/pracownia52.pl\/www\/index.php?rest_route=\/wp\/v2\/pages"}],"about":[{"href":"https:\/\/pracownia52.pl\/www\/index.php?rest_route=\/wp\/v2\/types\/page"}],"author":[{"embeddable":true,"href":"https:\/\/pracownia52.pl\/www\/index.php?rest_route=\/wp\/v2\/users\/1"}],"replies":[{"embeddable":true,"href":"https:\/\/pracownia52.pl\/www\/index.php?rest_route=%2Fwp%2Fv2%2Fcomments&post=480"}],"version-history":[{"count":7,"href":"https:\/\/pracownia52.pl\/www\/index.php?rest_route=\/wp\/v2\/pages\/480\/revisions"}],"predecessor-version":[{"id":2879,"href":"https:\/\/pracownia52.pl\/www\/index.php?rest_route=\/wp\/v2\/pages\/480\/revisions\/2879"}],"wp:attachment":[{"href":"https:\/\/pracownia52.pl\/www\/index.php?rest_route=%2Fwp%2Fv2%2Fmedia&parent=480"}],"curies":[{"name":"wp","href":"https:\/\/api.w.org\/{rel}","templated":true}]}}