{"id":4852,"date":"2015-05-28T09:36:23","date_gmt":"2015-05-28T09:36:23","guid":{"rendered":"http:\/\/pracownia52.pl\/www\/?page_id=4852"},"modified":"2023-01-20T15:54:00","modified_gmt":"2023-01-20T15:54:00","slug":"jugoslawia-dawna","status":"publish","type":"page","link":"https:\/\/pracownia52.pl\/www\/?page_id=4852","title":{"rendered":"jugos\u0142awia (dawna)"},"content":{"rendered":"\n<p>taki <strong><a href=\"https:\/\/pracownia52.pl\/www\/?page_id=5225\" data-type=\"URL\" data-id=\"https:\/\/pracownia52.pl\/www\/?page_id=5225\">wyjazd<\/a><\/strong>, grupowa wycieczka, d\u0142ugo opisywa\u0107, to 1985 rok.<br \/>mr m.<\/p>\n\n\n\n<blockquote><p><strong>Marian Nevesel\u00fd<\/strong> (facebook, 2015)<br \/>ze \u015bwiata, kt\u00f3rego ju\u017c nie ma:<br \/>w Ni\u0161u, w \u0142adnym klubie studenckim granie by\u0142o zimne, og\u00f3lnie jaka\u015b zima, za to w Leskovacu bardzo hot, panienki \u015bci\u0105ga\u0142y biustonosze i wywija\u0142y nimi, a syn w\u0142a\u015bciciela monopolowego otwar\u0142 w nocy sklep tylko dla nas, wszystko gratis, wed\u0142ug gustu,<br \/>leskovacanie, rokersi, nazywali niszowian &#8211; szminkersi.<br \/>tym bardziej cieszy\u0142 numer Giera, do kt\u00f3rego stukn\u0105\u0142 w Niszu handlarz drag\u00f3w z nadziej\u0105 na du\u017cy eksport, Gier wzi\u0105\u0142 od niego sporo z ka\u017cdego gatunku, na pr\u00f3b\u0119, zosta\u0142o weso\u0142o skonsumowane, po czym Gier mu oznajmi\u0142, \u017ce sorry Winnetou, ale kiepski towar i nie we\u017amie.<br \/>Pan Miros\u0142aw pami\u0119ta.<strong>makowski<\/strong><br \/><\/p><ol>nie. (znaczy; niewiele.)<\/ol><p>(\u2026)<\/p><\/blockquote>\n\n\n\n<p>\u2026<br \/>u-Aktualnienie:<br \/>nieco \/ sporo wi\u0119cej z tamtego wyjazdu \u2013 w ksi\u0105\u017cce <a href=\"https:\/\/pracownia52.pl\/www\/?p=7072\"><strong>Rafa\u0142a \/ Mariana<\/strong><\/a> (2017), wraz z wymian\u0105 (fragment\u00f3w) wspomnie\u0144\u2026<br \/>mr m.<\/p>\n\n\n\n<figure class=\"wp-block-gallery has-nested-images columns-3 is-cropped wp-block-gallery-1 is-layout-flex wp-block-gallery-is-layout-flex\">\n<figure class=\"wp-block-image\"><a href=\"https:\/\/pracownia52.pl\/www\/wp-content\/uploads\/2015\/05\/All-Jugo-85-32.jpg\"><img loading=\"lazy\" decoding=\"async\" width=\"500\" height=\"374\" data-id=\"4855\" src=\"https:\/\/pracownia52.pl\/www\/wp-content\/uploads\/2015\/05\/All-Jugo-85-32.jpg\" alt=\"\" class=\"wp-image-4855\" srcset=\"https:\/\/pracownia52.pl\/www\/wp-content\/uploads\/2015\/05\/All-Jugo-85-32.jpg?v=1627123946 500w, https:\/\/pracownia52.pl\/www\/wp-content\/uploads\/2015\/05\/All-Jugo-85-32-300x224.jpg?v=1627123946 300w\" sizes=\"auto, (max-width: 500px) 100vw, 500px\" \/><\/a><\/figure>\n\n\n\n<figure class=\"wp-block-image\"><a href=\"https:\/\/pracownia52.pl\/www\/wp-content\/uploads\/2015\/05\/MJjugoslawia1985-613cmnmod.jpg\"><img loading=\"lazy\" decoding=\"async\" width=\"537\" height=\"800\" data-id=\"4857\" src=\"https:\/\/pracownia52.pl\/www\/wp-content\/uploads\/2015\/05\/MJjugoslawia1985-613cmnmod.jpg\" alt=\"\" class=\"wp-image-4857\" srcset=\"https:\/\/pracownia52.pl\/www\/wp-content\/uploads\/2015\/05\/MJjugoslawia1985-613cmnmod.jpg?v=1627123946 537w, https:\/\/pracownia52.pl\/www\/wp-content\/uploads\/2015\/05\/MJjugoslawia1985-613cmnmod-201x300.jpg?v=1627123946 201w\" sizes=\"auto, (max-width: 537px) 100vw, 537px\" \/><\/a><\/figure>\n\n\n\n<figure class=\"wp-block-image\"><a href=\"https:\/\/pracownia52.pl\/www\/wp-content\/uploads\/2015\/05\/land-Jugo-85-22.jpg\"><img loading=\"lazy\" decoding=\"async\" width=\"500\" height=\"374\" data-id=\"4856\" src=\"https:\/\/pracownia52.pl\/www\/wp-content\/uploads\/2015\/05\/land-Jugo-85-22.jpg\" alt=\"\" class=\"wp-image-4856\" srcset=\"https:\/\/pracownia52.pl\/www\/wp-content\/uploads\/2015\/05\/land-Jugo-85-22.jpg?v=1627123946 500w, https:\/\/pracownia52.pl\/www\/wp-content\/uploads\/2015\/05\/land-Jugo-85-22-300x224.jpg?v=1627123946 300w\" sizes=\"auto, (max-width: 500px) 100vw, 500px\" \/><\/a><\/figure>\n<\/figure>\n","protected":false},"excerpt":{"rendered":"<p>taki wyjazd, grupowa wycieczka, d\u0142ugo opisywa\u0107, to 1985 rok.mr m. Marian Nevesel\u00fd (facebook, 2015)ze \u015bwiata, kt\u00f3rego ju\u017c nie ma:w Ni\u0161u, w \u0142adnym klubie studenckim granie by\u0142o zimne, og\u00f3lnie jaka\u015b zima, za to w Leskovacu bardzo hot, panienki \u015bci\u0105ga\u0142y biustonosze i wywija\u0142y nimi, a syn w\u0142a\u015bciciela monopolowego otwar\u0142 w nocy sklep tylko dla nas, wszystko gratis, &hellip; <\/p>\n<p class=\"link-more\"><a href=\"https:\/\/pracownia52.pl\/www\/?page_id=4852\" class=\"more-link\">Czytaj dalej<span class=\"screen-reader-text\"> \u201ejugos\u0142awia (dawna)\u201d<\/span><\/a><\/p>\n","protected":false},"author":1,"featured_media":4854,"parent":0,"menu_order":0,"comment_status":"closed","ping_status":"open","template":"","meta":{"footnotes":""},"class_list":["post-4852","page","type-page","status-publish","has-post-thumbnail","hentry"],"_links":{"self":[{"href":"https:\/\/pracownia52.pl\/www\/index.php?rest_route=\/wp\/v2\/pages\/4852","targetHints":{"allow":["GET"]}}],"collection":[{"href":"https:\/\/pracownia52.pl\/www\/index.php?rest_route=\/wp\/v2\/pages"}],"about":[{"href":"https:\/\/pracownia52.pl\/www\/index.php?rest_route=\/wp\/v2\/types\/page"}],"author":[{"embeddable":true,"href":"https:\/\/pracownia52.pl\/www\/index.php?rest_route=\/wp\/v2\/users\/1"}],"replies":[{"embeddable":true,"href":"https:\/\/pracownia52.pl\/www\/index.php?rest_route=%2Fwp%2Fv2%2Fcomments&post=4852"}],"version-history":[{"count":11,"href":"https:\/\/pracownia52.pl\/www\/index.php?rest_route=\/wp\/v2\/pages\/4852\/revisions"}],"predecessor-version":[{"id":10182,"href":"https:\/\/pracownia52.pl\/www\/index.php?rest_route=\/wp\/v2\/pages\/4852\/revisions\/10182"}],"wp:featuredmedia":[{"embeddable":true,"href":"https:\/\/pracownia52.pl\/www\/index.php?rest_route=\/wp\/v2\/media\/4854"}],"wp:attachment":[{"href":"https:\/\/pracownia52.pl\/www\/index.php?rest_route=%2Fwp%2Fv2%2Fmedia&parent=4852"}],"curies":[{"name":"wp","href":"https:\/\/api.w.org\/{rel}","templated":true}]}}