{"id":487,"date":"2010-06-12T11:22:35","date_gmt":"2010-06-12T11:22:35","guid":{"rendered":"http:\/\/pracownia52.pl\/www\/?page_id=487"},"modified":"2019-01-04T13:13:09","modified_gmt":"2019-01-04T13:13:09","slug":"marek-sniec","status":"publish","type":"page","link":"https:\/\/pracownia52.pl\/www\/?page_id=487","title":{"rendered":"Marek \u015anie\u0107"},"content":{"rendered":"\n<p>Troch\u0119 zdj\u0119\u0107, plakat. Znakomity facet i \u015bwietny wykonawca country. do\u015b\u0107 niepokorny facet \u2013 dlatego zapewne nie zrobi\u0142 kariery. pami\u0119tam, sam przy tym by\u0142em, gdy pewnemu Bardzo Wa\u017cnemu Aktywi\u015bcie i Menad\u017cerowi, publicznie, przy innych, powiedzia\u0142, nie bez powodu zreszt\u0105: <em> K(\u2026), ty psi chuju\u2026<\/em>. A tamten si\u0119 tylko u\u015bmiechn\u0105\u0142, jakby deszcz pada\u0142.<br \/>Marek je\u017adzi\u0142, gra\u0142, nagrywa\u0142 z <a href=\"https:\/\/pracownia52.pl\/www\/?page_id=416\"><strong>Krzakiem<\/strong><\/a>. gra\u0142 ch\u0119tnie \u2013 mimo r\u00f3\u017cnych z\u0142ych ludzkich g\u0142os\u00f3w \u2013 z Januszem Laskowskim\u2026 Szkoda, \u017ce ju\u017c nie gra. (ale pono\u0107 kieruje Wielkimi Ci\u0119\u017car\u00f3wkami! jednak country ;\u2013)<br \/> \u2026<br \/> drugie zdj\u0119cie te\u017c ciekawe \u2013 1983, \u201e<a href=\"https:\/\/pracownia52.pl\/www\/?page_id=3712\"><strong>Rock Arena<\/strong><\/a>&#8221; w Poznaniu \u2013 Marek i \u201eSkandal&#8221; z SS20 (p\u00f3\u017an. <a href=\"https:\/\/pracownia52.pl\/www\/?page_id=2\"><strong>Dezerter<\/strong><\/a>)<br \/> mr m.<br \/> \u2026<br \/> dodatki: zob. te\u017c <a href=\"https:\/\/pracownia52.pl\/www\/?page_id=7183\">Mr\u0105gowo 1983<\/a>, gdzie grali w duecie z <a href=\"https:\/\/pracownia52.pl\/www\/?page_id=1639\"><strong>Rafa\u0142em R\u0119kosiewiczem<\/strong><\/a>.<br \/> <\/p>\n\n\n\n<ul class=\"wp-block-gallery columns-3 is-cropped wp-block-gallery-1 is-layout-flex wp-block-gallery-is-layout-flex\"><li class=\"blocks-gallery-item\"><figure><img loading=\"lazy\" decoding=\"async\" width=\"500\" height=\"343\" src=\"https:\/\/pracownia52.pl\/www\/wp-content\/uploads\/2010\/06\/M-Sniec-2-karpacz-82.jpg\" alt=\"\" data-id=\"493\" class=\"wp-image-493\" srcset=\"https:\/\/pracownia52.pl\/www\/wp-content\/uploads\/2010\/06\/M-Sniec-2-karpacz-82.jpg?v=1627124304 500w, https:\/\/pracownia52.pl\/www\/wp-content\/uploads\/2010\/06\/M-Sniec-2-karpacz-82-300x206.jpg?v=1627124304 300w\" sizes=\"auto, (max-width: 500px) 100vw, 500px\" \/><\/figure><\/li><li class=\"blocks-gallery-item\"><figure><img loading=\"lazy\" decoding=\"async\" width=\"800\" height=\"538\" src=\"https:\/\/pracownia52.pl\/www\/wp-content\/uploads\/2010\/06\/1983-rock-arena-marek-sniec-skandal-chyba-1.jpg\" alt=\"\" data-id=\"491\" class=\"wp-image-491\" srcset=\"https:\/\/pracownia52.pl\/www\/wp-content\/uploads\/2010\/06\/1983-rock-arena-marek-sniec-skandal-chyba-1.jpg?v=1627124304 800w, https:\/\/pracownia52.pl\/www\/wp-content\/uploads\/2010\/06\/1983-rock-arena-marek-sniec-skandal-chyba-1-300x202.jpg?v=1627124304 300w, https:\/\/pracownia52.pl\/www\/wp-content\/uploads\/2010\/06\/1983-rock-arena-marek-sniec-skandal-chyba-1-768x516.jpg?v=1627124304 768w\" sizes=\"auto, (max-width: 767px) 89vw, (max-width: 1000px) 54vw, (max-width: 1071px) 543px, 580px\" \/><\/figure><\/li><\/ul>\n","protected":false},"excerpt":{"rendered":"<p>Troch\u0119 zdj\u0119\u0107, plakat. Znakomity facet i \u015bwietny wykonawca country. do\u015b\u0107 niepokorny facet \u2013 dlatego zapewne nie zrobi\u0142 kariery. pami\u0119tam, sam przy tym by\u0142em, gdy pewnemu Bardzo Wa\u017cnemu Aktywi\u015bcie i Menad\u017cerowi, publicznie, przy innych, powiedzia\u0142, nie bez powodu zreszt\u0105: K(\u2026), ty psi chuju\u2026. A tamten si\u0119 tylko u\u015bmiechn\u0105\u0142, jakby deszcz pada\u0142.Marek je\u017adzi\u0142, gra\u0142, nagrywa\u0142 z Krzakiem. &hellip; <\/p>\n<p class=\"link-more\"><a href=\"https:\/\/pracownia52.pl\/www\/?page_id=487\" class=\"more-link\">Czytaj dalej<span class=\"screen-reader-text\"> \u201eMarek \u015anie\u0107\u201d<\/span><\/a><\/p>\n","protected":false},"author":1,"featured_media":0,"parent":0,"menu_order":0,"comment_status":"closed","ping_status":"open","template":"","meta":{"footnotes":""},"class_list":["post-487","page","type-page","status-publish","hentry"],"_links":{"self":[{"href":"https:\/\/pracownia52.pl\/www\/index.php?rest_route=\/wp\/v2\/pages\/487","targetHints":{"allow":["GET"]}}],"collection":[{"href":"https:\/\/pracownia52.pl\/www\/index.php?rest_route=\/wp\/v2\/pages"}],"about":[{"href":"https:\/\/pracownia52.pl\/www\/index.php?rest_route=\/wp\/v2\/types\/page"}],"author":[{"embeddable":true,"href":"https:\/\/pracownia52.pl\/www\/index.php?rest_route=\/wp\/v2\/users\/1"}],"replies":[{"embeddable":true,"href":"https:\/\/pracownia52.pl\/www\/index.php?rest_route=%2Fwp%2Fv2%2Fcomments&post=487"}],"version-history":[{"count":16,"href":"https:\/\/pracownia52.pl\/www\/index.php?rest_route=\/wp\/v2\/pages\/487\/revisions"}],"predecessor-version":[{"id":8585,"href":"https:\/\/pracownia52.pl\/www\/index.php?rest_route=\/wp\/v2\/pages\/487\/revisions\/8585"}],"wp:attachment":[{"href":"https:\/\/pracownia52.pl\/www\/index.php?rest_route=%2Fwp%2Fv2%2Fmedia&parent=487"}],"curies":[{"name":"wp","href":"https:\/\/api.w.org\/{rel}","templated":true}]}}