{"id":4941,"date":"2015-09-13T17:13:39","date_gmt":"2015-09-13T17:13:39","guid":{"rendered":"http:\/\/pracownia52.pl\/www\/?page_id=4941"},"modified":"2019-09-03T16:03:59","modified_gmt":"2019-09-03T16:03:59","slug":"wrzeszcz","status":"publish","type":"page","link":"https:\/\/pracownia52.pl\/www\/?page_id=4941","title":{"rendered":"wrzeszcz i okolice"},"content":{"rendered":"\n<p>zdj\u0119cia cyfrowe, od 2011 roku, r\u00f3\u017cne. a wi\u0119cej: <a href=\"http:\/\/ooops.pl\/?s=wrzeszcz\">tam<\/a>\u2026<br \/>zobaczcie te\u017c <a href=\"https:\/\/pracownia52.pl\/www\/?page_id=5391\"><strong>gda\u0144sk<\/strong><\/a> (lata 70., pocz\u0105tek)<br \/>mr m.<\/p>\n\n\n\n<ul class=\"wp-block-gallery columns-6 is-cropped wp-block-gallery-1 is-layout-flex wp-block-gallery-is-layout-flex\"><li class=\"blocks-gallery-item\"><figure><a href=\"https:\/\/pracownia52.pl\/www\/wp-content\/uploads\/2015\/09\/parking-Cristal-wrzeszcz-stan-2016.jpg\"><img loading=\"lazy\" decoding=\"async\" width=\"960\" height=\"960\" src=\"https:\/\/pracownia52.pl\/www\/wp-content\/uploads\/2015\/09\/parking-Cristal-wrzeszcz-stan-2016.jpg\" alt=\"\" data-id=\"5237\" class=\"wp-image-5237\" srcset=\"https:\/\/pracownia52.pl\/www\/wp-content\/uploads\/2015\/09\/parking-Cristal-wrzeszcz-stan-2016.jpg?v=1627123915 960w, https:\/\/pracownia52.pl\/www\/wp-content\/uploads\/2015\/09\/parking-Cristal-wrzeszcz-stan-2016-300x300.jpg?v=1627123915 300w, https:\/\/pracownia52.pl\/www\/wp-content\/uploads\/2015\/09\/parking-Cristal-wrzeszcz-stan-2016-150x150.jpg?v=1627123915 150w, https:\/\/pracownia52.pl\/www\/wp-content\/uploads\/2015\/09\/parking-Cristal-wrzeszcz-stan-2016-768x768.jpg?v=1627123915 768w, https:\/\/pracownia52.pl\/www\/wp-content\/uploads\/2015\/09\/parking-Cristal-wrzeszcz-stan-2016-75x75.jpg?v=1627123915 75w\" sizes=\"auto, (max-width: 767px) 89vw, (max-width: 1000px) 54vw, (max-width: 1071px) 543px, 580px\" \/><\/a><\/figure><\/li><li class=\"blocks-gallery-item\"><figure><a href=\"https:\/\/pracownia52.pl\/www\/wp-content\/uploads\/2015\/09\/kotek-z-dolnego-wrzeszcza.jpg\"><img loading=\"lazy\" decoding=\"async\" width=\"1200\" height=\"900\" src=\"https:\/\/pracownia52.pl\/www\/wp-content\/uploads\/2015\/09\/kotek-z-dolnego-wrzeszcza.jpg\" alt=\"\" data-id=\"4943\" class=\"wp-image-4943\" srcset=\"https:\/\/pracownia52.pl\/www\/wp-content\/uploads\/2015\/09\/kotek-z-dolnego-wrzeszcza.jpg?v=1627123939 1200w, https:\/\/pracownia52.pl\/www\/wp-content\/uploads\/2015\/09\/kotek-z-dolnego-wrzeszcza-300x225.jpg?v=1627123939 300w, https:\/\/pracownia52.pl\/www\/wp-content\/uploads\/2015\/09\/kotek-z-dolnego-wrzeszcza-1024x768.jpg?v=1627123939 1024w, https:\/\/pracownia52.pl\/www\/wp-content\/uploads\/2015\/09\/kotek-z-dolnego-wrzeszcza-768x576.jpg?v=1627123939 768w\" sizes=\"auto, (max-width: 767px) 89vw, (max-width: 1000px) 54vw, (max-width: 1071px) 543px, 580px\" \/><\/a><\/figure><\/li><li class=\"blocks-gallery-item\"><figure><a href=\"https:\/\/pracownia52.pl\/www\/wp-content\/uploads\/2015\/09\/pozegnanie-jesieni.jpg\"><img loading=\"lazy\" decoding=\"async\" width=\"1200\" height=\"900\" src=\"https:\/\/pracownia52.pl\/www\/wp-content\/uploads\/2015\/09\/pozegnanie-jesieni.jpg\" alt=\"\" data-id=\"4944\" class=\"wp-image-4944\" srcset=\"https:\/\/pracownia52.pl\/www\/wp-content\/uploads\/2015\/09\/pozegnanie-jesieni.jpg?v=1627123938 1200w, https:\/\/pracownia52.pl\/www\/wp-content\/uploads\/2015\/09\/pozegnanie-jesieni-300x225.jpg?v=1627123938 300w, https:\/\/pracownia52.pl\/www\/wp-content\/uploads\/2015\/09\/pozegnanie-jesieni-1024x768.jpg?v=1627123938 1024w, https:\/\/pracownia52.pl\/www\/wp-content\/uploads\/2015\/09\/pozegnanie-jesieni-768x576.jpg?v=1627123938 768w\" sizes=\"auto, (max-width: 767px) 89vw, (max-width: 1000px) 54vw, (max-width: 1071px) 543px, 580px\" \/><\/a><\/figure><\/li><li class=\"blocks-gallery-item\"><figure><a href=\"https:\/\/pracownia52.pl\/www\/wp-content\/uploads\/2015\/09\/patryjotycznie-bardzo-2014.jpg\"><img loading=\"lazy\" decoding=\"async\" width=\"800\" height=\"600\" src=\"https:\/\/pracownia52.pl\/www\/wp-content\/uploads\/2015\/09\/patryjotycznie-bardzo-2014.jpg\" alt=\"\" data-id=\"4948\" class=\"wp-image-4948\" srcset=\"https:\/\/pracownia52.pl\/www\/wp-content\/uploads\/2015\/09\/patryjotycznie-bardzo-2014.jpg?v=1627123938 800w, https:\/\/pracownia52.pl\/www\/wp-content\/uploads\/2015\/09\/patryjotycznie-bardzo-2014-300x225.jpg?v=1627123938 300w, https:\/\/pracownia52.pl\/www\/wp-content\/uploads\/2015\/09\/patryjotycznie-bardzo-2014-768x576.jpg?v=1627123938 768w\" sizes=\"auto, (max-width: 767px) 89vw, (max-width: 1000px) 54vw, (max-width: 1071px) 543px, 580px\" \/><\/a><\/figure><\/li><li class=\"blocks-gallery-item\"><figure><a href=\"https:\/\/pracownia52.pl\/www\/wp-content\/uploads\/2015\/09\/rok-budowy-1914-wrzeszcz-zaspa-wiadukt-SKM-wrze-2013.jpg\"><img loading=\"lazy\" decoding=\"async\" width=\"750\" height=\"563\" src=\"https:\/\/pracownia52.pl\/www\/wp-content\/uploads\/2015\/09\/rok-budowy-1914-wrzeszcz-zaspa-wiadukt-SKM-wrze-2013.jpg\" alt=\"\" data-id=\"4950\" class=\"wp-image-4950\" srcset=\"https:\/\/pracownia52.pl\/www\/wp-content\/uploads\/2015\/09\/rok-budowy-1914-wrzeszcz-zaspa-wiadukt-SKM-wrze-2013.jpg?v=1627123938 750w, https:\/\/pracownia52.pl\/www\/wp-content\/uploads\/2015\/09\/rok-budowy-1914-wrzeszcz-zaspa-wiadukt-SKM-wrze-2013-300x225.jpg?v=1627123938 300w\" sizes=\"auto, (max-width: 706px) 89vw, (max-width: 767px) 82vw, 740px\" \/><\/a><\/figure><\/li><li class=\"blocks-gallery-item\"><figure><a href=\"https:\/\/pracownia52.pl\/www\/wp-content\/uploads\/2015\/09\/wrzeszcz-kolorami.jpg\"><img loading=\"lazy\" decoding=\"async\" width=\"800\" height=\"600\" src=\"https:\/\/pracownia52.pl\/www\/wp-content\/uploads\/2015\/09\/wrzeszcz-kolorami.jpg\" alt=\"\" data-id=\"4951\" class=\"wp-image-4951\" srcset=\"https:\/\/pracownia52.pl\/www\/wp-content\/uploads\/2015\/09\/wrzeszcz-kolorami.jpg?v=1627123937 800w, https:\/\/pracownia52.pl\/www\/wp-content\/uploads\/2015\/09\/wrzeszcz-kolorami-300x225.jpg?v=1627123937 300w, https:\/\/pracownia52.pl\/www\/wp-content\/uploads\/2015\/09\/wrzeszcz-kolorami-768x576.jpg?v=1627123937 768w\" sizes=\"auto, (max-width: 767px) 89vw, (max-width: 1000px) 54vw, (max-width: 1071px) 543px, 580px\" \/><\/a><\/figure><\/li><li class=\"blocks-gallery-item\"><figure><a href=\"https:\/\/pracownia52.pl\/www\/wp-content\/uploads\/2015\/09\/izba-wytrzezwien-wrzeszcz.jpg\"><img loading=\"lazy\" decoding=\"async\" width=\"800\" height=\"600\" src=\"https:\/\/pracownia52.pl\/www\/wp-content\/uploads\/2015\/09\/izba-wytrzezwien-wrzeszcz.jpg\" alt=\"\" data-id=\"4952\" class=\"wp-image-4952\" srcset=\"https:\/\/pracownia52.pl\/www\/wp-content\/uploads\/2015\/09\/izba-wytrzezwien-wrzeszcz.jpg?v=1627123937 800w, https:\/\/pracownia52.pl\/www\/wp-content\/uploads\/2015\/09\/izba-wytrzezwien-wrzeszcz-300x225.jpg?v=1627123937 300w, https:\/\/pracownia52.pl\/www\/wp-content\/uploads\/2015\/09\/izba-wytrzezwien-wrzeszcz-768x576.jpg?v=1627123937 768w\" sizes=\"auto, (max-width: 767px) 89vw, (max-width: 1000px) 54vw, (max-width: 1071px) 543px, 580px\" \/><\/a><\/figure><\/li><li class=\"blocks-gallery-item\"><figure><a href=\"https:\/\/pracownia52.pl\/www\/wp-content\/uploads\/2015\/09\/dolny-wrzeszcz-2013-403-magiel.jpg\"><img loading=\"lazy\" decoding=\"async\" width=\"750\" height=\"1000\" src=\"https:\/\/pracownia52.pl\/www\/wp-content\/uploads\/2015\/09\/dolny-wrzeszcz-2013-403-magiel.jpg\" alt=\"\" data-id=\"4953\" class=\"wp-image-4953\" srcset=\"https:\/\/pracownia52.pl\/www\/wp-content\/uploads\/2015\/09\/dolny-wrzeszcz-2013-403-magiel.jpg?v=1627123937 750w, https:\/\/pracownia52.pl\/www\/wp-content\/uploads\/2015\/09\/dolny-wrzeszcz-2013-403-magiel-225x300.jpg?v=1627123937 225w\" sizes=\"auto, (max-width: 706px) 89vw, (max-width: 767px) 82vw, 740px\" \/><\/a><\/figure><\/li><li class=\"blocks-gallery-item\"><figure><a href=\"https:\/\/pracownia52.pl\/www\/wp-content\/uploads\/2015\/09\/galeria-baltycka-wrzeszcz.jpg\"><img loading=\"lazy\" decoding=\"async\" width=\"750\" height=\"1000\" src=\"https:\/\/pracownia52.pl\/www\/wp-content\/uploads\/2015\/09\/galeria-baltycka-wrzeszcz.jpg\" alt=\"\" data-id=\"4954\" class=\"wp-image-4954\" srcset=\"https:\/\/pracownia52.pl\/www\/wp-content\/uploads\/2015\/09\/galeria-baltycka-wrzeszcz.jpg?v=1627123937 750w, https:\/\/pracownia52.pl\/www\/wp-content\/uploads\/2015\/09\/galeria-baltycka-wrzeszcz-225x300.jpg?v=1627123937 225w\" sizes=\"auto, (max-width: 706px) 89vw, (max-width: 767px) 82vw, 740px\" \/><\/a><\/figure><\/li><li class=\"blocks-gallery-item\"><figure><a href=\"https:\/\/pracownia52.pl\/www\/wp-content\/uploads\/2015\/09\/profilowe-krolewska-dolina-a-nie-wrzeszcz.jpg\"><img loading=\"lazy\" decoding=\"async\" width=\"1200\" height=\"900\" src=\"https:\/\/pracownia52.pl\/www\/wp-content\/uploads\/2015\/09\/profilowe-krolewska-dolina-a-nie-wrzeszcz.jpg\" alt=\"\" data-id=\"5265\" class=\"wp-image-5265\" srcset=\"https:\/\/pracownia52.pl\/www\/wp-content\/uploads\/2015\/09\/profilowe-krolewska-dolina-a-nie-wrzeszcz.jpg?v=1627123913 1200w, https:\/\/pracownia52.pl\/www\/wp-content\/uploads\/2015\/09\/profilowe-krolewska-dolina-a-nie-wrzeszcz-300x225.jpg?v=1627123913 300w, https:\/\/pracownia52.pl\/www\/wp-content\/uploads\/2015\/09\/profilowe-krolewska-dolina-a-nie-wrzeszcz-1024x768.jpg?v=1627123913 1024w, https:\/\/pracownia52.pl\/www\/wp-content\/uploads\/2015\/09\/profilowe-krolewska-dolina-a-nie-wrzeszcz-768x576.jpg?v=1627123913 768w\" sizes=\"auto, (max-width: 767px) 89vw, (max-width: 1000px) 54vw, (max-width: 1071px) 543px, 580px\" \/><\/a><\/figure><\/li><\/ul>\n\n\n\n<p>\u2026<br \/>Muralia\u2026<\/p>\n\n\n\n<ul class=\"wp-block-gallery columns-6 is-cropped wp-block-gallery-2 is-layout-flex wp-block-gallery-is-layout-flex\"><li class=\"blocks-gallery-item\"><figure><img loading=\"lazy\" decoding=\"async\" width=\"650\" height=\"867\" src=\"https:\/\/pracownia52.pl\/www\/wp-content\/uploads\/2015\/09\/biskupia-g\u00f3rka-202-low.jpg\" alt=\"\" data-id=\"5581\" class=\"wp-image-5581\" srcset=\"https:\/\/pracownia52.pl\/www\/wp-content\/uploads\/2015\/09\/biskupia-g\u00f3rka-202-low.jpg?v=1627123888 650w, https:\/\/pracownia52.pl\/www\/wp-content\/uploads\/2015\/09\/biskupia-g\u00f3rka-202-low-225x300.jpg?v=1627123888 225w\" sizes=\"auto, (max-width: 650px) 100vw, 650px\" \/><figcaption>Biskupia G\u00f3rka (2016)<\/figcaption><\/figure><\/li><li class=\"blocks-gallery-item\"><figure><a href=\"https:\/\/pracownia52.pl\/www\/?attachment_id=9555\"><img loading=\"lazy\" decoding=\"async\" width=\"768\" height=\"1024\" src=\"https:\/\/pracownia52.pl\/www\/wp-content\/uploads\/2019\/07\/krolewska-dolina-wrzeszcz-0122-768x1024.jpg\" alt=\"\" data-id=\"9555\" data-link=\"https:\/\/pracownia52.pl\/www\/?attachment_id=9555\" class=\"wp-image-9555\" srcset=\"https:\/\/pracownia52.pl\/www\/wp-content\/uploads\/2019\/07\/krolewska-dolina-wrzeszcz-0122-768x1024.jpg?v=1627123571 768w, https:\/\/pracownia52.pl\/www\/wp-content\/uploads\/2019\/07\/krolewska-dolina-wrzeszcz-0122-225x300.jpg?v=1627123571 225w, https:\/\/pracownia52.pl\/www\/wp-content\/uploads\/2019\/07\/krolewska-dolina-wrzeszcz-0122.jpg?v=1627123571 900w\" sizes=\"auto, (max-width: 767px) 89vw, (max-width: 1000px) 54vw, (max-width: 1071px) 543px, 580px\" \/><\/a><figcaption>Wrzeszcz (2019)<\/figcaption><\/figure><\/li><\/ul>\n\n\n\n<p><br \/>\u2026<br \/>kino \u201e<a href=\"http:\/\/ooops.pl\/?p=17496\"><strong>Znicz<\/strong><\/a>\u201d (ju\u017c <a href=\"http:\/\/ooops.pl\/?p=22919\">rozebrane<\/a>)<\/p>\n\n\n\n<ul class=\"wp-block-gallery columns-6 is-cropped wp-block-gallery-3 is-layout-flex wp-block-gallery-is-layout-flex\"><li class=\"blocks-gallery-item\"><figure><a href=\"https:\/\/pracownia52.pl\/www\/wp-content\/uploads\/2015\/09\/kino-Ryk-low.jpg\"><img loading=\"lazy\" decoding=\"async\" width=\"650\" height=\"488\" src=\"https:\/\/pracownia52.pl\/www\/wp-content\/uploads\/2015\/09\/kino-Ryk-low.jpg\" alt=\"\" data-id=\"4957\" class=\"wp-image-4957\" srcset=\"https:\/\/pracownia52.pl\/www\/wp-content\/uploads\/2015\/09\/kino-Ryk-low.jpg?v=1627123936 650w, https:\/\/pracownia52.pl\/www\/wp-content\/uploads\/2015\/09\/kino-Ryk-low-300x225.jpg?v=1627123936 300w\" sizes=\"auto, (max-width: 650px) 100vw, 650px\" \/><\/a><\/figure><\/li><li class=\"blocks-gallery-item\"><figure><a href=\"https:\/\/pracownia52.pl\/www\/wp-content\/uploads\/2015\/09\/kino-Znicz-wrzeszcz-marzec-2013-low-01.jpg\"><img loading=\"lazy\" decoding=\"async\" width=\"800\" height=\"600\" src=\"https:\/\/pracownia52.pl\/www\/wp-content\/uploads\/2015\/09\/kino-Znicz-wrzeszcz-marzec-2013-low-01.jpg\" alt=\"\" data-id=\"4955\" class=\"wp-image-4955\" srcset=\"https:\/\/pracownia52.pl\/www\/wp-content\/uploads\/2015\/09\/kino-Znicz-wrzeszcz-marzec-2013-low-01.jpg?v=1627123936 800w, https:\/\/pracownia52.pl\/www\/wp-content\/uploads\/2015\/09\/kino-Znicz-wrzeszcz-marzec-2013-low-01-300x225.jpg?v=1627123936 300w, https:\/\/pracownia52.pl\/www\/wp-content\/uploads\/2015\/09\/kino-Znicz-wrzeszcz-marzec-2013-low-01-768x576.jpg?v=1627123936 768w\" sizes=\"auto, (max-width: 767px) 89vw, (max-width: 1000px) 54vw, (max-width: 1071px) 543px, 580px\" \/><\/a><\/figure><\/li><\/ul>\n\n\n\n<p>\u2026<br \/>uliczne (Zaspa, Galeria Ba\u0142tycka, Dolny Wrzeszcz\u2026)<\/p>\n\n\n\n<ul class=\"wp-block-gallery columns-4 is-cropped wp-block-gallery-4 is-layout-flex wp-block-gallery-is-layout-flex\"><li class=\"blocks-gallery-item\"><figure><a href=\"https:\/\/pracownia52.pl\/www\/wp-content\/uploads\/2015\/09\/zaspa-zaspa-zaspa-zaspa.jpg\"><img loading=\"lazy\" decoding=\"async\" width=\"1100\" height=\"887\" src=\"https:\/\/pracownia52.pl\/www\/wp-content\/uploads\/2015\/09\/zaspa-zaspa-zaspa-zaspa.jpg\" alt=\"\" data-id=\"5329\" class=\"wp-image-5329\" srcset=\"https:\/\/pracownia52.pl\/www\/wp-content\/uploads\/2015\/09\/zaspa-zaspa-zaspa-zaspa.jpg?v=1627123910 1100w, https:\/\/pracownia52.pl\/www\/wp-content\/uploads\/2015\/09\/zaspa-zaspa-zaspa-zaspa-300x242.jpg?v=1627123910 300w, https:\/\/pracownia52.pl\/www\/wp-content\/uploads\/2015\/09\/zaspa-zaspa-zaspa-zaspa-1024x826.jpg?v=1627123910 1024w, https:\/\/pracownia52.pl\/www\/wp-content\/uploads\/2015\/09\/zaspa-zaspa-zaspa-zaspa-768x619.jpg?v=1627123910 768w\" sizes=\"auto, (max-width: 767px) 89vw, (max-width: 1000px) 54vw, (max-width: 1071px) 543px, 580px\" \/><\/a><\/figure><\/li><li class=\"blocks-gallery-item\"><figure><a href=\"https:\/\/pracownia52.pl\/www\/wp-content\/uploads\/2015\/09\/po-czerwonym-dywanie.jpg\"><img loading=\"lazy\" decoding=\"async\" width=\"1280\" height=\"960\" src=\"https:\/\/pracownia52.pl\/www\/wp-content\/uploads\/2015\/09\/po-czerwonym-dywanie.jpg\" alt=\"\" data-id=\"5330\" class=\"wp-image-5330\" srcset=\"https:\/\/pracownia52.pl\/www\/wp-content\/uploads\/2015\/09\/po-czerwonym-dywanie.jpg?v=1627123910 1280w, https:\/\/pracownia52.pl\/www\/wp-content\/uploads\/2015\/09\/po-czerwonym-dywanie-300x225.jpg?v=1627123910 300w, https:\/\/pracownia52.pl\/www\/wp-content\/uploads\/2015\/09\/po-czerwonym-dywanie-1024x768.jpg?v=1627123910 1024w, https:\/\/pracownia52.pl\/www\/wp-content\/uploads\/2015\/09\/po-czerwonym-dywanie-768x576.jpg?v=1627123910 768w\" sizes=\"auto, (max-width: 767px) 89vw, (max-width: 1000px) 54vw, (max-width: 1071px) 543px, 580px\" \/><\/a><\/figure><\/li><li class=\"blocks-gallery-item\"><figure><a href=\"https:\/\/pracownia52.pl\/www\/wp-content\/uploads\/2015\/09\/GIM-25-to-patola.jpg\"><img loading=\"lazy\" decoding=\"async\" width=\"1200\" height=\"900\" src=\"https:\/\/pracownia52.pl\/www\/wp-content\/uploads\/2015\/09\/GIM-25-to-patola.jpg\" alt=\"\" data-id=\"5567\" class=\"wp-image-5567\" srcset=\"https:\/\/pracownia52.pl\/www\/wp-content\/uploads\/2015\/09\/GIM-25-to-patola.jpg?v=1627123890 1200w, https:\/\/pracownia52.pl\/www\/wp-content\/uploads\/2015\/09\/GIM-25-to-patola-300x225.jpg?v=1627123890 300w, https:\/\/pracownia52.pl\/www\/wp-content\/uploads\/2015\/09\/GIM-25-to-patola-1024x768.jpg?v=1627123890 1024w, https:\/\/pracownia52.pl\/www\/wp-content\/uploads\/2015\/09\/GIM-25-to-patola-768x576.jpg?v=1627123890 768w\" sizes=\"auto, (max-width: 767px) 89vw, (max-width: 1000px) 54vw, (max-width: 1071px) 543px, 580px\" \/><\/a><\/figure><\/li><li class=\"blocks-gallery-item\"><figure><a href=\"https:\/\/pracownia52.pl\/www\/wp-content\/uploads\/2015\/09\/wrzeszcz-hitlerjugend-800pxl.jpg\"><img loading=\"lazy\" decoding=\"async\" width=\"800\" height=\"600\" src=\"https:\/\/pracownia52.pl\/www\/wp-content\/uploads\/2015\/09\/wrzeszcz-hitlerjugend-800pxl.jpg\" alt=\"\" data-id=\"4949\" class=\"wp-image-4949\" srcset=\"https:\/\/pracownia52.pl\/www\/wp-content\/uploads\/2015\/09\/wrzeszcz-hitlerjugend-800pxl.jpg?v=1627123938 800w, https:\/\/pracownia52.pl\/www\/wp-content\/uploads\/2015\/09\/wrzeszcz-hitlerjugend-800pxl-300x225.jpg?v=1627123938 300w, https:\/\/pracownia52.pl\/www\/wp-content\/uploads\/2015\/09\/wrzeszcz-hitlerjugend-800pxl-768x576.jpg?v=1627123938 768w\" sizes=\"auto, (max-width: 767px) 89vw, (max-width: 1000px) 54vw, (max-width: 1071px) 543px, 580px\" \/><\/a><\/figure><\/li><li class=\"blocks-gallery-item\"><figure><a href=\"https:\/\/pracownia52.pl\/www\/wp-content\/uploads\/2015\/09\/zaspa-15-VI-2017-1016.jpg\"><img loading=\"lazy\" decoding=\"async\" width=\"1200\" height=\"900\" src=\"https:\/\/pracownia52.pl\/www\/wp-content\/uploads\/2015\/09\/zaspa-15-VI-2017-1016.jpg\" alt=\"\" data-id=\"6998\" class=\"wp-image-6998\" srcset=\"https:\/\/pracownia52.pl\/www\/wp-content\/uploads\/2015\/09\/zaspa-15-VI-2017-1016.jpg?v=1627123734 1200w, https:\/\/pracownia52.pl\/www\/wp-content\/uploads\/2015\/09\/zaspa-15-VI-2017-1016-300x225.jpg?v=1627123734 300w, https:\/\/pracownia52.pl\/www\/wp-content\/uploads\/2015\/09\/zaspa-15-VI-2017-1016-1024x768.jpg?v=1627123734 1024w, https:\/\/pracownia52.pl\/www\/wp-content\/uploads\/2015\/09\/zaspa-15-VI-2017-1016-768x576.jpg?v=1627123734 768w\" sizes=\"auto, (max-width: 767px) 89vw, (max-width: 1000px) 54vw, (max-width: 1071px) 543px, 580px\" \/><\/a><\/figure><\/li><li class=\"blocks-gallery-item\"><figure><a href=\"https:\/\/pracownia52.pl\/www\/wp-content\/uploads\/2019\/09\/Dolny-Wrzeszcz-2019-fot-mr-makowski-0340-768x1024.jpg\"><img loading=\"lazy\" decoding=\"async\" width=\"768\" height=\"1024\" src=\"https:\/\/pracownia52.pl\/www\/wp-content\/uploads\/2019\/09\/Dolny-Wrzeszcz-2019-fot-mr-makowski-0340-768x1024.jpg\" alt=\"\" data-id=\"9606\" data-link=\"https:\/\/pracownia52.pl\/www\/?attachment_id=9606\" class=\"wp-image-9606\" srcset=\"https:\/\/pracownia52.pl\/www\/wp-content\/uploads\/2019\/09\/Dolny-Wrzeszcz-2019-fot-mr-makowski-0340-768x1024.jpg?v=1627123568 768w, https:\/\/pracownia52.pl\/www\/wp-content\/uploads\/2019\/09\/Dolny-Wrzeszcz-2019-fot-mr-makowski-0340-225x300.jpg?v=1627123568 225w, https:\/\/pracownia52.pl\/www\/wp-content\/uploads\/2019\/09\/Dolny-Wrzeszcz-2019-fot-mr-makowski-0340.jpg?v=1627123568 900w\" sizes=\"auto, (max-width: 767px) 89vw, (max-width: 1000px) 54vw, (max-width: 1071px) 543px, 580px\" \/><\/a><\/figure><\/li><\/ul>\n\n\n\n<p>\u2026<br \/>ul. <a href=\"http:\/\/ooops.pl\/?p=29934\"><strong>Ko\u015bciuszki 100<\/strong><\/a> (Ringstra\u00dfe)<\/p>\n\n\n\n<ul class=\"wp-block-gallery columns-6 is-cropped wp-block-gallery-5 is-layout-flex wp-block-gallery-is-layout-flex\"><li class=\"blocks-gallery-item\"><figure><a href=\"https:\/\/pracownia52.pl\/www\/wp-content\/uploads\/2015\/09\/dolny-wrzeszcz-indianin-2013-403.jpg\"><img loading=\"lazy\" decoding=\"async\" width=\"750\" height=\"563\" src=\"https:\/\/pracownia52.pl\/www\/wp-content\/uploads\/2015\/09\/dolny-wrzeszcz-indianin-2013-403.jpg\" alt=\"\" data-id=\"4956\" class=\"wp-image-4956\" srcset=\"https:\/\/pracownia52.pl\/www\/wp-content\/uploads\/2015\/09\/dolny-wrzeszcz-indianin-2013-403.jpg?v=1627123936 750w, https:\/\/pracownia52.pl\/www\/wp-content\/uploads\/2015\/09\/dolny-wrzeszcz-indianin-2013-403-300x225.jpg?v=1627123936 300w\" sizes=\"auto, (max-width: 706px) 89vw, (max-width: 767px) 82vw, 740px\" \/><\/a><\/figure><\/li><li class=\"blocks-gallery-item\"><figure><a href=\"https:\/\/pracownia52.pl\/www\/wp-content\/uploads\/2015\/09\/ikona-kosciuszki-100-2014-003a.jpg\"><img loading=\"lazy\" decoding=\"async\" width=\"400\" height=\"400\" src=\"https:\/\/pracownia52.pl\/www\/wp-content\/uploads\/2015\/09\/ikona-kosciuszki-100-2014-003a.jpg\" alt=\"\" data-id=\"5242\" class=\"wp-image-5242\" srcset=\"https:\/\/pracownia52.pl\/www\/wp-content\/uploads\/2015\/09\/ikona-kosciuszki-100-2014-003a.jpg?v=1627123915 400w, https:\/\/pracownia52.pl\/www\/wp-content\/uploads\/2015\/09\/ikona-kosciuszki-100-2014-003a-300x300.jpg?v=1627123915 300w, https:\/\/pracownia52.pl\/www\/wp-content\/uploads\/2015\/09\/ikona-kosciuszki-100-2014-003a-150x150.jpg?v=1627123915 150w, https:\/\/pracownia52.pl\/www\/wp-content\/uploads\/2015\/09\/ikona-kosciuszki-100-2014-003a-75x75.jpg?v=1627123915 75w\" sizes=\"auto, (max-width: 400px) 100vw, 400px\" \/><\/a><\/figure><\/li><li class=\"blocks-gallery-item\"><figure><a href=\"https:\/\/pracownia52.pl\/www\/wp-content\/uploads\/2015\/09\/16-kwietnia-2016-sobota-kosciuszki-100.jpg\"><img loading=\"lazy\" decoding=\"async\" width=\"1200\" height=\"900\" src=\"https:\/\/pracownia52.pl\/www\/wp-content\/uploads\/2015\/09\/16-kwietnia-2016-sobota-kosciuszki-100.jpg\" alt=\"\" data-id=\"5240\" class=\"wp-image-5240\" srcset=\"https:\/\/pracownia52.pl\/www\/wp-content\/uploads\/2015\/09\/16-kwietnia-2016-sobota-kosciuszki-100.jpg?v=1627123915 1200w, https:\/\/pracownia52.pl\/www\/wp-content\/uploads\/2015\/09\/16-kwietnia-2016-sobota-kosciuszki-100-300x225.jpg?v=1627123915 300w, https:\/\/pracownia52.pl\/www\/wp-content\/uploads\/2015\/09\/16-kwietnia-2016-sobota-kosciuszki-100-1024x768.jpg?v=1627123915 1024w, https:\/\/pracownia52.pl\/www\/wp-content\/uploads\/2015\/09\/16-kwietnia-2016-sobota-kosciuszki-100-768x576.jpg?v=1627123915 768w\" sizes=\"auto, (max-width: 767px) 89vw, (max-width: 1000px) 54vw, (max-width: 1071px) 543px, 580px\" \/><\/a><\/figure><\/li><li class=\"blocks-gallery-item\"><figure><a href=\"https:\/\/pracownia52.pl\/www\/wp-content\/uploads\/2015\/09\/wrzeszcz-ul-kosciuszki-zimowy.jpg\"><img loading=\"lazy\" decoding=\"async\" width=\"800\" height=\"600\" src=\"https:\/\/pracownia52.pl\/www\/wp-content\/uploads\/2015\/09\/wrzeszcz-ul-kosciuszki-zimowy.jpg\" alt=\"\" data-id=\"5244\" class=\"wp-image-5244\" srcset=\"https:\/\/pracownia52.pl\/www\/wp-content\/uploads\/2015\/09\/wrzeszcz-ul-kosciuszki-zimowy.jpg?v=1627123915 800w, https:\/\/pracownia52.pl\/www\/wp-content\/uploads\/2015\/09\/wrzeszcz-ul-kosciuszki-zimowy-300x225.jpg?v=1627123915 300w, https:\/\/pracownia52.pl\/www\/wp-content\/uploads\/2015\/09\/wrzeszcz-ul-kosciuszki-zimowy-768x576.jpg?v=1627123915 768w\" sizes=\"auto, (max-width: 767px) 89vw, (max-width: 1000px) 54vw, (max-width: 1071px) 543px, 580px\" \/><\/a><\/figure><\/li><\/ul>\n\n\n\n<p>\u2026<br \/>Srebrzysko<\/p>\n\n\n\n<ul class=\"wp-block-gallery columns-2 is-cropped wp-block-gallery-6 is-layout-flex wp-block-gallery-is-layout-flex\"><li class=\"blocks-gallery-item\"><figure><a href=\"https:\/\/pracownia52.pl\/www\/wp-content\/uploads\/2015\/09\/poligon-srebrzysko-1-XI-2016.jpg\"><img loading=\"lazy\" decoding=\"async\" width=\"800\" height=\"1067\" src=\"https:\/\/pracownia52.pl\/www\/wp-content\/uploads\/2015\/09\/poligon-srebrzysko-1-XI-2016.jpg\" alt=\"\" data-id=\"6121\" class=\"wp-image-6121\" srcset=\"https:\/\/pracownia52.pl\/www\/wp-content\/uploads\/2015\/09\/poligon-srebrzysko-1-XI-2016.jpg?v=1627123772 800w, https:\/\/pracownia52.pl\/www\/wp-content\/uploads\/2015\/09\/poligon-srebrzysko-1-XI-2016-225x300.jpg?v=1627123772 225w, https:\/\/pracownia52.pl\/www\/wp-content\/uploads\/2015\/09\/poligon-srebrzysko-1-XI-2016-768x1024.jpg?v=1627123772 768w\" sizes=\"auto, (max-width: 767px) 89vw, (max-width: 1000px) 54vw, (max-width: 1071px) 543px, 580px\" \/><\/a><\/figure><\/li><li class=\"blocks-gallery-item\"><figure><a href=\"https:\/\/pracownia52.pl\/www\/wp-content\/uploads\/2015\/09\/srebrzysko-dzialki-800pxl-2013-marzec.jpg\"><img loading=\"lazy\" decoding=\"async\" width=\"650\" height=\"867\" src=\"https:\/\/pracownia52.pl\/www\/wp-content\/uploads\/2015\/09\/srebrzysko-dzialki-800pxl-2013-marzec.jpg\" alt=\"\" data-id=\"6123\" class=\"wp-image-6123\" srcset=\"https:\/\/pracownia52.pl\/www\/wp-content\/uploads\/2015\/09\/srebrzysko-dzialki-800pxl-2013-marzec.jpg?v=1627123771 650w, https:\/\/pracownia52.pl\/www\/wp-content\/uploads\/2015\/09\/srebrzysko-dzialki-800pxl-2013-marzec-225x300.jpg?v=1627123771 225w\" sizes=\"auto, (max-width: 650px) 100vw, 650px\" \/><\/a><\/figure><\/li><\/ul>\n","protected":false},"excerpt":{"rendered":"<p>zdj\u0119cia cyfrowe, od 2011 roku, r\u00f3\u017cne. a wi\u0119cej: tam\u2026zobaczcie te\u017c gda\u0144sk (lata 70., pocz\u0105tek)mr m. \u2026Muralia\u2026 \u2026kino \u201eZnicz\u201d (ju\u017c rozebrane) \u2026uliczne (Zaspa, Galeria Ba\u0142tycka, Dolny Wrzeszcz\u2026) \u2026ul. Ko\u015bciuszki 100 (Ringstra\u00dfe) \u2026Srebrzysko<\/p>\n","protected":false},"author":1,"featured_media":5581,"parent":5391,"menu_order":3,"comment_status":"closed","ping_status":"closed","template":"","meta":{"footnotes":""},"class_list":["post-4941","page","type-page","status-publish","has-post-thumbnail","hentry"],"_links":{"self":[{"href":"https:\/\/pracownia52.pl\/www\/index.php?rest_route=\/wp\/v2\/pages\/4941","targetHints":{"allow":["GET"]}}],"collection":[{"href":"https:\/\/pracownia52.pl\/www\/index.php?rest_route=\/wp\/v2\/pages"}],"about":[{"href":"https:\/\/pracownia52.pl\/www\/index.php?rest_route=\/wp\/v2\/types\/page"}],"author":[{"embeddable":true,"href":"https:\/\/pracownia52.pl\/www\/index.php?rest_route=\/wp\/v2\/users\/1"}],"replies":[{"embeddable":true,"href":"https:\/\/pracownia52.pl\/www\/index.php?rest_route=%2Fwp%2Fv2%2Fcomments&post=4941"}],"version-history":[{"count":29,"href":"https:\/\/pracownia52.pl\/www\/index.php?rest_route=\/wp\/v2\/pages\/4941\/revisions"}],"predecessor-version":[{"id":9607,"href":"https:\/\/pracownia52.pl\/www\/index.php?rest_route=\/wp\/v2\/pages\/4941\/revisions\/9607"}],"up":[{"embeddable":true,"href":"https:\/\/pracownia52.pl\/www\/index.php?rest_route=\/wp\/v2\/pages\/5391"}],"wp:featuredmedia":[{"embeddable":true,"href":"https:\/\/pracownia52.pl\/www\/index.php?rest_route=\/wp\/v2\/media\/5581"}],"wp:attachment":[{"href":"https:\/\/pracownia52.pl\/www\/index.php?rest_route=%2Fwp%2Fv2%2Fmedia&parent=4941"}],"curies":[{"name":"wp","href":"https:\/\/api.w.org\/{rel}","templated":true}]}}