{"id":496,"date":"2010-06-12T11:27:05","date_gmt":"2010-06-12T11:27:05","guid":{"rendered":"http:\/\/pracownia52.pl\/www\/?page_id=496"},"modified":"2018-12-27T12:43:47","modified_gmt":"2018-12-27T12:43:47","slug":"marketing-w-praktyce","status":"publish","type":"page","link":"https:\/\/pracownia52.pl\/www\/?page_id=496","title":{"rendered":"Marketing w Praktyce"},"content":{"rendered":"\n<p>Dwie makiety: \u2022 pierwsza: ok\u0142adki, ilustracje, og\u00f3lna opieka i sk\u0142ad \u2022 druga: ok\u0142adki, ilustracje, og\u00f3lna opieka; p\u00f3\u017aniej te\u017c sk\u0142ad, gdy\u017c nie wyrabiali si\u0119 sami. D\u0142u\u017csza wsp\u00f3\u0142praca; wiele r\u00f3\u017cnych innych projekt\u00f3w.<br \/>mr m.<br \/><\/p>\n\n\n\n<ul class=\"wp-block-gallery columns-2 is-cropped wp-block-gallery-1 is-layout-flex wp-block-gallery-is-layout-flex\"><li class=\"blocks-gallery-item\"><figure><a href=\"http:\/\/pracownia52.pl\/www\/wp-content\/uploads\/2010\/06\/agencje-badan-marketingowych-low.jpg\"><img loading=\"lazy\" decoding=\"async\" width=\"578\" height=\"800\" src=\"http:\/\/pracownia52.pl\/www\/wp-content\/uploads\/2010\/06\/agencje-badan-marketingowych-low.jpg\" alt=\"\" data-id=\"2354\" class=\"wp-image-2354\" srcset=\"https:\/\/pracownia52.pl\/www\/wp-content\/uploads\/2010\/06\/agencje-badan-marketingowych-low.jpg?v=1763914782 578w, https:\/\/pracownia52.pl\/www\/wp-content\/uploads\/2010\/06\/agencje-badan-marketingowych-low-217x300.jpg?v=1763914782 217w\" sizes=\"auto, (max-width: 578px) 100vw, 578px\" \/><\/a><\/figure><\/li><li class=\"blocks-gallery-item\"><figure><a href=\"http:\/\/pracownia52.pl\/www\/wp-content\/uploads\/2010\/06\/mwp-12-cover-w.jpg\"><img loading=\"lazy\" decoding=\"async\" width=\"400\" height=\"523\" src=\"http:\/\/pracownia52.pl\/www\/wp-content\/uploads\/2010\/06\/mwp-12-cover-w.jpg\" alt=\"\" data-id=\"498\" class=\"wp-image-498\" srcset=\"https:\/\/pracownia52.pl\/www\/wp-content\/uploads\/2010\/06\/mwp-12-cover-w.jpg?v=1628007828 400w, https:\/\/pracownia52.pl\/www\/wp-content\/uploads\/2010\/06\/mwp-12-cover-w-229x300.jpg?v=1628007828 229w\" sizes=\"auto, (max-width: 400px) 100vw, 400px\" \/><\/a><\/figure><\/li><\/ul>\n","protected":false},"excerpt":{"rendered":"<p>Dwie makiety: \u2022 pierwsza: ok\u0142adki, ilustracje, og\u00f3lna opieka i sk\u0142ad \u2022 druga: ok\u0142adki, ilustracje, og\u00f3lna opieka; p\u00f3\u017aniej te\u017c sk\u0142ad, gdy\u017c nie wyrabiali si\u0119 sami. D\u0142u\u017csza wsp\u00f3\u0142praca; wiele r\u00f3\u017cnych innych projekt\u00f3w.mr m.<\/p>\n","protected":false},"author":1,"featured_media":0,"parent":0,"menu_order":3,"comment_status":"closed","ping_status":"open","template":"","meta":{"footnotes":""},"class_list":["post-496","page","type-page","status-publish","hentry"],"_links":{"self":[{"href":"https:\/\/pracownia52.pl\/www\/index.php?rest_route=\/wp\/v2\/pages\/496","targetHints":{"allow":["GET"]}}],"collection":[{"href":"https:\/\/pracownia52.pl\/www\/index.php?rest_route=\/wp\/v2\/pages"}],"about":[{"href":"https:\/\/pracownia52.pl\/www\/index.php?rest_route=\/wp\/v2\/types\/page"}],"author":[{"embeddable":true,"href":"https:\/\/pracownia52.pl\/www\/index.php?rest_route=\/wp\/v2\/users\/1"}],"replies":[{"embeddable":true,"href":"https:\/\/pracownia52.pl\/www\/index.php?rest_route=%2Fwp%2Fv2%2Fcomments&post=496"}],"version-history":[{"count":7,"href":"https:\/\/pracownia52.pl\/www\/index.php?rest_route=\/wp\/v2\/pages\/496\/revisions"}],"predecessor-version":[{"id":8393,"href":"https:\/\/pracownia52.pl\/www\/index.php?rest_route=\/wp\/v2\/pages\/496\/revisions\/8393"}],"wp:attachment":[{"href":"https:\/\/pracownia52.pl\/www\/index.php?rest_route=%2Fwp%2Fv2%2Fmedia&parent=496"}],"curies":[{"name":"wp","href":"https:\/\/api.w.org\/{rel}","templated":true}]}}