{"id":501,"date":"2010-06-12T11:29:32","date_gmt":"2010-06-12T11:29:32","guid":{"rendered":"http:\/\/pracownia52.pl\/www\/?page_id=501"},"modified":"2019-01-10T15:22:50","modified_gmt":"2019-01-10T15:22:50","slug":"martyna-jakubowicz","status":"publish","type":"page","link":"https:\/\/pracownia52.pl\/www\/?page_id=501","title":{"rendered":"Martyna Jakubowicz"},"content":{"rendered":"\n<figure class=\"wp-block-image\"><img loading=\"lazy\" decoding=\"async\" width=\"439\" height=\"638\" src=\"http:\/\/pracownia52.pl\/www\/wp-content\/uploads\/2010\/06\/martyna-II-82-83-wwa.jpg\" alt=\"\" class=\"wp-image-503\" srcset=\"https:\/\/pracownia52.pl\/www\/wp-content\/uploads\/2010\/06\/martyna-II-82-83-wwa.jpg?v=1627124304 439w, https:\/\/pracownia52.pl\/www\/wp-content\/uploads\/2010\/06\/martyna-II-82-83-wwa-206x300.jpg?v=1627124304 206w\" sizes=\"auto, (max-width: 439px) 100vw, 439px\" \/><\/figure>\n\n\n\n<p>spory kawa\u0142ek \u017cycia.<br \/>\u2022 zdj\u0119cia (du\u017co), projekty LP, MK, SP, CD<br \/>\u2022 LP \u201e<strong>Maquillage<\/strong>\u201d \u2013 projekt <strong>Magda Hollender<\/strong> do zdj\u0119\u0107 mr m.<br \/>\u2022 plakaty, ulotki, wizyt\u00f3wki<br \/>\u2022 projekty dla firm przez ni\u0105 za\u0142o\u017conych: <strong>Nie Ma Jak<\/strong>, <strong>Gumowa R\u00f3\u017ca<\/strong>\u2026<br \/>zob. te\u017c: <a href=\"https:\/\/pracownia52.pl\/www\/?page_id=1639\"><strong>Rafa\u0142 R\u0119kosiewicz<\/strong><\/a> oraz <a href=\"https:\/\/pracownia52.pl\/www\/?page_id=5225\"><strong>d. Jugos\u0142awia<\/strong><\/a>\u2026<br \/>mr m.<br \/>u-aktualnienie: i o <a href=\"http:\/\/ooops.pl\/?p=32200\"> <strong>ok\u0142adce<\/strong><\/a>, jednej\u2026<br \/>m.<br \/><\/p>\n\n\n\n<ul class=\"wp-block-gallery columns-3 is-cropped wp-block-gallery-1 is-layout-flex wp-block-gallery-is-layout-flex\"><li class=\"blocks-gallery-item\"><figure><a href=\"https:\/\/pracownia52.pl\/www\/wp-content\/uploads\/2010\/06\/martyna-82-83-wwa-mn.jpg\"><img loading=\"lazy\" decoding=\"async\" width=\"550\" height=\"380\" src=\"https:\/\/pracownia52.pl\/www\/wp-content\/uploads\/2010\/06\/martyna-82-83-wwa-mn.jpg\" alt=\"\" data-id=\"6141\" class=\"wp-image-6141\" srcset=\"https:\/\/pracownia52.pl\/www\/wp-content\/uploads\/2010\/06\/martyna-82-83-wwa-mn.jpg?v=1627123769 550w, https:\/\/pracownia52.pl\/www\/wp-content\/uploads\/2010\/06\/martyna-82-83-wwa-mn-300x207.jpg?v=1627123769 300w\" sizes=\"auto, (max-width: 550px) 100vw, 550px\" \/><\/a><\/figure><\/li><li class=\"blocks-gallery-item\"><figure><a href=\"https:\/\/pracownia52.pl\/www\/wp-content\/uploads\/2010\/06\/maquillage-low-002.jpg\"><img loading=\"lazy\" decoding=\"async\" width=\"791\" height=\"522\" src=\"https:\/\/pracownia52.pl\/www\/wp-content\/uploads\/2010\/06\/maquillage-low-002.jpg\" alt=\"\" data-id=\"6138\" class=\"wp-image-6138\" srcset=\"https:\/\/pracownia52.pl\/www\/wp-content\/uploads\/2010\/06\/maquillage-low-002.jpg?v=1627123770 791w, https:\/\/pracownia52.pl\/www\/wp-content\/uploads\/2010\/06\/maquillage-low-002-300x198.jpg?v=1627123770 300w, https:\/\/pracownia52.pl\/www\/wp-content\/uploads\/2010\/06\/maquillage-low-002-768x507.jpg?v=1627123770 768w\" sizes=\"auto, (max-width: 767px) 89vw, (max-width: 1000px) 54vw, (max-width: 1071px) 543px, 580px\" \/><\/a><\/figure><\/li><li class=\"blocks-gallery-item\"><figure><a href=\"https:\/\/pracownia52.pl\/www\/wp-content\/uploads\/2018\/10\/201-1985-Martyna-Jakubowicz-397-fot-mr-makowski.jpg\"><img loading=\"lazy\" decoding=\"async\" width=\"1200\" height=\"797\" src=\"https:\/\/pracownia52.pl\/www\/wp-content\/uploads\/2018\/10\/201-1985-Martyna-Jakubowicz-397-fot-mr-makowski.jpg\" alt=\"\" data-id=\"7841\" class=\"wp-image-7841\" srcset=\"https:\/\/pracownia52.pl\/www\/wp-content\/uploads\/2018\/10\/201-1985-Martyna-Jakubowicz-397-fot-mr-makowski.jpg?v=1627123691 1200w, https:\/\/pracownia52.pl\/www\/wp-content\/uploads\/2018\/10\/201-1985-Martyna-Jakubowicz-397-fot-mr-makowski-300x199.jpg?v=1627123691 300w, https:\/\/pracownia52.pl\/www\/wp-content\/uploads\/2018\/10\/201-1985-Martyna-Jakubowicz-397-fot-mr-makowski-1024x680.jpg?v=1627123691 1024w, https:\/\/pracownia52.pl\/www\/wp-content\/uploads\/2018\/10\/201-1985-Martyna-Jakubowicz-397-fot-mr-makowski-768x510.jpg?v=1627123691 768w\" sizes=\"auto, (max-width: 767px) 89vw, (max-width: 1000px) 54vw, (max-width: 1071px) 543px, 580px\" \/><\/a><\/figure><\/li><li class=\"blocks-gallery-item\"><figure><a href=\"https:\/\/pracownia52.pl\/www\/wp-content\/uploads\/2010\/06\/maquillage-low-03.jpg\"><img loading=\"lazy\" decoding=\"async\" width=\"790\" height=\"530\" src=\"https:\/\/pracownia52.pl\/www\/wp-content\/uploads\/2010\/06\/maquillage-low-03.jpg\" alt=\"\" data-id=\"6139\" class=\"wp-image-6139\" srcset=\"https:\/\/pracownia52.pl\/www\/wp-content\/uploads\/2010\/06\/maquillage-low-03.jpg?v=1627123770 790w, https:\/\/pracownia52.pl\/www\/wp-content\/uploads\/2010\/06\/maquillage-low-03-300x201.jpg?v=1627123770 300w, https:\/\/pracownia52.pl\/www\/wp-content\/uploads\/2010\/06\/maquillage-low-03-768x515.jpg?v=1627123770 768w\" sizes=\"auto, (max-width: 767px) 89vw, (max-width: 1000px) 54vw, (max-width: 1071px) 543px, 580px\" \/><\/a><\/figure><\/li><li class=\"blocks-gallery-item\"><figure><a href=\"https:\/\/pracownia52.pl\/www\/wp-content\/uploads\/2010\/06\/maquillage-low-IIp-1.jpg\"><img loading=\"lazy\" decoding=\"async\" width=\"790\" height=\"525\" src=\"https:\/\/pracownia52.pl\/www\/wp-content\/uploads\/2010\/06\/maquillage-low-IIp-1.jpg\" alt=\"\" data-id=\"6140\" class=\"wp-image-6140\" srcset=\"https:\/\/pracownia52.pl\/www\/wp-content\/uploads\/2010\/06\/maquillage-low-IIp-1.jpg?v=1627123770 790w, https:\/\/pracownia52.pl\/www\/wp-content\/uploads\/2010\/06\/maquillage-low-IIp-1-300x199.jpg?v=1627123770 300w, https:\/\/pracownia52.pl\/www\/wp-content\/uploads\/2010\/06\/maquillage-low-IIp-1-768x510.jpg?v=1627123770 768w\" sizes=\"auto, (max-width: 767px) 89vw, (max-width: 1000px) 54vw, (max-width: 1071px) 543px, 580px\" \/><\/a><\/figure><\/li><li class=\"blocks-gallery-item\"><figure><a href=\"https:\/\/pracownia52.pl\/www\/wp-content\/uploads\/2010\/06\/martyna-1983-kolobrzeg-kaffa-4.jpg\"><img loading=\"lazy\" decoding=\"async\" width=\"800\" height=\"528\" src=\"https:\/\/pracownia52.pl\/www\/wp-content\/uploads\/2010\/06\/martyna-1983-kolobrzeg-kaffa-4.jpg\" alt=\"\" data-id=\"6142\" class=\"wp-image-6142\" srcset=\"https:\/\/pracownia52.pl\/www\/wp-content\/uploads\/2010\/06\/martyna-1983-kolobrzeg-kaffa-4.jpg?v=1627123769 800w, https:\/\/pracownia52.pl\/www\/wp-content\/uploads\/2010\/06\/martyna-1983-kolobrzeg-kaffa-4-300x198.jpg?v=1627123769 300w, https:\/\/pracownia52.pl\/www\/wp-content\/uploads\/2010\/06\/martyna-1983-kolobrzeg-kaffa-4-768x507.jpg?v=1627123769 768w\" sizes=\"auto, (max-width: 767px) 89vw, (max-width: 1000px) 54vw, (max-width: 1071px) 543px, 580px\" \/><\/a><\/figure><\/li><li class=\"blocks-gallery-item\"><figure><a href=\"https:\/\/pracownia52.pl\/www\/wp-content\/uploads\/2010\/06\/martyna-1985-portr-e1.jpg\"><img loading=\"lazy\" decoding=\"async\" width=\"800\" height=\"535\" src=\"https:\/\/pracownia52.pl\/www\/wp-content\/uploads\/2010\/06\/martyna-1985-portr-e1.jpg\" alt=\"\" data-id=\"6143\" class=\"wp-image-6143\" srcset=\"https:\/\/pracownia52.pl\/www\/wp-content\/uploads\/2010\/06\/martyna-1985-portr-e1.jpg?v=1627123769 800w, https:\/\/pracownia52.pl\/www\/wp-content\/uploads\/2010\/06\/martyna-1985-portr-e1-300x201.jpg?v=1627123769 300w, https:\/\/pracownia52.pl\/www\/wp-content\/uploads\/2010\/06\/martyna-1985-portr-e1-768x514.jpg?v=1627123769 768w\" sizes=\"auto, (max-width: 767px) 89vw, (max-width: 1000px) 54vw, (max-width: 1071px) 543px, 580px\" \/><\/a><\/figure><\/li><li class=\"blocks-gallery-item\"><figure><a href=\"https:\/\/pracownia52.pl\/www\/wp-content\/uploads\/2010\/06\/martyna-jarocin-low-1989-1.jpg\"><img loading=\"lazy\" decoding=\"async\" width=\"900\" height=\"603\" src=\"https:\/\/pracownia52.pl\/www\/wp-content\/uploads\/2010\/06\/martyna-jarocin-low-1989-1.jpg\" alt=\"\" data-id=\"6146\" class=\"wp-image-6146\" srcset=\"https:\/\/pracownia52.pl\/www\/wp-content\/uploads\/2010\/06\/martyna-jarocin-low-1989-1.jpg?v=1627123768 900w, https:\/\/pracownia52.pl\/www\/wp-content\/uploads\/2010\/06\/martyna-jarocin-low-1989-1-300x201.jpg?v=1627123768 300w, https:\/\/pracownia52.pl\/www\/wp-content\/uploads\/2010\/06\/martyna-jarocin-low-1989-1-768x515.jpg?v=1627123768 768w\" sizes=\"auto, (max-width: 767px) 89vw, (max-width: 1000px) 54vw, (max-width: 1071px) 543px, 580px\" \/><\/a><\/figure><\/li><li class=\"blocks-gallery-item\"><figure><a href=\"https:\/\/pracownia52.pl\/www\/wp-content\/uploads\/2010\/06\/martyna-misiak-opole-85-mn.jpg\"><img loading=\"lazy\" decoding=\"async\" width=\"600\" height=\"398\" src=\"https:\/\/pracownia52.pl\/www\/wp-content\/uploads\/2010\/06\/martyna-misiak-opole-85-mn.jpg\" alt=\"\" data-id=\"6147\" class=\"wp-image-6147\" srcset=\"https:\/\/pracownia52.pl\/www\/wp-content\/uploads\/2010\/06\/martyna-misiak-opole-85-mn.jpg?v=1627123768 600w, https:\/\/pracownia52.pl\/www\/wp-content\/uploads\/2010\/06\/martyna-misiak-opole-85-mn-300x199.jpg?v=1627123768 300w\" sizes=\"auto, (max-width: 600px) 100vw, 600px\" \/><\/a><\/figure><\/li><li class=\"blocks-gallery-item\"><figure><a href=\"https:\/\/pracownia52.pl\/www\/wp-content\/uploads\/2010\/06\/martyna-nagr-hnatiu-1985-low-11.jpg\"><img loading=\"lazy\" decoding=\"async\" width=\"800\" height=\"524\" src=\"https:\/\/pracownia52.pl\/www\/wp-content\/uploads\/2010\/06\/martyna-nagr-hnatiu-1985-low-11.jpg\" alt=\"\" data-id=\"6148\" class=\"wp-image-6148\" srcset=\"https:\/\/pracownia52.pl\/www\/wp-content\/uploads\/2010\/06\/martyna-nagr-hnatiu-1985-low-11.jpg?v=1627123768 800w, https:\/\/pracownia52.pl\/www\/wp-content\/uploads\/2010\/06\/martyna-nagr-hnatiu-1985-low-11-300x197.jpg?v=1627123768 300w, https:\/\/pracownia52.pl\/www\/wp-content\/uploads\/2010\/06\/martyna-nagr-hnatiu-1985-low-11-768x503.jpg?v=1627123768 768w\" sizes=\"auto, (max-width: 767px) 89vw, (max-width: 1000px) 54vw, (max-width: 1071px) 543px, 580px\" \/><\/a><\/figure><\/li><li class=\"blocks-gallery-item\"><figure><a href=\"https:\/\/pracownia52.pl\/www\/wp-content\/uploads\/2010\/06\/martyna-v700-low-1983-1.jpg\"><img loading=\"lazy\" decoding=\"async\" width=\"900\" height=\"600\" src=\"https:\/\/pracownia52.pl\/www\/wp-content\/uploads\/2010\/06\/martyna-v700-low-1983-1.jpg\" alt=\"\" data-id=\"6149\" class=\"wp-image-6149\" srcset=\"https:\/\/pracownia52.pl\/www\/wp-content\/uploads\/2010\/06\/martyna-v700-low-1983-1.jpg?v=1627123768 900w, https:\/\/pracownia52.pl\/www\/wp-content\/uploads\/2010\/06\/martyna-v700-low-1983-1-300x200.jpg?v=1627123768 300w, https:\/\/pracownia52.pl\/www\/wp-content\/uploads\/2010\/06\/martyna-v700-low-1983-1-768x512.jpg?v=1627123768 768w\" sizes=\"auto, (max-width: 767px) 89vw, (max-width: 1000px) 54vw, (max-width: 1071px) 543px, 580px\" \/><\/a><\/figure><\/li><li class=\"blocks-gallery-item\"><figure><a href=\"https:\/\/pracownia52.pl\/www\/wp-content\/uploads\/2010\/06\/martyna-XI-82-wwa.jpg\"><img loading=\"lazy\" decoding=\"async\" width=\"500\" height=\"342\" src=\"https:\/\/pracownia52.pl\/www\/wp-content\/uploads\/2010\/06\/martyna-XI-82-wwa.jpg\" alt=\"\" data-id=\"6150\" class=\"wp-image-6150\" srcset=\"https:\/\/pracownia52.pl\/www\/wp-content\/uploads\/2010\/06\/martyna-XI-82-wwa.jpg?v=1627123768 500w, https:\/\/pracownia52.pl\/www\/wp-content\/uploads\/2010\/06\/martyna-XI-82-wwa-300x205.jpg?v=1627123768 300w\" sizes=\"auto, (max-width: 500px) 100vw, 500px\" \/><\/a><\/figure><\/li><li class=\"blocks-gallery-item\"><figure><a href=\"https:\/\/pracownia52.pl\/www\/wp-content\/uploads\/2010\/06\/nagr-martyny-1985-low-00-3.jpg\"><img loading=\"lazy\" decoding=\"async\" width=\"800\" height=\"530\" src=\"https:\/\/pracownia52.pl\/www\/wp-content\/uploads\/2010\/06\/nagr-martyny-1985-low-00-3.jpg\" alt=\"\" data-id=\"6152\" class=\"wp-image-6152\" srcset=\"https:\/\/pracownia52.pl\/www\/wp-content\/uploads\/2010\/06\/nagr-martyny-1985-low-00-3.jpg?v=1627123767 800w, https:\/\/pracownia52.pl\/www\/wp-content\/uploads\/2010\/06\/nagr-martyny-1985-low-00-3-300x199.jpg?v=1627123767 300w, https:\/\/pracownia52.pl\/www\/wp-content\/uploads\/2010\/06\/nagr-martyny-1985-low-00-3-768x509.jpg?v=1627123767 768w\" sizes=\"auto, (max-width: 767px) 89vw, (max-width: 1000px) 54vw, (max-width: 1071px) 543px, 580px\" \/><\/a><\/figure><\/li><li class=\"blocks-gallery-item\"><figure><a href=\"https:\/\/pracownia52.pl\/www\/wp-content\/uploads\/2010\/06\/rafal-rekosiewicz-1low-1.jpg\"><img loading=\"lazy\" decoding=\"async\" width=\"800\" height=\"516\" src=\"https:\/\/pracownia52.pl\/www\/wp-content\/uploads\/2010\/06\/rafal-rekosiewicz-1low-1.jpg\" alt=\"\" data-id=\"6155\" class=\"wp-image-6155\" srcset=\"https:\/\/pracownia52.pl\/www\/wp-content\/uploads\/2010\/06\/rafal-rekosiewicz-1low-1.jpg?v=1627123767 800w, https:\/\/pracownia52.pl\/www\/wp-content\/uploads\/2010\/06\/rafal-rekosiewicz-1low-1-300x194.jpg?v=1627123767 300w, https:\/\/pracownia52.pl\/www\/wp-content\/uploads\/2010\/06\/rafal-rekosiewicz-1low-1-768x495.jpg?v=1627123767 768w\" sizes=\"auto, (max-width: 767px) 89vw, (max-width: 1000px) 54vw, (max-width: 1071px) 543px, 580px\" \/><\/a><\/figure><\/li><li class=\"blocks-gallery-item\"><figure><a href=\"https:\/\/pracownia52.pl\/www\/wp-content\/uploads\/2010\/06\/kapela-martyny-001-ps-mn-low.jpg\"><img loading=\"lazy\" decoding=\"async\" width=\"800\" height=\"533\" src=\"https:\/\/pracownia52.pl\/www\/wp-content\/uploads\/2010\/06\/kapela-martyny-001-ps-mn-low.jpg\" alt=\"\" data-id=\"6137\" class=\"wp-image-6137\" srcset=\"https:\/\/pracownia52.pl\/www\/wp-content\/uploads\/2010\/06\/kapela-martyny-001-ps-mn-low.jpg?v=1627123770 800w, https:\/\/pracownia52.pl\/www\/wp-content\/uploads\/2010\/06\/kapela-martyny-001-ps-mn-low-300x200.jpg?v=1627123770 300w, https:\/\/pracownia52.pl\/www\/wp-content\/uploads\/2010\/06\/kapela-martyny-001-ps-mn-low-768x512.jpg?v=1627123770 768w\" sizes=\"auto, (max-width: 767px) 89vw, (max-width: 1000px) 54vw, (max-width: 1071px) 543px, 580px\" \/><\/a><\/figure><\/li><li class=\"blocks-gallery-item\"><figure><a href=\"https:\/\/pracownia52.pl\/www\/wp-content\/uploads\/2010\/06\/1989-jarocin-martyna-low-2.jpg\"><img loading=\"lazy\" decoding=\"async\" width=\"600\" height=\"900\" src=\"https:\/\/pracownia52.pl\/www\/wp-content\/uploads\/2010\/06\/1989-jarocin-martyna-low-2.jpg\" alt=\"\" data-id=\"6136\" class=\"wp-image-6136\" srcset=\"https:\/\/pracownia52.pl\/www\/wp-content\/uploads\/2010\/06\/1989-jarocin-martyna-low-2.jpg?v=1627123770 600w, https:\/\/pracownia52.pl\/www\/wp-content\/uploads\/2010\/06\/1989-jarocin-martyna-low-2-200x300.jpg?v=1627123770 200w\" sizes=\"auto, (max-width: 600px) 100vw, 600px\" \/><\/a><\/figure><\/li><li class=\"blocks-gallery-item\"><figure><a href=\"https:\/\/pracownia52.pl\/www\/wp-content\/uploads\/2010\/06\/martyna-jarocin-1989-1-1.jpg\"><img loading=\"lazy\" decoding=\"async\" width=\"799\" height=\"1200\" src=\"https:\/\/pracownia52.pl\/www\/wp-content\/uploads\/2010\/06\/martyna-jarocin-1989-1-1.jpg\" alt=\"\" data-id=\"6145\" class=\"wp-image-6145\" srcset=\"https:\/\/pracownia52.pl\/www\/wp-content\/uploads\/2010\/06\/martyna-jarocin-1989-1-1.jpg?v=1627123769 799w, https:\/\/pracownia52.pl\/www\/wp-content\/uploads\/2010\/06\/martyna-jarocin-1989-1-1-200x300.jpg?v=1627123769 200w, https:\/\/pracownia52.pl\/www\/wp-content\/uploads\/2010\/06\/martyna-jarocin-1989-1-1-682x1024.jpg?v=1627123769 682w, https:\/\/pracownia52.pl\/www\/wp-content\/uploads\/2010\/06\/martyna-jarocin-1989-1-1-768x1153.jpg?v=1627123769 768w\" sizes=\"auto, (max-width: 767px) 89vw, (max-width: 1000px) 54vw, (max-width: 1071px) 543px, 580px\" \/><\/a><\/figure><\/li><li class=\"blocks-gallery-item\"><figure><a href=\"https:\/\/pracownia52.pl\/www\/wp-content\/uploads\/2010\/06\/nagrania-martyny-1985-low-00-4.jpg\"><img loading=\"lazy\" decoding=\"async\" width=\"800\" height=\"520\" src=\"https:\/\/pracownia52.pl\/www\/wp-content\/uploads\/2010\/06\/nagrania-martyny-1985-low-00-4.jpg\" alt=\"\" data-id=\"6153\" class=\"wp-image-6153\" srcset=\"https:\/\/pracownia52.pl\/www\/wp-content\/uploads\/2010\/06\/nagrania-martyny-1985-low-00-4.jpg?v=1627123767 800w, https:\/\/pracownia52.pl\/www\/wp-content\/uploads\/2010\/06\/nagrania-martyny-1985-low-00-4-300x195.jpg?v=1627123767 300w, https:\/\/pracownia52.pl\/www\/wp-content\/uploads\/2010\/06\/nagrania-martyny-1985-low-00-4-768x499.jpg?v=1627123767 768w\" sizes=\"auto, (max-width: 767px) 89vw, (max-width: 1000px) 54vw, (max-width: 1071px) 543px, 580px\" \/><\/a><\/figure><\/li><\/ul>\n\n\n\n<figure class=\"wp-block-image\"><a href=\"http:\/\/ooops.pl\/?p=32200\"><img loading=\"lazy\" decoding=\"async\" width=\"1044\" height=\"1200\" src=\"https:\/\/pracownia52.pl\/www\/wp-content\/uploads\/2010\/06\/polska-okladka-plytowa-mr-makowski-22202.jpg\" alt=\"\" class=\"wp-image-7165\" srcset=\"https:\/\/pracownia52.pl\/www\/wp-content\/uploads\/2010\/06\/polska-okladka-plytowa-mr-makowski-22202.jpg?v=1628007776 1044w, https:\/\/pracownia52.pl\/www\/wp-content\/uploads\/2010\/06\/polska-okladka-plytowa-mr-makowski-22202-261x300.jpg?v=1628007776 261w, https:\/\/pracownia52.pl\/www\/wp-content\/uploads\/2010\/06\/polska-okladka-plytowa-mr-makowski-22202-891x1024.jpg?v=1628007776 891w, https:\/\/pracownia52.pl\/www\/wp-content\/uploads\/2010\/06\/polska-okladka-plytowa-mr-makowski-22202-768x883.jpg?v=1628007776 768w\" sizes=\"auto, (max-width: 767px) 89vw, (max-width: 1000px) 54vw, (max-width: 1071px) 543px, 580px\" \/><\/a><\/figure>\n\n\n\n<ul class=\"wp-block-gallery columns-2 is-cropped wp-block-gallery-2 is-layout-flex wp-block-gallery-is-layout-flex\"><li class=\"blocks-gallery-item\"><figure><a href=\"https:\/\/pracownia52.pl\/www\/wp-content\/uploads\/2019\/01\/Martyna-by-mr-makowski-0001-low-res-1024x693.jpg\"><img loading=\"lazy\" decoding=\"async\" width=\"1024\" height=\"693\" src=\"https:\/\/pracownia52.pl\/www\/wp-content\/uploads\/2019\/01\/Martyna-by-mr-makowski-0001-low-res-1024x693.jpg\" alt=\"\" data-id=\"8755\" data-link=\"https:\/\/pracownia52.pl\/www\/?attachment_id=8755\" class=\"wp-image-8755\" srcset=\"https:\/\/pracownia52.pl\/www\/wp-content\/uploads\/2019\/01\/Martyna-by-mr-makowski-0001-low-res-1024x693.jpg?v=1627123644 1024w, https:\/\/pracownia52.pl\/www\/wp-content\/uploads\/2019\/01\/Martyna-by-mr-makowski-0001-low-res-300x203.jpg?v=1627123644 300w, https:\/\/pracownia52.pl\/www\/wp-content\/uploads\/2019\/01\/Martyna-by-mr-makowski-0001-low-res-768x520.jpg?v=1627123644 768w, https:\/\/pracownia52.pl\/www\/wp-content\/uploads\/2019\/01\/Martyna-by-mr-makowski-0001-low-res.jpg?v=1627123644 1200w\" sizes=\"auto, (max-width: 767px) 89vw, (max-width: 1000px) 54vw, (max-width: 1071px) 543px, 580px\" \/><\/a><\/figure><\/li><li class=\"blocks-gallery-item\"><figure><a href=\"https:\/\/pracownia52.pl\/www\/wp-content\/uploads\/2019\/01\/Martyna-by-mr-makowski-0002low-res-1024x698.jpg\"><img loading=\"lazy\" decoding=\"async\" width=\"1024\" height=\"698\" src=\"https:\/\/pracownia52.pl\/www\/wp-content\/uploads\/2019\/01\/Martyna-by-mr-makowski-0002low-res-1024x698.jpg\" alt=\"\" data-id=\"8756\" data-link=\"https:\/\/pracownia52.pl\/www\/?attachment_id=8756\" class=\"wp-image-8756\" srcset=\"https:\/\/pracownia52.pl\/www\/wp-content\/uploads\/2019\/01\/Martyna-by-mr-makowski-0002low-res-1024x698.jpg?v=1627123644 1024w, https:\/\/pracownia52.pl\/www\/wp-content\/uploads\/2019\/01\/Martyna-by-mr-makowski-0002low-res-300x205.jpg?v=1627123644 300w, https:\/\/pracownia52.pl\/www\/wp-content\/uploads\/2019\/01\/Martyna-by-mr-makowski-0002low-res-768x524.jpg?v=1627123644 768w, https:\/\/pracownia52.pl\/www\/wp-content\/uploads\/2019\/01\/Martyna-by-mr-makowski-0002low-res.jpg?v=1627123644 1200w\" sizes=\"auto, (max-width: 767px) 89vw, (max-width: 1000px) 54vw, (max-width: 1071px) 543px, 580px\" \/><\/a><\/figure><\/li><\/ul>\n\n\n\n<p>Uzupe\u0142nienie: \u201e<a href=\"https:\/\/pracownia52.pl\/www\/?p=8676\"><strong>kolorowanki<\/strong><\/a>\u201d o kt\u00f3rych szerzej ju\u017c napisa\u0142em; zdj\u0119cia wysy\u0142ane do prasy w latach 80. <br \/>mr m.<\/p>\n","protected":false},"excerpt":{"rendered":"<p>spory kawa\u0142ek \u017cycia.\u2022 zdj\u0119cia (du\u017co), projekty LP, MK, SP, CD\u2022 LP \u201eMaquillage\u201d \u2013 projekt Magda Hollender do zdj\u0119\u0107 mr m.\u2022 plakaty, ulotki, wizyt\u00f3wki\u2022 projekty dla firm przez ni\u0105 za\u0142o\u017conych: Nie Ma Jak, Gumowa R\u00f3\u017ca\u2026zob. te\u017c: Rafa\u0142 R\u0119kosiewicz oraz d. Jugos\u0142awia\u2026mr m.u-aktualnienie: i o ok\u0142adce, jednej\u2026m. Uzupe\u0142nienie: \u201ekolorowanki\u201d o kt\u00f3rych szerzej ju\u017c napisa\u0142em; zdj\u0119cia wysy\u0142ane do &hellip; <\/p>\n<p class=\"link-more\"><a href=\"https:\/\/pracownia52.pl\/www\/?page_id=501\" class=\"more-link\">Czytaj dalej<span class=\"screen-reader-text\"> \u201eMartyna Jakubowicz\u201d<\/span><\/a><\/p>\n","protected":false},"author":1,"featured_media":0,"parent":0,"menu_order":0,"comment_status":"closed","ping_status":"open","template":"","meta":{"footnotes":""},"class_list":["post-501","page","type-page","status-publish","hentry"],"_links":{"self":[{"href":"https:\/\/pracownia52.pl\/www\/index.php?rest_route=\/wp\/v2\/pages\/501","targetHints":{"allow":["GET"]}}],"collection":[{"href":"https:\/\/pracownia52.pl\/www\/index.php?rest_route=\/wp\/v2\/pages"}],"about":[{"href":"https:\/\/pracownia52.pl\/www\/index.php?rest_route=\/wp\/v2\/types\/page"}],"author":[{"embeddable":true,"href":"https:\/\/pracownia52.pl\/www\/index.php?rest_route=\/wp\/v2\/users\/1"}],"replies":[{"embeddable":true,"href":"https:\/\/pracownia52.pl\/www\/index.php?rest_route=%2Fwp%2Fv2%2Fcomments&post=501"}],"version-history":[{"count":23,"href":"https:\/\/pracownia52.pl\/www\/index.php?rest_route=\/wp\/v2\/pages\/501\/revisions"}],"predecessor-version":[{"id":8759,"href":"https:\/\/pracownia52.pl\/www\/index.php?rest_route=\/wp\/v2\/pages\/501\/revisions\/8759"}],"wp:attachment":[{"href":"https:\/\/pracownia52.pl\/www\/index.php?rest_route=%2Fwp%2Fv2%2Fmedia&parent=501"}],"curies":[{"name":"wp","href":"https:\/\/api.w.org\/{rel}","templated":true}]}}