{"id":5123,"date":"2016-03-03T12:33:22","date_gmt":"2016-03-03T12:33:22","guid":{"rendered":"http:\/\/pracownia52.pl\/www\/?page_id=5123"},"modified":"2018-12-29T17:18:32","modified_gmt":"2018-12-29T17:18:32","slug":"mama","status":"publish","type":"page","link":"https:\/\/pracownia52.pl\/www\/?page_id=5123","title":{"rendered":"Mama (grupa)"},"content":{"rendered":"\n<p>grupa metalowa ze \u015al\u0105ska, nawet jaki\u015b projekt kasety (MK, 1986) zrobi\u0142em.<br \/>mr m.<\/p>\n\n\n\n<ul class=\"wp-block-gallery columns-4 is-cropped wp-block-gallery-1 is-layout-flex wp-block-gallery-is-layout-flex\"><li class=\"blocks-gallery-item\"><figure><a href=\"https:\/\/pracownia52.pl\/www\/wp-content\/uploads\/2016\/03\/1986-XI-grupa-mama-4.jpg\"><img loading=\"lazy\" decoding=\"async\" width=\"800\" height=\"532\" src=\"https:\/\/pracownia52.pl\/www\/wp-content\/uploads\/2016\/03\/1986-XI-grupa-mama-4.jpg\" alt=\"\" data-id=\"5128\" data-link=\"https:\/\/pracownia52.pl\/www\/?attachment_id=5128\" class=\"wp-image-5128\" srcset=\"https:\/\/pracownia52.pl\/www\/wp-content\/uploads\/2016\/03\/1986-XI-grupa-mama-4.jpg?v=1627123924 800w, https:\/\/pracownia52.pl\/www\/wp-content\/uploads\/2016\/03\/1986-XI-grupa-mama-4-300x200.jpg?v=1627123924 300w, https:\/\/pracownia52.pl\/www\/wp-content\/uploads\/2016\/03\/1986-XI-grupa-mama-4-768x511.jpg?v=1627123924 768w\" sizes=\"auto, (max-width: 767px) 89vw, (max-width: 1000px) 54vw, (max-width: 1071px) 543px, 580px\" \/><\/a><\/figure><\/li><li class=\"blocks-gallery-item\"><figure><a href=\"https:\/\/pracownia52.pl\/www\/wp-content\/uploads\/2016\/03\/1986-grupa-Mama-XI-low-11.jpg\"><img loading=\"lazy\" decoding=\"async\" width=\"800\" height=\"533\" src=\"https:\/\/pracownia52.pl\/www\/wp-content\/uploads\/2016\/03\/1986-grupa-Mama-XI-low-11.jpg\" alt=\"\" data-id=\"5125\" data-link=\"https:\/\/pracownia52.pl\/www\/?attachment_id=5125\" class=\"wp-image-5125\" srcset=\"https:\/\/pracownia52.pl\/www\/wp-content\/uploads\/2016\/03\/1986-grupa-Mama-XI-low-11.jpg?v=1627123924 800w, https:\/\/pracownia52.pl\/www\/wp-content\/uploads\/2016\/03\/1986-grupa-Mama-XI-low-11-300x200.jpg?v=1627123924 300w, https:\/\/pracownia52.pl\/www\/wp-content\/uploads\/2016\/03\/1986-grupa-Mama-XI-low-11-768x512.jpg?v=1627123924 768w\" sizes=\"auto, (max-width: 767px) 89vw, (max-width: 1000px) 54vw, (max-width: 1071px) 543px, 580px\" \/><\/a><\/figure><\/li><li class=\"blocks-gallery-item\"><figure><a href=\"https:\/\/pracownia52.pl\/www\/wp-content\/uploads\/2016\/03\/1986-XI-grupa-Mama-5.jpg\"><img loading=\"lazy\" decoding=\"async\" width=\"800\" height=\"524\" src=\"https:\/\/pracownia52.pl\/www\/wp-content\/uploads\/2016\/03\/1986-XI-grupa-Mama-5.jpg\" alt=\"\" data-id=\"5127\" data-link=\"https:\/\/pracownia52.pl\/www\/?attachment_id=5127\" class=\"wp-image-5127\" srcset=\"https:\/\/pracownia52.pl\/www\/wp-content\/uploads\/2016\/03\/1986-XI-grupa-Mama-5.jpg?v=1627123924 800w, https:\/\/pracownia52.pl\/www\/wp-content\/uploads\/2016\/03\/1986-XI-grupa-Mama-5-300x197.jpg?v=1627123924 300w, https:\/\/pracownia52.pl\/www\/wp-content\/uploads\/2016\/03\/1986-XI-grupa-Mama-5-768x503.jpg?v=1627123924 768w\" sizes=\"auto, (max-width: 767px) 89vw, (max-width: 1000px) 54vw, (max-width: 1071px) 543px, 580px\" \/><\/a><\/figure><\/li><li class=\"blocks-gallery-item\"><figure><a href=\"https:\/\/pracownia52.pl\/www\/wp-content\/uploads\/2016\/03\/1986-XI-grupa-Mama-1.jpg\"><img loading=\"lazy\" decoding=\"async\" width=\"800\" height=\"537\" src=\"https:\/\/pracownia52.pl\/www\/wp-content\/uploads\/2016\/03\/1986-XI-grupa-Mama-1.jpg\" alt=\"\" data-id=\"5126\" data-link=\"https:\/\/pracownia52.pl\/www\/?attachment_id=5126\" class=\"wp-image-5126\" srcset=\"https:\/\/pracownia52.pl\/www\/wp-content\/uploads\/2016\/03\/1986-XI-grupa-Mama-1.jpg?v=1627123924 800w, https:\/\/pracownia52.pl\/www\/wp-content\/uploads\/2016\/03\/1986-XI-grupa-Mama-1-300x201.jpg?v=1627123924 300w, https:\/\/pracownia52.pl\/www\/wp-content\/uploads\/2016\/03\/1986-XI-grupa-Mama-1-768x516.jpg?v=1627123924 768w\" sizes=\"auto, (max-width: 767px) 89vw, (max-width: 1000px) 54vw, (max-width: 1071px) 543px, 580px\" \/><\/a><\/figure><\/li><\/ul>\n\n\n\n<figure class=\"wp-block-image\"><img loading=\"lazy\" decoding=\"async\" width=\"1024\" height=\"719\" src=\"https:\/\/pracownia52.pl\/www\/wp-content\/uploads\/2018\/12\/1986-grupa-Mama-999-fot-mr-makowski-01-1024x719.jpg\" alt=\"\" class=\"wp-image-8470\" srcset=\"https:\/\/pracownia52.pl\/www\/wp-content\/uploads\/2018\/12\/1986-grupa-Mama-999-fot-mr-makowski-01-1024x719.jpg?v=1627123663 1024w, https:\/\/pracownia52.pl\/www\/wp-content\/uploads\/2018\/12\/1986-grupa-Mama-999-fot-mr-makowski-01-300x211.jpg?v=1627123663 300w, https:\/\/pracownia52.pl\/www\/wp-content\/uploads\/2018\/12\/1986-grupa-Mama-999-fot-mr-makowski-01-768x540.jpg?v=1627123663 768w, https:\/\/pracownia52.pl\/www\/wp-content\/uploads\/2018\/12\/1986-grupa-Mama-999-fot-mr-makowski-01.jpg?v=1627123663 1200w\" sizes=\"auto, (max-width: 767px) 89vw, (max-width: 1000px) 54vw, (max-width: 1071px) 543px, 580px\" \/><\/figure>\n","protected":false},"excerpt":{"rendered":"<p>grupa metalowa ze \u015al\u0105ska, nawet jaki\u015b projekt kasety (MK, 1986) zrobi\u0142em.mr m.<\/p>\n","protected":false},"author":1,"featured_media":0,"parent":0,"menu_order":0,"comment_status":"closed","ping_status":"closed","template":"","meta":{"footnotes":""},"class_list":["post-5123","page","type-page","status-publish","hentry"],"_links":{"self":[{"href":"https:\/\/pracownia52.pl\/www\/index.php?rest_route=\/wp\/v2\/pages\/5123","targetHints":{"allow":["GET"]}}],"collection":[{"href":"https:\/\/pracownia52.pl\/www\/index.php?rest_route=\/wp\/v2\/pages"}],"about":[{"href":"https:\/\/pracownia52.pl\/www\/index.php?rest_route=\/wp\/v2\/types\/page"}],"author":[{"embeddable":true,"href":"https:\/\/pracownia52.pl\/www\/index.php?rest_route=\/wp\/v2\/users\/1"}],"replies":[{"embeddable":true,"href":"https:\/\/pracownia52.pl\/www\/index.php?rest_route=%2Fwp%2Fv2%2Fcomments&post=5123"}],"version-history":[{"count":5,"href":"https:\/\/pracownia52.pl\/www\/index.php?rest_route=\/wp\/v2\/pages\/5123\/revisions"}],"predecessor-version":[{"id":8471,"href":"https:\/\/pracownia52.pl\/www\/index.php?rest_route=\/wp\/v2\/pages\/5123\/revisions\/8471"}],"wp:attachment":[{"href":"https:\/\/pracownia52.pl\/www\/index.php?rest_route=%2Fwp%2Fv2%2Fmedia&parent=5123"}],"curies":[{"name":"wp","href":"https:\/\/api.w.org\/{rel}","templated":true}]}}