{"id":518,"date":"2010-06-12T11:37:15","date_gmt":"2010-06-12T11:37:15","guid":{"rendered":"http:\/\/pracownia52.pl\/www\/?page_id=518"},"modified":"2019-03-08T14:26:39","modified_gmt":"2019-03-08T14:26:39","slug":"mietek-mechanik-jurecki","status":"publish","type":"page","link":"https:\/\/pracownia52.pl\/www\/?page_id=518","title":{"rendered":"Mietek \u201eMechanik\u201d Jurecki"},"content":{"rendered":"<p>Zdj\u0119cia, projekt ok\u0142adki LP (o UFO, st\u0105d lataj\u0105ce co\u015b na g\u00f3rnym zdj\u0119ciu: i nie: to nie photoshop, rzucali\u015bmy czym\u015b i trzeba by\u0142o szybko naciska\u0107\u2026).Wsp\u00f3lnie z <a href=\"https:\/\/pracownia52.pl\/www\/?page_id=6781\"><strong>Andrzejem \u0141ubniewskim<\/strong><\/a>. <br \/>Lubi\u0119 Andrzeja, ale to taki sobie projekt; w sumie po nim zacz\u0105\u0142em ju\u017c \u201edo ko\u0144ca\u201d samemu (z wyj\u0105tkami nielicznymi) te projekty d\u0142uba\u0107, lepiej, gorzej\u2026<br \/>mr m.<\/p>\n\n\n<ul class=\"wp-block-gallery columns-2 is-cropped wp-block-gallery-1 is-layout-flex wp-block-gallery-is-layout-flex\"><li class=\"blocks-gallery-item\"><figure><img loading=\"lazy\" decoding=\"async\" width=\"500\" height=\"343\" src=\"https:\/\/pracownia52.pl\/www\/wp-content\/uploads\/2010\/06\/mietek-jurecki-wwa-88-87.jpg\" alt=\"\" data-id=\"521\" data-link=\"https:\/\/pracownia52.pl\/www\/?attachment_id=521\" class=\"wp-image-521\" srcset=\"https:\/\/pracownia52.pl\/www\/wp-content\/uploads\/2010\/06\/mietek-jurecki-wwa-88-87.jpg?v=1627124303 500w, https:\/\/pracownia52.pl\/www\/wp-content\/uploads\/2010\/06\/mietek-jurecki-wwa-88-87-300x206.jpg?v=1627124303 300w\" sizes=\"auto, (max-width: 500px) 100vw, 500px\" \/><\/figure><\/li><li class=\"blocks-gallery-item\"><figure><img loading=\"lazy\" decoding=\"async\" width=\"1024\" height=\"672\" src=\"https:\/\/pracownia52.pl\/www\/wp-content\/uploads\/2018\/12\/01-1987-Mechanik-Mietek-Jurecki-528-fot-mr-makowski-1024x672.jpg\" alt=\"\" data-id=\"8486\" data-link=\"https:\/\/pracownia52.pl\/www\/?attachment_id=8486\" class=\"wp-image-8486\" srcset=\"https:\/\/pracownia52.pl\/www\/wp-content\/uploads\/2018\/12\/01-1987-Mechanik-Mietek-Jurecki-528-fot-mr-makowski-1024x672.jpg?v=1627123662 1024w, https:\/\/pracownia52.pl\/www\/wp-content\/uploads\/2018\/12\/01-1987-Mechanik-Mietek-Jurecki-528-fot-mr-makowski-300x197.jpg?v=1627123662 300w, https:\/\/pracownia52.pl\/www\/wp-content\/uploads\/2018\/12\/01-1987-Mechanik-Mietek-Jurecki-528-fot-mr-makowski-768x504.jpg?v=1627123662 768w, https:\/\/pracownia52.pl\/www\/wp-content\/uploads\/2018\/12\/01-1987-Mechanik-Mietek-Jurecki-528-fot-mr-makowski.jpg?v=1627123662 1200w\" sizes=\"auto, (max-width: 767px) 89vw, (max-width: 1000px) 54vw, (max-width: 1071px) 543px, 580px\" \/><\/figure><\/li><\/ul>\n","protected":false},"excerpt":{"rendered":"<p>Zdj\u0119cia, projekt ok\u0142adki LP (o UFO, st\u0105d lataj\u0105ce co\u015b na g\u00f3rnym zdj\u0119ciu: i nie: to nie photoshop, rzucali\u015bmy czym\u015b i trzeba by\u0142o szybko naciska\u0107\u2026).Wsp\u00f3lnie z Andrzejem \u0141ubniewskim. Lubi\u0119 Andrzeja, ale to taki sobie projekt; w sumie po nim zacz\u0105\u0142em ju\u017c \u201edo ko\u0144ca\u201d samemu (z wyj\u0105tkami nielicznymi) te projekty d\u0142uba\u0107, lepiej, gorzej\u2026mr m.<\/p>\n","protected":false},"author":1,"featured_media":9247,"parent":0,"menu_order":0,"comment_status":"closed","ping_status":"open","template":"","meta":{"footnotes":""},"class_list":["post-518","page","type-page","status-publish","has-post-thumbnail","hentry"],"_links":{"self":[{"href":"https:\/\/pracownia52.pl\/www\/index.php?rest_route=\/wp\/v2\/pages\/518","targetHints":{"allow":["GET"]}}],"collection":[{"href":"https:\/\/pracownia52.pl\/www\/index.php?rest_route=\/wp\/v2\/pages"}],"about":[{"href":"https:\/\/pracownia52.pl\/www\/index.php?rest_route=\/wp\/v2\/types\/page"}],"author":[{"embeddable":true,"href":"https:\/\/pracownia52.pl\/www\/index.php?rest_route=\/wp\/v2\/users\/1"}],"replies":[{"embeddable":true,"href":"https:\/\/pracownia52.pl\/www\/index.php?rest_route=%2Fwp%2Fv2%2Fcomments&post=518"}],"version-history":[{"count":6,"href":"https:\/\/pracownia52.pl\/www\/index.php?rest_route=\/wp\/v2\/pages\/518\/revisions"}],"predecessor-version":[{"id":9249,"href":"https:\/\/pracownia52.pl\/www\/index.php?rest_route=\/wp\/v2\/pages\/518\/revisions\/9249"}],"wp:featuredmedia":[{"embeddable":true,"href":"https:\/\/pracownia52.pl\/www\/index.php?rest_route=\/wp\/v2\/media\/9247"}],"wp:attachment":[{"href":"https:\/\/pracownia52.pl\/www\/index.php?rest_route=%2Fwp%2Fv2%2Fmedia&parent=518"}],"curies":[{"name":"wp","href":"https:\/\/api.w.org\/{rel}","templated":true}]}}