{"id":5225,"date":"2016-04-18T09:08:26","date_gmt":"2016-04-18T09:08:26","guid":{"rendered":"https:\/\/pracownia52.pl\/www\/?page_id=5225"},"modified":"2023-01-20T15:51:56","modified_gmt":"2023-01-20T15:51:56","slug":"jugoslawia-d","status":"publish","type":"page","link":"https:\/\/pracownia52.pl\/www\/?page_id=5225","title":{"rendered":"Jugos\u0142awia (d.)"},"content":{"rendered":"\n<p>bardzo pouczaj\u0105cy <strong><a href=\"https:\/\/pracownia52.pl\/www\/?page_id=4852\" data-type=\"URL\" data-id=\"https:\/\/pracownia52.pl\/www\/?page_id=4852\">wyjazd<\/a><\/strong>, Alma Art krakowski: <a href=\"https:\/\/pracownia52.pl\/www\/?page_id=501\"><strong>Martyna Jakubowicz<\/strong><\/a>, <a href=\"https:\/\/pracownia52.pl\/www\/?page_id=181\"><strong>D\u017cem<\/strong><\/a>, jacy\u015b piosenkarze studenccy\u2026 1985 r.<br \/>mr m.<\/p>\n\n\n\n<figure class=\"wp-block-gallery has-nested-images columns-4 is-cropped wp-block-gallery-1 is-layout-flex wp-block-gallery-is-layout-flex\">\n<figure class=\"wp-block-image size-full\"><a href=\"https:\/\/pracownia52.pl\/www\/wp-content\/uploads\/2016\/04\/004-jugoslawia1985-v700-05low.jpg\"><img loading=\"lazy\" decoding=\"async\" width=\"800\" height=\"528\" data-id=\"5229\" src=\"https:\/\/pracownia52.pl\/www\/wp-content\/uploads\/2016\/04\/004-jugoslawia1985-v700-05low.jpg?v=1627123916\" alt=\"\" class=\"wp-image-5229\" srcset=\"https:\/\/pracownia52.pl\/www\/wp-content\/uploads\/2016\/04\/004-jugoslawia1985-v700-05low.jpg?v=1627123916 800w, https:\/\/pracownia52.pl\/www\/wp-content\/uploads\/2016\/04\/004-jugoslawia1985-v700-05low-300x198.jpg?v=1627123916 300w, https:\/\/pracownia52.pl\/www\/wp-content\/uploads\/2016\/04\/004-jugoslawia1985-v700-05low-768x507.jpg?v=1627123916 768w\" sizes=\"auto, (max-width: 767px) 89vw, (max-width: 1000px) 54vw, (max-width: 1071px) 543px, 580px\" \/><\/a><\/figure>\n\n\n\n<figure class=\"wp-block-image size-full\"><a href=\"https:\/\/pracownia52.pl\/www\/wp-content\/uploads\/2016\/04\/All-Jugo-85-32.jpg\"><img loading=\"lazy\" decoding=\"async\" width=\"500\" height=\"374\" data-id=\"5230\" src=\"https:\/\/pracownia52.pl\/www\/wp-content\/uploads\/2016\/04\/All-Jugo-85-32.jpg?v=1627123916\" alt=\"\" class=\"wp-image-5230\" srcset=\"https:\/\/pracownia52.pl\/www\/wp-content\/uploads\/2016\/04\/All-Jugo-85-32.jpg?v=1627123916 500w, https:\/\/pracownia52.pl\/www\/wp-content\/uploads\/2016\/04\/All-Jugo-85-32-300x224.jpg?v=1627123916 300w\" sizes=\"auto, (max-width: 500px) 100vw, 500px\" \/><\/a><\/figure>\n\n\n\n<figure class=\"wp-block-image size-full\"><a href=\"https:\/\/pracownia52.pl\/www\/wp-content\/uploads\/2016\/04\/land-Jugo-85-22.jpg\"><img loading=\"lazy\" decoding=\"async\" width=\"500\" height=\"374\" data-id=\"5231\" src=\"https:\/\/pracownia52.pl\/www\/wp-content\/uploads\/2016\/04\/land-Jugo-85-22.jpg?v=1627123916\" alt=\"\" class=\"wp-image-5231\" srcset=\"https:\/\/pracownia52.pl\/www\/wp-content\/uploads\/2016\/04\/land-Jugo-85-22.jpg?v=1627123916 500w, https:\/\/pracownia52.pl\/www\/wp-content\/uploads\/2016\/04\/land-Jugo-85-22-300x224.jpg?v=1627123916 300w\" sizes=\"auto, (max-width: 500px) 100vw, 500px\" \/><\/a><\/figure>\n\n\n\n<figure class=\"wp-block-image size-full\"><a href=\"https:\/\/pracownia52.pl\/www\/wp-content\/uploads\/2016\/04\/MJjugoslawia1985-613cmnmod.jpg\"><img loading=\"lazy\" decoding=\"async\" width=\"537\" height=\"800\" data-id=\"5232\" src=\"https:\/\/pracownia52.pl\/www\/wp-content\/uploads\/2016\/04\/MJjugoslawia1985-613cmnmod.jpg?v=1627123916\" alt=\"\" class=\"wp-image-5232\" srcset=\"https:\/\/pracownia52.pl\/www\/wp-content\/uploads\/2016\/04\/MJjugoslawia1985-613cmnmod.jpg?v=1627123916 537w, https:\/\/pracownia52.pl\/www\/wp-content\/uploads\/2016\/04\/MJjugoslawia1985-613cmnmod-201x300.jpg?v=1627123916 201w\" sizes=\"auto, (max-width: 537px) 100vw, 537px\" \/><\/a><\/figure>\n<\/figure>\n","protected":false},"excerpt":{"rendered":"<p>bardzo pouczaj\u0105cy wyjazd, Alma Art krakowski: Martyna Jakubowicz, D\u017cem, jacy\u015b piosenkarze studenccy\u2026 1985 r.mr m.<\/p>\n","protected":false},"author":1,"featured_media":0,"parent":0,"menu_order":3,"comment_status":"closed","ping_status":"closed","template":"","meta":{"footnotes":""},"class_list":["post-5225","page","type-page","status-publish","hentry"],"_links":{"self":[{"href":"https:\/\/pracownia52.pl\/www\/index.php?rest_route=\/wp\/v2\/pages\/5225","targetHints":{"allow":["GET"]}}],"collection":[{"href":"https:\/\/pracownia52.pl\/www\/index.php?rest_route=\/wp\/v2\/pages"}],"about":[{"href":"https:\/\/pracownia52.pl\/www\/index.php?rest_route=\/wp\/v2\/types\/page"}],"author":[{"embeddable":true,"href":"https:\/\/pracownia52.pl\/www\/index.php?rest_route=\/wp\/v2\/users\/1"}],"replies":[{"embeddable":true,"href":"https:\/\/pracownia52.pl\/www\/index.php?rest_route=%2Fwp%2Fv2%2Fcomments&post=5225"}],"version-history":[{"count":9,"href":"https:\/\/pracownia52.pl\/www\/index.php?rest_route=\/wp\/v2\/pages\/5225\/revisions"}],"predecessor-version":[{"id":10180,"href":"https:\/\/pracownia52.pl\/www\/index.php?rest_route=\/wp\/v2\/pages\/5225\/revisions\/10180"}],"wp:attachment":[{"href":"https:\/\/pracownia52.pl\/www\/index.php?rest_route=%2Fwp%2Fv2%2Fmedia&parent=5225"}],"curies":[{"name":"wp","href":"https:\/\/api.w.org\/{rel}","templated":true}]}}