{"id":523,"date":"2010-06-12T12:36:28","date_gmt":"2010-06-12T12:36:28","guid":{"rendered":"http:\/\/pracownia52.pl\/www\/?page_id=523"},"modified":"2019-01-10T13:12:31","modified_gmt":"2019-01-10T13:12:31","slug":"mtj","status":"publish","type":"page","link":"https:\/\/pracownia52.pl\/www\/?page_id=523","title":{"rendered":"MTJ"},"content":{"rendered":"<p>Kilka projekt\u00f3w na kasety (MK). W\u015br\u00f3d nich: <a href=\"https:\/\/pracownia52.pl\/www\/?page_id=167\"><strong>Cydhie Genoside<\/strong><\/a>. <br \/>Kasety sz\u0142y wtedy jak woda \u2013 albo i lepiej. P\u00f3\u017aniej si\u0119 troch\u0119 nie\u0142adnie zachowywali \u2013 ale wiadomo: krajowy <em>sza\u0142 i byznes<\/em>\u2026<br \/>mr m.<br \/><a href=\"http:\/\/pracownia52.pl\/www\/?page_id=167\"><img loading=\"lazy\" decoding=\"async\" class=\"alignnone size-full wp-image-4864\" src=\"http:\/\/pracownia52.pl\/www\/wp-content\/uploads\/2010\/06\/cydhie-genoside-0011.jpg\" alt=\"cydhie-genoside-001\" width=\"450\" height=\"287\" srcset=\"https:\/\/pracownia52.pl\/www\/wp-content\/uploads\/2010\/06\/cydhie-genoside-0011.jpg?v=1632751758 450w, https:\/\/pracownia52.pl\/www\/wp-content\/uploads\/2010\/06\/cydhie-genoside-0011-300x191.jpg?v=1632751758 300w\" sizes=\"auto, (max-width: 450px) 100vw, 450px\" \/><\/a><\/p>\n\n\n<ul class=\"wp-block-gallery columns-0 is-cropped wp-block-gallery-1 is-layout-flex wp-block-gallery-is-layout-flex\"><\/ul>\n","protected":false},"excerpt":{"rendered":"<p>Kilka projekt\u00f3w na kasety (MK). W\u015br\u00f3d nich: Cydhie Genoside. Kasety sz\u0142y wtedy jak woda \u2013 albo i lepiej. P\u00f3\u017aniej si\u0119 troch\u0119 nie\u0142adnie zachowywali \u2013 ale wiadomo: krajowy sza\u0142 i byznes\u2026mr m.<\/p>\n","protected":false},"author":1,"featured_media":0,"parent":0,"menu_order":3,"comment_status":"closed","ping_status":"open","template":"","meta":{"footnotes":""},"class_list":["post-523","page","type-page","status-publish","hentry"],"_links":{"self":[{"href":"https:\/\/pracownia52.pl\/www\/index.php?rest_route=\/wp\/v2\/pages\/523","targetHints":{"allow":["GET"]}}],"collection":[{"href":"https:\/\/pracownia52.pl\/www\/index.php?rest_route=\/wp\/v2\/pages"}],"about":[{"href":"https:\/\/pracownia52.pl\/www\/index.php?rest_route=\/wp\/v2\/types\/page"}],"author":[{"embeddable":true,"href":"https:\/\/pracownia52.pl\/www\/index.php?rest_route=\/wp\/v2\/users\/1"}],"replies":[{"embeddable":true,"href":"https:\/\/pracownia52.pl\/www\/index.php?rest_route=%2Fwp%2Fv2%2Fcomments&post=523"}],"version-history":[{"count":11,"href":"https:\/\/pracownia52.pl\/www\/index.php?rest_route=\/wp\/v2\/pages\/523\/revisions"}],"predecessor-version":[{"id":8751,"href":"https:\/\/pracownia52.pl\/www\/index.php?rest_route=\/wp\/v2\/pages\/523\/revisions\/8751"}],"wp:attachment":[{"href":"https:\/\/pracownia52.pl\/www\/index.php?rest_route=%2Fwp%2Fv2%2Fmedia&parent=523"}],"curies":[{"name":"wp","href":"https:\/\/api.w.org\/{rel}","templated":true}]}}