{"id":5302,"date":"2016-05-21T14:34:28","date_gmt":"2016-05-21T14:34:28","guid":{"rendered":"https:\/\/pracownia52.pl\/www\/?page_id=5302"},"modified":"2016-05-21T14:34:28","modified_gmt":"2016-05-21T14:34:28","slug":"niezidentyfikowane","status":"publish","type":"page","link":"https:\/\/pracownia52.pl\/www\/?page_id=5302","title":{"rendered":"niezidentyfikowane"},"content":{"rendered":"<p>* <strong>Mokotowskie Spotkania Muzyczne<\/strong>, ursyn\u00f3w (1981)<br \/>\nkapela, graj\u0105ca nie na scenie w klubie, a gdzie\u015b na ursynowie, kto\u015b rozpoznaje?<br \/>\n<img loading=\"lazy\" decoding=\"async\" src=\"https:\/\/pracownia52.pl\/www\/wp-content\/uploads\/2016\/05\/001-1981-mokotowskie-spotk-muzyczne-chyba-band-NN-ursynow.jpg\" alt=\"001-1981-mokotowskie-spotk-muzyczne-chyba-band-NN-ursynow\" width=\"1200\" height=\"797\" class=\"alignnone size-full wp-image-5303\" srcset=\"https:\/\/pracownia52.pl\/www\/wp-content\/uploads\/2016\/05\/001-1981-mokotowskie-spotk-muzyczne-chyba-band-NN-ursynow.jpg?v=1627123911 1200w, https:\/\/pracownia52.pl\/www\/wp-content\/uploads\/2016\/05\/001-1981-mokotowskie-spotk-muzyczne-chyba-band-NN-ursynow-300x199.jpg?v=1627123911 300w, https:\/\/pracownia52.pl\/www\/wp-content\/uploads\/2016\/05\/001-1981-mokotowskie-spotk-muzyczne-chyba-band-NN-ursynow-1024x680.jpg?v=1627123911 1024w, https:\/\/pracownia52.pl\/www\/wp-content\/uploads\/2016\/05\/001-1981-mokotowskie-spotk-muzyczne-chyba-band-NN-ursynow-768x510.jpg?v=1627123911 768w\" sizes=\"auto, (max-width: 767px) 89vw, (max-width: 1000px) 54vw, (max-width: 1071px) 543px, 580px\" \/><br \/>\n\u2026<\/p>\n","protected":false},"excerpt":{"rendered":"<p>* Mokotowskie Spotkania Muzyczne, ursyn\u00f3w (1981) kapela, graj\u0105ca nie na scenie w klubie, a gdzie\u015b na ursynowie, kto\u015b rozpoznaje? \u2026<\/p>\n","protected":false},"author":1,"featured_media":0,"parent":0,"menu_order":1,"comment_status":"closed","ping_status":"closed","template":"","meta":{"footnotes":""},"class_list":["post-5302","page","type-page","status-publish","hentry"],"_links":{"self":[{"href":"https:\/\/pracownia52.pl\/www\/index.php?rest_route=\/wp\/v2\/pages\/5302","targetHints":{"allow":["GET"]}}],"collection":[{"href":"https:\/\/pracownia52.pl\/www\/index.php?rest_route=\/wp\/v2\/pages"}],"about":[{"href":"https:\/\/pracownia52.pl\/www\/index.php?rest_route=\/wp\/v2\/types\/page"}],"author":[{"embeddable":true,"href":"https:\/\/pracownia52.pl\/www\/index.php?rest_route=\/wp\/v2\/users\/1"}],"replies":[{"embeddable":true,"href":"https:\/\/pracownia52.pl\/www\/index.php?rest_route=%2Fwp%2Fv2%2Fcomments&post=5302"}],"version-history":[{"count":1,"href":"https:\/\/pracownia52.pl\/www\/index.php?rest_route=\/wp\/v2\/pages\/5302\/revisions"}],"predecessor-version":[{"id":5304,"href":"https:\/\/pracownia52.pl\/www\/index.php?rest_route=\/wp\/v2\/pages\/5302\/revisions\/5304"}],"wp:attachment":[{"href":"https:\/\/pracownia52.pl\/www\/index.php?rest_route=%2Fwp%2Fv2%2Fmedia&parent=5302"}],"curies":[{"name":"wp","href":"https:\/\/api.w.org\/{rel}","templated":true}]}}