{"id":533,"date":"2010-06-12T11:54:24","date_gmt":"2010-06-12T11:54:24","guid":{"rendered":"http:\/\/pracownia52.pl\/www\/?page_id=533"},"modified":"2026-04-12T18:48:34","modified_gmt":"2026-04-12T18:48:34","slug":"pick-up","status":"publish","type":"page","link":"https:\/\/pracownia52.pl\/www\/?page_id=533","title":{"rendered":"Pick Up"},"content":{"rendered":"\n<p>fajna kapela.<br \/>zdj\u0119cia. <strong><a href=\"https:\/\/makowski.info\/?page_id=1861\" data-type=\"URL\" data-id=\"https:\/\/makowski.info\/?page_id=1861\">projekty ok\u0142adek<\/a><\/strong> LP\u2019s, MK, wsp\u00f3\u0142praca (oraz og\u00f3lnie mi\u0142a atmosfera). zob. te\u017c <a href=\"http:\/\/pracownia52.pl\/www\/?page_id=874\"><strong>young power<\/strong><\/a>, <a href=\"http:\/\/pracownia52.pl\/www\/?page_id=312\">irek dudek<\/a>\u2026<\/p>\n\n\n\n<blockquote class=\"wp-block-quote is-layout-flow wp-block-quote-is-layout-flow\">\n<p><em>A czy wspomnia\u0142em, \u017ce <strong>Zakaz Fotografowania<\/strong> antycypuje yass, b\u0119d\u0105c przy okazji rzecz\u0105 lepsz\u0105 od czegokolwiek powsta\u0142ego w konwencji yassowej (wiem, szalona odwaga, ale takie moje zdanie i ju\u017c)?<\/em><br \/><a href=\"http:\/\/www.porcys.com\/ranking\/najlepsze-polskie-plyty-xx-wieku\/9\/\">Tomasz Skowyra \u201eNajlepsze polskie p\u0142yty XX wieku\u201d<\/a><\/p>\n<\/blockquote>\n\n\n\n<figure class=\"wp-block-gallery has-nested-images columns-2 is-cropped wp-block-gallery-1 is-layout-flex wp-block-gallery-is-layout-flex\">\n<figure class=\"wp-block-image size-full\"><a href=\"https:\/\/pracownia52.pl\/www\/wp-content\/uploads\/2021\/07\/pick-up-01-zakaz-fotografowania-proj-mr-makowski-low-res.jpg\"><img loading=\"lazy\" decoding=\"async\" width=\"1200\" height=\"1198\" data-id=\"9889\" src=\"https:\/\/pracownia52.pl\/www\/wp-content\/uploads\/2021\/07\/pick-up-01-zakaz-fotografowania-proj-mr-makowski-low-res.jpg?v=1627124561\" alt=\"\" class=\"wp-image-9889\" srcset=\"https:\/\/pracownia52.pl\/www\/wp-content\/uploads\/2021\/07\/pick-up-01-zakaz-fotografowania-proj-mr-makowski-low-res.jpg?v=1627124561 1200w, https:\/\/pracownia52.pl\/www\/wp-content\/uploads\/2021\/07\/pick-up-01-zakaz-fotografowania-proj-mr-makowski-low-res-300x300.jpg?v=1627124561 300w, https:\/\/pracownia52.pl\/www\/wp-content\/uploads\/2021\/07\/pick-up-01-zakaz-fotografowania-proj-mr-makowski-low-res-1024x1022.jpg?v=1627124561 1024w, https:\/\/pracownia52.pl\/www\/wp-content\/uploads\/2021\/07\/pick-up-01-zakaz-fotografowania-proj-mr-makowski-low-res-150x150.jpg?v=1627124561 150w, https:\/\/pracownia52.pl\/www\/wp-content\/uploads\/2021\/07\/pick-up-01-zakaz-fotografowania-proj-mr-makowski-low-res-768x767.jpg?v=1627124561 768w, https:\/\/pracownia52.pl\/www\/wp-content\/uploads\/2021\/07\/pick-up-01-zakaz-fotografowania-proj-mr-makowski-low-res-75x75.jpg?v=1627124561 75w\" sizes=\"auto, (max-width: 767px) 89vw, (max-width: 1000px) 54vw, (max-width: 1071px) 543px, 580px\" \/><\/a><\/figure>\n\n\n\n<figure class=\"wp-block-image size-full\"><a href=\"https:\/\/pracownia52.pl\/www\/wp-content\/uploads\/2021\/07\/pick-up-II-00-projekt-mr-makowski-low-res.jpg\"><img loading=\"lazy\" decoding=\"async\" width=\"1200\" height=\"1212\" data-id=\"9849\" src=\"https:\/\/pracownia52.pl\/www\/wp-content\/uploads\/2021\/07\/pick-up-II-00-projekt-mr-makowski-low-res.jpg?v=1627128851\" alt=\"\" class=\"wp-image-9849\" srcset=\"https:\/\/pracownia52.pl\/www\/wp-content\/uploads\/2021\/07\/pick-up-II-00-projekt-mr-makowski-low-res.jpg?v=1627128851 1200w, https:\/\/pracownia52.pl\/www\/wp-content\/uploads\/2021\/07\/pick-up-II-00-projekt-mr-makowski-low-res-297x300.jpg?v=1627128851 297w, https:\/\/pracownia52.pl\/www\/wp-content\/uploads\/2021\/07\/pick-up-II-00-projekt-mr-makowski-low-res-1014x1024.jpg?v=1627128851 1014w, https:\/\/pracownia52.pl\/www\/wp-content\/uploads\/2021\/07\/pick-up-II-00-projekt-mr-makowski-low-res-768x776.jpg?v=1627128851 768w, https:\/\/pracownia52.pl\/www\/wp-content\/uploads\/2021\/07\/pick-up-II-00-projekt-mr-makowski-low-res-75x75.jpg?v=1627128851 75w\" sizes=\"auto, (max-width: 767px) 89vw, (max-width: 1000px) 54vw, (max-width: 1071px) 543px, 580px\" \/><\/a><\/figure>\n\n\n\n<figure class=\"wp-block-image size-full\"><a href=\"https:\/\/pracownia52.pl\/www\/wp-content\/uploads\/2024\/01\/pick-up-proj-wstepny-mr-makowski-1988-chyba-PC298853-2200-pxl.jpg\"><img loading=\"lazy\" decoding=\"async\" width=\"2272\" height=\"2200\" data-id=\"10300\" src=\"https:\/\/pracownia52.pl\/www\/wp-content\/uploads\/2024\/01\/pick-up-proj-wstepny-mr-makowski-1988-chyba-PC298853-2200-pxl.jpg\" alt=\"\" class=\"wp-image-10300\" srcset=\"https:\/\/pracownia52.pl\/www\/wp-content\/uploads\/2024\/01\/pick-up-proj-wstepny-mr-makowski-1988-chyba-PC298853-2200-pxl.jpg 2272w, https:\/\/pracownia52.pl\/www\/wp-content\/uploads\/2024\/01\/pick-up-proj-wstepny-mr-makowski-1988-chyba-PC298853-2200-pxl-300x290.jpg 300w, https:\/\/pracownia52.pl\/www\/wp-content\/uploads\/2024\/01\/pick-up-proj-wstepny-mr-makowski-1988-chyba-PC298853-2200-pxl-1024x992.jpg 1024w, https:\/\/pracownia52.pl\/www\/wp-content\/uploads\/2024\/01\/pick-up-proj-wstepny-mr-makowski-1988-chyba-PC298853-2200-pxl-768x744.jpg 768w, https:\/\/pracownia52.pl\/www\/wp-content\/uploads\/2024\/01\/pick-up-proj-wstepny-mr-makowski-1988-chyba-PC298853-2200-pxl-1536x1487.jpg 1536w, https:\/\/pracownia52.pl\/www\/wp-content\/uploads\/2024\/01\/pick-up-proj-wstepny-mr-makowski-1988-chyba-PC298853-2200-pxl-2048x1983.jpg 2048w\" sizes=\"auto, (max-width: 767px) 89vw, (max-width: 1000px) 54vw, (max-width: 1071px) 543px, 580px\" \/><\/a><figcaption class=\"wp-element-caption\">(projekt wst\u0119pny do ok\u0142. wy\u017cej)<\/figcaption><\/figure>\n<\/figure>\n\n\n\n<p>\u2026<br \/>oraz dodatkowo, \u017ceby nie zgin\u0119\u0142o:<\/p>\n\n\n\n<blockquote class=\"wp-block-quote is-layout-flow wp-block-quote-is-layout-flow\">\n<p><em>Ok\u0142adki, kurwa, ok\u0142adki. No naprawd\u0119.<br \/>Polska p\u0142yta jazzowa z drugiej po\u0142owy ejtis\u00f3w mog\u0142a mie\u0107 ok\u0142adk\u0119 zaprojektowan\u0105 albo przez duet Maciej Buszewicz\/Lech Majewski, albo przez Miros\u0142awa Makowskiego. Portretowy styl Marka Karewicza odszed\u0142 ju\u017c w niebyt (czy jestem jedynym cz\u0142owiekiem, kt\u00f3ry nie lubi jego ok\u0142adek?); z duchem czasu bardziej wsp\u00f3\u0142gra\u0142y figuratywny minimalizm sp\u00f3\u0142ki MB\/LM i foto-kola\u017cowy anarchizm pana MM. Zgoda, mieli i swoje s\u0142abe strony: ci pierwsi robili (w pewnym momencie) ok\u0142adki do WSZYSTKICH p\u0142yt Poljazzu i przykro by\u0142o patrze\u0107, jak t\u0119 bogat\u0105 przecie\u017c stylistycznie scen\u0119 wciska si\u0119 w identycznie krojone garniturki, a i Makowski po kilku latach wyprztyka\u0142 si\u0119 z pomys\u0142\u00f3w, dna si\u0119gn\u0105wszy na \u201e<a href=\"https:\/\/pracownia52.pl\/www\/?page_id=845\"><strong>Zespole gitar elektrycznych<\/strong><\/a>\u201d Voo Voo. Teraz jednak podziwiajmy artyst\u00f3w w chwilach ich triumfu\u2026<\/em><br \/><a href=\"http:\/\/panmietek.blogspot.com\/2010\/02\/new-presentation-wojciech-niedziela.html\"><strong>Pan Mieteg. (blog taki)<\/strong><\/a><\/p>\n<\/blockquote>\n\n\n\n<figure class=\"wp-block-image\"><img loading=\"lazy\" decoding=\"async\" width=\"800\" height=\"547\" src=\"http:\/\/pracownia52.pl\/www\/wp-content\/uploads\/2010\/09\/pick-up-1987-low-kolorowane-1.jpg\" alt=\"pick-up-1987-low-kolorowane-1\" class=\"wp-image-4096\" srcset=\"https:\/\/pracownia52.pl\/www\/wp-content\/uploads\/2010\/09\/pick-up-1987-low-kolorowane-1.jpg?v=1627124080 800w, https:\/\/pracownia52.pl\/www\/wp-content\/uploads\/2010\/09\/pick-up-1987-low-kolorowane-1-300x205.jpg?v=1627124080 300w, https:\/\/pracownia52.pl\/www\/wp-content\/uploads\/2010\/09\/pick-up-1987-low-kolorowane-1-768x525.jpg?v=1627124080 768w\" sizes=\"auto, (max-width: 767px) 89vw, (max-width: 1000px) 54vw, (max-width: 1071px) 543px, 580px\" \/><\/figure>\n\n\n\n<p>mr m.<br \/><\/p>\n","protected":false},"excerpt":{"rendered":"<p>fajna kapela.zdj\u0119cia. projekty ok\u0142adek LP\u2019s, MK, wsp\u00f3\u0142praca (oraz og\u00f3lnie mi\u0142a atmosfera). zob. te\u017c young power, irek dudek\u2026 A czy wspomnia\u0142em, \u017ce Zakaz Fotografowania antycypuje yass, b\u0119d\u0105c przy okazji rzecz\u0105 lepsz\u0105 od czegokolwiek powsta\u0142ego w konwencji yassowej (wiem, szalona odwaga, ale takie moje zdanie i ju\u017c)?Tomasz Skowyra \u201eNajlepsze polskie p\u0142yty XX wieku\u201d \u2026oraz dodatkowo, \u017ceby nie &hellip; <\/p>\n<p class=\"link-more\"><a href=\"https:\/\/pracownia52.pl\/www\/?page_id=533\" class=\"more-link\">Czytaj dalej<span class=\"screen-reader-text\"> \u201ePick Up\u201d<\/span><\/a><\/p>\n","protected":false},"author":1,"featured_media":9075,"parent":0,"menu_order":0,"comment_status":"closed","ping_status":"open","template":"","meta":{"footnotes":""},"class_list":["post-533","page","type-page","status-publish","has-post-thumbnail","hentry"],"_links":{"self":[{"href":"https:\/\/pracownia52.pl\/www\/index.php?rest_route=\/wp\/v2\/pages\/533","targetHints":{"allow":["GET"]}}],"collection":[{"href":"https:\/\/pracownia52.pl\/www\/index.php?rest_route=\/wp\/v2\/pages"}],"about":[{"href":"https:\/\/pracownia52.pl\/www\/index.php?rest_route=\/wp\/v2\/types\/page"}],"author":[{"embeddable":true,"href":"https:\/\/pracownia52.pl\/www\/index.php?rest_route=\/wp\/v2\/users\/1"}],"replies":[{"embeddable":true,"href":"https:\/\/pracownia52.pl\/www\/index.php?rest_route=%2Fwp%2Fv2%2Fcomments&post=533"}],"version-history":[{"count":26,"href":"https:\/\/pracownia52.pl\/www\/index.php?rest_route=\/wp\/v2\/pages\/533\/revisions"}],"predecessor-version":[{"id":10646,"href":"https:\/\/pracownia52.pl\/www\/index.php?rest_route=\/wp\/v2\/pages\/533\/revisions\/10646"}],"wp:featuredmedia":[{"embeddable":true,"href":"https:\/\/pracownia52.pl\/www\/index.php?rest_route=\/wp\/v2\/media\/9075"}],"wp:attachment":[{"href":"https:\/\/pracownia52.pl\/www\/index.php?rest_route=%2Fwp%2Fv2%2Fmedia&parent=533"}],"curies":[{"name":"wp","href":"https:\/\/api.w.org\/{rel}","templated":true}]}}