{"id":5374,"date":"2016-06-18T08:40:58","date_gmt":"2016-06-18T08:40:58","guid":{"rendered":"https:\/\/pracownia52.pl\/www\/?page_id=5374"},"modified":"2018-12-24T09:33:35","modified_gmt":"2018-12-24T09:33:35","slug":"krakow","status":"publish","type":"page","link":"https:\/\/pracownia52.pl\/www\/?page_id=5374","title":{"rendered":"krak\u00f3w"},"content":{"rendered":"\n<figure class=\"wp-block-image\"><img loading=\"lazy\" decoding=\"async\" width=\"800\" height=\"505\" src=\"https:\/\/pracownia52.pl\/www\/wp-content\/uploads\/2016\/06\/krakow-kwiecien-1987-rok-2.jpg\" alt=\"krakow-kwiecien-1987-rok-2\" class=\"wp-image-5378\" srcset=\"https:\/\/pracownia52.pl\/www\/wp-content\/uploads\/2016\/06\/krakow-kwiecien-1987-rok-2.jpg?v=1627123905 800w, https:\/\/pracownia52.pl\/www\/wp-content\/uploads\/2016\/06\/krakow-kwiecien-1987-rok-2-300x189.jpg?v=1627123905 300w, https:\/\/pracownia52.pl\/www\/wp-content\/uploads\/2016\/06\/krakow-kwiecien-1987-rok-2-768x485.jpg?v=1627123905 768w\" sizes=\"auto, (max-width: 767px) 89vw, (max-width: 1000px) 54vw, (max-width: 1071px) 543px, 580px\" \/><\/figure>\n\n\n\n<p><br \/>g\u0142\u00f3wnie lata 70.<br \/>zob. te\u017c: <a href=\"https:\/\/pracownia52.pl\/www\/?page_id=3329\"><strong>Pod Bud<\/strong>\u0105<\/a>, tam te\u017c kilka podw\u00f3rek, ulic, anio\u0142\u00f3w.<br \/>mr m.<\/p>\n\n\n\n<ul class=\"wp-block-gallery columns-4 is-cropped wp-block-gallery-1 is-layout-flex wp-block-gallery-is-layout-flex\"><li class=\"blocks-gallery-item\"><figure><a href=\"https:\/\/pracownia52.pl\/www\/wp-content\/uploads\/2016\/06\/krakow-lata-700-1974-low-v700-011-jot-pfl.jpg\"><img loading=\"lazy\" decoding=\"async\" width=\"526\" height=\"800\" src=\"https:\/\/pracownia52.pl\/www\/wp-content\/uploads\/2016\/06\/krakow-lata-700-1974-low-v700-011-jot-pfl.jpg\" alt=\"\" data-id=\"5379\" class=\"wp-image-5379\" srcset=\"https:\/\/pracownia52.pl\/www\/wp-content\/uploads\/2016\/06\/krakow-lata-700-1974-low-v700-011-jot-pfl.jpg?v=1628007668 526w, https:\/\/pracownia52.pl\/www\/wp-content\/uploads\/2016\/06\/krakow-lata-700-1974-low-v700-011-jot-pfl-197x300.jpg?v=1628007668 197w\" sizes=\"auto, (max-width: 526px) 100vw, 526px\" \/><\/a><\/figure><\/li><li class=\"blocks-gallery-item\"><figure><a href=\"https:\/\/pracownia52.pl\/www\/wp-content\/uploads\/2016\/06\/krakow-lata-700-1974-v700-002-b-pfl-w-low.jpg\"><img loading=\"lazy\" decoding=\"async\" width=\"527\" height=\"800\" src=\"https:\/\/pracownia52.pl\/www\/wp-content\/uploads\/2016\/06\/krakow-lata-700-1974-v700-002-b-pfl-w-low.jpg\" alt=\"\" data-id=\"5380\" class=\"wp-image-5380\" srcset=\"https:\/\/pracownia52.pl\/www\/wp-content\/uploads\/2016\/06\/krakow-lata-700-1974-v700-002-b-pfl-w-low.jpg?v=1628007668 527w, https:\/\/pracownia52.pl\/www\/wp-content\/uploads\/2016\/06\/krakow-lata-700-1974-v700-002-b-pfl-w-low-198x300.jpg?v=1628007668 198w\" sizes=\"auto, (max-width: 527px) 100vw, 527px\" \/><\/a><\/figure><\/li><li class=\"blocks-gallery-item\"><figure><a href=\"https:\/\/pracownia52.pl\/www\/wp-content\/uploads\/2016\/06\/krakow-lata-700-1974-v700-003c-low.jpg\"><img loading=\"lazy\" decoding=\"async\" width=\"528\" height=\"800\" src=\"https:\/\/pracownia52.pl\/www\/wp-content\/uploads\/2016\/06\/krakow-lata-700-1974-v700-003c-low.jpg\" alt=\"\" data-id=\"5381\" class=\"wp-image-5381\" srcset=\"https:\/\/pracownia52.pl\/www\/wp-content\/uploads\/2016\/06\/krakow-lata-700-1974-v700-003c-low.jpg?v=1627123905 528w, https:\/\/pracownia52.pl\/www\/wp-content\/uploads\/2016\/06\/krakow-lata-700-1974-v700-003c-low-198x300.jpg?v=1627123905 198w\" sizes=\"auto, (max-width: 528px) 100vw, 528px\" \/><\/a><\/figure><\/li><li class=\"blocks-gallery-item\"><figure><a href=\"https:\/\/pracownia52.pl\/www\/wp-content\/uploads\/2016\/06\/krakow-lata-700-1974-v700-005-d-low-l.jpg\"><img loading=\"lazy\" decoding=\"async\" width=\"521\" height=\"800\" src=\"https:\/\/pracownia52.pl\/www\/wp-content\/uploads\/2016\/06\/krakow-lata-700-1974-v700-005-d-low-l.jpg\" alt=\"\" data-id=\"5382\" class=\"wp-image-5382\" srcset=\"https:\/\/pracownia52.pl\/www\/wp-content\/uploads\/2016\/06\/krakow-lata-700-1974-v700-005-d-low-l.jpg?v=1627123905 521w, https:\/\/pracownia52.pl\/www\/wp-content\/uploads\/2016\/06\/krakow-lata-700-1974-v700-005-d-low-l-195x300.jpg?v=1627123905 195w\" sizes=\"auto, (max-width: 521px) 100vw, 521px\" \/><\/a><\/figure><\/li><li class=\"blocks-gallery-item\"><figure><a href=\"https:\/\/pracownia52.pl\/www\/wp-content\/uploads\/2016\/06\/krakow-lata-700-1974-v700-007-f-low.jpg\"><img loading=\"lazy\" decoding=\"async\" width=\"530\" height=\"800\" src=\"https:\/\/pracownia52.pl\/www\/wp-content\/uploads\/2016\/06\/krakow-lata-700-1974-v700-007-f-low.jpg\" alt=\"\" data-id=\"5383\" class=\"wp-image-5383\" srcset=\"https:\/\/pracownia52.pl\/www\/wp-content\/uploads\/2016\/06\/krakow-lata-700-1974-v700-007-f-low.jpg?v=1627123904 530w, https:\/\/pracownia52.pl\/www\/wp-content\/uploads\/2016\/06\/krakow-lata-700-1974-v700-007-f-low-199x300.jpg?v=1627123904 199w\" sizes=\"auto, (max-width: 530px) 100vw, 530px\" \/><\/a><\/figure><\/li><li class=\"blocks-gallery-item\"><figure><a href=\"https:\/\/pracownia52.pl\/www\/wp-content\/uploads\/2016\/06\/krakow-lata-700-1974-v700-011-i-Low.jpg\"><img loading=\"lazy\" decoding=\"async\" width=\"536\" height=\"800\" src=\"https:\/\/pracownia52.pl\/www\/wp-content\/uploads\/2016\/06\/krakow-lata-700-1974-v700-011-i-Low.jpg\" alt=\"\" data-id=\"5384\" class=\"wp-image-5384\" srcset=\"https:\/\/pracownia52.pl\/www\/wp-content\/uploads\/2016\/06\/krakow-lata-700-1974-v700-011-i-Low.jpg?v=1627123904 536w, https:\/\/pracownia52.pl\/www\/wp-content\/uploads\/2016\/06\/krakow-lata-700-1974-v700-011-i-Low-201x300.jpg?v=1627123904 201w\" sizes=\"auto, (max-width: 536px) 100vw, 536px\" \/><\/a><\/figure><\/li><li class=\"blocks-gallery-item\"><figure><a href=\"https:\/\/pracownia52.pl\/www\/wp-content\/uploads\/2016\/06\/krakow-lata-700-1974-v700-011-ka-Low.jpg\"><img loading=\"lazy\" decoding=\"async\" width=\"532\" height=\"800\" src=\"https:\/\/pracownia52.pl\/www\/wp-content\/uploads\/2016\/06\/krakow-lata-700-1974-v700-011-ka-Low.jpg\" alt=\"\" data-id=\"5385\" class=\"wp-image-5385\" srcset=\"https:\/\/pracownia52.pl\/www\/wp-content\/uploads\/2016\/06\/krakow-lata-700-1974-v700-011-ka-Low.jpg?v=1627123904 532w, https:\/\/pracownia52.pl\/www\/wp-content\/uploads\/2016\/06\/krakow-lata-700-1974-v700-011-ka-Low-200x300.jpg?v=1627123904 200w\" sizes=\"auto, (max-width: 532px) 100vw, 532px\" \/><\/a><\/figure><\/li><li class=\"blocks-gallery-item\"><figure><a href=\"https:\/\/pracownia52.pl\/www\/wp-content\/uploads\/2016\/06\/krakow-1978-rok-fps-low-4.jpg\"><img loading=\"lazy\" decoding=\"async\" width=\"800\" height=\"532\" src=\"https:\/\/pracownia52.pl\/www\/wp-content\/uploads\/2016\/06\/krakow-1978-rok-fps-low-4.jpg\" alt=\"\" data-id=\"5375\" class=\"wp-image-5375\" srcset=\"https:\/\/pracownia52.pl\/www\/wp-content\/uploads\/2016\/06\/krakow-1978-rok-fps-low-4.jpg?v=1627123906 800w, https:\/\/pracownia52.pl\/www\/wp-content\/uploads\/2016\/06\/krakow-1978-rok-fps-low-4-300x200.jpg?v=1627123906 300w, https:\/\/pracownia52.pl\/www\/wp-content\/uploads\/2016\/06\/krakow-1978-rok-fps-low-4-768x511.jpg?v=1627123906 768w\" sizes=\"auto, (max-width: 767px) 89vw, (max-width: 1000px) 54vw, (max-width: 1071px) 543px, 580px\" \/><\/a><\/figure><\/li><li class=\"blocks-gallery-item\"><figure><a href=\"https:\/\/pracownia52.pl\/www\/wp-content\/uploads\/2016\/06\/krakow-1978rok-przydworcu-glownym-3.jpg\"><img loading=\"lazy\" decoding=\"async\" width=\"800\" height=\"527\" src=\"https:\/\/pracownia52.pl\/www\/wp-content\/uploads\/2016\/06\/krakow-1978rok-przydworcu-glownym-3.jpg\" alt=\"\" data-id=\"5377\" class=\"wp-image-5377\" srcset=\"https:\/\/pracownia52.pl\/www\/wp-content\/uploads\/2016\/06\/krakow-1978rok-przydworcu-glownym-3.jpg?v=1627123905 800w, https:\/\/pracownia52.pl\/www\/wp-content\/uploads\/2016\/06\/krakow-1978rok-przydworcu-glownym-3-300x198.jpg?v=1627123905 300w, https:\/\/pracownia52.pl\/www\/wp-content\/uploads\/2016\/06\/krakow-1978rok-przydworcu-glownym-3-768x506.jpg?v=1627123905 768w\" sizes=\"auto, (max-width: 767px) 89vw, (max-width: 1000px) 54vw, (max-width: 1071px) 543px, 580px\" \/><\/a><\/figure><\/li><li class=\"blocks-gallery-item\"><figure><a href=\"https:\/\/pracownia52.pl\/www\/wp-content\/uploads\/2016\/06\/krakow-1978-rok-low-dworzec-glowny-2.jpg\"><img loading=\"lazy\" decoding=\"async\" width=\"532\" height=\"800\" src=\"https:\/\/pracownia52.pl\/www\/wp-content\/uploads\/2016\/06\/krakow-1978-rok-low-dworzec-glowny-2.jpg\" alt=\"\" data-id=\"5376\" class=\"wp-image-5376\" srcset=\"https:\/\/pracownia52.pl\/www\/wp-content\/uploads\/2016\/06\/krakow-1978-rok-low-dworzec-glowny-2.jpg?v=1627123906 532w, https:\/\/pracownia52.pl\/www\/wp-content\/uploads\/2016\/06\/krakow-1978-rok-low-dworzec-glowny-2-200x300.jpg?v=1627123906 200w\" sizes=\"auto, (max-width: 532px) 100vw, 532px\" \/><\/a><\/figure><\/li><\/ul>\n\n\n\n<ul class=\"wp-block-gallery columns-1 is-cropped wp-block-gallery-2 is-layout-flex wp-block-gallery-is-layout-flex\"><li class=\"blocks-gallery-item\"><figure><a href=\"https:\/\/pracownia52.pl\/www\/wp-content\/uploads\/2018\/10\/Krakow-1980-lub-79-slub-Li-304-fot-mr-makowski.jpg\"><img loading=\"lazy\" decoding=\"async\" width=\"1200\" height=\"790\" src=\"https:\/\/pracownia52.pl\/www\/wp-content\/uploads\/2018\/10\/Krakow-1980-lub-79-slub-Li-304-fot-mr-makowski.jpg\" alt=\"\" data-id=\"7814\" class=\"wp-image-7814\" srcset=\"https:\/\/pracownia52.pl\/www\/wp-content\/uploads\/2018\/10\/Krakow-1980-lub-79-slub-Li-304-fot-mr-makowski.jpg?v=1627123693 1200w, https:\/\/pracownia52.pl\/www\/wp-content\/uploads\/2018\/10\/Krakow-1980-lub-79-slub-Li-304-fot-mr-makowski-300x198.jpg?v=1627123693 300w, https:\/\/pracownia52.pl\/www\/wp-content\/uploads\/2018\/10\/Krakow-1980-lub-79-slub-Li-304-fot-mr-makowski-1024x674.jpg?v=1627123693 1024w, https:\/\/pracownia52.pl\/www\/wp-content\/uploads\/2018\/10\/Krakow-1980-lub-79-slub-Li-304-fot-mr-makowski-768x506.jpg?v=1627123693 768w\" sizes=\"auto, (max-width: 767px) 89vw, (max-width: 1000px) 54vw, (max-width: 1071px) 543px, 580px\" \/><\/a><\/figure><\/li><\/ul>\n","protected":false},"excerpt":{"rendered":"<p>g\u0142\u00f3wnie lata 70.zob. te\u017c: Pod Bud\u0105, tam te\u017c kilka podw\u00f3rek, ulic, anio\u0142\u00f3w.mr m.<\/p>\n","protected":false},"author":1,"featured_media":0,"parent":0,"menu_order":3,"comment_status":"closed","ping_status":"closed","template":"","meta":{"footnotes":""},"class_list":["post-5374","page","type-page","status-publish","hentry"],"_links":{"self":[{"href":"https:\/\/pracownia52.pl\/www\/index.php?rest_route=\/wp\/v2\/pages\/5374","targetHints":{"allow":["GET"]}}],"collection":[{"href":"https:\/\/pracownia52.pl\/www\/index.php?rest_route=\/wp\/v2\/pages"}],"about":[{"href":"https:\/\/pracownia52.pl\/www\/index.php?rest_route=\/wp\/v2\/types\/page"}],"author":[{"embeddable":true,"href":"https:\/\/pracownia52.pl\/www\/index.php?rest_route=\/wp\/v2\/users\/1"}],"replies":[{"embeddable":true,"href":"https:\/\/pracownia52.pl\/www\/index.php?rest_route=%2Fwp%2Fv2%2Fcomments&post=5374"}],"version-history":[{"count":9,"href":"https:\/\/pracownia52.pl\/www\/index.php?rest_route=\/wp\/v2\/pages\/5374\/revisions"}],"predecessor-version":[{"id":8169,"href":"https:\/\/pracownia52.pl\/www\/index.php?rest_route=\/wp\/v2\/pages\/5374\/revisions\/8169"}],"wp:attachment":[{"href":"https:\/\/pracownia52.pl\/www\/index.php?rest_route=%2Fwp%2Fv2%2Fmedia&parent=5374"}],"curies":[{"name":"wp","href":"https:\/\/api.w.org\/{rel}","templated":true}]}}