{"id":5391,"date":"2016-06-18T09:18:05","date_gmt":"2016-06-18T09:18:05","guid":{"rendered":"https:\/\/pracownia52.pl\/www\/?page_id=5391"},"modified":"2020-01-07T07:12:00","modified_gmt":"2020-01-07T07:12:00","slug":"gdansk","status":"publish","type":"page","link":"https:\/\/pracownia52.pl\/www\/?page_id=5391","title":{"rendered":"gda\u0144sk"},"content":{"rendered":"\n<p>G\u0142\u00f3wnie lata 70. (1974? 75? oraz 78, kilka); plus ZOO w Oliwie oczywi\u015bcie. R\u00f3wnie\u017c <a href=\"https:\/\/pracownia52.pl\/www\/?page_id=8056\"><strong>w ciekawych zestawieniach<\/strong><\/a>. (A dzi\u015b <a href=\"https:\/\/pracownia52.pl\/www\/?page_id=4941\"><strong>wrzeszcz<\/strong><\/a>).<br \/>mr m.<br \/>lata 70.<\/p>\n\n\n\n<figure class=\"wp-block-gallery columns-3 is-cropped wp-block-gallery-1 is-layout-flex wp-block-gallery-is-layout-flex\"><ul class=\"blocks-gallery-grid\"><li class=\"blocks-gallery-item\"><figure><a href=\"https:\/\/pracownia52.pl\/www\/wp-content\/uploads\/2018\/10\/001-1974-chyba-Gdansk-cd-006-fot-mr-makowski.jpg\"><img loading=\"lazy\" decoding=\"async\" width=\"1200\" height=\"806\" src=\"https:\/\/pracownia52.pl\/www\/wp-content\/uploads\/2018\/10\/001-1974-chyba-Gdansk-cd-006-fot-mr-makowski.jpg\" alt=\"\" data-id=\"7763\" class=\"wp-image-7763\" srcset=\"https:\/\/pracownia52.pl\/www\/wp-content\/uploads\/2018\/10\/001-1974-chyba-Gdansk-cd-006-fot-mr-makowski.jpg?v=1627123698 1200w, https:\/\/pracownia52.pl\/www\/wp-content\/uploads\/2018\/10\/001-1974-chyba-Gdansk-cd-006-fot-mr-makowski-300x202.jpg?v=1627123698 300w, https:\/\/pracownia52.pl\/www\/wp-content\/uploads\/2018\/10\/001-1974-chyba-Gdansk-cd-006-fot-mr-makowski-1024x688.jpg?v=1627123698 1024w, https:\/\/pracownia52.pl\/www\/wp-content\/uploads\/2018\/10\/001-1974-chyba-Gdansk-cd-006-fot-mr-makowski-768x516.jpg?v=1627123698 768w\" sizes=\"auto, (max-width: 767px) 89vw, (max-width: 1000px) 54vw, (max-width: 1071px) 543px, 580px\" \/><\/a><figcaption class=\"blocks-gallery-item__caption\">1978 (?)<\/figcaption><\/figure><\/li><li class=\"blocks-gallery-item\"><figure><a href=\"https:\/\/pracownia52.pl\/www\/wp-content\/uploads\/2016\/06\/gdansk-1polowa-lat-70-low-6.jpg\"><img loading=\"lazy\" decoding=\"async\" width=\"800\" height=\"530\" src=\"https:\/\/pracownia52.pl\/www\/wp-content\/uploads\/2016\/06\/gdansk-1polowa-lat-70-low-6.jpg\" alt=\"\" data-id=\"5395\" class=\"wp-image-5395\" srcset=\"https:\/\/pracownia52.pl\/www\/wp-content\/uploads\/2016\/06\/gdansk-1polowa-lat-70-low-6.jpg?v=1627123903 800w, https:\/\/pracownia52.pl\/www\/wp-content\/uploads\/2016\/06\/gdansk-1polowa-lat-70-low-6-300x199.jpg?v=1627123903 300w, https:\/\/pracownia52.pl\/www\/wp-content\/uploads\/2016\/06\/gdansk-1polowa-lat-70-low-6-768x509.jpg?v=1627123903 768w\" sizes=\"auto, (max-width: 767px) 89vw, (max-width: 1000px) 54vw, (max-width: 1071px) 543px, 580px\" \/><\/a><figcaption class=\"blocks-gallery-item__caption\">1974 (?)<\/figcaption><\/figure><\/li><li class=\"blocks-gallery-item\"><figure><a href=\"https:\/\/pracownia52.pl\/www\/wp-content\/uploads\/2016\/06\/gdansk-1polowa-lat-70-low-zaswetlony-nrg-7.jpg\"><img loading=\"lazy\" decoding=\"async\" width=\"1600\" height=\"535\" src=\"https:\/\/pracownia52.pl\/www\/wp-content\/uploads\/2016\/06\/gdansk-1polowa-lat-70-low-zaswetlony-nrg-7.jpg\" alt=\"\" data-id=\"5396\" class=\"wp-image-5396\" srcset=\"https:\/\/pracownia52.pl\/www\/wp-content\/uploads\/2016\/06\/gdansk-1polowa-lat-70-low-zaswetlony-nrg-7.jpg?v=1627123903 1600w, https:\/\/pracownia52.pl\/www\/wp-content\/uploads\/2016\/06\/gdansk-1polowa-lat-70-low-zaswetlony-nrg-7-300x100.jpg?v=1627123903 300w, https:\/\/pracownia52.pl\/www\/wp-content\/uploads\/2016\/06\/gdansk-1polowa-lat-70-low-zaswetlony-nrg-7-1024x342.jpg?v=1627123903 1024w, https:\/\/pracownia52.pl\/www\/wp-content\/uploads\/2016\/06\/gdansk-1polowa-lat-70-low-zaswetlony-nrg-7-768x257.jpg?v=1627123903 768w, https:\/\/pracownia52.pl\/www\/wp-content\/uploads\/2016\/06\/gdansk-1polowa-lat-70-low-zaswetlony-nrg-7-1536x514.jpg?v=1627123903 1536w\" sizes=\"auto, (max-width: 767px) 89vw, (max-width: 1000px) 54vw, (max-width: 1071px) 543px, 580px\" \/><\/a><\/figure><\/li><li class=\"blocks-gallery-item\"><figure><a href=\"https:\/\/pracownia52.pl\/www\/wp-content\/uploads\/2016\/06\/gdansk-1974-001-mn.jpg\"><img loading=\"lazy\" decoding=\"async\" width=\"550\" height=\"369\" src=\"https:\/\/pracownia52.pl\/www\/wp-content\/uploads\/2016\/06\/gdansk-1974-001-mn.jpg\" alt=\"\" data-id=\"5399\" class=\"wp-image-5399\" srcset=\"https:\/\/pracownia52.pl\/www\/wp-content\/uploads\/2016\/06\/gdansk-1974-001-mn.jpg?v=1627123902 550w, https:\/\/pracownia52.pl\/www\/wp-content\/uploads\/2016\/06\/gdansk-1974-001-mn-300x201.jpg?v=1627123902 300w\" sizes=\"auto, (max-width: 550px) 100vw, 550px\" \/><\/a><figcaption class=\"blocks-gallery-item__caption\">1974 (?)<\/figcaption><\/figure><\/li><li class=\"blocks-gallery-item\"><figure><a href=\"https:\/\/pracownia52.pl\/www\/wp-content\/uploads\/2016\/06\/gdansk-1974-003-mn.jpg\"><img loading=\"lazy\" decoding=\"async\" width=\"450\" height=\"679\" src=\"https:\/\/pracownia52.pl\/www\/wp-content\/uploads\/2016\/06\/gdansk-1974-003-mn.jpg\" alt=\"\" data-id=\"5400\" class=\"wp-image-5400\" srcset=\"https:\/\/pracownia52.pl\/www\/wp-content\/uploads\/2016\/06\/gdansk-1974-003-mn.jpg?v=1627123902 450w, https:\/\/pracownia52.pl\/www\/wp-content\/uploads\/2016\/06\/gdansk-1974-003-mn-199x300.jpg?v=1627123902 199w\" sizes=\"auto, (max-width: 450px) 100vw, 450px\" \/><\/a><figcaption class=\"blocks-gallery-item__caption\">1974 (?)<\/figcaption><\/figure><\/li><li class=\"blocks-gallery-item\"><figure><a href=\"https:\/\/pracownia52.pl\/www\/wp-content\/uploads\/2016\/06\/gdansk-early-70-03-mn.jpg\"><img loading=\"lazy\" decoding=\"async\" width=\"500\" height=\"748\" src=\"https:\/\/pracownia52.pl\/www\/wp-content\/uploads\/2016\/06\/gdansk-early-70-03-mn.jpg\" alt=\"\" data-id=\"5401\" class=\"wp-image-5401\" srcset=\"https:\/\/pracownia52.pl\/www\/wp-content\/uploads\/2016\/06\/gdansk-early-70-03-mn.jpg?v=1627123902 500w, https:\/\/pracownia52.pl\/www\/wp-content\/uploads\/2016\/06\/gdansk-early-70-03-mn-201x300.jpg?v=1627123902 201w\" sizes=\"auto, (max-width: 500px) 100vw, 500px\" \/><\/a><figcaption class=\"blocks-gallery-item__caption\">ul. <a href=\"https:\/\/ooops.pl\/?p=34812\"><strong>Straganiarska <\/strong><\/a>(1974?)<\/figcaption><\/figure><\/li><li class=\"blocks-gallery-item\"><figure><a href=\"https:\/\/pracownia52.pl\/www\/wp-content\/uploads\/2016\/06\/gdansk-early-70-05-mn.jpg\"><img loading=\"lazy\" decoding=\"async\" width=\"550\" height=\"370\" src=\"https:\/\/pracownia52.pl\/www\/wp-content\/uploads\/2016\/06\/gdansk-early-70-05-mn.jpg\" alt=\"\" data-id=\"5402\" class=\"wp-image-5402\" srcset=\"https:\/\/pracownia52.pl\/www\/wp-content\/uploads\/2016\/06\/gdansk-early-70-05-mn.jpg?v=1627123902 550w, https:\/\/pracownia52.pl\/www\/wp-content\/uploads\/2016\/06\/gdansk-early-70-05-mn-300x202.jpg?v=1627123902 300w\" sizes=\"auto, (max-width: 550px) 100vw, 550px\" \/><\/a><figcaption class=\"blocks-gallery-item__caption\"><strong><a href=\"https:\/\/www.facebook.com\/gdanskhistoryczny\/posts\/1974-fot-mr-makowski\/1105822706265980\/\">ul. Wartka<\/a><\/strong>, 1974 (?)<\/figcaption><\/figure><\/li><li class=\"blocks-gallery-item\"><figure><a href=\"https:\/\/pracownia52.pl\/www\/wp-content\/uploads\/2016\/06\/gdansk-early-70-06-mn.jpg\"><img loading=\"lazy\" decoding=\"async\" width=\"550\" height=\"368\" src=\"https:\/\/pracownia52.pl\/www\/wp-content\/uploads\/2016\/06\/gdansk-early-70-06-mn.jpg\" alt=\"\" data-id=\"5403\" class=\"wp-image-5403\" srcset=\"https:\/\/pracownia52.pl\/www\/wp-content\/uploads\/2016\/06\/gdansk-early-70-06-mn.jpg?v=1627123901 550w, https:\/\/pracownia52.pl\/www\/wp-content\/uploads\/2016\/06\/gdansk-early-70-06-mn-300x201.jpg?v=1627123901 300w\" sizes=\"auto, (max-width: 550px) 100vw, 550px\" \/><\/a><figcaption class=\"blocks-gallery-item__caption\">1974 (?)<\/figcaption><\/figure><\/li><li class=\"blocks-gallery-item\"><figure><a href=\"https:\/\/pracownia52.pl\/www\/wp-content\/uploads\/2016\/06\/gdansk-lata70-low-res-9.jpg\"><img loading=\"lazy\" decoding=\"async\" width=\"529\" height=\"800\" src=\"https:\/\/pracownia52.pl\/www\/wp-content\/uploads\/2016\/06\/gdansk-lata70-low-res-9.jpg\" alt=\"\" data-id=\"5404\" class=\"wp-image-5404\" srcset=\"https:\/\/pracownia52.pl\/www\/wp-content\/uploads\/2016\/06\/gdansk-lata70-low-res-9.jpg?v=1627123901 529w, https:\/\/pracownia52.pl\/www\/wp-content\/uploads\/2016\/06\/gdansk-lata70-low-res-9-198x300.jpg?v=1627123901 198w\" sizes=\"auto, (max-width: 529px) 100vw, 529px\" \/><\/a><figcaption class=\"blocks-gallery-item__caption\">1974 (?)<\/figcaption><\/figure><\/li><li class=\"blocks-gallery-item\"><figure><a href=\"https:\/\/pracownia52.pl\/www\/wp-content\/uploads\/2016\/06\/zoo-oliwa-mid70-1-mn.jpg\"><img loading=\"lazy\" decoding=\"async\" width=\"550\" height=\"362\" src=\"https:\/\/pracownia52.pl\/www\/wp-content\/uploads\/2016\/06\/zoo-oliwa-mid70-1-mn.jpg\" alt=\"\" data-id=\"5405\" class=\"wp-image-5405\" srcset=\"https:\/\/pracownia52.pl\/www\/wp-content\/uploads\/2016\/06\/zoo-oliwa-mid70-1-mn.jpg?v=1627123901 550w, https:\/\/pracownia52.pl\/www\/wp-content\/uploads\/2016\/06\/zoo-oliwa-mid70-1-mn-300x197.jpg?v=1627123901 300w\" sizes=\"auto, (max-width: 550px) 100vw, 550px\" \/><\/a><\/figure><\/li><li class=\"blocks-gallery-item\"><figure><a href=\"https:\/\/pracownia52.pl\/www\/wp-content\/uploads\/2016\/06\/zoo-w-oliwie-mid70-002-mn.jpg\"><img loading=\"lazy\" decoding=\"async\" width=\"550\" height=\"365\" src=\"https:\/\/pracownia52.pl\/www\/wp-content\/uploads\/2016\/06\/zoo-w-oliwie-mid70-002-mn.jpg\" alt=\"\" data-id=\"5406\" class=\"wp-image-5406\" srcset=\"https:\/\/pracownia52.pl\/www\/wp-content\/uploads\/2016\/06\/zoo-w-oliwie-mid70-002-mn.jpg?v=1627123901 550w, https:\/\/pracownia52.pl\/www\/wp-content\/uploads\/2016\/06\/zoo-w-oliwie-mid70-002-mn-300x199.jpg?v=1627123901 300w\" sizes=\"auto, (max-width: 550px) 100vw, 550px\" \/><\/a><\/figure><\/li><li class=\"blocks-gallery-item\"><figure><a href=\"https:\/\/pracownia52.pl\/www\/wp-content\/uploads\/2018\/11\/002-1974-chyba-Gdansk-cd-007-fot-mr-makowski.jpg\"><img loading=\"lazy\" decoding=\"async\" width=\"797\" height=\"1200\" src=\"https:\/\/pracownia52.pl\/www\/wp-content\/uploads\/2018\/11\/002-1974-chyba-Gdansk-cd-007-fot-mr-makowski.jpg\" alt=\"\" data-id=\"7957\" class=\"wp-image-7957\" srcset=\"https:\/\/pracownia52.pl\/www\/wp-content\/uploads\/2018\/11\/002-1974-chyba-Gdansk-cd-007-fot-mr-makowski.jpg?v=1627123680 797w, https:\/\/pracownia52.pl\/www\/wp-content\/uploads\/2018\/11\/002-1974-chyba-Gdansk-cd-007-fot-mr-makowski-199x300.jpg?v=1627123680 199w, https:\/\/pracownia52.pl\/www\/wp-content\/uploads\/2018\/11\/002-1974-chyba-Gdansk-cd-007-fot-mr-makowski-680x1024.jpg?v=1627123680 680w, https:\/\/pracownia52.pl\/www\/wp-content\/uploads\/2018\/11\/002-1974-chyba-Gdansk-cd-007-fot-mr-makowski-768x1156.jpg?v=1627123680 768w\" sizes=\"auto, (max-width: 767px) 89vw, (max-width: 1000px) 54vw, (max-width: 1071px) 543px, 580px\" \/><\/a><figcaption class=\"blocks-gallery-item__caption\">1974 (?)<\/figcaption><\/figure><\/li><li class=\"blocks-gallery-item\"><figure><a href=\"https:\/\/pracownia52.pl\/www\/wp-content\/uploads\/2016\/06\/197xx-gdansk-chyba-v700-001-64-zacieki-mn-mod.jpg\"><img loading=\"lazy\" decoding=\"async\" width=\"600\" height=\"900\" src=\"https:\/\/pracownia52.pl\/www\/wp-content\/uploads\/2016\/06\/197xx-gdansk-chyba-v700-001-64-zacieki-mn-mod.jpg\" alt=\"\" data-id=\"5393\" class=\"wp-image-5393\" srcset=\"https:\/\/pracownia52.pl\/www\/wp-content\/uploads\/2016\/06\/197xx-gdansk-chyba-v700-001-64-zacieki-mn-mod.jpg?v=1627123904 600w, https:\/\/pracownia52.pl\/www\/wp-content\/uploads\/2016\/06\/197xx-gdansk-chyba-v700-001-64-zacieki-mn-mod-200x300.jpg?v=1627123904 200w\" sizes=\"auto, (max-width: 600px) 100vw, 600px\" \/><\/a><\/figure><\/li><li class=\"blocks-gallery-item\"><figure><a href=\"https:\/\/pracownia52.pl\/www\/wp-content\/uploads\/2016\/06\/gdansk-1-polowa-lat-70-p-8.jpg\"><img loading=\"lazy\" decoding=\"async\" width=\"524\" height=\"800\" src=\"https:\/\/pracownia52.pl\/www\/wp-content\/uploads\/2016\/06\/gdansk-1-polowa-lat-70-p-8.jpg\" alt=\"\" data-id=\"5394\" class=\"wp-image-5394\" srcset=\"https:\/\/pracownia52.pl\/www\/wp-content\/uploads\/2016\/06\/gdansk-1-polowa-lat-70-p-8.jpg?v=1627123903 524w, https:\/\/pracownia52.pl\/www\/wp-content\/uploads\/2016\/06\/gdansk-1-polowa-lat-70-p-8-197x300.jpg?v=1627123903 197w\" sizes=\"auto, (max-width: 524px) 100vw, 524px\" \/><\/a><figcaption class=\"blocks-gallery-item__caption\">1974 (?)<\/figcaption><\/figure><\/li><li class=\"blocks-gallery-item\"><figure><a href=\"https:\/\/pracownia52.pl\/www\/wp-content\/uploads\/2016\/06\/gdansk-70-948-003-mn.jpg\"><img loading=\"lazy\" decoding=\"async\" width=\"450\" height=\"676\" src=\"https:\/\/pracownia52.pl\/www\/wp-content\/uploads\/2016\/06\/gdansk-70-948-003-mn.jpg\" alt=\"\" data-id=\"5397\" class=\"wp-image-5397\" srcset=\"https:\/\/pracownia52.pl\/www\/wp-content\/uploads\/2016\/06\/gdansk-70-948-003-mn.jpg?v=1627123903 450w, https:\/\/pracownia52.pl\/www\/wp-content\/uploads\/2016\/06\/gdansk-70-948-003-mn-200x300.jpg?v=1627123903 200w\" sizes=\"auto, (max-width: 450px) 100vw, 450px\" \/><\/a><figcaption class=\"blocks-gallery-item__caption\">1974 (?)<\/figcaption><\/figure><\/li><li class=\"blocks-gallery-item\"><figure><a href=\"https:\/\/pracownia52.pl\/www\/wp-content\/uploads\/2016\/06\/gdansk-1970-948-6-mn.jpg\"><img loading=\"lazy\" decoding=\"async\" width=\"450\" height=\"683\" src=\"https:\/\/pracownia52.pl\/www\/wp-content\/uploads\/2016\/06\/gdansk-1970-948-6-mn.jpg\" alt=\"\" data-id=\"5398\" class=\"wp-image-5398\" srcset=\"https:\/\/pracownia52.pl\/www\/wp-content\/uploads\/2016\/06\/gdansk-1970-948-6-mn.jpg?v=1627123902 450w, https:\/\/pracownia52.pl\/www\/wp-content\/uploads\/2016\/06\/gdansk-1970-948-6-mn-198x300.jpg?v=1627123902 198w\" sizes=\"auto, (max-width: 450px) 100vw, 450px\" \/><\/a><\/figure><\/li><li class=\"blocks-gallery-item\"><figure><a href=\"https:\/\/pracownia52.pl\/www\/wp-content\/uploads\/2019\/01\/1978-Fantom-sopot-listopad-fot-mr-makowski-165-1024x692.jpg\"><img loading=\"lazy\" decoding=\"async\" width=\"1024\" height=\"692\" src=\"https:\/\/pracownia52.pl\/www\/wp-content\/uploads\/2019\/01\/1978-Fantom-sopot-listopad-fot-mr-makowski-165-1024x692.jpg\" alt=\"\" data-id=\"8500\" data-link=\"https:\/\/pracownia52.pl\/www\/?attachment_id=8500\" class=\"wp-image-8500\" srcset=\"https:\/\/pracownia52.pl\/www\/wp-content\/uploads\/2019\/01\/1978-Fantom-sopot-listopad-fot-mr-makowski-165-1024x692.jpg?v=1627123661 1024w, https:\/\/pracownia52.pl\/www\/wp-content\/uploads\/2019\/01\/1978-Fantom-sopot-listopad-fot-mr-makowski-165-300x203.jpg?v=1627123661 300w, https:\/\/pracownia52.pl\/www\/wp-content\/uploads\/2019\/01\/1978-Fantom-sopot-listopad-fot-mr-makowski-165-768x519.jpg?v=1627123661 768w, https:\/\/pracownia52.pl\/www\/wp-content\/uploads\/2019\/01\/1978-Fantom-sopot-listopad-fot-mr-makowski-165.jpg?v=1627123661 1200w\" sizes=\"auto, (max-width: 767px) 89vw, (max-width: 1000px) 54vw, (max-width: 1071px) 543px, 580px\" \/><\/a><figcaption class=\"blocks-gallery-item__caption\">Sopot, 1978 rok<\/figcaption><\/figure><\/li><\/ul><\/figure>\n\n\n\n<figure class=\"wp-block-gallery columns-2 is-cropped wp-block-gallery-2 is-layout-flex wp-block-gallery-is-layout-flex\"><ul class=\"blocks-gallery-grid\"><li class=\"blocks-gallery-item\"><figure><img loading=\"lazy\" decoding=\"async\" width=\"1024\" height=\"678\" src=\"https:\/\/pracownia52.pl\/www\/wp-content\/uploads\/2019\/01\/1974-gdansk-2-fot-mr-makowski-skan888-retuszowane-1024x678.jpg\" alt=\"\" data-id=\"8888\" class=\"wp-image-8888\" srcset=\"https:\/\/pracownia52.pl\/www\/wp-content\/uploads\/2019\/01\/1974-gdansk-2-fot-mr-makowski-skan888-retuszowane-1024x678.jpg?v=1627123637 1024w, https:\/\/pracownia52.pl\/www\/wp-content\/uploads\/2019\/01\/1974-gdansk-2-fot-mr-makowski-skan888-retuszowane-300x199.jpg?v=1627123637 300w, https:\/\/pracownia52.pl\/www\/wp-content\/uploads\/2019\/01\/1974-gdansk-2-fot-mr-makowski-skan888-retuszowane-768x509.jpg?v=1627123637 768w, https:\/\/pracownia52.pl\/www\/wp-content\/uploads\/2019\/01\/1974-gdansk-2-fot-mr-makowski-skan888-retuszowane.jpg?v=1627123637 1200w\" sizes=\"auto, (max-width: 767px) 89vw, (max-width: 1000px) 54vw, (max-width: 1071px) 543px, 580px\" \/><figcaption class=\"blocks-gallery-item__caption\">Gda\u0144sk (1974), kt\u00f3ry\u015b z ko\u015bcio\u0142\u00f3w, mo\u017ce <strong><a href=\"https:\/\/pl.wikipedia.org\/wiki\/Bazylika_konkatedralna_Wniebowzi\u0119cia_Naj\u015bwi\u0119tszej_Maryi_Panny_w_Gda\u0144sku\">Bazylika<\/a><\/strong>?<\/figcaption><\/figure><\/li><li class=\"blocks-gallery-item\"><figure><img loading=\"lazy\" decoding=\"async\" width=\"1024\" height=\"673\" src=\"https:\/\/pracownia52.pl\/www\/wp-content\/uploads\/2019\/08\/201-1976-chyba-fot-mr-makowski-gdansk-stare-miasto-low-936-1024x673.jpg\" alt=\"\" data-id=\"9599\" data-link=\"https:\/\/pracownia52.pl\/www\/?attachment_id=9599\" class=\"wp-image-9599\" srcset=\"https:\/\/pracownia52.pl\/www\/wp-content\/uploads\/2019\/08\/201-1976-chyba-fot-mr-makowski-gdansk-stare-miasto-low-936-1024x673.jpg?v=1627123569 1024w, https:\/\/pracownia52.pl\/www\/wp-content\/uploads\/2019\/08\/201-1976-chyba-fot-mr-makowski-gdansk-stare-miasto-low-936-300x197.jpg?v=1627123569 300w, https:\/\/pracownia52.pl\/www\/wp-content\/uploads\/2019\/08\/201-1976-chyba-fot-mr-makowski-gdansk-stare-miasto-low-936-768x505.jpg?v=1627123569 768w, https:\/\/pracownia52.pl\/www\/wp-content\/uploads\/2019\/08\/201-1976-chyba-fot-mr-makowski-gdansk-stare-miasto-low-936.jpg?v=1627123569 1200w\" sizes=\"auto, (max-width: 767px) 89vw, (max-width: 1000px) 54vw, (max-width: 1071px) 543px, 580px\" \/><figcaption class=\"blocks-gallery-item__caption\">Stare Miasto, 1974 (?)<\/figcaption><\/figure><\/li><\/ul><\/figure>\n\n\n\n<figure class=\"wp-block-image\"><img loading=\"lazy\" decoding=\"async\" width=\"1024\" height=\"691\" src=\"https:\/\/pracownia52.pl\/www\/wp-content\/uploads\/2019\/06\/1978-listopad-fot-mr-makowski-gdansk-fort-168-low-res-1024x691.jpg\" alt=\"\" class=\"wp-image-9523\" srcset=\"https:\/\/pracownia52.pl\/www\/wp-content\/uploads\/2019\/06\/1978-listopad-fot-mr-makowski-gdansk-fort-168-low-res-1024x691.jpg?v=1627123574 1024w, https:\/\/pracownia52.pl\/www\/wp-content\/uploads\/2019\/06\/1978-listopad-fot-mr-makowski-gdansk-fort-168-low-res-300x203.jpg?v=1627123574 300w, https:\/\/pracownia52.pl\/www\/wp-content\/uploads\/2019\/06\/1978-listopad-fot-mr-makowski-gdansk-fort-168-low-res-768x518.jpg?v=1627123574 768w, https:\/\/pracownia52.pl\/www\/wp-content\/uploads\/2019\/06\/1978-listopad-fot-mr-makowski-gdansk-fort-168-low-res.jpg?v=1627123574 1200w\" sizes=\"auto, (max-width: 767px) 89vw, (max-width: 1000px) 54vw, (max-width: 1071px) 543px, 580px\" \/><figcaption>listopad, 1978 rok<\/figcaption><\/figure>\n\n\n\n<p><br \/>\u2026i dzi\u015b (2018):<br \/><\/p>\n\n\n\n<figure class=\"wp-block-gallery columns-3 is-cropped wp-block-gallery-3 is-layout-flex wp-block-gallery-is-layout-flex\"><ul class=\"blocks-gallery-grid\"><li class=\"blocks-gallery-item\"><figure><a href=\"https:\/\/pracownia52.pl\/www\/wp-content\/uploads\/2018\/11\/gdansk-aniolki-27-X-2018-4745.jpg\"><img loading=\"lazy\" decoding=\"async\" width=\"900\" height=\"1200\" src=\"https:\/\/pracownia52.pl\/www\/wp-content\/uploads\/2018\/11\/gdansk-aniolki-27-X-2018-4745.jpg\" alt=\"\" data-id=\"7961\" class=\"wp-image-7961\" srcset=\"https:\/\/pracownia52.pl\/www\/wp-content\/uploads\/2018\/11\/gdansk-aniolki-27-X-2018-4745.jpg?v=1627123679 900w, https:\/\/pracownia52.pl\/www\/wp-content\/uploads\/2018\/11\/gdansk-aniolki-27-X-2018-4745-225x300.jpg?v=1627123679 225w, https:\/\/pracownia52.pl\/www\/wp-content\/uploads\/2018\/11\/gdansk-aniolki-27-X-2018-4745-768x1024.jpg?v=1627123679 768w\" sizes=\"auto, (max-width: 767px) 89vw, (max-width: 1000px) 54vw, (max-width: 1071px) 543px, 580px\" \/><\/a><\/figure><\/li><li class=\"blocks-gallery-item\"><figure><a href=\"https:\/\/pracownia52.pl\/www\/wp-content\/uploads\/2020\/01\/baszta-dolne-miasto-fot-mr-makowski-sty-2020-0922.jpg?v=1578381106\"><img loading=\"lazy\" decoding=\"async\" width=\"768\" height=\"1024\" src=\"https:\/\/pracownia52.pl\/www\/wp-content\/uploads\/2020\/01\/baszta-dolne-miasto-fot-mr-makowski-sty-2020-0922-768x1024.jpg?v=1578381106\" alt=\"\" data-id=\"9648\" data-full-url=\"https:\/\/pracownia52.pl\/www\/wp-content\/uploads\/2020\/01\/baszta-dolne-miasto-fot-mr-makowski-sty-2020-0922.jpg?v=1578381106\" data-link=\"https:\/\/pracownia52.pl\/www\/?attachment_id=9648\" class=\"wp-image-9648\" srcset=\"https:\/\/pracownia52.pl\/www\/wp-content\/uploads\/2020\/01\/baszta-dolne-miasto-fot-mr-makowski-sty-2020-0922-768x1024.jpg?v=1627123564 768w, https:\/\/pracownia52.pl\/www\/wp-content\/uploads\/2020\/01\/baszta-dolne-miasto-fot-mr-makowski-sty-2020-0922-225x300.jpg?v=1627123564 225w, https:\/\/pracownia52.pl\/www\/wp-content\/uploads\/2020\/01\/baszta-dolne-miasto-fot-mr-makowski-sty-2020-0922.jpg?v=1627123564 900w\" sizes=\"auto, (max-width: 767px) 89vw, (max-width: 1000px) 54vw, (max-width: 1071px) 543px, 580px\" \/><\/a><\/figure><\/li><li class=\"blocks-gallery-item\"><figure><a href=\"https:\/\/pracownia52.pl\/www\/wp-content\/uploads\/2019\/10\/dolne-miasto-fot-mr-makowski-0610-1024x768.jpg?v=1571298861\"><img loading=\"lazy\" decoding=\"async\" width=\"1024\" height=\"768\" src=\"https:\/\/pracownia52.pl\/www\/wp-content\/uploads\/2019\/10\/dolne-miasto-fot-mr-makowski-0610-1024x768.jpg?v=1571298861\" alt=\"\" data-id=\"9636\" data-link=\"https:\/\/pracownia52.pl\/www\/?attachment_id=9636\" class=\"wp-image-9636\" srcset=\"https:\/\/pracownia52.pl\/www\/wp-content\/uploads\/2019\/10\/dolne-miasto-fot-mr-makowski-0610-1024x768.jpg?v=1627123565 1024w, https:\/\/pracownia52.pl\/www\/wp-content\/uploads\/2019\/10\/dolne-miasto-fot-mr-makowski-0610-300x225.jpg?v=1627123565 300w, https:\/\/pracownia52.pl\/www\/wp-content\/uploads\/2019\/10\/dolne-miasto-fot-mr-makowski-0610-768x576.jpg?v=1627123565 768w, https:\/\/pracownia52.pl\/www\/wp-content\/uploads\/2019\/10\/dolne-miasto-fot-mr-makowski-0610.jpg?v=1627123565 1200w\" sizes=\"auto, (max-width: 767px) 89vw, (max-width: 1000px) 54vw, (max-width: 1071px) 543px, 580px\" \/><\/a><\/figure><\/li><\/ul><\/figure>\n","protected":false},"excerpt":{"rendered":"<p>G\u0142\u00f3wnie lata 70. (1974? 75? oraz 78, kilka); plus ZOO w Oliwie oczywi\u015bcie. R\u00f3wnie\u017c w ciekawych zestawieniach. (A dzi\u015b wrzeszcz).mr m.lata 70. \u2026i dzi\u015b (2018):<\/p>\n","protected":false},"author":1,"featured_media":6997,"parent":0,"menu_order":3,"comment_status":"closed","ping_status":"closed","template":"","meta":{"footnotes":""},"class_list":["post-5391","page","type-page","status-publish","has-post-thumbnail","hentry"],"_links":{"self":[{"href":"https:\/\/pracownia52.pl\/www\/index.php?rest_route=\/wp\/v2\/pages\/5391","targetHints":{"allow":["GET"]}}],"collection":[{"href":"https:\/\/pracownia52.pl\/www\/index.php?rest_route=\/wp\/v2\/pages"}],"about":[{"href":"https:\/\/pracownia52.pl\/www\/index.php?rest_route=\/wp\/v2\/types\/page"}],"author":[{"embeddable":true,"href":"https:\/\/pracownia52.pl\/www\/index.php?rest_route=\/wp\/v2\/users\/1"}],"replies":[{"embeddable":true,"href":"https:\/\/pracownia52.pl\/www\/index.php?rest_route=%2Fwp%2Fv2%2Fcomments&post=5391"}],"version-history":[{"count":29,"href":"https:\/\/pracownia52.pl\/www\/index.php?rest_route=\/wp\/v2\/pages\/5391\/revisions"}],"predecessor-version":[{"id":9650,"href":"https:\/\/pracownia52.pl\/www\/index.php?rest_route=\/wp\/v2\/pages\/5391\/revisions\/9650"}],"wp:featuredmedia":[{"embeddable":true,"href":"https:\/\/pracownia52.pl\/www\/index.php?rest_route=\/wp\/v2\/media\/6997"}],"wp:attachment":[{"href":"https:\/\/pracownia52.pl\/www\/index.php?rest_route=%2Fwp%2Fv2%2Fmedia&parent=5391"}],"curies":[{"name":"wp","href":"https:\/\/api.w.org\/{rel}","templated":true}]}}