{"id":547,"date":"2010-06-12T12:00:53","date_gmt":"2010-06-12T12:00:53","guid":{"rendered":"http:\/\/pracownia52.pl\/www\/?page_id=547"},"modified":"2016-07-05T15:58:51","modified_gmt":"2016-07-05T15:58:51","slug":"polskie-nagrania","status":"publish","type":"page","link":"https:\/\/pracownia52.pl\/www\/?page_id=547","title":{"rendered":"POLSKIE NAGRANIA"},"content":{"rendered":"<p>kilka projekt\u00f3w na LP (winyle, tak), do\u015b\u0107 przeci\u0119tnych (Beata Molak, \u201eDu\u017cy Mechanik\u201d\u2026)  \u2013 w tym jeden, mo\u017ce nieco lepszy: dla <a href=\"https:\/\/pracownia52.pl\/www\/?page_id=320\"><strong>Ireny Santor<\/strong><\/a>. oczywi\u015bcie nie zapominaj\u0105c o \u201e<a href=\"https:\/\/pracownia52.pl\/www\/?page_id=181\"><strong>Cegle<\/strong><\/a>\u201d D\u017cemu. Czy o <a href=\"https:\/\/pracownia52.pl\/www\/?page_id=874\"><strong>Young Power<\/strong><\/a> czy , ale to troch\u0119 inna bajka: bowiem to niby seria \u201ePOLISH JAZZ\u201d; cho\u0107 bez tej etykietki. Podobno <a href=\"https:\/\/pracownia52.pl\/www\/?page_id=4391\"><strong>Marek Karewicz<\/strong><\/a> si\u0119 nie zgodzi\u0142, plotka taka. Czy mo\u017ce raczej by\u0142 z\u0142y: uwa\u017ca\u0142 bowiem, \u017ce ma monopol na \u201ejazz\u201d. (Ciekawie zreszt\u0105 o tym wspomina w albumie, linkowanym wy\u017cej; ale czy prawdziwie? Pami\u0119tam to nieco inaczej, c\u00f3\u017c\u2026 Na szcz\u0119\u015bcie po tylu latach zapomnia\u0142em.)<br \/>\n[mrm]<\/p>\n","protected":false},"excerpt":{"rendered":"<p>kilka projekt\u00f3w na LP (winyle, tak), do\u015b\u0107 przeci\u0119tnych (Beata Molak, \u201eDu\u017cy Mechanik\u201d\u2026) \u2013 w tym jeden, mo\u017ce nieco lepszy: dla Ireny Santor. oczywi\u015bcie nie zapominaj\u0105c o \u201eCegle\u201d D\u017cemu. Czy o Young Power czy , ale to troch\u0119 inna bajka: bowiem to niby seria \u201ePOLISH JAZZ\u201d; cho\u0107 bez tej etykietki. Podobno Marek Karewicz si\u0119 nie zgodzi\u0142, &hellip; <\/p>\n<p class=\"link-more\"><a href=\"https:\/\/pracownia52.pl\/www\/?page_id=547\" class=\"more-link\">Czytaj dalej<span class=\"screen-reader-text\"> \u201ePOLSKIE NAGRANIA\u201d<\/span><\/a><\/p>\n","protected":false},"author":1,"featured_media":0,"parent":0,"menu_order":3,"comment_status":"closed","ping_status":"open","template":"","meta":{"footnotes":""},"class_list":["post-547","page","type-page","status-publish","hentry"],"_links":{"self":[{"href":"https:\/\/pracownia52.pl\/www\/index.php?rest_route=\/wp\/v2\/pages\/547","targetHints":{"allow":["GET"]}}],"collection":[{"href":"https:\/\/pracownia52.pl\/www\/index.php?rest_route=\/wp\/v2\/pages"}],"about":[{"href":"https:\/\/pracownia52.pl\/www\/index.php?rest_route=\/wp\/v2\/types\/page"}],"author":[{"embeddable":true,"href":"https:\/\/pracownia52.pl\/www\/index.php?rest_route=\/wp\/v2\/users\/1"}],"replies":[{"embeddable":true,"href":"https:\/\/pracownia52.pl\/www\/index.php?rest_route=%2Fwp%2Fv2%2Fcomments&post=547"}],"version-history":[{"count":12,"href":"https:\/\/pracownia52.pl\/www\/index.php?rest_route=\/wp\/v2\/pages\/547\/revisions"}],"predecessor-version":[{"id":5469,"href":"https:\/\/pracownia52.pl\/www\/index.php?rest_route=\/wp\/v2\/pages\/547\/revisions\/5469"}],"wp:attachment":[{"href":"https:\/\/pracownia52.pl\/www\/index.php?rest_route=%2Fwp%2Fv2%2Fmedia&parent=547"}],"curies":[{"name":"wp","href":"https:\/\/api.w.org\/{rel}","templated":true}]}}