{"id":550,"date":"2010-06-12T12:02:48","date_gmt":"2010-06-12T12:02:48","guid":{"rendered":"http:\/\/pracownia52.pl\/www\/?page_id=550"},"modified":"2019-01-12T09:20:52","modified_gmt":"2019-01-12T09:20:52","slug":"porter-band","status":"publish","type":"page","link":"https:\/\/pracownia52.pl\/www\/?page_id=550","title":{"rendered":"Porter Band"},"content":{"rendered":"\n<p><a href=\"https:\/\/pracownia52.pl\/www\/?page_id=380\"><strong>Folder<\/strong><\/a> (1982) dla \u201eWifonu&#8221;. jaka\u015b kaseta (MK) do \u201ehelicopters&#8221;. P\u00f3\u017aniej, w ko\u0144c\u00f3wce lat 90. projekty do p\u0142yt CD, zdj\u0119cia, plakaty. ale nie logo; to zrobi\u0142 kto\u015b z Wroc\u0142awia. ca\u0142kiem fajne. Zob. te\u017c <strong><a href=\"https:\/\/pracownia52.pl\/www\/?page_id=6131\">Luba\u0144, muzyczny camping<\/a><\/strong>.<br \/>mr m.<\/p>\n\n\n\n<ul class=\"wp-block-gallery columns-3 is-cropped wp-block-gallery-1 is-layout-flex wp-block-gallery-is-layout-flex\"><li class=\"blocks-gallery-item\"><figure><a href=\"https:\/\/pracownia52.pl\/www\/wp-content\/uploads\/2010\/06\/PORTER-electric.jpg\"><img loading=\"lazy\" decoding=\"async\" width=\"550\" height=\"550\" src=\"https:\/\/pracownia52.pl\/www\/wp-content\/uploads\/2010\/06\/PORTER-electric.jpg\" alt=\"\" data-id=\"2675\" data-link=\"https:\/\/pracownia52.pl\/www\/?attachment_id=2675\" class=\"wp-image-2675\" srcset=\"https:\/\/pracownia52.pl\/www\/wp-content\/uploads\/2010\/06\/PORTER-electric.jpg?v=1694768879 550w, https:\/\/pracownia52.pl\/www\/wp-content\/uploads\/2010\/06\/PORTER-electric-150x150.jpg?v=1694768879 150w, https:\/\/pracownia52.pl\/www\/wp-content\/uploads\/2010\/06\/PORTER-electric-300x300.jpg?v=1694768879 300w, https:\/\/pracownia52.pl\/www\/wp-content\/uploads\/2010\/06\/PORTER-electric-75x75.jpg?v=1694768879 75w\" sizes=\"auto, (max-width: 550px) 100vw, 550px\" \/><\/a><\/figure><\/li><li class=\"blocks-gallery-item\"><figure><a href=\"https:\/\/pracownia52.pl\/www\/wp-content\/uploads\/2010\/06\/PB99_cov.jpg\"><img loading=\"lazy\" decoding=\"async\" width=\"550\" height=\"550\" src=\"https:\/\/pracownia52.pl\/www\/wp-content\/uploads\/2010\/06\/PB99_cov.jpg\" alt=\"\" data-id=\"558\" data-link=\"https:\/\/pracownia52.pl\/www\/?attachment_id=558\" class=\"wp-image-558\" srcset=\"https:\/\/pracownia52.pl\/www\/wp-content\/uploads\/2010\/06\/PB99_cov.jpg?v=1694769176 550w, https:\/\/pracownia52.pl\/www\/wp-content\/uploads\/2010\/06\/PB99_cov-150x150.jpg?v=1694769176 150w, https:\/\/pracownia52.pl\/www\/wp-content\/uploads\/2010\/06\/PB99_cov-300x300.jpg?v=1694769176 300w, https:\/\/pracownia52.pl\/www\/wp-content\/uploads\/2010\/06\/PB99_cov-75x75.jpg?v=1694769176 75w\" sizes=\"auto, (max-width: 550px) 100vw, 550px\" \/><\/a><\/figure><\/li><li class=\"blocks-gallery-item\"><figure><a href=\"https:\/\/pracownia52.pl\/www\/wp-content\/uploads\/2010\/06\/JPorter1.jpg\"><img loading=\"lazy\" decoding=\"async\" width=\"550\" height=\"409\" src=\"https:\/\/pracownia52.pl\/www\/wp-content\/uploads\/2010\/06\/JPorter1.jpg\" alt=\"\" data-id=\"552\" data-link=\"https:\/\/pracownia52.pl\/www\/?attachment_id=552\" class=\"wp-image-552\" srcset=\"https:\/\/pracownia52.pl\/www\/wp-content\/uploads\/2010\/06\/JPorter1.jpg?v=1627124302 550w, https:\/\/pracownia52.pl\/www\/wp-content\/uploads\/2010\/06\/JPorter1-300x223.jpg?v=1627124302 300w\" sizes=\"auto, (max-width: 550px) 100vw, 550px\" \/><\/a><\/figure><\/li><li class=\"blocks-gallery-item\"><figure><a href=\"https:\/\/pracownia52.pl\/www\/wp-content\/uploads\/2010\/06\/99.jpg\"><img loading=\"lazy\" decoding=\"async\" width=\"550\" height=\"424\" src=\"https:\/\/pracownia52.pl\/www\/wp-content\/uploads\/2010\/06\/99.jpg\" alt=\"\" data-id=\"555\" data-link=\"https:\/\/pracownia52.pl\/www\/?attachment_id=555\" class=\"wp-image-555\" srcset=\"https:\/\/pracownia52.pl\/www\/wp-content\/uploads\/2010\/06\/99.jpg?v=1627124302 550w, https:\/\/pracownia52.pl\/www\/wp-content\/uploads\/2010\/06\/99-300x231.jpg?v=1627124302 300w\" sizes=\"auto, (max-width: 550px) 100vw, 550px\" \/><\/a><\/figure><\/li><li class=\"blocks-gallery-item\"><figure><a href=\"https:\/\/pracownia52.pl\/www\/wp-content\/uploads\/2010\/06\/krazek-CD-John-Porter.jpg\"><img loading=\"lazy\" decoding=\"async\" width=\"454\" height=\"453\" src=\"https:\/\/pracownia52.pl\/www\/wp-content\/uploads\/2010\/06\/krazek-CD-John-Porter.jpg\" alt=\"\" data-id=\"2676\" data-link=\"https:\/\/pracownia52.pl\/www\/?attachment_id=2676\" class=\"wp-image-2676\" srcset=\"https:\/\/pracownia52.pl\/www\/wp-content\/uploads\/2010\/06\/krazek-CD-John-Porter.jpg?v=1694768915 454w, https:\/\/pracownia52.pl\/www\/wp-content\/uploads\/2010\/06\/krazek-CD-John-Porter-150x150.jpg?v=1694768915 150w, https:\/\/pracownia52.pl\/www\/wp-content\/uploads\/2010\/06\/krazek-CD-John-Porter-300x300.jpg?v=1694768915 300w, https:\/\/pracownia52.pl\/www\/wp-content\/uploads\/2010\/06\/krazek-CD-John-Porter-75x75.jpg?v=1694768915 75w\" sizes=\"auto, (max-width: 454px) 100vw, 454px\" \/><\/a><\/figure><\/li><li class=\"blocks-gallery-item\"><figure><a href=\"https:\/\/pracownia52.pl\/www\/wp-content\/uploads\/2010\/06\/04-do-singla.jpg\"><img loading=\"lazy\" decoding=\"async\" width=\"550\" height=\"286\" src=\"https:\/\/pracownia52.pl\/www\/wp-content\/uploads\/2010\/06\/04-do-singla.jpg\" alt=\"\" data-id=\"2678\" data-link=\"https:\/\/pracownia52.pl\/www\/?attachment_id=2678\" class=\"wp-image-2678\" srcset=\"https:\/\/pracownia52.pl\/www\/wp-content\/uploads\/2010\/06\/04-do-singla.jpg?v=1748362903 550w, https:\/\/pracownia52.pl\/www\/wp-content\/uploads\/2010\/06\/04-do-singla-300x156.jpg?v=1748362903 300w\" sizes=\"auto, (max-width: 550px) 100vw, 550px\" \/><\/a><\/figure><\/li><li class=\"blocks-gallery-item\"><figure><a href=\"https:\/\/pracownia52.pl\/www\/wp-content\/uploads\/2010\/06\/folder-porter-wifon-012-0131.jpg\"><img loading=\"lazy\" decoding=\"async\" width=\"650\" height=\"336\" src=\"https:\/\/pracownia52.pl\/www\/wp-content\/uploads\/2010\/06\/folder-porter-wifon-012-0131.jpg\" alt=\"\" data-id=\"2679\" data-link=\"https:\/\/pracownia52.pl\/www\/?attachment_id=2679\" class=\"wp-image-2679\" srcset=\"https:\/\/pracownia52.pl\/www\/wp-content\/uploads\/2010\/06\/folder-porter-wifon-012-0131.jpg?v=1734076631 650w, https:\/\/pracownia52.pl\/www\/wp-content\/uploads\/2010\/06\/folder-porter-wifon-012-0131-300x155.jpg?v=1734076631 300w\" sizes=\"auto, (max-width: 650px) 100vw, 650px\" \/><\/a><\/figure><\/li><li class=\"blocks-gallery-item\"><figure><a href=\"https:\/\/pracownia52.pl\/www\/wp-content\/uploads\/2018\/12\/0a-john-warsaw-1982-4.jpg\"><img loading=\"lazy\" decoding=\"async\" width=\"611\" height=\"404\" src=\"https:\/\/pracownia52.pl\/www\/wp-content\/uploads\/2018\/12\/0a-john-warsaw-1982-4.jpg\" alt=\"\" data-id=\"8267\" data-link=\"https:\/\/pracownia52.pl\/www\/?attachment_id=8267\" class=\"wp-image-8267\" srcset=\"https:\/\/pracownia52.pl\/www\/wp-content\/uploads\/2018\/12\/0a-john-warsaw-1982-4.jpg?v=1627123666 611w, https:\/\/pracownia52.pl\/www\/wp-content\/uploads\/2018\/12\/0a-john-warsaw-1982-4-300x198.jpg?v=1627123666 300w\" sizes=\"auto, (max-width: 611px) 100vw, 611px\" \/><\/a><\/figure><\/li><li class=\"blocks-gallery-item\"><figure><a href=\"https:\/\/pracownia52.pl\/www\/wp-content\/uploads\/2018\/12\/john-porter-walker-83-mn.jpg\"><img loading=\"lazy\" decoding=\"async\" width=\"600\" height=\"413\" src=\"https:\/\/pracownia52.pl\/www\/wp-content\/uploads\/2018\/12\/john-porter-walker-83-mn.jpg\" alt=\"\" data-id=\"8268\" data-link=\"https:\/\/pracownia52.pl\/www\/?attachment_id=8268\" class=\"wp-image-8268\" srcset=\"https:\/\/pracownia52.pl\/www\/wp-content\/uploads\/2018\/12\/john-porter-walker-83-mn.jpg?v=1627123666 600w, https:\/\/pracownia52.pl\/www\/wp-content\/uploads\/2018\/12\/john-porter-walker-83-mn-300x207.jpg?v=1627123666 300w\" sizes=\"auto, (max-width: 600px) 100vw, 600px\" \/><\/a><\/figure><\/li><li class=\"blocks-gallery-item\"><figure><a href=\"https:\/\/pracownia52.pl\/www\/wp-content\/uploads\/2018\/12\/porter_walker-83-007-mn.jpg\"><img loading=\"lazy\" decoding=\"async\" width=\"550\" height=\"382\" src=\"https:\/\/pracownia52.pl\/www\/wp-content\/uploads\/2018\/12\/porter_walker-83-007-mn.jpg\" alt=\"\" data-id=\"8269\" data-link=\"https:\/\/pracownia52.pl\/www\/?attachment_id=8269\" class=\"wp-image-8269\" srcset=\"https:\/\/pracownia52.pl\/www\/wp-content\/uploads\/2018\/12\/porter_walker-83-007-mn.jpg?v=1627123666 550w, https:\/\/pracownia52.pl\/www\/wp-content\/uploads\/2018\/12\/porter_walker-83-007-mn-300x208.jpg?v=1627123666 300w\" sizes=\"auto, (max-width: 550px) 100vw, 550px\" \/><\/a><\/figure><\/li><li class=\"blocks-gallery-item\"><figure><a href=\"https:\/\/pracownia52.pl\/www\/wp-content\/uploads\/2018\/12\/porter-walker-83-003-mn.jpg\"><img loading=\"lazy\" decoding=\"async\" width=\"550\" height=\"380\" src=\"https:\/\/pracownia52.pl\/www\/wp-content\/uploads\/2018\/12\/porter-walker-83-003-mn.jpg\" alt=\"\" data-id=\"8270\" data-link=\"https:\/\/pracownia52.pl\/www\/?attachment_id=8270\" class=\"wp-image-8270\" srcset=\"https:\/\/pracownia52.pl\/www\/wp-content\/uploads\/2018\/12\/porter-walker-83-003-mn.jpg?v=1627123666 550w, https:\/\/pracownia52.pl\/www\/wp-content\/uploads\/2018\/12\/porter-walker-83-003-mn-300x207.jpg?v=1627123666 300w\" sizes=\"auto, (max-width: 550px) 100vw, 550px\" \/><\/a><\/figure><\/li><li class=\"blocks-gallery-item\"><figure><a href=\"https:\/\/pracownia52.pl\/www\/wp-content\/uploads\/2018\/12\/porter-walker-83-008-mn.jpg\"><img loading=\"lazy\" decoding=\"async\" width=\"550\" height=\"383\" src=\"https:\/\/pracownia52.pl\/www\/wp-content\/uploads\/2018\/12\/porter-walker-83-008-mn.jpg\" alt=\"\" data-id=\"8271\" data-link=\"https:\/\/pracownia52.pl\/www\/?attachment_id=8271\" class=\"wp-image-8271\" srcset=\"https:\/\/pracownia52.pl\/www\/wp-content\/uploads\/2018\/12\/porter-walker-83-008-mn.jpg?v=1627123666 550w, https:\/\/pracownia52.pl\/www\/wp-content\/uploads\/2018\/12\/porter-walker-83-008-mn-300x209.jpg?v=1627123666 300w\" sizes=\"auto, (max-width: 550px) 100vw, 550px\" \/><\/a><\/figure><\/li><li class=\"blocks-gallery-item\"><figure><a href=\"https:\/\/pracownia52.pl\/www\/wp-content\/uploads\/2018\/12\/piotrowski-porter-5.jpg\"><img loading=\"lazy\" decoding=\"async\" width=\"550\" height=\"372\" src=\"https:\/\/pracownia52.pl\/www\/wp-content\/uploads\/2018\/12\/piotrowski-porter-5.jpg\" alt=\"\" data-id=\"8272\" data-link=\"https:\/\/pracownia52.pl\/www\/?attachment_id=8272\" class=\"wp-image-8272\" srcset=\"https:\/\/pracownia52.pl\/www\/wp-content\/uploads\/2018\/12\/piotrowski-porter-5.jpg?v=1627123666 550w, https:\/\/pracownia52.pl\/www\/wp-content\/uploads\/2018\/12\/piotrowski-porter-5-300x203.jpg?v=1627123666 300w\" sizes=\"auto, (max-width: 550px) 100vw, 550px\" \/><\/a><\/figure><\/li><\/ul>\n","protected":false},"excerpt":{"rendered":"<p>Folder (1982) dla \u201eWifonu&#8221;. jaka\u015b kaseta (MK) do \u201ehelicopters&#8221;. P\u00f3\u017aniej, w ko\u0144c\u00f3wce lat 90. projekty do p\u0142yt CD, zdj\u0119cia, plakaty. ale nie logo; to zrobi\u0142 kto\u015b z Wroc\u0142awia. ca\u0142kiem fajne. Zob. te\u017c Luba\u0144, muzyczny camping.mr m.<\/p>\n","protected":false},"author":1,"featured_media":8803,"parent":0,"menu_order":0,"comment_status":"closed","ping_status":"open","template":"","meta":{"footnotes":""},"class_list":["post-550","page","type-page","status-publish","has-post-thumbnail","hentry"],"_links":{"self":[{"href":"https:\/\/pracownia52.pl\/www\/index.php?rest_route=\/wp\/v2\/pages\/550","targetHints":{"allow":["GET"]}}],"collection":[{"href":"https:\/\/pracownia52.pl\/www\/index.php?rest_route=\/wp\/v2\/pages"}],"about":[{"href":"https:\/\/pracownia52.pl\/www\/index.php?rest_route=\/wp\/v2\/types\/page"}],"author":[{"embeddable":true,"href":"https:\/\/pracownia52.pl\/www\/index.php?rest_route=\/wp\/v2\/users\/1"}],"replies":[{"embeddable":true,"href":"https:\/\/pracownia52.pl\/www\/index.php?rest_route=%2Fwp%2Fv2%2Fcomments&post=550"}],"version-history":[{"count":27,"href":"https:\/\/pracownia52.pl\/www\/index.php?rest_route=\/wp\/v2\/pages\/550\/revisions"}],"predecessor-version":[{"id":8807,"href":"https:\/\/pracownia52.pl\/www\/index.php?rest_route=\/wp\/v2\/pages\/550\/revisions\/8807"}],"wp:featuredmedia":[{"embeddable":true,"href":"https:\/\/pracownia52.pl\/www\/index.php?rest_route=\/wp\/v2\/media\/8803"}],"wp:attachment":[{"href":"https:\/\/pracownia52.pl\/www\/index.php?rest_route=%2Fwp%2Fv2%2Fmedia&parent=550"}],"curies":[{"name":"wp","href":"https:\/\/api.w.org\/{rel}","templated":true}]}}