{"id":5590,"date":"2016-08-01T06:45:35","date_gmt":"2016-08-01T06:45:35","guid":{"rendered":"https:\/\/pracownia52.pl\/www\/?page_id=5590"},"modified":"2018-12-27T12:35:48","modified_gmt":"2018-12-27T12:35:48","slug":"paryz","status":"publish","type":"page","link":"https:\/\/pracownia52.pl\/www\/?page_id=5590","title":{"rendered":"pary\u017c"},"content":{"rendered":"\n<p>\u2022 Cimeti\u00e8re du P\u00e8re-Lachaise i gr\u00f3b Jima Morrisona z czas\u00f3w, gdy jeszcze mogli tam siedzie\u0107 tam hipisi\u2026 Za\u015b z przodu Stanis\u0142aw Makowski. <\/p>\n\n\n\n<p>mr m.<\/p>\n\n\n\n<ul class=\"wp-block-gallery columns-2 is-cropped wp-block-gallery-1 is-layout-flex wp-block-gallery-is-layout-flex\"><li class=\"blocks-gallery-item\"><figure><a href=\"https:\/\/pracownia52.pl\/www\/wp-content\/uploads\/2016\/08\/pere-lachaise-morrison-mn.jpg\"><img decoding=\"async\" src=\"https:\/\/pracownia52.pl\/www\/wp-content\/uploads\/2016\/08\/pere-lachaise-morrison-mn.jpg\" alt=\"pere-lachaise-morrison-mn\" data-id=\"5591\" class=\"wp-image-5591\"\/><\/a><\/figure><\/li><li class=\"blocks-gallery-item\"><figure><a href=\"https:\/\/pracownia52.pl\/www\/wp-content\/uploads\/2016\/08\/Stasiek-Jim-Mor.jpg\"><img loading=\"lazy\" decoding=\"async\" width=\"450\" height=\"689\" src=\"https:\/\/pracownia52.pl\/www\/wp-content\/uploads\/2016\/08\/Stasiek-Jim-Mor.jpg\" alt=\"Stasiek-Jim-Mor\" data-id=\"5988\" class=\"wp-image-5988\" srcset=\"https:\/\/pracownia52.pl\/www\/wp-content\/uploads\/2016\/08\/Stasiek-Jim-Mor.jpg?v=1627123779 450w, https:\/\/pracownia52.pl\/www\/wp-content\/uploads\/2016\/08\/Stasiek-Jim-Mor-196x300.jpg?v=1627123779 196w\" sizes=\"auto, (max-width: 450px) 100vw, 450px\" \/><\/a><\/figure><\/li><\/ul>\n","protected":false},"excerpt":{"rendered":"<p>\u2022 Cimeti\u00e8re du P\u00e8re-Lachaise i gr\u00f3b Jima Morrisona z czas\u00f3w, gdy jeszcze mogli tam siedzie\u0107 tam hipisi\u2026 Za\u015b z przodu Stanis\u0142aw Makowski. mr m.<\/p>\n","protected":false},"author":1,"featured_media":0,"parent":0,"menu_order":3,"comment_status":"closed","ping_status":"closed","template":"","meta":{"footnotes":""},"class_list":["post-5590","page","type-page","status-publish","hentry"],"_links":{"self":[{"href":"https:\/\/pracownia52.pl\/www\/index.php?rest_route=\/wp\/v2\/pages\/5590","targetHints":{"allow":["GET"]}}],"collection":[{"href":"https:\/\/pracownia52.pl\/www\/index.php?rest_route=\/wp\/v2\/pages"}],"about":[{"href":"https:\/\/pracownia52.pl\/www\/index.php?rest_route=\/wp\/v2\/types\/page"}],"author":[{"embeddable":true,"href":"https:\/\/pracownia52.pl\/www\/index.php?rest_route=\/wp\/v2\/users\/1"}],"replies":[{"embeddable":true,"href":"https:\/\/pracownia52.pl\/www\/index.php?rest_route=%2Fwp%2Fv2%2Fcomments&post=5590"}],"version-history":[{"count":5,"href":"https:\/\/pracownia52.pl\/www\/index.php?rest_route=\/wp\/v2\/pages\/5590\/revisions"}],"predecessor-version":[{"id":8384,"href":"https:\/\/pracownia52.pl\/www\/index.php?rest_route=\/wp\/v2\/pages\/5590\/revisions\/8384"}],"wp:attachment":[{"href":"https:\/\/pracownia52.pl\/www\/index.php?rest_route=%2Fwp%2Fv2%2Fmedia&parent=5590"}],"curies":[{"name":"wp","href":"https:\/\/api.w.org\/{rel}","templated":true}]}}