{"id":56,"date":"2010-06-11T06:43:14","date_gmt":"2010-06-11T06:43:14","guid":{"rendered":"http:\/\/pracownia52.pl\/www\/?page_id=56"},"modified":"2019-02-08T11:12:46","modified_gmt":"2019-02-08T11:12:46","slug":"aia-agencja-impresaryjna-aktorow","status":"publish","type":"page","link":"https:\/\/pracownia52.pl\/www\/?page_id=56","title":{"rendered":"AIA \u2013 agencja impresaryjna aktor\u00f3w"},"content":{"rendered":"\n<p>Projekty na MK\u2019s, zdj\u0119cia, organizacja druku. Adam Galas, \u201ePonton\u201d \u2013 i z doskoku Katarzyna Kanclerz. Zrobi\u0142em dla nich logo do serii kaset (i klika projekt\u00f3w tych\u017ce). Kasia p\u00f3\u017aniej wzi\u0119\u0142a to logo jak swoje \u2013 i zrobi\u0142a z niego <a href=\"https:\/\/pracownia52.pl\/www\/?page_id=332\">logo <strong>Izabelin Studi<\/strong>o<\/a>, tak po prostu.<br \/>Te\u017c: trio \u201eAIA\u201d. kilka zdj\u0119\u0107, lubi\u0119. Na pierwszym: Irena Groblewska, ich \u00f3wczesna managerka; a moja dobra znajoma, wcze\u015bniej znacznie.<br \/>mr m.<\/p>\n\n\n\n<ul class=\"wp-block-gallery columns-4 is-cropped wp-block-gallery-1 is-layout-flex wp-block-gallery-is-layout-flex\"><li class=\"blocks-gallery-item\"><figure><a href=\"https:\/\/pracownia52.pl\/www\/wp-content\/uploads\/2010\/06\/irena-groblewska-aia-88.jpg\"><img loading=\"lazy\" decoding=\"async\" width=\"400\" height=\"579\" src=\"https:\/\/pracownia52.pl\/www\/wp-content\/uploads\/2010\/06\/irena-groblewska-aia-88.jpg\" alt=\"\" data-id=\"5557\" class=\"wp-image-5557\" srcset=\"https:\/\/pracownia52.pl\/www\/wp-content\/uploads\/2010\/06\/irena-groblewska-aia-88.jpg?v=1627123891 400w, https:\/\/pracownia52.pl\/www\/wp-content\/uploads\/2010\/06\/irena-groblewska-aia-88-207x300.jpg?v=1627123891 207w\" sizes=\"auto, (max-width: 400px) 100vw, 400px\" \/><\/a><figcaption>Iru\u015bka Groblewska<\/figcaption><\/figure><\/li><li class=\"blocks-gallery-item\"><figure><a href=\"https:\/\/pracownia52.pl\/www\/wp-content\/uploads\/2010\/06\/irena-tyl-2-trio-aia-VI-88.jpg\"><img loading=\"lazy\" decoding=\"async\" width=\"786\" height=\"1134\" src=\"https:\/\/pracownia52.pl\/www\/wp-content\/uploads\/2010\/06\/irena-tyl-2-trio-aia-VI-88.jpg\" alt=\"\" data-id=\"5558\" class=\"wp-image-5558\" srcset=\"https:\/\/pracownia52.pl\/www\/wp-content\/uploads\/2010\/06\/irena-tyl-2-trio-aia-VI-88.jpg?v=1627123890 786w, https:\/\/pracownia52.pl\/www\/wp-content\/uploads\/2010\/06\/irena-tyl-2-trio-aia-VI-88-208x300.jpg?v=1627123890 208w, https:\/\/pracownia52.pl\/www\/wp-content\/uploads\/2010\/06\/irena-tyl-2-trio-aia-VI-88-710x1024.jpg?v=1627123890 710w, https:\/\/pracownia52.pl\/www\/wp-content\/uploads\/2010\/06\/irena-tyl-2-trio-aia-VI-88-768x1108.jpg?v=1627123890 768w\" sizes=\"auto, (max-width: 767px) 89vw, (max-width: 1000px) 54vw, (max-width: 1071px) 543px, 580px\" \/><\/a><\/figure><\/li><li class=\"blocks-gallery-item\"><figure><a href=\"https:\/\/pracownia52.pl\/www\/wp-content\/uploads\/2010\/06\/trio-aia-VI-88-rekl.jpg\"><img loading=\"lazy\" decoding=\"async\" width=\"500\" height=\"344\" src=\"https:\/\/pracownia52.pl\/www\/wp-content\/uploads\/2010\/06\/trio-aia-VI-88-rekl.jpg\" alt=\"\" data-id=\"58\" class=\"wp-image-58\" srcset=\"https:\/\/pracownia52.pl\/www\/wp-content\/uploads\/2010\/06\/trio-aia-VI-88-rekl.jpg?v=1627124320 500w, https:\/\/pracownia52.pl\/www\/wp-content\/uploads\/2010\/06\/trio-aia-VI-88-rekl-300x206.jpg?v=1627124320 300w\" sizes=\"auto, (max-width: 500px) 100vw, 500px\" \/><\/a><\/figure><\/li><li class=\"blocks-gallery-item\"><figure><a href=\"https:\/\/pracownia52.pl\/www\/wp-content\/uploads\/2010\/06\/trio-aia-88-preparacja.jpg\"><img loading=\"lazy\" decoding=\"async\" width=\"550\" height=\"380\" src=\"https:\/\/pracownia52.pl\/www\/wp-content\/uploads\/2010\/06\/trio-aia-88-preparacja.jpg\" alt=\"\" data-id=\"5559\" class=\"wp-image-5559\" srcset=\"https:\/\/pracownia52.pl\/www\/wp-content\/uploads\/2010\/06\/trio-aia-88-preparacja.jpg?v=1627123890 550w, https:\/\/pracownia52.pl\/www\/wp-content\/uploads\/2010\/06\/trio-aia-88-preparacja-300x207.jpg?v=1627123890 300w\" sizes=\"auto, (max-width: 550px) 100vw, 550px\" \/><\/a><\/figure><\/li><\/ul>\n\n\n\n<figure class=\"wp-block-image\"><img loading=\"lazy\" decoding=\"async\" width=\"686\" height=\"1024\" src=\"https:\/\/pracownia52.pl\/www\/wp-content\/uploads\/2018\/12\/1988-trio-AIA-cd151-fot-mr-makowski-686x1024.jpg\" alt=\"\" class=\"wp-image-8028\" srcset=\"https:\/\/pracownia52.pl\/www\/wp-content\/uploads\/2018\/12\/1988-trio-AIA-cd151-fot-mr-makowski-686x1024.jpg?v=1627123672 686w, https:\/\/pracownia52.pl\/www\/wp-content\/uploads\/2018\/12\/1988-trio-AIA-cd151-fot-mr-makowski-201x300.jpg?v=1627123672 201w, https:\/\/pracownia52.pl\/www\/wp-content\/uploads\/2018\/12\/1988-trio-AIA-cd151-fot-mr-makowski-768x1146.jpg?v=1627123672 768w, https:\/\/pracownia52.pl\/www\/wp-content\/uploads\/2018\/12\/1988-trio-AIA-cd151-fot-mr-makowski.jpg?v=1627123672 804w\" sizes=\"auto, (max-width: 686px) 100vw, 686px\" \/><\/figure>\n\n\n\n<ul class=\"wp-block-gallery columns-1 is-cropped wp-block-gallery-2 is-layout-flex wp-block-gallery-is-layout-flex\"><li class=\"blocks-gallery-item\"><figure><img loading=\"lazy\" decoding=\"async\" width=\"1024\" height=\"682\" src=\"https:\/\/pracownia52.pl\/www\/wp-content\/uploads\/2019\/02\/mniejsze-501-1988-aia-inne-fot-mr-makowski-672-1024x682.jpg\" alt=\"\" data-id=\"8974\" data-link=\"https:\/\/pracownia52.pl\/www\/?attachment_id=8974\" class=\"wp-image-8974\" srcset=\"https:\/\/pracownia52.pl\/www\/wp-content\/uploads\/2019\/02\/mniejsze-501-1988-aia-inne-fot-mr-makowski-672-1024x682.jpg?v=1627123632 1024w, https:\/\/pracownia52.pl\/www\/wp-content\/uploads\/2019\/02\/mniejsze-501-1988-aia-inne-fot-mr-makowski-672-300x200.jpg?v=1627123632 300w, https:\/\/pracownia52.pl\/www\/wp-content\/uploads\/2019\/02\/mniejsze-501-1988-aia-inne-fot-mr-makowski-672-768x511.jpg?v=1627123632 768w, https:\/\/pracownia52.pl\/www\/wp-content\/uploads\/2019\/02\/mniejsze-501-1988-aia-inne-fot-mr-makowski-672.jpg?v=1627123632 1200w\" sizes=\"auto, (max-width: 767px) 89vw, (max-width: 1000px) 54vw, (max-width: 1071px) 543px, 580px\" \/><\/figure><\/li><\/ul>\n","protected":false},"excerpt":{"rendered":"<p>Projekty na MK\u2019s, zdj\u0119cia, organizacja druku. Adam Galas, \u201ePonton\u201d \u2013 i z doskoku Katarzyna Kanclerz. Zrobi\u0142em dla nich logo do serii kaset (i klika projekt\u00f3w tych\u017ce). Kasia p\u00f3\u017aniej wzi\u0119\u0142a to logo jak swoje \u2013 i zrobi\u0142a z niego logo Izabelin Studio, tak po prostu.Te\u017c: trio \u201eAIA\u201d. kilka zdj\u0119\u0107, lubi\u0119. Na pierwszym: Irena Groblewska, ich \u00f3wczesna &hellip; <\/p>\n<p class=\"link-more\"><a href=\"https:\/\/pracownia52.pl\/www\/?page_id=56\" class=\"more-link\">Czytaj dalej<span class=\"screen-reader-text\"> \u201eAIA \u2013 agencja impresaryjna aktor\u00f3w\u201d<\/span><\/a><\/p>\n","protected":false},"author":1,"featured_media":0,"parent":0,"menu_order":3,"comment_status":"closed","ping_status":"open","template":"","meta":{"footnotes":""},"class_list":["post-56","page","type-page","status-publish","hentry"],"_links":{"self":[{"href":"https:\/\/pracownia52.pl\/www\/index.php?rest_route=\/wp\/v2\/pages\/56","targetHints":{"allow":["GET"]}}],"collection":[{"href":"https:\/\/pracownia52.pl\/www\/index.php?rest_route=\/wp\/v2\/pages"}],"about":[{"href":"https:\/\/pracownia52.pl\/www\/index.php?rest_route=\/wp\/v2\/types\/page"}],"author":[{"embeddable":true,"href":"https:\/\/pracownia52.pl\/www\/index.php?rest_route=\/wp\/v2\/users\/1"}],"replies":[{"embeddable":true,"href":"https:\/\/pracownia52.pl\/www\/index.php?rest_route=%2Fwp%2Fv2%2Fcomments&post=56"}],"version-history":[{"count":21,"href":"https:\/\/pracownia52.pl\/www\/index.php?rest_route=\/wp\/v2\/pages\/56\/revisions"}],"predecessor-version":[{"id":8975,"href":"https:\/\/pracownia52.pl\/www\/index.php?rest_route=\/wp\/v2\/pages\/56\/revisions\/8975"}],"wp:attachment":[{"href":"https:\/\/pracownia52.pl\/www\/index.php?rest_route=%2Fwp%2Fv2%2Fmedia&parent=56"}],"curies":[{"name":"wp","href":"https:\/\/api.w.org\/{rel}","templated":true}]}}