{"id":587,"date":"2010-06-12T12:43:01","date_gmt":"2010-06-12T12:43:01","guid":{"rendered":"http:\/\/pracownia52.pl\/www\/?page_id=587"},"modified":"2019-01-10T12:46:02","modified_gmt":"2019-01-10T12:46:02","slug":"zarzadzanie-i-finanse","status":"publish","type":"page","link":"https:\/\/pracownia52.pl\/www\/?page_id=587","title":{"rendered":"Zarz\u0105dzanie i Finanse"},"content":{"rendered":"<p>Sp\u00f3\u0142ka wydawnicza pp. <a href=\"http:\/\/niniwa2.cba.pl\/kpp_zolnierze_partii.htm\"><strong>\u015anieci\u0144skich<\/strong><\/a>; ju\u017c z lat 90. Robi\u0142em dla nich dwutygodnik \u201eKobieta i M\u0119\u017cczyzna\u201d, p\u00f3\u017aniej ok\u0142adki do wielu wydawnictw, stamt\u0105d trafi\u0142em do <a href=\"https:\/\/pracownia52.pl\/www\/?page_id=86\"><strong>Banku Handlowego<\/strong><\/a>\u2026 D\u0142u\u017csza opowie\u015b\u0107.<br \/>\nmr m.<\/p>\n","protected":false},"excerpt":{"rendered":"<p>Sp\u00f3\u0142ka wydawnicza pp. \u015anieci\u0144skich; ju\u017c z lat 90. Robi\u0142em dla nich dwutygodnik \u201eKobieta i M\u0119\u017cczyzna\u201d, p\u00f3\u017aniej ok\u0142adki do wielu wydawnictw, stamt\u0105d trafi\u0142em do Banku Handlowego\u2026 D\u0142u\u017csza opowie\u015b\u0107. mr m.<\/p>\n","protected":false},"author":1,"featured_media":0,"parent":0,"menu_order":3,"comment_status":"closed","ping_status":"open","template":"","meta":{"footnotes":""},"class_list":["post-587","page","type-page","status-publish","hentry"],"_links":{"self":[{"href":"https:\/\/pracownia52.pl\/www\/index.php?rest_route=\/wp\/v2\/pages\/587","targetHints":{"allow":["GET"]}}],"collection":[{"href":"https:\/\/pracownia52.pl\/www\/index.php?rest_route=\/wp\/v2\/pages"}],"about":[{"href":"https:\/\/pracownia52.pl\/www\/index.php?rest_route=\/wp\/v2\/types\/page"}],"author":[{"embeddable":true,"href":"https:\/\/pracownia52.pl\/www\/index.php?rest_route=\/wp\/v2\/users\/1"}],"replies":[{"embeddable":true,"href":"https:\/\/pracownia52.pl\/www\/index.php?rest_route=%2Fwp%2Fv2%2Fcomments&post=587"}],"version-history":[{"count":9,"href":"https:\/\/pracownia52.pl\/www\/index.php?rest_route=\/wp\/v2\/pages\/587\/revisions"}],"predecessor-version":[{"id":8726,"href":"https:\/\/pracownia52.pl\/www\/index.php?rest_route=\/wp\/v2\/pages\/587\/revisions\/8726"}],"wp:attachment":[{"href":"https:\/\/pracownia52.pl\/www\/index.php?rest_route=%2Fwp%2Fv2%2Fmedia&parent=587"}],"curies":[{"name":"wp","href":"https:\/\/api.w.org\/{rel}","templated":true}]}}