{"id":60,"date":"2010-06-11T06:48:36","date_gmt":"2010-06-11T06:48:36","guid":{"rendered":"http:\/\/pracownia52.pl\/www\/?page_id=60"},"modified":"2017-10-02T13:45:06","modified_gmt":"2017-10-02T13:45:06","slug":"aiwa-poland-sp-z-o-o","status":"publish","type":"page","link":"https:\/\/pracownia52.pl\/www\/?page_id=60","title":{"rendered":"Aiwa Poland sp. z o.o."},"content":{"rendered":"<p>kampania reklamowa wprowadzaj\u0105ca firm\u0119 \u2013 i produkty \u2013 na rynek polski;<br \/>\nhas\u0142o: \u201ealbo.aiwa\u201d<br \/>\n(p\u00f3\u017aniej wykorzystywane w reklamie samochod\u00f3w toyota: \u201ealbo totota albo nic!\u201d \u2013 w polsce; i przez innych\u2026)<br \/>\n<img loading=\"lazy\" decoding=\"async\" src=\"http:\/\/pracownia52.pl\/www\/wp-content\/uploads\/2010\/06\/albo-aiwa-21.jpg\" alt=\"\" title=\"albo-aiwa-2\" width=\"200\" height=\"200\" class=\"alignnone size-full wp-image-2812\" srcset=\"https:\/\/pracownia52.pl\/www\/wp-content\/uploads\/2010\/06\/albo-aiwa-21-150x150.jpg?v=1627124174 150w, https:\/\/pracownia52.pl\/www\/wp-content\/uploads\/2010\/06\/albo-aiwa-21-75x75.jpg?v=1627124174 75w\" sizes=\"auto, (max-width: 200px) 100vw, 200px\" \/><br \/>\n\u2022 tzw. citylighty: projekty, nadz\u00f3r nad drukiem i ekspozycj\u0105;<br \/>\n\u2022 \u201e<a href=\"http:\/\/pracownia52.pl\/www\/?page_id=297\"><strong>pierwsza w \u015bwiecie oficjalna p\u0142yta mp3 immanuel<\/strong><\/a>\u201d \u2013 czyli CD mp3;<br \/>\n\u2022 katalogi produkt\u00f3w, biuletyny \u201ealbo.aiwa\u201d dla klient\u00f3w, ulotki produktowe;<br \/>\n\u2022 strona www, sklep internetowy;<br \/>\n\u2022 reklamy do gazet, drobne druki na wiele okazji, kalendarz<br \/>\n\u2022 dyplomy, koszulki, elementy wspierania sprzeda\u017cy w sklepach i inne<br \/>\n<img loading=\"lazy\" decoding=\"async\" src=\"http:\/\/pracownia52.pl\/www\/wp-content\/uploads\/2010\/06\/immanuel-cd-mp3-2.jpg\" alt=\"\" title=\"immanuel-cd-mp3-2\" width=\"600\" height=\"200\" class=\"alignnone size-full wp-image-62\" \/><br \/>\n<br \/>&#8230;&#8230;&#8230;&#8230;&#8230;&#8230;&#8230;&#8230;&#8230;&#8230;&#8230;&#8230;&#8230;&#8230;&#8230;&#8230;&#8230;&#8230;.<br \/>\n<strong>Dzia\u0142 Produkt\u00f3w AIWA Sony Poland<\/strong><br \/>\nju\u017c raczej drobiazgi; cho\u0107 dochodowe. inaczej, ni\u017c dla \u201esamodzielnej\u201d <a href=\"http:\/\/pracownia52.pl\/www\/?page_id=60\">Aiwa<\/a>. katalogi produkt\u00f3w, biuletyny dla klient\u00f3w, sprzedawc\u00f3w, ulotki produktowe, strona www, reklamy do gazet, drobne druki, dyplomy dla sprzedawc\u00f3w, elementy wspierania sprzeda\u017cy w sklepach \u2013 standy pod ulotki\u2026<br \/>\ntzw. dzia\u0142y marketingu \u2013 to dziwne miejsca. i Ludzie. a firm\u0119, ca\u0142kiem jeszcze pe\u0142n\u0105 potencjalnych\u2026 \u2013 zar\u017cn\u0119li (moim skr.) mi\u0119dzynarodowi Ksi\u0119gowi. dla odpisu podatkowego zapewne.<br \/>\nmr m.<br \/>\n<img loading=\"lazy\" decoding=\"async\" src=\"http:\/\/pracownia52.pl\/www\/wp-content\/uploads\/2010\/06\/stand-pod-ulotki-w.jpg\" alt=\"\" title=\"stand-pod-ulotki-w\" width=\"336\" height=\"500\" class=\"alignnone size-full wp-image-202\" srcset=\"https:\/\/pracownia52.pl\/www\/wp-content\/uploads\/2010\/06\/stand-pod-ulotki-w.jpg?v=1627124315 336w, https:\/\/pracownia52.pl\/www\/wp-content\/uploads\/2010\/06\/stand-pod-ulotki-w-202x300.jpg?v=1627124315 202w\" sizes=\"auto, (max-width: 336px) 100vw, 336px\" \/><\/p>\n","protected":false},"excerpt":{"rendered":"<p>kampania reklamowa wprowadzaj\u0105ca firm\u0119 \u2013 i produkty \u2013 na rynek polski; has\u0142o: \u201ealbo.aiwa\u201d (p\u00f3\u017aniej wykorzystywane w reklamie samochod\u00f3w toyota: \u201ealbo totota albo nic!\u201d \u2013 w polsce; i przez innych\u2026) \u2022 tzw. citylighty: projekty, nadz\u00f3r nad drukiem i ekspozycj\u0105; \u2022 \u201epierwsza w \u015bwiecie oficjalna p\u0142yta mp3 immanuel\u201d \u2013 czyli CD mp3; \u2022 katalogi produkt\u00f3w, biuletyny \u201ealbo.aiwa\u201d &hellip; <\/p>\n<p class=\"link-more\"><a href=\"https:\/\/pracownia52.pl\/www\/?page_id=60\" class=\"more-link\">Czytaj dalej<span class=\"screen-reader-text\"> \u201eAiwa Poland sp. z o.o.\u201d<\/span><\/a><\/p>\n","protected":false},"author":1,"featured_media":0,"parent":0,"menu_order":3,"comment_status":"closed","ping_status":"open","template":"","meta":{"footnotes":""},"class_list":["post-60","page","type-page","status-publish","hentry"],"_links":{"self":[{"href":"https:\/\/pracownia52.pl\/www\/index.php?rest_route=\/wp\/v2\/pages\/60","targetHints":{"allow":["GET"]}}],"collection":[{"href":"https:\/\/pracownia52.pl\/www\/index.php?rest_route=\/wp\/v2\/pages"}],"about":[{"href":"https:\/\/pracownia52.pl\/www\/index.php?rest_route=\/wp\/v2\/types\/page"}],"author":[{"embeddable":true,"href":"https:\/\/pracownia52.pl\/www\/index.php?rest_route=\/wp\/v2\/users\/1"}],"replies":[{"embeddable":true,"href":"https:\/\/pracownia52.pl\/www\/index.php?rest_route=%2Fwp%2Fv2%2Fcomments&post=60"}],"version-history":[{"count":18,"href":"https:\/\/pracownia52.pl\/www\/index.php?rest_route=\/wp\/v2\/pages\/60\/revisions"}],"predecessor-version":[{"id":7238,"href":"https:\/\/pracownia52.pl\/www\/index.php?rest_route=\/wp\/v2\/pages\/60\/revisions\/7238"}],"wp:attachment":[{"href":"https:\/\/pracownia52.pl\/www\/index.php?rest_route=%2Fwp%2Fv2%2Fmedia&parent=60"}],"curies":[{"name":"wp","href":"https:\/\/api.w.org\/{rel}","templated":true}]}}