{"id":609,"date":"2010-06-12T13:13:02","date_gmt":"2010-06-12T13:13:02","guid":{"rendered":"http:\/\/pracownia52.pl\/www\/?page_id=609"},"modified":"2017-01-29T19:13:57","modified_gmt":"2017-01-29T19:13:57","slug":"priest-big-cork-ksiadz-duzy-i-korek","status":"publish","type":"page","link":"https:\/\/pracownia52.pl\/www\/?page_id=609","title":{"rendered":"Priest &#038; Big Cork (Ksi\u0105dz, Du\u017cy i Korek)"},"content":{"rendered":"<p>znaczy: trio Ksionc (<strong>Krzysztof Popek<\/strong>), Korek (<strong>Aleksander Korecki<\/strong>) i Du\u017cy (<strong>Bronek Du\u017cy<\/strong>). zdj\u0119cia. projekty ok\u0142adek LP, MK, wsp\u00f3\u0142praca. zob. te\u017c: <a href=\"https:\/\/pracownia52.pl\/www\/?page_id=874\"><strong>Young Power<\/strong><\/a>, czy <a href=\"https:\/\/pracownia52.pl\/www\/?page_id=533\"><strong>Pick-Up<\/strong><\/a><br \/>\nmr m.<br \/>\n<img loading=\"lazy\" decoding=\"async\" src=\"http:\/\/pracownia52.pl\/www\/wp-content\/uploads\/2010\/06\/02_priest_big_cork.jpg\" alt=\"\" title=\"02_priest_big_cork\" width=\"480\" height=\"480\" class=\"alignnone size-full wp-image-614\" srcset=\"https:\/\/pracownia52.pl\/www\/wp-content\/uploads\/2010\/06\/02_priest_big_cork.jpg?v=1627124301 480w, https:\/\/pracownia52.pl\/www\/wp-content\/uploads\/2010\/06\/02_priest_big_cork-300x300.jpg?v=1627124301 300w, https:\/\/pracownia52.pl\/www\/wp-content\/uploads\/2010\/06\/02_priest_big_cork-150x150.jpg?v=1627124301 150w, https:\/\/pracownia52.pl\/www\/wp-content\/uploads\/2010\/06\/02_priest_big_cork-75x75.jpg?v=1627124301 75w\" sizes=\"auto, (max-width: 480px) 100vw, 480px\" \/><\/p>\n","protected":false},"excerpt":{"rendered":"<p>znaczy: trio Ksionc (Krzysztof Popek), Korek (Aleksander Korecki) i Du\u017cy (Bronek Du\u017cy). zdj\u0119cia. projekty ok\u0142adek LP, MK, wsp\u00f3\u0142praca. zob. te\u017c: Young Power, czy Pick-Up mr m.<\/p>\n","protected":false},"author":1,"featured_media":0,"parent":0,"menu_order":0,"comment_status":"closed","ping_status":"open","template":"","meta":{"footnotes":""},"class_list":["post-609","page","type-page","status-publish","hentry"],"_links":{"self":[{"href":"https:\/\/pracownia52.pl\/www\/index.php?rest_route=\/wp\/v2\/pages\/609","targetHints":{"allow":["GET"]}}],"collection":[{"href":"https:\/\/pracownia52.pl\/www\/index.php?rest_route=\/wp\/v2\/pages"}],"about":[{"href":"https:\/\/pracownia52.pl\/www\/index.php?rest_route=\/wp\/v2\/types\/page"}],"author":[{"embeddable":true,"href":"https:\/\/pracownia52.pl\/www\/index.php?rest_route=\/wp\/v2\/users\/1"}],"replies":[{"embeddable":true,"href":"https:\/\/pracownia52.pl\/www\/index.php?rest_route=%2Fwp%2Fv2%2Fcomments&post=609"}],"version-history":[{"count":13,"href":"https:\/\/pracownia52.pl\/www\/index.php?rest_route=\/wp\/v2\/pages\/609\/revisions"}],"predecessor-version":[{"id":6327,"href":"https:\/\/pracownia52.pl\/www\/index.php?rest_route=\/wp\/v2\/pages\/609\/revisions\/6327"}],"wp:attachment":[{"href":"https:\/\/pracownia52.pl\/www\/index.php?rest_route=%2Fwp%2Fv2%2Fmedia&parent=609"}],"curies":[{"name":"wp","href":"https:\/\/api.w.org\/{rel}","templated":true}]}}