{"id":6131,"date":"2016-11-24T10:58:47","date_gmt":"2016-11-24T10:58:47","guid":{"rendered":"https:\/\/pracownia52.pl\/www\/?page_id=6131"},"modified":"2021-12-14T09:03:54","modified_gmt":"2021-12-14T09:03:54","slug":"luban-muzyczny-camping-1980","status":"publish","type":"page","link":"https:\/\/pracownia52.pl\/www\/?page_id=6131","title":{"rendered":"Luba\u0144 \u201eMuzyczny Camping\u201d (1980)"},"content":{"rendered":"\n<p>\u2026jest <a href=\"https:\/\/pracownia52.pl\/www\/?page_id=2050\"><strong>tam<\/strong><\/a>, kilka zdj\u0119\u0107 ale jest tego du\u017co wi\u0119cej \u2013 <s>mo\u017ce kiedy\u015b<\/s>. <br \/>Uaktualnienie: wi\u0119cej (m.in.) o Lubaniu (1979, 1980) <strong><a href=\"https:\/\/ooops.pl\/?p=36963\" data-type=\"URL\" data-id=\"https:\/\/ooops.pl\/?p=36963\">w ksi\u0105\u017cce<\/a><\/strong> (2021) mr makowski, Konrad Wojciechowski \u201e<strong><a href=\"https:\/\/ooops.pl\/?p=36787\" data-type=\"URL\" data-id=\"https:\/\/ooops.pl\/?p=36787\">Koniec Festiwali<\/a><\/strong>\u2026\u201d<br \/> mr m.<br \/><\/p>\n\n\n\n<figure class=\"wp-block-gallery columns-3 is-cropped wp-block-gallery-1 is-layout-flex wp-block-gallery-is-layout-flex\"><ul class=\"blocks-gallery-grid\"><li class=\"blocks-gallery-item\"><figure><a href=\"https:\/\/pracownia52.pl\/www\/wp-content\/uploads\/2019\/01\/an-zaucha-luban-1980-004-modoo6-low.jpg\"><img loading=\"lazy\" decoding=\"async\" width=\"528\" height=\"800\" src=\"https:\/\/pracownia52.pl\/www\/wp-content\/uploads\/2019\/01\/an-zaucha-luban-1980-004-modoo6-low.jpg\" alt=\"\" data-id=\"8794\" data-link=\"https:\/\/pracownia52.pl\/www\/?attachment_id=8794\" class=\"wp-image-8794\" srcset=\"https:\/\/pracownia52.pl\/www\/wp-content\/uploads\/2019\/01\/an-zaucha-luban-1980-004-modoo6-low.jpg?v=1627123643 528w, https:\/\/pracownia52.pl\/www\/wp-content\/uploads\/2019\/01\/an-zaucha-luban-1980-004-modoo6-low-198x300.jpg?v=1627123643 198w\" sizes=\"auto, (max-width: 528px) 100vw, 528px\" \/><\/a><figcaption class=\"blocks-gallery-item__caption\">Andrzej Zaucha<\/figcaption><\/figure><\/li><li class=\"blocks-gallery-item\"><figure><a href=\"https:\/\/pracownia52.pl\/www\/wp-content\/uploads\/2019\/01\/An-Zaucha-i-St-Sojka-1980-rok-low-3-1024x671.jpg\"><img loading=\"lazy\" decoding=\"async\" width=\"1024\" height=\"671\" src=\"https:\/\/pracownia52.pl\/www\/wp-content\/uploads\/2019\/01\/An-Zaucha-i-St-Sojka-1980-rok-low-3-1024x671.jpg\" alt=\"\" data-id=\"8793\" data-link=\"https:\/\/pracownia52.pl\/www\/?attachment_id=8793\" class=\"wp-image-8793\" srcset=\"https:\/\/pracownia52.pl\/www\/wp-content\/uploads\/2019\/01\/An-Zaucha-i-St-Sojka-1980-rok-low-3-1024x671.jpg?v=1627123643 1024w, https:\/\/pracownia52.pl\/www\/wp-content\/uploads\/2019\/01\/An-Zaucha-i-St-Sojka-1980-rok-low-3-300x197.jpg?v=1627123643 300w, https:\/\/pracownia52.pl\/www\/wp-content\/uploads\/2019\/01\/An-Zaucha-i-St-Sojka-1980-rok-low-3-768x503.jpg?v=1627123643 768w, https:\/\/pracownia52.pl\/www\/wp-content\/uploads\/2019\/01\/An-Zaucha-i-St-Sojka-1980-rok-low-3.jpg?v=1627123643 1051w\" sizes=\"auto, (max-width: 767px) 89vw, (max-width: 1000px) 54vw, (max-width: 1071px) 543px, 580px\" \/><\/a><figcaption class=\"blocks-gallery-item__caption\">Andrzej Zaucha i Stanis\u0142aw Sojka<\/figcaption><\/figure><\/li><li class=\"blocks-gallery-item\"><figure><a href=\"https:\/\/pracownia52.pl\/www\/wp-content\/uploads\/2010\/06\/luban1980kora005b3modmn.jpg\"><img loading=\"lazy\" decoding=\"async\" width=\"601\" height=\"900\" src=\"https:\/\/pracownia52.pl\/www\/wp-content\/uploads\/2010\/06\/luban1980kora005b3modmn.jpg\" alt=\"\" data-id=\"1261\" data-link=\"https:\/\/pracownia52.pl\/www\/?attachment_id=1261\" class=\"wp-image-1261\" srcset=\"https:\/\/pracownia52.pl\/www\/wp-content\/uploads\/2010\/06\/luban1980kora005b3modmn.jpg?v=1627124277 601w, https:\/\/pracownia52.pl\/www\/wp-content\/uploads\/2010\/06\/luban1980kora005b3modmn-200x300.jpg?v=1627124277 200w\" sizes=\"auto, (max-width: 601px) 100vw, 601px\" \/><\/a><figcaption class=\"blocks-gallery-item__caption\"><a href=\"https:\/\/pracownia52.pl\/www\/?page_id=1256\"><strong>Kora<\/strong><\/a><\/figcaption><\/figure><\/li><li class=\"blocks-gallery-item\"><figure><a href=\"https:\/\/pracownia52.pl\/www\/wp-content\/uploads\/2019\/01\/Andrzej-Zaucha-luban-1980-rok-low-7.jpg\"><img loading=\"lazy\" decoding=\"async\" width=\"800\" height=\"518\" src=\"https:\/\/pracownia52.pl\/www\/wp-content\/uploads\/2019\/01\/Andrzej-Zaucha-luban-1980-rok-low-7.jpg\" alt=\"\" data-id=\"8795\" data-link=\"https:\/\/pracownia52.pl\/www\/?attachment_id=8795\" class=\"wp-image-8795\" srcset=\"https:\/\/pracownia52.pl\/www\/wp-content\/uploads\/2019\/01\/Andrzej-Zaucha-luban-1980-rok-low-7.jpg?v=1627123643 800w, https:\/\/pracownia52.pl\/www\/wp-content\/uploads\/2019\/01\/Andrzej-Zaucha-luban-1980-rok-low-7-300x194.jpg?v=1627123643 300w, https:\/\/pracownia52.pl\/www\/wp-content\/uploads\/2019\/01\/Andrzej-Zaucha-luban-1980-rok-low-7-768x497.jpg?v=1627123643 768w\" sizes=\"auto, (max-width: 767px) 89vw, (max-width: 1000px) 54vw, (max-width: 1071px) 543px, 580px\" \/><\/a><figcaption class=\"blocks-gallery-item__caption\">Andrzej Zaucha i D\u017camble<\/figcaption><\/figure><\/li><li class=\"blocks-gallery-item\"><figure><a href=\"https:\/\/pracownia52.pl\/www\/wp-content\/uploads\/2019\/01\/krysia-pronko-1980-001-mn.jpg\"><img loading=\"lazy\" decoding=\"async\" width=\"550\" height=\"369\" src=\"https:\/\/pracownia52.pl\/www\/wp-content\/uploads\/2019\/01\/krysia-pronko-1980-001-mn.jpg\" alt=\"\" data-id=\"8796\" data-link=\"https:\/\/pracownia52.pl\/www\/?attachment_id=8796\" class=\"wp-image-8796\" srcset=\"https:\/\/pracownia52.pl\/www\/wp-content\/uploads\/2019\/01\/krysia-pronko-1980-001-mn.jpg?v=1627123643 550w, https:\/\/pracownia52.pl\/www\/wp-content\/uploads\/2019\/01\/krysia-pronko-1980-001-mn-300x201.jpg?v=1627123643 300w\" sizes=\"auto, (max-width: 550px) 100vw, 550px\" \/><\/a><figcaption class=\"blocks-gallery-item__caption\">Krystyna Pro\u0144ko<\/figcaption><\/figure><\/li><li class=\"blocks-gallery-item\"><figure><a href=\"https:\/\/pracownia52.pl\/www\/wp-content\/uploads\/2019\/01\/Luban-1980-panowie-fotografowie-low-1.jpg\"><img loading=\"lazy\" decoding=\"async\" width=\"800\" height=\"532\" src=\"https:\/\/pracownia52.pl\/www\/wp-content\/uploads\/2019\/01\/Luban-1980-panowie-fotografowie-low-1.jpg\" alt=\"\" data-id=\"8797\" data-link=\"https:\/\/pracownia52.pl\/www\/?attachment_id=8797\" class=\"wp-image-8797\" srcset=\"https:\/\/pracownia52.pl\/www\/wp-content\/uploads\/2019\/01\/Luban-1980-panowie-fotografowie-low-1.jpg?v=1627123642 800w, https:\/\/pracownia52.pl\/www\/wp-content\/uploads\/2019\/01\/Luban-1980-panowie-fotografowie-low-1-300x200.jpg?v=1627123642 300w, https:\/\/pracownia52.pl\/www\/wp-content\/uploads\/2019\/01\/Luban-1980-panowie-fotografowie-low-1-768x511.jpg?v=1627123642 768w\" sizes=\"auto, (max-width: 767px) 89vw, (max-width: 1000px) 54vw, (max-width: 1071px) 543px, 580px\" \/><\/a><figcaption class=\"blocks-gallery-item__caption\">Panowie fotografowie<\/figcaption><\/figure><\/li><li class=\"blocks-gallery-item\"><figure><a href=\"https:\/\/pracownia52.pl\/www\/wp-content\/uploads\/2019\/01\/Luban-pole-namiotowe-1szydzien-1.jpg\"><img loading=\"lazy\" decoding=\"async\" width=\"800\" height=\"522\" src=\"https:\/\/pracownia52.pl\/www\/wp-content\/uploads\/2019\/01\/Luban-pole-namiotowe-1szydzien-1.jpg\" alt=\"\" data-id=\"8798\" data-link=\"https:\/\/pracownia52.pl\/www\/?attachment_id=8798\" class=\"wp-image-8798\" srcset=\"https:\/\/pracownia52.pl\/www\/wp-content\/uploads\/2019\/01\/Luban-pole-namiotowe-1szydzien-1.jpg?v=1627123642 800w, https:\/\/pracownia52.pl\/www\/wp-content\/uploads\/2019\/01\/Luban-pole-namiotowe-1szydzien-1-300x196.jpg?v=1627123642 300w, https:\/\/pracownia52.pl\/www\/wp-content\/uploads\/2019\/01\/Luban-pole-namiotowe-1szydzien-1-768x501.jpg?v=1627123642 768w\" sizes=\"auto, (max-width: 767px) 89vw, (max-width: 1000px) 54vw, (max-width: 1071px) 543px, 580px\" \/><\/a><\/figure><\/li><li class=\"blocks-gallery-item\"><figure><a href=\"https:\/\/pracownia52.pl\/www\/wp-content\/uploads\/2019\/01\/hipisi-luban-1980-001-mn.jpg\"><img loading=\"lazy\" decoding=\"async\" width=\"550\" height=\"372\" src=\"https:\/\/pracownia52.pl\/www\/wp-content\/uploads\/2019\/01\/hipisi-luban-1980-001-mn.jpg\" alt=\"\" data-id=\"8799\" data-link=\"https:\/\/pracownia52.pl\/www\/?attachment_id=8799\" class=\"wp-image-8799\" srcset=\"https:\/\/pracownia52.pl\/www\/wp-content\/uploads\/2019\/01\/hipisi-luban-1980-001-mn.jpg?v=1627123642 550w, https:\/\/pracownia52.pl\/www\/wp-content\/uploads\/2019\/01\/hipisi-luban-1980-001-mn-300x203.jpg?v=1627123642 300w\" sizes=\"auto, (max-width: 550px) 100vw, 550px\" \/><\/a><\/figure><\/li><\/ul><\/figure>\n\n\n\n<figure class=\"wp-block-gallery columns-2 is-cropped wp-block-gallery-2 is-layout-flex wp-block-gallery-is-layout-flex\"><ul class=\"blocks-gallery-grid\"><li class=\"blocks-gallery-item\"><figure><a href=\"https:\/\/pracownia52.pl\/www\/wp-content\/uploads\/2019\/01\/porter-band-luban-80-01a.jpg\"><img loading=\"lazy\" decoding=\"async\" width=\"450\" height=\"651\" src=\"https:\/\/pracownia52.pl\/www\/wp-content\/uploads\/2019\/01\/porter-band-luban-80-01a.jpg\" alt=\"\" data-id=\"8803\" data-link=\"https:\/\/pracownia52.pl\/www\/?attachment_id=8803\" class=\"wp-image-8803\" srcset=\"https:\/\/pracownia52.pl\/www\/wp-content\/uploads\/2019\/01\/porter-band-luban-80-01a.jpg?v=1627123642 450w, https:\/\/pracownia52.pl\/www\/wp-content\/uploads\/2019\/01\/porter-band-luban-80-01a-207x300.jpg?v=1627123642 207w\" sizes=\"auto, (max-width: 450px) 100vw, 450px\" \/><\/a><figcaption class=\"blocks-gallery-item__caption\"><strong><a href=\"https:\/\/pracownia52.pl\/www\/?page_id=380\">Porter Band<\/a><\/strong><\/figcaption><\/figure><\/li><li class=\"blocks-gallery-item\"><figure><a href=\"https:\/\/pracownia52.pl\/www\/wp-content\/uploads\/2019\/01\/porter-band-luban-80-003.jpg\"><img loading=\"lazy\" decoding=\"async\" width=\"550\" height=\"384\" src=\"https:\/\/pracownia52.pl\/www\/wp-content\/uploads\/2019\/01\/porter-band-luban-80-003.jpg\" alt=\"\" data-id=\"8804\" data-link=\"https:\/\/pracownia52.pl\/www\/?attachment_id=8804\" class=\"wp-image-8804\" srcset=\"https:\/\/pracownia52.pl\/www\/wp-content\/uploads\/2019\/01\/porter-band-luban-80-003.jpg?v=1627123642 550w, https:\/\/pracownia52.pl\/www\/wp-content\/uploads\/2019\/01\/porter-band-luban-80-003-300x209.jpg?v=1627123642 300w\" sizes=\"auto, (max-width: 550px) 100vw, 550px\" \/><\/a><figcaption class=\"blocks-gallery-item__caption\"><strong><a href=\"https:\/\/pracownia52.pl\/www\/?page_id=550\">Porter Band<\/a><\/strong><\/figcaption><\/figure><\/li><\/ul><\/figure>\n\n\n\n<figure class=\"wp-block-gallery columns-2 is-cropped wp-block-gallery-3 is-layout-flex wp-block-gallery-is-layout-flex\"><ul class=\"blocks-gallery-grid\"><li class=\"blocks-gallery-item\"><figure><a href=\"https:\/\/pracownia52.pl\/www\/wp-content\/uploads\/2019\/01\/luban-80-001.jpg\"><img loading=\"lazy\" decoding=\"async\" width=\"450\" height=\"653\" src=\"https:\/\/pracownia52.pl\/www\/wp-content\/uploads\/2019\/01\/luban-80-001.jpg\" alt=\"\" data-id=\"8809\" data-link=\"https:\/\/pracownia52.pl\/www\/?attachment_id=8809\" class=\"wp-image-8809\" srcset=\"https:\/\/pracownia52.pl\/www\/wp-content\/uploads\/2019\/01\/luban-80-001.jpg?v=1627123641 450w, https:\/\/pracownia52.pl\/www\/wp-content\/uploads\/2019\/01\/luban-80-001-207x300.jpg?v=1627123641 207w\" sizes=\"auto, (max-width: 450px) 100vw, 450px\" \/><\/a><figcaption class=\"blocks-gallery-item__caption\">\u201e<strong><a href=\"https:\/\/pracownia52.pl\/www\/?p=2843\">Pyza<\/a><\/strong>\u201d<\/figcaption><\/figure><\/li><li class=\"blocks-gallery-item\"><figure><a href=\"https:\/\/pracownia52.pl\/www\/wp-content\/uploads\/2019\/01\/pozy-img203a.jpg\"><img loading=\"lazy\" decoding=\"async\" width=\"450\" height=\"662\" src=\"https:\/\/pracownia52.pl\/www\/wp-content\/uploads\/2019\/01\/pozy-img203a.jpg\" alt=\"\" data-id=\"8810\" data-link=\"https:\/\/pracownia52.pl\/www\/?attachment_id=8810\" class=\"wp-image-8810\" srcset=\"https:\/\/pracownia52.pl\/www\/wp-content\/uploads\/2019\/01\/pozy-img203a.jpg?v=1627123641 450w, https:\/\/pracownia52.pl\/www\/wp-content\/uploads\/2019\/01\/pozy-img203a-204x300.jpg?v=1627123641 204w\" sizes=\"auto, (max-width: 450px) 100vw, 450px\" \/><\/a><figcaption class=\"blocks-gallery-item__caption\">na drugim planie Tomasz T\u0142uczkiewicz<\/figcaption><\/figure><\/li><\/ul><\/figure>\n","protected":false},"excerpt":{"rendered":"<p>\u2026jest tam, kilka zdj\u0119\u0107 ale jest tego du\u017co wi\u0119cej \u2013 mo\u017ce kiedy\u015b. Uaktualnienie: wi\u0119cej (m.in.) o Lubaniu (1979, 1980) w ksi\u0105\u017cce (2021) mr makowski, Konrad Wojciechowski \u201eKoniec Festiwali\u2026\u201d mr m.<\/p>\n","protected":false},"author":1,"featured_media":2108,"parent":0,"menu_order":0,"comment_status":"closed","ping_status":"closed","template":"","meta":{"footnotes":""},"class_list":["post-6131","page","type-page","status-publish","has-post-thumbnail","hentry"],"_links":{"self":[{"href":"https:\/\/pracownia52.pl\/www\/index.php?rest_route=\/wp\/v2\/pages\/6131","targetHints":{"allow":["GET"]}}],"collection":[{"href":"https:\/\/pracownia52.pl\/www\/index.php?rest_route=\/wp\/v2\/pages"}],"about":[{"href":"https:\/\/pracownia52.pl\/www\/index.php?rest_route=\/wp\/v2\/types\/page"}],"author":[{"embeddable":true,"href":"https:\/\/pracownia52.pl\/www\/index.php?rest_route=\/wp\/v2\/users\/1"}],"replies":[{"embeddable":true,"href":"https:\/\/pracownia52.pl\/www\/index.php?rest_route=%2Fwp%2Fv2%2Fcomments&post=6131"}],"version-history":[{"count":11,"href":"https:\/\/pracownia52.pl\/www\/index.php?rest_route=\/wp\/v2\/pages\/6131\/revisions"}],"predecessor-version":[{"id":9992,"href":"https:\/\/pracownia52.pl\/www\/index.php?rest_route=\/wp\/v2\/pages\/6131\/revisions\/9992"}],"wp:featuredmedia":[{"embeddable":true,"href":"https:\/\/pracownia52.pl\/www\/index.php?rest_route=\/wp\/v2\/media\/2108"}],"wp:attachment":[{"href":"https:\/\/pracownia52.pl\/www\/index.php?rest_route=%2Fwp%2Fv2%2Fmedia&parent=6131"}],"curies":[{"name":"wp","href":"https:\/\/api.w.org\/{rel}","templated":true}]}}