{"id":625,"date":"2010-06-12T13:25:03","date_gmt":"2010-06-12T13:25:03","guid":{"rendered":"http:\/\/pracownia52.pl\/www\/?page_id=625"},"modified":"2010-06-13T06:35:18","modified_gmt":"2010-06-13T06:35:18","slug":"prosystem","status":"publish","type":"page","link":"https:\/\/pracownia52.pl\/www\/?page_id=625","title":{"rendered":"Prosystem"},"content":{"rendered":"<p>folder. komputery do DTP mieli nieliczni. ale pojawia\u0142y si\u0119 firmy \u2013 jak Prosystem w\u0142a\u015bnie, bodaj z Wiednia \u2013 kt\u00f3re chcia\u0142y je nam sprzedawa\u0107. ten folder zrobili\u015bmy z <strong>Basi\u0105 Redli\u0144sk\u0105<\/strong>, malark\u0105. kaza\u0142em jej pastelami narysowa\u0107 komputery, na\u015bwietlarki, rip-y i maszyny drukarskie \u2013 a ona nawet nie wiedziala, do czego mog\u0105 s\u0142u\u017cy\u0107!<br \/>\njeden z pierwszych \u2013 te\u017c w \u015bwiecie \u2013 materia\u0142\u00f3w reklamuj\u0105cych dziwaczne urz\u0105dzenia w spos\u00f3b \u201eludzki\u201d. u\u017cycie rysunku \u2013 i to nie-technicznego a bardzo malarskiego \u2013 by\u0142o wtedy do\u015b\u0107 nowe.<br \/>\nale w tej dziedzinie nowo\u015b\u0107 trwa kr\u00f3tko. czas komputer\u00f3w.<br \/>\n[mrm]<br \/>\n<img loading=\"lazy\" decoding=\"async\" src=\"http:\/\/pracownia52.pl\/www\/wp-content\/uploads\/2010\/06\/prosystem-001-w.jpg\" alt=\"\" title=\"prosystem-001-w\" width=\"450\" height=\"632\" class=\"alignnone size-full wp-image-627\" srcset=\"https:\/\/pracownia52.pl\/www\/wp-content\/uploads\/2010\/06\/prosystem-001-w.jpg?v=1763914893 450w, https:\/\/pracownia52.pl\/www\/wp-content\/uploads\/2010\/06\/prosystem-001-w-214x300.jpg?v=1763914893 214w\" sizes=\"auto, (max-width: 450px) 100vw, 450px\" \/><\/p>\n","protected":false},"excerpt":{"rendered":"<p>folder. komputery do DTP mieli nieliczni. ale pojawia\u0142y si\u0119 firmy \u2013 jak Prosystem w\u0142a\u015bnie, bodaj z Wiednia \u2013 kt\u00f3re chcia\u0142y je nam sprzedawa\u0107. ten folder zrobili\u015bmy z Basi\u0105 Redli\u0144sk\u0105, malark\u0105. kaza\u0142em jej pastelami narysowa\u0107 komputery, na\u015bwietlarki, rip-y i maszyny drukarskie \u2013 a ona nawet nie wiedziala, do czego mog\u0105 s\u0142u\u017cy\u0107! jeden z pierwszych \u2013 te\u017c &hellip; <\/p>\n<p class=\"link-more\"><a href=\"https:\/\/pracownia52.pl\/www\/?page_id=625\" class=\"more-link\">Czytaj dalej<span class=\"screen-reader-text\"> \u201eProsystem\u201d<\/span><\/a><\/p>\n","protected":false},"author":1,"featured_media":0,"parent":0,"menu_order":3,"comment_status":"closed","ping_status":"open","template":"","meta":{"footnotes":""},"class_list":["post-625","page","type-page","status-publish","hentry"],"_links":{"self":[{"href":"https:\/\/pracownia52.pl\/www\/index.php?rest_route=\/wp\/v2\/pages\/625","targetHints":{"allow":["GET"]}}],"collection":[{"href":"https:\/\/pracownia52.pl\/www\/index.php?rest_route=\/wp\/v2\/pages"}],"about":[{"href":"https:\/\/pracownia52.pl\/www\/index.php?rest_route=\/wp\/v2\/types\/page"}],"author":[{"embeddable":true,"href":"https:\/\/pracownia52.pl\/www\/index.php?rest_route=\/wp\/v2\/users\/1"}],"replies":[{"embeddable":true,"href":"https:\/\/pracownia52.pl\/www\/index.php?rest_route=%2Fwp%2Fv2%2Fcomments&post=625"}],"version-history":[{"count":4,"href":"https:\/\/pracownia52.pl\/www\/index.php?rest_route=\/wp\/v2\/pages\/625\/revisions"}],"predecessor-version":[{"id":917,"href":"https:\/\/pracownia52.pl\/www\/index.php?rest_route=\/wp\/v2\/pages\/625\/revisions\/917"}],"wp:attachment":[{"href":"https:\/\/pracownia52.pl\/www\/index.php?rest_route=%2Fwp%2Fv2%2Fmedia&parent=625"}],"curies":[{"name":"wp","href":"https:\/\/api.w.org\/{rel}","templated":true}]}}