{"id":638,"date":"2010-06-12T13:33:44","date_gmt":"2010-06-12T13:33:44","guid":{"rendered":"http:\/\/pracownia52.pl\/www\/?page_id=638"},"modified":"2010-06-13T07:02:38","modified_gmt":"2010-06-13T07:02:38","slug":"pst","status":"publish","type":"page","link":"https:\/\/pracownia52.pl\/www\/?page_id=638","title":{"rendered":"PST"},"content":{"rendered":"<p>kilka reklam, kartek \u015bwi\u0105tecznych.<br \/>\nsp\u00f3\u0142ka, kt\u00f3ra wyros\u0142a (cz\u0119\u015bciowo) z kapeli <a href=\"http:\/\/pracownia52.pl\/www\/?page_id=416\">Krzak<\/a> \u2013 kt\u00f3rej dusz\u0105 by\u0142 Ryszard Tyl. by\u0142em tam te\u017c udzia\u0142owcem, rok tylko.<br \/>\nprodukowa\u0142a estradowy sprz\u0119t nag\u0142a\u015bniaj\u0105cy \u2013 a p\u00f3\u017aniej pono\u0107 nawet i domy. Rysiek \u2013 to temat na ciekaw\u0105 ksi\u0105\u017ck\u0119, niekoniecznie ze szcz\u0119\u015bliwym zako\u0144czeniem.<br \/>\nzob. te\u017c: <a href=\"http:\/\/pracownia52.pl\/www\/?page_id=480\">Marcin Jacobson<\/a><br \/>\n[mrm]<br \/>\n<img loading=\"lazy\" decoding=\"async\" src=\"http:\/\/pracownia52.pl\/www\/wp-content\/uploads\/2010\/06\/pst-kartka-sw-223x300.jpg\" alt=\"\" title=\"pst-kartka-sw\" width=\"223\" height=\"300\" class=\"alignnone size-medium wp-image-642\" srcset=\"https:\/\/pracownia52.pl\/www\/wp-content\/uploads\/2010\/06\/pst-kartka-sw-223x300.jpg?v=1659882010 223w, https:\/\/pracownia52.pl\/www\/wp-content\/uploads\/2010\/06\/pst-kartka-sw.jpg?v=1659882010 450w\" sizes=\"auto, (max-width: 223px) 100vw, 223px\" \/><\/p>\n","protected":false},"excerpt":{"rendered":"<p>kilka reklam, kartek \u015bwi\u0105tecznych. sp\u00f3\u0142ka, kt\u00f3ra wyros\u0142a (cz\u0119\u015bciowo) z kapeli Krzak \u2013 kt\u00f3rej dusz\u0105 by\u0142 Ryszard Tyl. by\u0142em tam te\u017c udzia\u0142owcem, rok tylko. produkowa\u0142a estradowy sprz\u0119t nag\u0142a\u015bniaj\u0105cy \u2013 a p\u00f3\u017aniej pono\u0107 nawet i domy. Rysiek \u2013 to temat na ciekaw\u0105 ksi\u0105\u017ck\u0119, niekoniecznie ze szcz\u0119\u015bliwym zako\u0144czeniem. zob. te\u017c: Marcin Jacobson [mrm]<\/p>\n","protected":false},"author":1,"featured_media":0,"parent":0,"menu_order":3,"comment_status":"closed","ping_status":"open","template":"","meta":{"footnotes":""},"class_list":["post-638","page","type-page","status-publish","hentry"],"_links":{"self":[{"href":"https:\/\/pracownia52.pl\/www\/index.php?rest_route=\/wp\/v2\/pages\/638","targetHints":{"allow":["GET"]}}],"collection":[{"href":"https:\/\/pracownia52.pl\/www\/index.php?rest_route=\/wp\/v2\/pages"}],"about":[{"href":"https:\/\/pracownia52.pl\/www\/index.php?rest_route=\/wp\/v2\/types\/page"}],"author":[{"embeddable":true,"href":"https:\/\/pracownia52.pl\/www\/index.php?rest_route=\/wp\/v2\/users\/1"}],"replies":[{"embeddable":true,"href":"https:\/\/pracownia52.pl\/www\/index.php?rest_route=%2Fwp%2Fv2%2Fcomments&post=638"}],"version-history":[{"count":7,"href":"https:\/\/pracownia52.pl\/www\/index.php?rest_route=\/wp\/v2\/pages\/638\/revisions"}],"predecessor-version":[{"id":970,"href":"https:\/\/pracownia52.pl\/www\/index.php?rest_route=\/wp\/v2\/pages\/638\/revisions\/970"}],"wp:attachment":[{"href":"https:\/\/pracownia52.pl\/www\/index.php?rest_route=%2Fwp%2Fv2%2Fmedia&parent=638"}],"curies":[{"name":"wp","href":"https:\/\/api.w.org\/{rel}","templated":true}]}}