{"id":656,"date":"2010-06-12T13:42:45","date_gmt":"2010-06-12T13:42:45","guid":{"rendered":"http:\/\/pracownia52.pl\/www\/?page_id=656"},"modified":"2019-07-27T17:42:47","modified_gmt":"2019-07-27T17:42:47","slug":"rap","status":"publish","type":"page","link":"https:\/\/pracownia52.pl\/www\/?page_id=656","title":{"rendered":"RAP"},"content":{"rendered":"\n<p>Kapela z po\u0142udnia Polski; \u015bwietna. Kilka zdj\u0119\u0107 w \u201e<strong><a href=\"https:\/\/pracownia52.pl\/www\/?page_id=461\">Magazynie Muzycznym<\/a><\/strong>\u201d \u2013 z kt\u00f3rych najlepsze ju\u017c dawno w koszu drukarni na Miedzianej zgin\u0119\u0142y. Jedno trafi\u0142o na ok\u0142adk\u0119 ksi\u0105\u017cki <a href=\"http:\/\/pracownia52.pl\/www\/?page_id=361\"><strong>Jurka W-\u017b<\/strong><\/a>.<br \/>Ciekawe s\u0105 losy kapeli\u2026 i jej nagra\u0144.<\/p>\n\n\n\n<blockquote class=\"wp-block-quote is-layout-flow wp-block-quote-is-layout-flow\"><p><em>\u2013 Wiesz, wtedy ju\u017c nie by\u0142o mnie w Polsce. Tak samo nie wiem do ko\u0144ca dlaczego nic nie wysz\u0142o z p\u0142yty, kt\u00f3r\u0105 nagrali\u015bmy u WALTERA CHE\u0141STOWSKIEGO. By\u0142y jakie\u015b akcje\u2026 Walter si\u0119 wkurwi\u0142, kapela si\u0119 wkurwi\u0142a\u2026 4 lata temu dzwoni\u0142em do Waltera czy ma t\u0119 p\u0142yt\u0119. Powiedzia\u0142, \u017ce tak. Zapyta\u0142em \u201eile?\u201d on na to \u201e10 tys. dolar\u00f3w\u201d.<br \/>I dlatego nie ma rozmowy, bo ja za t\u0119 ta\u015bm\u0119 nawet dolara nie dam.<\/em><\/p><p>rozm. z Jackiem Szafirem (ex-RAP);<br \/>\u201eGara\u017c\u201d, za: www.dada.serpent.pl; 1998 r.<\/p><\/blockquote>\n\n\n\n<p>(cyt. za \u201e<a href=\"http:\/\/ooops.pl\/?page_id=10844\"><strong>Obok<\/strong><\/a>\u2026\u201d str. 260)<br \/>To pierwsze zdj\u0119cie, z Jarocina (1986) \u2013 jest te\u017c w albumie \u201e<strong><a href=\"https:\/\/pracownia52.pl\/www\/?page_id=2707\">Pokolenie J8<\/a><\/strong>\u201d, niby banalne, \u201etylko\u201d koncertowe \u2013 ale bardzo je lubi\u0119\u2026<br \/>mr m.<\/p>\n\n\n\n<ul class=\"wp-block-gallery columns-3 is-cropped wp-block-gallery-1 is-layout-flex wp-block-gallery-is-layout-flex\"><li class=\"blocks-gallery-item\"><figure><a href=\"https:\/\/pracownia52.pl\/www\/wp-content\/uploads\/2018\/01\/1986jarocin-rap-305mnmod.jpg\"><img loading=\"lazy\" decoding=\"async\" width=\"900\" height=\"603\" src=\"https:\/\/pracownia52.pl\/www\/wp-content\/uploads\/2018\/01\/1986jarocin-rap-305mnmod.jpg\" alt=\"\" data-id=\"7477\" class=\"wp-image-7477\" srcset=\"https:\/\/pracownia52.pl\/www\/wp-content\/uploads\/2018\/01\/1986jarocin-rap-305mnmod.jpg?v=1627123710 900w, https:\/\/pracownia52.pl\/www\/wp-content\/uploads\/2018\/01\/1986jarocin-rap-305mnmod-300x201.jpg?v=1627123710 300w, https:\/\/pracownia52.pl\/www\/wp-content\/uploads\/2018\/01\/1986jarocin-rap-305mnmod-768x515.jpg?v=1627123710 768w\" sizes=\"auto, (max-width: 767px) 89vw, (max-width: 1000px) 54vw, (max-width: 1071px) 543px, 580px\" \/><\/a><figcaption><strong><a href=\"https:\/\/www.youtube.com\/watch?v=QUn2r6veOHY&amp;fbclid=IwAR3OKBAWpHhe14cW1SLPCaD2wnG4EjFUv7DHHb36ccOIanNVgWbUpiOfq4o&amp;app=desktop\">Jarocin<\/a><\/strong> (1986)<\/figcaption><\/figure><\/li><li class=\"blocks-gallery-item\"><figure><a href=\"https:\/\/pracownia52.pl\/www\/wp-content\/uploads\/2010\/06\/rap-002-89-001.jpg\"><img loading=\"lazy\" decoding=\"async\" width=\"550\" height=\"366\" src=\"https:\/\/pracownia52.pl\/www\/wp-content\/uploads\/2010\/06\/rap-002-89-001.jpg\" alt=\"\" data-id=\"662\" class=\"wp-image-662\" srcset=\"https:\/\/pracownia52.pl\/www\/wp-content\/uploads\/2010\/06\/rap-002-89-001.jpg?v=1627124299 550w, https:\/\/pracownia52.pl\/www\/wp-content\/uploads\/2010\/06\/rap-002-89-001-300x200.jpg?v=1627124299 300w\" sizes=\"auto, (max-width: 550px) 100vw, 550px\" \/><\/a><\/figure><\/li><li class=\"blocks-gallery-item\"><figure><a href=\"https:\/\/pracownia52.pl\/www\/wp-content\/uploads\/2010\/06\/rap-001-89-004.jpg\"><img loading=\"lazy\" decoding=\"async\" width=\"550\" height=\"374\" src=\"https:\/\/pracownia52.pl\/www\/wp-content\/uploads\/2010\/06\/rap-001-89-004.jpg\" alt=\"\" data-id=\"659\" class=\"wp-image-659\" srcset=\"https:\/\/pracownia52.pl\/www\/wp-content\/uploads\/2010\/06\/rap-001-89-004.jpg?v=1627124300 550w, https:\/\/pracownia52.pl\/www\/wp-content\/uploads\/2010\/06\/rap-001-89-004-300x204.jpg?v=1627124300 300w\" sizes=\"auto, (max-width: 550px) 100vw, 550px\" \/><\/a><\/figure><\/li><li class=\"blocks-gallery-item\"><figure><a href=\"https:\/\/pracownia52.pl\/www\/wp-content\/uploads\/2010\/06\/rap-001-89-003.jpg\"><img loading=\"lazy\" decoding=\"async\" width=\"550\" height=\"370\" src=\"https:\/\/pracownia52.pl\/www\/wp-content\/uploads\/2010\/06\/rap-001-89-003.jpg\" alt=\"\" data-id=\"661\" class=\"wp-image-661\" srcset=\"https:\/\/pracownia52.pl\/www\/wp-content\/uploads\/2010\/06\/rap-001-89-003.jpg?v=1627124300 550w, https:\/\/pracownia52.pl\/www\/wp-content\/uploads\/2010\/06\/rap-001-89-003-300x202.jpg?v=1627124300 300w\" sizes=\"auto, (max-width: 550px) 100vw, 550px\" \/><\/a><\/figure><\/li><li class=\"blocks-gallery-item\"><figure><a href=\"https:\/\/pracownia52.pl\/www\/wp-content\/uploads\/2010\/06\/rap-002-89-006.jpg\"><img loading=\"lazy\" decoding=\"async\" width=\"550\" height=\"366\" src=\"https:\/\/pracownia52.pl\/www\/wp-content\/uploads\/2010\/06\/rap-002-89-006.jpg\" alt=\"\" data-id=\"663\" class=\"wp-image-663\" srcset=\"https:\/\/pracownia52.pl\/www\/wp-content\/uploads\/2010\/06\/rap-002-89-006.jpg?v=1627124299 550w, https:\/\/pracownia52.pl\/www\/wp-content\/uploads\/2010\/06\/rap-002-89-006-300x200.jpg?v=1627124299 300w\" sizes=\"auto, (max-width: 550px) 100vw, 550px\" \/><\/a><\/figure><\/li><li class=\"blocks-gallery-item\"><figure><a href=\"https:\/\/pracownia52.pl\/www\/wp-content\/uploads\/2010\/06\/rap-002-89-005.jpg\"><img loading=\"lazy\" decoding=\"async\" width=\"550\" height=\"370\" src=\"https:\/\/pracownia52.pl\/www\/wp-content\/uploads\/2010\/06\/rap-002-89-005.jpg\" alt=\"\" data-id=\"666\" class=\"wp-image-666\" srcset=\"https:\/\/pracownia52.pl\/www\/wp-content\/uploads\/2010\/06\/rap-002-89-005.jpg?v=1627124299 550w, https:\/\/pracownia52.pl\/www\/wp-content\/uploads\/2010\/06\/rap-002-89-005-300x202.jpg?v=1627124299 300w\" sizes=\"auto, (max-width: 550px) 100vw, 550px\" \/><\/a><\/figure><\/li><\/ul>\n","protected":false},"excerpt":{"rendered":"<p>Kapela z po\u0142udnia Polski; \u015bwietna. Kilka zdj\u0119\u0107 w \u201eMagazynie Muzycznym\u201d \u2013 z kt\u00f3rych najlepsze ju\u017c dawno w koszu drukarni na Miedzianej zgin\u0119\u0142y. Jedno trafi\u0142o na ok\u0142adk\u0119 ksi\u0105\u017cki Jurka W-\u017b.Ciekawe s\u0105 losy kapeli\u2026 i jej nagra\u0144. \u2013 Wiesz, wtedy ju\u017c nie by\u0142o mnie w Polsce. Tak samo nie wiem do ko\u0144ca dlaczego nic nie wysz\u0142o z &hellip; <\/p>\n<p class=\"link-more\"><a href=\"https:\/\/pracownia52.pl\/www\/?page_id=656\" class=\"more-link\">Czytaj dalej<span class=\"screen-reader-text\"> \u201eRAP\u201d<\/span><\/a><\/p>\n","protected":false},"author":1,"featured_media":658,"parent":0,"menu_order":0,"comment_status":"closed","ping_status":"open","template":"","meta":{"footnotes":""},"class_list":["post-656","page","type-page","status-publish","has-post-thumbnail","hentry"],"_links":{"self":[{"href":"https:\/\/pracownia52.pl\/www\/index.php?rest_route=\/wp\/v2\/pages\/656","targetHints":{"allow":["GET"]}}],"collection":[{"href":"https:\/\/pracownia52.pl\/www\/index.php?rest_route=\/wp\/v2\/pages"}],"about":[{"href":"https:\/\/pracownia52.pl\/www\/index.php?rest_route=\/wp\/v2\/types\/page"}],"author":[{"embeddable":true,"href":"https:\/\/pracownia52.pl\/www\/index.php?rest_route=\/wp\/v2\/users\/1"}],"replies":[{"embeddable":true,"href":"https:\/\/pracownia52.pl\/www\/index.php?rest_route=%2Fwp%2Fv2%2Fcomments&post=656"}],"version-history":[{"count":18,"href":"https:\/\/pracownia52.pl\/www\/index.php?rest_route=\/wp\/v2\/pages\/656\/revisions"}],"predecessor-version":[{"id":9586,"href":"https:\/\/pracownia52.pl\/www\/index.php?rest_route=\/wp\/v2\/pages\/656\/revisions\/9586"}],"wp:featuredmedia":[{"embeddable":true,"href":"https:\/\/pracownia52.pl\/www\/index.php?rest_route=\/wp\/v2\/media\/658"}],"wp:attachment":[{"href":"https:\/\/pracownia52.pl\/www\/index.php?rest_route=%2Fwp%2Fv2%2Fmedia&parent=656"}],"curies":[{"name":"wp","href":"https:\/\/api.w.org\/{rel}","templated":true}]}}