{"id":668,"date":"2010-06-12T13:48:28","date_gmt":"2010-06-12T13:48:28","guid":{"rendered":"http:\/\/pracownia52.pl\/www\/?page_id=668"},"modified":"2019-01-11T13:42:00","modified_gmt":"2019-01-11T13:42:00","slug":"re-repassage","status":"publish","type":"page","link":"https:\/\/pracownia52.pl\/www\/?page_id=668","title":{"rendered":"re-Repassage"},"content":{"rendered":"\n<p>wsp\u00f3\u0142praca, zdj\u0119cia dokumentuj\u0105ce, co si\u0119 dzia\u0142o, jaka\u015b wystawa (\u201e<a href=\"https:\/\/pracownia52.pl\/www\/?p=3135\"><strong>Pozy<\/strong><\/a>\u201d m\u00f3wi\u0105c dok\u0142adnie)\u2026<br \/>\u2026<br \/>kiedy <a href=\"http:\/\/pracownia52.pl\/www\/?page_id=2290\"><strong>Romek Wo\u017aniak<\/strong><\/a>, rze\u017abiarz i kto\u015b od teatru, prowadzi\u0142 galeri\u0119 \u2013 troch\u0119 si\u0119 w niej dzia\u0142o ciekawego. ale wiele te\u017c si\u0119 dzia\u0142o dooko\u0142a. kt\u00f3rego\u015b razu \u2013 listopad 1981 chyba \u2013 co\u015b robili\u015bmy (bodaj sma\u017cenie frytek i darmowe rozdawnictwo) \u2013 a tu wpada z Uniwersytetu dzia\u0142acz NZS i wrzeszczy, \u017ce my dzia\u0142amy na r\u0119k\u0119 komunistom. i \u017ce nie wolno si\u0119 bzdurami zajmowa\u0107 kiedy kraj tonie. kompletnie go nie rozumieli\u015bmy. do dzi\u015b chyba nie wiem, o co mu sz\u0142o. a on jest (lub by\u0142) zapewne Wa\u017cnym Cz\u0142owiekiem Nowej Rzeczywisto\u015bci.<br \/>\u2026<br \/>zob. te\u017c: <a href=\"https:\/\/pracownia52.pl\/www\/?page_id=2209\"><strong>Dorota i Daniel Wnuk<\/strong><\/a> oraz: <a href=\"http:\/\/pracownia52.pl\/www\/?page_id=1835\"><strong>ZOO<\/strong><\/a> (grupa); a kiedy\u015b mo\u017ce <a href=\"http:\/\/ooops.pl\/?p=20752\"><strong>Nicole<\/strong><\/a>, <strong>S\u0142oma<\/strong>, Dorota Wnuk (+ <a href=\"http:\/\/ooops.pl\/?p=30728\"><strong>Sta\u015bka M\u0142odo\u017ce\u0144ca wanna<\/strong><\/a>) czy wreszcie Igor: <a href=\"https:\/\/www.youtube.com\/watch?v=NUC2EQvdzmY\"><strong>Ihor Ciszkiewicz<\/strong><\/a> (Igor Tsyshkevych) dok\u0142adniej; i jego szalona skrzynia\u2026 <\/p>\n\n\n\n<figure class=\"wp-block-image\"><img loading=\"lazy\" decoding=\"async\" width=\"1024\" height=\"684\" src=\"https:\/\/pracownia52.pl\/www\/wp-content\/uploads\/2019\/01\/002-1980-Igor-skrzynia-923-fot-mr-makowski-re-repassage-1024x684.jpg\" alt=\"\" class=\"wp-image-8703\" srcset=\"https:\/\/pracownia52.pl\/www\/wp-content\/uploads\/2019\/01\/002-1980-Igor-skrzynia-923-fot-mr-makowski-re-repassage-1024x684.jpg?v=1627123646 1024w, https:\/\/pracownia52.pl\/www\/wp-content\/uploads\/2019\/01\/002-1980-Igor-skrzynia-923-fot-mr-makowski-re-repassage-300x201.jpg?v=1627123646 300w, https:\/\/pracownia52.pl\/www\/wp-content\/uploads\/2019\/01\/002-1980-Igor-skrzynia-923-fot-mr-makowski-re-repassage-768x513.jpg?v=1627123646 768w, https:\/\/pracownia52.pl\/www\/wp-content\/uploads\/2019\/01\/002-1980-Igor-skrzynia-923-fot-mr-makowski-re-repassage.jpg?v=1627123646 1200w\" sizes=\"auto, (max-width: 767px) 89vw, (max-width: 1000px) 54vw, (max-width: 1071px) 543px, 580px\" \/><figcaption>\u2026a w \u015brodku: <a href=\"https:\/\/www.youtube.com\/watch?v=NUC2EQvdzmY\"><strong>Ihor Ciszkiewicz<\/strong><\/a> <\/figcaption><\/figure>\n\n\n\n<p>\u2026w kt\u00f3rej siedzia\u0142 zamkni\u0119ty trzy dni. <\/p>\n\n\n\n<figure class=\"wp-block-image\"><img loading=\"lazy\" decoding=\"async\" width=\"1024\" height=\"686\" src=\"https:\/\/pracownia52.pl\/www\/wp-content\/uploads\/2019\/01\/003-1981-fot-mr-makowski-frytki-Igor-skrzynia-923-low-1024x686.jpg\" alt=\"\" class=\"wp-image-8780\" srcset=\"https:\/\/pracownia52.pl\/www\/wp-content\/uploads\/2019\/01\/003-1981-fot-mr-makowski-frytki-Igor-skrzynia-923-low-1024x686.jpg?v=1627123644 1024w, https:\/\/pracownia52.pl\/www\/wp-content\/uploads\/2019\/01\/003-1981-fot-mr-makowski-frytki-Igor-skrzynia-923-low-300x201.jpg?v=1627123644 300w, https:\/\/pracownia52.pl\/www\/wp-content\/uploads\/2019\/01\/003-1981-fot-mr-makowski-frytki-Igor-skrzynia-923-low-768x515.jpg?v=1627123644 768w, https:\/\/pracownia52.pl\/www\/wp-content\/uploads\/2019\/01\/003-1981-fot-mr-makowski-frytki-Igor-skrzynia-923-low.jpg?v=1627123644 1200w\" sizes=\"auto, (max-width: 767px) 89vw, (max-width: 1000px) 54vw, (max-width: 1071px) 543px, 580px\" \/><\/figure>\n\n\n\n<p>Oraz jego szalone wokale, szalone frytki i kucharzenie, tak, tak: to ten w wysokim kapeluszu kucharza \u2013 i te\u017c gdzie\u015b tam <a href=\"http:\/\/ooops.pl\/?p=26590\"><strong>Pinki<\/strong><\/a> i <a href=\"http:\/\/ooops.pl\/?p=16596\"><strong>Fibre Performance\u2026<\/strong><\/a>, nawet <a href=\"https:\/\/pracownia52.pl\/www\/?page_id=1824\"><strong>kilka razy<\/strong><\/a> i\u2026<br \/>mr m.<\/p>\n\n\n\n<ul class=\"wp-block-gallery columns-3 is-cropped wp-block-gallery-1 is-layout-flex wp-block-gallery-is-layout-flex\"><li class=\"blocks-gallery-item\"><figure><a href=\"https:\/\/pracownia52.pl\/www\/wp-content\/uploads\/2018\/06\/piotr-rypson-1981-low-3.jpg\"><img loading=\"lazy\" decoding=\"async\" width=\"800\" height=\"531\" src=\"https:\/\/pracownia52.pl\/www\/wp-content\/uploads\/2018\/06\/piotr-rypson-1981-low-3.jpg\" alt=\"\" data-id=\"7649\" class=\"wp-image-7649\" srcset=\"https:\/\/pracownia52.pl\/www\/wp-content\/uploads\/2018\/06\/piotr-rypson-1981-low-3.jpg?v=1627123701 800w, https:\/\/pracownia52.pl\/www\/wp-content\/uploads\/2018\/06\/piotr-rypson-1981-low-3-300x199.jpg?v=1627123701 300w, https:\/\/pracownia52.pl\/www\/wp-content\/uploads\/2018\/06\/piotr-rypson-1981-low-3-768x510.jpg?v=1627123701 768w\" sizes=\"auto, (max-width: 767px) 89vw, (max-width: 1000px) 54vw, (max-width: 1071px) 543px, 580px\" \/><\/a><figcaption>Piotr Rypson<\/figcaption><\/figure><\/li><li class=\"blocks-gallery-item\"><figure><a href=\"https:\/\/pracownia52.pl\/www\/wp-content\/uploads\/2010\/06\/re-01-repassage.jpg\"><img loading=\"lazy\" decoding=\"async\" width=\"500\" height=\"336\" src=\"https:\/\/pracownia52.pl\/www\/wp-content\/uploads\/2010\/06\/re-01-repassage.jpg\" alt=\"\" data-id=\"671\" class=\"wp-image-671\" srcset=\"https:\/\/pracownia52.pl\/www\/wp-content\/uploads\/2010\/06\/re-01-repassage.jpg?v=1627124299 500w, https:\/\/pracownia52.pl\/www\/wp-content\/uploads\/2010\/06\/re-01-repassage-300x202.jpg?v=1627124299 300w\" sizes=\"auto, (max-width: 500px) 100vw, 500px\" \/><\/a><figcaption>\u201eFrytki\u201d<\/figcaption><\/figure><\/li><li class=\"blocks-gallery-item\"><figure><a href=\"https:\/\/pracownia52.pl\/www\/wp-content\/uploads\/2010\/06\/daniel-repassage-811.jpg\"><img loading=\"lazy\" decoding=\"async\" width=\"500\" height=\"349\" src=\"https:\/\/pracownia52.pl\/www\/wp-content\/uploads\/2010\/06\/daniel-repassage-811.jpg\" alt=\"\" data-id=\"673\" class=\"wp-image-673\" srcset=\"https:\/\/pracownia52.pl\/www\/wp-content\/uploads\/2010\/06\/daniel-repassage-811.jpg?v=1627124299 500w, https:\/\/pracownia52.pl\/www\/wp-content\/uploads\/2010\/06\/daniel-repassage-811-300x209.jpg?v=1627124299 300w\" sizes=\"auto, (max-width: 500px) 100vw, 500px\" \/><\/a><figcaption><a href=\"https:\/\/pracownia52.pl\/www\/?page_id=2209\"><strong>Daniel Wnuk<\/strong><\/a> i kto\u015b<\/figcaption><\/figure><\/li><li class=\"blocks-gallery-item\"><figure><a href=\"https:\/\/pracownia52.pl\/www\/wp-content\/uploads\/2018\/06\/nicole-1981-re-repassage-low-5.jpg\"><img loading=\"lazy\" decoding=\"async\" width=\"800\" height=\"513\" src=\"https:\/\/pracownia52.pl\/www\/wp-content\/uploads\/2018\/06\/nicole-1981-re-repassage-low-5.jpg\" alt=\"\" data-id=\"7663\" class=\"wp-image-7663\" srcset=\"https:\/\/pracownia52.pl\/www\/wp-content\/uploads\/2018\/06\/nicole-1981-re-repassage-low-5.jpg?v=1627123700 800w, https:\/\/pracownia52.pl\/www\/wp-content\/uploads\/2018\/06\/nicole-1981-re-repassage-low-5-300x192.jpg?v=1627123700 300w, https:\/\/pracownia52.pl\/www\/wp-content\/uploads\/2018\/06\/nicole-1981-re-repassage-low-5-768x492.jpg?v=1627123700 768w\" sizes=\"auto, (max-width: 767px) 89vw, (max-width: 1000px) 54vw, (max-width: 1071px) 543px, 580px\" \/><\/a><figcaption><strong>Nicole S\u0142omi\u0144ski<\/strong><\/figcaption><\/figure><\/li><li class=\"blocks-gallery-item\"><figure><a href=\"https:\/\/pracownia52.pl\/www\/wp-content\/uploads\/2010\/06\/nicole-1981-low-6.jpg\"><img loading=\"lazy\" decoding=\"async\" width=\"800\" height=\"525\" src=\"https:\/\/pracownia52.pl\/www\/wp-content\/uploads\/2010\/06\/nicole-1981-low-6.jpg\" alt=\"\" data-id=\"675\" class=\"wp-image-675\" srcset=\"https:\/\/pracownia52.pl\/www\/wp-content\/uploads\/2010\/06\/nicole-1981-low-6.jpg?v=1627124298 800w, https:\/\/pracownia52.pl\/www\/wp-content\/uploads\/2010\/06\/nicole-1981-low-6-300x197.jpg?v=1627124298 300w, https:\/\/pracownia52.pl\/www\/wp-content\/uploads\/2010\/06\/nicole-1981-low-6-768x504.jpg?v=1627124298 768w\" sizes=\"auto, (max-width: 767px) 89vw, (max-width: 1000px) 54vw, (max-width: 1071px) 543px, 580px\" \/><\/a><figcaption><strong>Nicole S\u0142omi\u0144ski<\/strong><\/figcaption><\/figure><\/li><li class=\"blocks-gallery-item\"><figure><a href=\"https:\/\/pracownia52.pl\/www\/wp-content\/uploads\/2010\/06\/Onuch-re-repassage-1981-low-1.jpg\"><img loading=\"lazy\" decoding=\"async\" width=\"800\" height=\"523\" src=\"https:\/\/pracownia52.pl\/www\/wp-content\/uploads\/2010\/06\/Onuch-re-repassage-1981-low-1.jpg\" alt=\"\" data-id=\"678\" class=\"wp-image-678\" srcset=\"https:\/\/pracownia52.pl\/www\/wp-content\/uploads\/2010\/06\/Onuch-re-repassage-1981-low-1.jpg?v=1627124298 800w, https:\/\/pracownia52.pl\/www\/wp-content\/uploads\/2010\/06\/Onuch-re-repassage-1981-low-1-300x196.jpg?v=1627124298 300w, https:\/\/pracownia52.pl\/www\/wp-content\/uploads\/2010\/06\/Onuch-re-repassage-1981-low-1-768x502.jpg?v=1627124298 768w\" sizes=\"auto, (max-width: 767px) 89vw, (max-width: 1000px) 54vw, (max-width: 1071px) 543px, 580px\" \/><\/a><figcaption><a href=\"https:\/\/en.wikipedia.org\/wiki\/Jerzy_Onuch\"><strong>Jerzy Onuch<\/strong><\/a><\/figcaption><\/figure><\/li><li class=\"blocks-gallery-item\"><figure><a href=\"https:\/\/pracownia52.pl\/www\/wp-content\/uploads\/2010\/06\/1981-fibre-performance-usa-13-01-55.jpg\"><img loading=\"lazy\" decoding=\"async\" width=\"800\" height=\"532\" src=\"https:\/\/pracownia52.pl\/www\/wp-content\/uploads\/2010\/06\/1981-fibre-performance-usa-13-01-55.jpg\" alt=\"\" data-id=\"1827\" class=\"wp-image-1827\" srcset=\"https:\/\/pracownia52.pl\/www\/wp-content\/uploads\/2010\/06\/1981-fibre-performance-usa-13-01-55.jpg?v=1627124247 800w, https:\/\/pracownia52.pl\/www\/wp-content\/uploads\/2010\/06\/1981-fibre-performance-usa-13-01-55-300x200.jpg?v=1627124247 300w, https:\/\/pracownia52.pl\/www\/wp-content\/uploads\/2010\/06\/1981-fibre-performance-usa-13-01-55-768x511.jpg?v=1627124247 768w\" sizes=\"auto, (max-width: 767px) 89vw, (max-width: 1000px) 54vw, (max-width: 1071px) 543px, 580px\" \/><\/a><figcaption>\u201e<strong><a href=\"https:\/\/pracownia52.pl\/www\/?page_id=1824\">Fibre performance<\/a><\/strong>\u2026\u201d<\/figcaption><\/figure><\/li><li class=\"blocks-gallery-item\"><figure><a href=\"https:\/\/pracownia52.pl\/www\/wp-content\/uploads\/2017\/04\/ewa-repassage-jesien-80-03.jpg\"><img loading=\"lazy\" decoding=\"async\" width=\"550\" height=\"390\" src=\"https:\/\/pracownia52.pl\/www\/wp-content\/uploads\/2017\/04\/ewa-repassage-jesien-80-03.jpg\" alt=\"\" data-id=\"6802\" class=\"wp-image-6802\" srcset=\"https:\/\/pracownia52.pl\/www\/wp-content\/uploads\/2017\/04\/ewa-repassage-jesien-80-03.jpg?v=1627123747 550w, https:\/\/pracownia52.pl\/www\/wp-content\/uploads\/2017\/04\/ewa-repassage-jesien-80-03-300x213.jpg?v=1627123747 300w\" sizes=\"auto, (max-width: 550px) 100vw, 550px\" \/><\/a><figcaption>Ewa Biejat<\/figcaption><\/figure><\/li><li class=\"blocks-gallery-item\"><figure><a href=\"https:\/\/pracownia52.pl\/www\/wp-content\/uploads\/2018\/06\/Pinki-re-repassage-tom-tomaszewski-1.jpg\"><img loading=\"lazy\" decoding=\"async\" width=\"800\" height=\"533\" src=\"https:\/\/pracownia52.pl\/www\/wp-content\/uploads\/2018\/06\/Pinki-re-repassage-tom-tomaszewski-1.jpg\" alt=\"\" data-id=\"7653\" class=\"wp-image-7653\" srcset=\"https:\/\/pracownia52.pl\/www\/wp-content\/uploads\/2018\/06\/Pinki-re-repassage-tom-tomaszewski-1.jpg?v=1627123701 800w, https:\/\/pracownia52.pl\/www\/wp-content\/uploads\/2018\/06\/Pinki-re-repassage-tom-tomaszewski-1-300x200.jpg?v=1627123701 300w, https:\/\/pracownia52.pl\/www\/wp-content\/uploads\/2018\/06\/Pinki-re-repassage-tom-tomaszewski-1-768x512.jpg?v=1627123701 768w\" sizes=\"auto, (max-width: 767px) 89vw, (max-width: 1000px) 54vw, (max-width: 1071px) 543px, 580px\" \/><\/a><figcaption>\u201e<a href=\"https:\/\/www.academia.edu\/37908972\/Artysta._Model._Strzy\u017cenie_Pinkiego_1981_\"><strong>Strzy\u017cenie Pinkiego<\/strong><\/a>\u201d<\/figcaption><\/figure><\/li><li class=\"blocks-gallery-item\"><figure><a href=\"https:\/\/pracownia52.pl\/www\/wp-content\/uploads\/2010\/06\/mr-makowski-prewki-Pinki-tad-tchorzewski-re-repassage-1981-6.jpg\"><img loading=\"lazy\" decoding=\"async\" width=\"800\" height=\"532\" src=\"https:\/\/pracownia52.pl\/www\/wp-content\/uploads\/2010\/06\/mr-makowski-prewki-Pinki-tad-tchorzewski-re-repassage-1981-6.jpg\" alt=\"\" data-id=\"6048\" class=\"wp-image-6048\" srcset=\"https:\/\/pracownia52.pl\/www\/wp-content\/uploads\/2010\/06\/mr-makowski-prewki-Pinki-tad-tchorzewski-re-repassage-1981-6.jpg?v=1627123775 800w, https:\/\/pracownia52.pl\/www\/wp-content\/uploads\/2010\/06\/mr-makowski-prewki-Pinki-tad-tchorzewski-re-repassage-1981-6-300x200.jpg?v=1627123775 300w, https:\/\/pracownia52.pl\/www\/wp-content\/uploads\/2010\/06\/mr-makowski-prewki-Pinki-tad-tchorzewski-re-repassage-1981-6-768x511.jpg?v=1627123775 768w\" sizes=\"auto, (max-width: 767px) 89vw, (max-width: 1000px) 54vw, (max-width: 1071px) 543px, 580px\" \/><\/a><figcaption>\u201e<a href=\"https:\/\/www.academia.edu\/37908972\/Artysta._Model._Strzy%C5%BCenie_Pinkiego_1981_\"><strong>Strzy\u017cenie Pinkiego<\/strong><\/a>\u201d<\/figcaption><\/figure><\/li><li class=\"blocks-gallery-item\"><figure><a href=\"https:\/\/pracownia52.pl\/www\/wp-content\/uploads\/2018\/06\/zoo-IIp-III1981-002-03.jpg\"><img loading=\"lazy\" decoding=\"async\" width=\"600\" height=\"401\" src=\"https:\/\/pracownia52.pl\/www\/wp-content\/uploads\/2018\/06\/zoo-IIp-III1981-002-03.jpg\" alt=\"\" data-id=\"7656\" class=\"wp-image-7656\" srcset=\"https:\/\/pracownia52.pl\/www\/wp-content\/uploads\/2018\/06\/zoo-IIp-III1981-002-03.jpg?v=1627123700 600w, https:\/\/pracownia52.pl\/www\/wp-content\/uploads\/2018\/06\/zoo-IIp-III1981-002-03-300x201.jpg?v=1627123700 300w\" sizes=\"auto, (max-width: 600px) 100vw, 600px\" \/><\/a><figcaption>\u201e<strong><a href=\"https:\/\/pracownia52.pl\/www\/?page_id=1835\">ZOO<\/a><\/strong>\u201d<\/figcaption><\/figure><\/li><li class=\"blocks-gallery-item\"><figure><a href=\"https:\/\/pracownia52.pl\/www\/wp-content\/uploads\/2010\/06\/olkiewicz-re-repassage-1981-ll2-13.jpg\"><img loading=\"lazy\" decoding=\"async\" width=\"800\" height=\"546\" src=\"https:\/\/pracownia52.pl\/www\/wp-content\/uploads\/2010\/06\/olkiewicz-re-repassage-1981-ll2-13.jpg\" alt=\"\" data-id=\"679\" class=\"wp-image-679\" srcset=\"https:\/\/pracownia52.pl\/www\/wp-content\/uploads\/2010\/06\/olkiewicz-re-repassage-1981-ll2-13.jpg?v=1627124298 800w, https:\/\/pracownia52.pl\/www\/wp-content\/uploads\/2010\/06\/olkiewicz-re-repassage-1981-ll2-13-300x205.jpg?v=1627124298 300w, https:\/\/pracownia52.pl\/www\/wp-content\/uploads\/2010\/06\/olkiewicz-re-repassage-1981-ll2-13-768x524.jpg?v=1627124298 768w\" sizes=\"auto, (max-width: 767px) 89vw, (max-width: 1000px) 54vw, (max-width: 1071px) 543px, 580px\" \/><\/a><figcaption>Zbigniew Olkiewicz<\/figcaption><\/figure><\/li><\/ul>\n\n\n\n<figure class=\"wp-block-image\"><a href=\"http:\/\/ooops.pl\/?p=15125\"><img loading=\"lazy\" decoding=\"async\" width=\"800\" height=\"536\" src=\"https:\/\/pracownia52.pl\/www\/wp-content\/uploads\/2010\/06\/1981-roman-wozniak-re-repassage-maski-low-p2-1.jpg\" alt=\"1981-roman-wozniak-re-repassage-maski-low-p2\" class=\"wp-image-6052\" srcset=\"https:\/\/pracownia52.pl\/www\/wp-content\/uploads\/2010\/06\/1981-roman-wozniak-re-repassage-maski-low-p2-1.jpg?v=1627123775 800w, https:\/\/pracownia52.pl\/www\/wp-content\/uploads\/2010\/06\/1981-roman-wozniak-re-repassage-maski-low-p2-1-300x201.jpg?v=1627123775 300w, https:\/\/pracownia52.pl\/www\/wp-content\/uploads\/2010\/06\/1981-roman-wozniak-re-repassage-maski-low-p2-1-768x515.jpg?v=1627123775 768w\" sizes=\"auto, (max-width: 767px) 89vw, (max-width: 1000px) 54vw, (max-width: 1071px) 543px, 580px\" \/><\/a><figcaption><strong><a href=\"https:\/\/pracownia52.pl\/www\/?page_id=2290\">Roman Wo\u017cniak<\/a><\/strong><\/figcaption><\/figure>\n\n\n\n<ul class=\"wp-block-gallery columns-2 is-cropped wp-block-gallery-2 is-layout-flex wp-block-gallery-is-layout-flex\"><li class=\"blocks-gallery-item\"><figure><img loading=\"lazy\" decoding=\"async\" width=\"1200\" height=\"801\" src=\"https:\/\/pracownia52.pl\/www\/wp-content\/uploads\/2010\/06\/Roman-Wozniak-o-pannach-madrych-i-glupich-001-0B-1200pxl.jpg\" alt=\"\" data-id=\"6328\" class=\"wp-image-6328\" srcset=\"https:\/\/pracownia52.pl\/www\/wp-content\/uploads\/2010\/06\/Roman-Wozniak-o-pannach-madrych-i-glupich-001-0B-1200pxl.jpg?v=1627123757 1200w, https:\/\/pracownia52.pl\/www\/wp-content\/uploads\/2010\/06\/Roman-Wozniak-o-pannach-madrych-i-glupich-001-0B-1200pxl-300x200.jpg?v=1627123757 300w, https:\/\/pracownia52.pl\/www\/wp-content\/uploads\/2010\/06\/Roman-Wozniak-o-pannach-madrych-i-glupich-001-0B-1200pxl-1024x684.jpg?v=1627123757 1024w, https:\/\/pracownia52.pl\/www\/wp-content\/uploads\/2010\/06\/Roman-Wozniak-o-pannach-madrych-i-glupich-001-0B-1200pxl-768x513.jpg?v=1627123757 768w\" sizes=\"auto, (max-width: 767px) 89vw, (max-width: 1000px) 54vw, (max-width: 1071px) 543px, 580px\" \/><figcaption>\u201e<a href=\"https:\/\/ooops.pl\/?p=15125\"><strong>O pannach m\u0105drych i g\u0142upich<\/strong><\/a>\u201d<\/figcaption><\/figure><\/li><li class=\"blocks-gallery-item\"><figure><img loading=\"lazy\" decoding=\"async\" width=\"1200\" height=\"802\" src=\"https:\/\/pracownia52.pl\/www\/wp-content\/uploads\/2010\/06\/Roman-Wozniak-o-pannach-madrych-i-glupich-002-0C-1200pxl.jpg\" alt=\"\" data-id=\"6329\" class=\"wp-image-6329\" srcset=\"https:\/\/pracownia52.pl\/www\/wp-content\/uploads\/2010\/06\/Roman-Wozniak-o-pannach-madrych-i-glupich-002-0C-1200pxl.jpg?v=1627123757 1200w, https:\/\/pracownia52.pl\/www\/wp-content\/uploads\/2010\/06\/Roman-Wozniak-o-pannach-madrych-i-glupich-002-0C-1200pxl-300x201.jpg?v=1627123757 300w, https:\/\/pracownia52.pl\/www\/wp-content\/uploads\/2010\/06\/Roman-Wozniak-o-pannach-madrych-i-glupich-002-0C-1200pxl-1024x684.jpg?v=1627123757 1024w, https:\/\/pracownia52.pl\/www\/wp-content\/uploads\/2010\/06\/Roman-Wozniak-o-pannach-madrych-i-glupich-002-0C-1200pxl-768x513.jpg?v=1627123757 768w\" sizes=\"auto, (max-width: 767px) 89vw, (max-width: 1000px) 54vw, (max-width: 1071px) 543px, 580px\" \/><figcaption>\u201e<a href=\"https:\/\/ooops.pl\/?p=15125\"><strong>O pannach m\u0105drych i g\u0142upich<\/strong><\/a>\u201d<\/figcaption><\/figure><\/li><\/ul>\n","protected":false},"excerpt":{"rendered":"<p>wsp\u00f3\u0142praca, zdj\u0119cia dokumentuj\u0105ce, co si\u0119 dzia\u0142o, jaka\u015b wystawa (\u201ePozy\u201d m\u00f3wi\u0105c dok\u0142adnie)\u2026\u2026kiedy Romek Wo\u017aniak, rze\u017abiarz i kto\u015b od teatru, prowadzi\u0142 galeri\u0119 \u2013 troch\u0119 si\u0119 w niej dzia\u0142o ciekawego. ale wiele te\u017c si\u0119 dzia\u0142o dooko\u0142a. kt\u00f3rego\u015b razu \u2013 listopad 1981 chyba \u2013 co\u015b robili\u015bmy (bodaj sma\u017cenie frytek i darmowe rozdawnictwo) \u2013 a tu wpada z Uniwersytetu dzia\u0142acz &hellip; <\/p>\n<p class=\"link-more\"><a href=\"https:\/\/pracownia52.pl\/www\/?page_id=668\" class=\"more-link\">Czytaj dalej<span class=\"screen-reader-text\"> \u201ere-Repassage\u201d<\/span><\/a><\/p>\n","protected":false},"author":1,"featured_media":0,"parent":0,"menu_order":3,"comment_status":"closed","ping_status":"open","template":"","meta":{"footnotes":""},"class_list":["post-668","page","type-page","status-publish","hentry"],"_links":{"self":[{"href":"https:\/\/pracownia52.pl\/www\/index.php?rest_route=\/wp\/v2\/pages\/668","targetHints":{"allow":["GET"]}}],"collection":[{"href":"https:\/\/pracownia52.pl\/www\/index.php?rest_route=\/wp\/v2\/pages"}],"about":[{"href":"https:\/\/pracownia52.pl\/www\/index.php?rest_route=\/wp\/v2\/types\/page"}],"author":[{"embeddable":true,"href":"https:\/\/pracownia52.pl\/www\/index.php?rest_route=\/wp\/v2\/users\/1"}],"replies":[{"embeddable":true,"href":"https:\/\/pracownia52.pl\/www\/index.php?rest_route=%2Fwp%2Fv2%2Fcomments&post=668"}],"version-history":[{"count":65,"href":"https:\/\/pracownia52.pl\/www\/index.php?rest_route=\/wp\/v2\/pages\/668\/revisions"}],"predecessor-version":[{"id":8783,"href":"https:\/\/pracownia52.pl\/www\/index.php?rest_route=\/wp\/v2\/pages\/668\/revisions\/8783"}],"wp:attachment":[{"href":"https:\/\/pracownia52.pl\/www\/index.php?rest_route=%2Fwp%2Fv2%2Fmedia&parent=668"}],"curies":[{"name":"wp","href":"https:\/\/api.w.org\/{rel}","templated":true}]}}