{"id":67,"date":"2010-06-11T06:56:55","date_gmt":"2010-06-11T06:56:55","guid":{"rendered":"http:\/\/pracownia52.pl\/www\/?page_id=67"},"modified":"2017-09-29T07:32:10","modified_gmt":"2017-09-29T07:32:10","slug":"almanach-mysli-rosyjskiej","status":"publish","type":"page","link":"https:\/\/pracownia52.pl\/www\/?page_id=67","title":{"rendered":"Almanach my\u015bli rosyjskiej"},"content":{"rendered":"<p>\u2022 \u201eWok\u00f3\u0142 Szestowa i Fiodorowa\u201d \u2013 Almanach my\u015bli rosyjskiej (t. IV)<br \/>\npod redakcj\u0105 Janusza Dobieszewskiego; wyd. <a href=\"http:\/\/www.pfl.uw.edu.pl\/index.php?option=com_content&#038;task=view&#038;id=112&#038;Itemid=72\">Wydzia\u0142 Filozofii i Socjologii Uniwersytetu Warszawskiego<\/a><br \/>\nmr m.<br \/>\n<a href=\"http:\/\/pracownia52.pl\/www\/wp-content\/uploads\/2010\/06\/antologia-ros-04-miniat.jpg\"><img loading=\"lazy\" decoding=\"async\" src=\"http:\/\/pracownia52.pl\/www\/wp-content\/uploads\/2010\/06\/antologia-ros-04-miniat.jpg\" alt=\"\" title=\"antologia-ros-04-miniat\" width=\"400\" height=\"580\" border\"0\" \/><\/a><\/p>\n","protected":false},"excerpt":{"rendered":"<p>\u2022 \u201eWok\u00f3\u0142 Szestowa i Fiodorowa\u201d \u2013 Almanach my\u015bli rosyjskiej (t. IV) pod redakcj\u0105 Janusza Dobieszewskiego; wyd. Wydzia\u0142 Filozofii i Socjologii Uniwersytetu Warszawskiego mr m.<\/p>\n","protected":false},"author":1,"featured_media":0,"parent":0,"menu_order":3,"comment_status":"closed","ping_status":"open","template":"","meta":{"footnotes":""},"class_list":["post-67","page","type-page","status-publish","hentry"],"_links":{"self":[{"href":"https:\/\/pracownia52.pl\/www\/index.php?rest_route=\/wp\/v2\/pages\/67","targetHints":{"allow":["GET"]}}],"collection":[{"href":"https:\/\/pracownia52.pl\/www\/index.php?rest_route=\/wp\/v2\/pages"}],"about":[{"href":"https:\/\/pracownia52.pl\/www\/index.php?rest_route=\/wp\/v2\/types\/page"}],"author":[{"embeddable":true,"href":"https:\/\/pracownia52.pl\/www\/index.php?rest_route=\/wp\/v2\/users\/1"}],"replies":[{"embeddable":true,"href":"https:\/\/pracownia52.pl\/www\/index.php?rest_route=%2Fwp%2Fv2%2Fcomments&post=67"}],"version-history":[{"count":9,"href":"https:\/\/pracownia52.pl\/www\/index.php?rest_route=\/wp\/v2\/pages\/67\/revisions"}],"predecessor-version":[{"id":7227,"href":"https:\/\/pracownia52.pl\/www\/index.php?rest_route=\/wp\/v2\/pages\/67\/revisions\/7227"}],"wp:attachment":[{"href":"https:\/\/pracownia52.pl\/www\/index.php?rest_route=%2Fwp%2Fv2%2Fmedia&parent=67"}],"curies":[{"name":"wp","href":"https:\/\/api.w.org\/{rel}","templated":true}]}}